{"id":1817,"date":"2021-12-07T15:47:27","date_gmt":"2021-12-07T14:47:27","guid":{"rendered":"https:\/\/fairfleet.de\/condiciones-generales\/"},"modified":"2024-03-05T14:11:53","modified_gmt":"2024-03-05T13:11:53","slug":"condiciones-generales","status":"publish","type":"page","link":"https:\/\/fairfleet.de\/es\/condiciones-generales\/","title":{"rendered":"Condiciones generales"},"content":{"rendered":"<div id='av_section_1'  class='avia-section av-m9oko-02daef477a61b8404e9730e8dc163f8d main_color avia-section-default avia-no-border-styling  avia-builder-el-0  avia-builder-el-no-sibling  avia-bg-style-scroll container_wrap fullsize'  ><div class='container av-section-cont-open' ><main  role=\"main\" itemprop=\"mainContentOfPage\"  class='template-page content  av-content-full alpha units'><div class='post-entry post-entry-type-page post-entry-1817'><div class='entry-content-wrapper clearfix'>\n<div class=\"pxl-headline pxl-hl hl-wrap | hl-sub--off hl--align-left  \">\n\t<div class=\"hl-inner\">\n\t\t\t<h1 class=\"hl-main hl-line |  hl_main--default\">Condiciones generales<\/h1>\n\t\t\t\n\t<\/div>\n<\/div>\n\n\n<style type=\"text\/css\" data-created_by=\"avia_inline_auto\" id=\"style-css-av-d6buo-5972abb07f6cf851ea05876f58ce13b4\">\n.flex_column.av-d6buo-5972abb07f6cf851ea05876f58ce13b4{\n-webkit-border-radius:0px 0px 0px 0px;\n-moz-border-radius:0px 0px 0px 0px;\nborder-radius:0px 0px 0px 0px;\npadding:0px 0px 0px 0px;\n}\n<\/style>\n<div class='flex_column av-d6buo-5972abb07f6cf851ea05876f58ce13b4 av_one_full  avia-builder-el-2  el_after_pixel-headline  avia-builder-el-last  first flex_column_div av-zero-column-padding '     ><section  class='av_textblock_section av-kmg3nlbx-f27574f9a8e5b18d9a7f9a3e26cad768'  itemscope=\"itemscope\" itemtype=\"https:\/\/schema.org\/CreativeWork\" ><div class='avia_textblock'  itemprop=\"text\" ><h5>GTC<\/h5>\n<p>Condiciones generales de contrataci\u00f3n<br \/>\n<strong>Fairfleet GmbH &amp; Co KG<\/strong><br \/>\nRobert-Bosch-Str. 15<br \/>\nD-42489 W\u00fclfrath<\/p>\n<p><strong>Informaci\u00f3n general:  <\/strong><\/p>\n<p>La base contractual para todas las transacciones legales con Fairfleet GmbH &amp; Co KG (en adelante Fairfleet) son exclusivamente los siguientes t\u00e9rminos y condiciones. Se aplicar\u00e1 la lista de precios vigente en ese momento, con cuya publicaci\u00f3n todas las dem\u00e1s pierden su validez. Nuestra oferta se dirige exclusivamente a empresas, autoridades, corporaciones, organismos p\u00fablicos, aut\u00f3nomos y trabajadores por cuenta propia en el \u00e1mbito de sus actividades comerciales. Al realizar un pedido, el cliente asegura que es un empresario en el sentido del \u00a7 14 BGB.<\/p>\n<p>Todos los precios est\u00e1n sujetos al IVA legal, a portes debidos desde el almac\u00e9n de W\u00fclfrath, salvo que se especifique lo contrario. Nos reservamos expresamente el derecho a modificar los precios debido al aumento de los precios de los materiales y de los salarios. Los cambios de precio no requieren ninguna notificaci\u00f3n. El lugar de cumplimiento para las mercanc\u00edas y el pago ser\u00e1 el respectivo domicilio social de nuestra empresa. El lugar de jurisdicci\u00f3n para ambas partes es Mettmann.<\/p>\n<p>La parte contratante reconoce las Condiciones Generales de Contrataci\u00f3n y de Negocio de Fairfleet GmbH &amp; Co. No requieren su consentimiento por escrito. El consentimiento se da mediante una acci\u00f3n concluyente y la realizaci\u00f3n de un pedido. Las desviaciones, modificaciones y acuerdos accesorios deber\u00e1n realizarse por escrito y s\u00f3lo ser\u00e1n legalmente v\u00e1lidos si est\u00e1n refrendados por ambas partes.<\/p>\n<p>El cliente es responsable de la devoluci\u00f3n de todo el hardware a sus expensas, para todo el hardware en el \u00e1mbito de los contratos a plazo incl. Hardware, hardware en el contexto de pruebas y pilotos y otro hardware puesto a disposici\u00f3n y propiedad de Fairfleet. Si el hardware no se devuelve cuatro semanas despu\u00e9s de la solicitud, se considerar\u00e1 que se ha pedido y comprado y se cobrar\u00e1 en su totalidad. A partir de ese momento, se considerar\u00e1 que se han solicitado las cuotas mensuales vigentes y se cobrar\u00e1n desde el momento de la solicitud.<\/p>\n<p>Condiciones <strong>de entrega<\/strong>:<\/p>\n<p>No hay derecho a la entrega.<\/p>\n<p>Las confirmaciones de pedido s\u00f3lo confirman la recepci\u00f3n de la solicitud. Los pedidos o encargos se consideran siempre una solicitud del cliente. La celebraci\u00f3n del contrato por nuestra parte s\u00f3lo tiene lugar mediante la entrega total o parcial. Nos reservamos el derecho a realizar entregas posteriores.<\/p>\n<p>S\u00f3lo realizamos entregas a portes debidos desde nuestro almac\u00e9n de W\u00fclfrath. La transferencia del riesgo de p\u00e9rdida, da\u00f1o o destrucci\u00f3n accidental de las mercanc\u00edas a entregar tendr\u00e1 lugar en el momento de la entrega al transportista respectivo, independientemente de la forma de entrega. Los plazos de entrega indicados no son siempre vinculantes para nosotros. Todas las promesas de entrega posterior est\u00e1n sujetas a la llegada puntual de la mercanc\u00eda y a la correcta autoentrega. La falta de entrega o el retraso en la entrega no dar\u00e1n derecho a reclamaci\u00f3n alguna contra nosotros.<\/p>\n<p>Cualquier queja sobre una entrega no anula la obligaci\u00f3n del solicitante de aceptar y pagar. Las reclamaciones por defectos s\u00f3lo ser\u00e1n v\u00e1lidas si se ponen en nuestro conocimiento por escrito en un plazo de 8 d\u00edas naturales a partir de la recepci\u00f3n de la mercanc\u00eda, de lo contrario caducar\u00e1 cualquier reclamaci\u00f3n contra nosotros. Esto tambi\u00e9n se aplica a los llamados vicios ocultos. Queda excluida la reclamaci\u00f3n de la garant\u00eda.<\/p>\n<p><strong> <\/strong>Condiciones <strong>del contrato<\/strong>:<\/p>\n<p>Conclusi\u00f3n del contrato:<\/p>\n<p>Los dispositivos y servicios se facturan desde el momento de su activaci\u00f3n (contratos de servicio en un servicio (SaaS)). Salvo acuerdo en contrario, la duraci\u00f3n del contrato es hasta el final del mes siguiente.<\/p>\n<p>Cancelaci\u00f3n:<\/p>\n<p>El servicio puede cancelarse a finales del mes siguiente. La cancelaci\u00f3n debe hacerse por escrito. En caso de cancelaci\u00f3n, el dispositivo cancelado se desactivar\u00e1 de forma permanente al final del periodo del contrato.<\/p>\n<p><strong> <\/strong><\/p>\n<p><strong>Devoluciones<\/strong>:<\/p>\n<p>No se aceptar\u00e1n env\u00edos impagados.<\/p>\n<p>S\u00f3lo se aceptar\u00e1n devoluciones previo acuerdo. Para las devoluciones, cobramos una tasa del 15% del valor de la mercanc\u00eda, pero como m\u00ednimo 15 euros. En casos particulares se podr\u00e1 eximir del pago de la tasa previo acuerdo.<\/p>\n<p><strong> <\/strong><\/p>\n<p>Condiciones <strong>de pago<\/strong>:<\/p>\n<p>Todas las facturas deben pagarse inmediatamente y sin ninguna deducci\u00f3n agente pagador libre. Las letras de cambio, los cheques y los servicios de pago en l\u00ednea, por ejemplo Paypal, s\u00f3lo se aceptar\u00e1n previo acuerdo y \u00fanicamente a cuenta del pago y s\u00f3lo se considerar\u00e1n pago tras su abono incondicional. Los gastos bancarios, de descuento, de letras de cambio y otros, m\u00e1s el IVA, correr\u00e1n a cargo del cliente.<\/p>\n<p>Durante el periodo de impago, el cliente deber\u00e1 pagar intereses sobre la deuda a 5 puntos porcentuales por encima del tipo b\u00e1sico.<\/p>\n<p>Si recibimos informaci\u00f3n desfavorable tras la celebraci\u00f3n del contrato o si tenemos conocimiento de circunstancias negativas, tendremos derecho a revocar todas las condiciones de pago concedidas o a rescindir el contrato y cualquier compromiso de entrega.<\/p>\n<p>Si el comprador o el solicitante se retrasa en un pago, esto tambi\u00e9n puede dar lugar a que todas nuestras reclamaciones contra \u00e9l sean exigibles inmediatamente, incluso si se han acordado pagos con fecha de destino o de valor. En caso de demora en el pago, generalmente tenemos derecho a cobrar gastos de recordatorio e intereses de demora a 5 puntos porcentuales por encima del tipo b\u00e1sico.<\/p>\n<p>Fairfleet se reserva el derecho de bloquear el acceso al servicio web y a otros servicios de transmisi\u00f3n del cliente si \u00e9ste se retrasa en el pago de su cuota de uso o si la domiciliaci\u00f3n bancaria de las cuotas debidas no se hace efectiva o se devuelve por razones de las que el cliente es responsable. El bloqueo del acceso no exime al cliente de la obligaci\u00f3n de pagar. Los costes de bloqueo y desbloqueo correr\u00e1n a cargo del cliente. Fairfleet no se hace responsable de los da\u00f1os sufridos por el cliente como consecuencia de ello.<\/p>\n<p>Todas las mercanc\u00edas entregadas seguir\u00e1n siendo de nuestra propiedad hasta que hayamos recibido el pago completo. Si las mercanc\u00edas suministradas por nosotros son modificadas o mezcladas con mercanc\u00edas de otros proveedores, conservaremos la propiedad proporcional de los productos resultantes de acuerdo con su valor. El solicitante se compromete a informarnos inmediatamente si terceras personas interfieren en nuestra propiedad. En caso de quiebra o concurso de acreedores, se aplica la segregaci\u00f3n. En general, se aplicar\u00e1 la retenci\u00f3n simple y ampliada de la titularidad.<\/p>\n<p>En caso de que una o varias disposiciones de este contrato sean o resulten ineficaces, o en caso de que el texto de este contrato contenga una laguna, las partes contratantes completar\u00e1n o sustituir\u00e1n la disposici\u00f3n ineficaz o incompleta por una disposici\u00f3n adecuada que corresponda en la medida de lo posible a la finalidad econ\u00f3mica de la disposici\u00f3n prevista. La validez de las disposiciones restantes no se ver\u00e1 afectada.<\/p>\n<p><strong>Descargo de responsabilidad<\/strong><\/p>\n<p>No se garantiza la exactitud, integridad y actualidad de los datos. Queda excluida toda responsabilidad, en particular por los da\u00f1os o consecuencias materiales o inmateriales derivados de la utilizaci\u00f3n de nuestro sitio web y de los equipos y servicios ofrecidos. El cliente es responsable del correcto funcionamiento y del cumplimiento de las normativas y leyes locales.<\/p>\n<p>El usuario es el \u00fanico responsable, en virtud del derecho penal y civil, del uso ilegal o incorrecto y, en particular, de los da\u00f1os derivados del uso o de la falta de uso.<\/p>\n<p>Heinrich Hecker<br \/>\nDirector General<\/p>\n<p>W\u00fclfrath 2023<\/p>\n<p><a href=\"https:\/\/fairfleet.de\/wp-content\/uploads\/AGB-Fairfleet-GmbH-Co-KG-2023.pdf\">Condiciones generales Fairfleet GmbH Co KG 2023<\/a><\/p>\n<\/div><\/section><\/div>\n","protected":false},"excerpt":{"rendered":"","protected":false},"author":1,"featured_media":0,"parent":0,"menu_order":13,"comment_status":"closed","ping_status":"closed","template":"","meta":{"footnotes":""},"_links":{"self":[{"href":"https:\/\/fairfleet.de\/es\/wp-json\/wp\/v2\/pages\/1817"}],"collection":[{"href":"https:\/\/fairfleet.de\/es\/wp-json\/wp\/v2\/pages"}],"about":[{"href":"https:\/\/fairfleet.de\/es\/wp-json\/wp\/v2\/types\/page"}],"author":[{"embeddable":true,"href":"https:\/\/fairfleet.de\/es\/wp-json\/wp\/v2\/users\/1"}],"replies":[{"embeddable":true,"href":"https:\/\/fairfleet.de\/es\/wp-json\/wp\/v2\/comments?post=1817"}],"version-history":[{"count":8,"href":"https:\/\/fairfleet.de\/es\/wp-json\/wp\/v2\/pages\/1817\/revisions"}],"predecessor-version":[{"id":2626,"href":"https:\/\/fairfleet.de\/es\/wp-json\/wp\/v2\/pages\/1817\/revisions\/2626"}],"wp:attachment":[{"href":"https:\/\/fairfleet.de\/es\/wp-json\/wp\/v2\/media?parent=1817"}],"curies":[{"name":"wp","href":"https:\/\/api.w.org\/{rel}","templated":true}]}}