{"id":1959,"date":"2021-12-07T13:35:42","date_gmt":"2021-12-07T12:35:42","guid":{"rendered":"https:\/\/fairfleet.de\/pie-de-imprenta\/"},"modified":"2024-11-13T13:56:05","modified_gmt":"2024-11-13T12:56:05","slug":"pie-de-imprenta","status":"publish","type":"page","link":"https:\/\/fairfleet.de\/es\/pie-de-imprenta\/","title":{"rendered":"Pie de imprenta"},"content":{"rendered":"<div id='av_section_1'  class='avia-section av-2vh21-1c73bdd8bb803ae6ede57271ca4de1a2 main_color avia-section-default avia-no-border-styling  avia-builder-el-0  avia-builder-el-no-sibling  avia-bg-style-scroll container_wrap fullsize'  ><div class='container av-section-cont-open' ><main  role=\"main\" itemprop=\"mainContentOfPage\"  class='template-page content  av-content-full alpha units'><div class='post-entry post-entry-type-page post-entry-1959'><div class='entry-content-wrapper clearfix'>\n<div class=\"pxl-headline pxl-hl hl-wrap | hl-sub--off hl--align-left  \">\n\t<div class=\"hl-inner\">\n\t\t\t<h1 class=\"hl-main hl-line |  hl_main--default\">Pie de imprenta<\/h1>\n\t\t\t\n\t<\/div>\n<\/div>\n\n<div class='flex_column av-1xzkt-ff0d241c4229d8d9933e1846ba746d3b av_one_half  avia-builder-el-2  el_after_pixel-headline  el_before_av_one_half  first flex_column_div '     ><section  class='av_textblock_section av-kww54q6o-7f312ee0d545cd2f7704a70356352cae'  itemscope=\"itemscope\" itemtype=\"https:\/\/schema.org\/CreativeWork\" ><div class='avia_textblock'  itemprop=\"text\" ><p>Fairfleet GmbH &amp; Co KG<br \/>\nRobert-Bosch-Str. 15<br \/>\n42489 W\u00fclfrath<br \/>\nAlemania<\/p>\n<p>Registro Mercantil AG Wuppertal, HRA 24878<\/p>\n<p>Representado por:<\/p>\n<p>Socio general: Hecker Verwaltung GmbH<br \/>\nDirector general autorizado y responsable del contenido: Heinrich Hecker<\/p>\n<p>Registro mercantil Wuppertal, HRB 29356<\/p>\n<h5>Contacte con nosotros<\/h5>\n<p>Tel\u00e9fono: +49 20 58 77 82 10<br \/>\nFax: +49 20 58 77 82 28<br \/>\nCorreo electr\u00f3nico: <a href=\"mailto:info@fairfleet.de\">info@fairfleet.de<\/a><\/p>\n<h5>N\u00famero de identificaci\u00f3n del impuesto sobre el valor a\u00f1adido<\/h5>\n<p>N\u00famero de IVA DE323769344<\/p>\n<h5>Responsable del contenido<\/h5>\n<p>Socio general: Hecker Verwaltung GmbH<br \/>\nDirector general autorizado y responsable del contenido: Heinrich Hecker<\/p>\n<p>La Comisi\u00f3n Europea ofrece una plataforma para la resoluci\u00f3n de litigios en l\u00ednea (OS):<br \/>\n<a href=\"https:\/\/ec.europa.eu\/consumers\/odr\">https:\/\/ec.europa.eu\/consumers\/odr<\/a><\/p>\n<p>Encontrar\u00e1 nuestra direcci\u00f3n de correo electr\u00f3nico en el aviso legal anterior.<\/p>\n<p>No estamos dispuestos ni obligados a participar en un procedimiento de resoluci\u00f3n de litigios ante una junta de arbitraje de consumo.<\/p>\n<h5>Realizaci\u00f3n<\/h5>\n<p>Concepto, dise\u00f1o web y realizaci\u00f3n: <a href=\"https:\/\/pixelproduction.de\/\">PixelProduction GmbH &amp; Co. KG<\/a><\/p>\n<\/div><\/section><\/div><div class='flex_column av-1j5xp-a162ae1f7a436b7271e5119001756137 av_one_half  avia-builder-el-4  el_after_av_one_half  avia-builder-el-last  flex_column_div '     ><section  class='av_textblock_section av-nsox-ad0a2253b1af9a6f954351e6d41bfd26'  itemscope=\"itemscope\" itemtype=\"https:\/\/schema.org\/CreativeWork\" ><div class='avia_textblock'  itemprop=\"text\" ><h5>Responsabilidad por los contenidos<\/h5>\n<p>Como proveedor de servicios, estamos obligados seg\u00fan el \u00a7 7 p\u00e1rr. 1 DDG para contenidos propios en estas p\u00e1ginas de acuerdo con las leyes generales. Sin embargo, de acuerdo con los \u00a7\u00a7 8 a 10 de la DDG, como proveedores de servicios no estamos obligados a supervisar la informaci\u00f3n de terceros transmitida o almacenada ni a investigar circunstancias que indiquen una actividad ilegal.<\/p>\n<p>Esto no afecta a las obligaciones de eliminar o bloquear el uso de informaci\u00f3n de acuerdo con las leyes generales. Sin embargo, la responsabilidad a este respecto s\u00f3lo es posible a partir del momento en que se tiene conocimiento de una infracci\u00f3n espec\u00edfica. Tan pronto como tengamos conocimiento de dichas infracciones, eliminaremos este contenido inmediatamente.<\/p>\n<h5>Responsabilidad de los enlaces<\/h5>\n<p>Nuestro sitio web contiene enlaces a sitios web externos de terceros sobre cuyo contenido no tenemos ninguna influencia. Por lo tanto, no podemos aceptar ninguna responsabilidad por estos contenidos de terceros. El respectivo proveedor u operador de las p\u00e1ginas es siempre responsable del contenido de las p\u00e1ginas enlazadas. Las p\u00e1ginas enlazadas se comprobaron en el momento de enlazarlas para detectar posibles infracciones legales. Los contenidos ilegales no eran reconocibles en el momento del enlace.<\/p>\n<p>Sin embargo, la vigilancia permanente del contenido de las p\u00e1ginas enlazadas no es razonable sin pruebas concretas de una infracci\u00f3n. Si tenemos conocimiento de alguna infracci\u00f3n legal, eliminaremos dichos enlaces inmediatamente.<\/p>\n<h5>Derechos de autor<\/h5>\n<p>El contenido y las obras creadas por los operadores del sitio en estas p\u00e1ginas est\u00e1n sujetos a la legislaci\u00f3n alemana sobre derechos de autor. La reproducci\u00f3n, edici\u00f3n, distribuci\u00f3n y cualquier tipo de utilizaci\u00f3n fuera de los l\u00edmites de la ley de propiedad intelectual requieren el consentimiento por escrito del autor o creador respectivo. Las descargas y copias de este sitio s\u00f3lo est\u00e1n permitidas para uso privado y no comercial.<\/p>\n<p>En la medida en que el contenido de este sitio no haya sido creado por el operador, se respetan los derechos de autor de terceros. En particular, los contenidos de terceros est\u00e1n etiquetados como tales. Si a pesar de ello tuviera conocimiento de una infracci\u00f3n de los derechos de autor, le rogamos que nos lo comunique. Si tenemos conocimiento de alguna infracci\u00f3n legal, eliminaremos dicho contenido inmediatamente.<\/p>\n<\/div><\/section><\/div>\n","protected":false},"excerpt":{"rendered":"","protected":false},"author":1,"featured_media":0,"parent":0,"menu_order":11,"comment_status":"closed","ping_status":"closed","template":"","meta":{"footnotes":""},"_links":{"self":[{"href":"https:\/\/fairfleet.de\/es\/wp-json\/wp\/v2\/pages\/1959"}],"collection":[{"href":"https:\/\/fairfleet.de\/es\/wp-json\/wp\/v2\/pages"}],"about":[{"href":"https:\/\/fairfleet.de\/es\/wp-json\/wp\/v2\/types\/page"}],"author":[{"embeddable":true,"href":"https:\/\/fairfleet.de\/es\/wp-json\/wp\/v2\/users\/1"}],"replies":[{"embeddable":true,"href":"https:\/\/fairfleet.de\/es\/wp-json\/wp\/v2\/comments?post=1959"}],"version-history":[{"count":3,"href":"https:\/\/fairfleet.de\/es\/wp-json\/wp\/v2\/pages\/1959\/revisions"}],"predecessor-version":[{"id":2964,"href":"https:\/\/fairfleet.de\/es\/wp-json\/wp\/v2\/pages\/1959\/revisions\/2964"}],"wp:attachment":[{"href":"https:\/\/fairfleet.de\/es\/wp-json\/wp\/v2\/media?parent=1959"}],"curies":[{"name":"wp","href":"https:\/\/api.w.org\/{rel}","templated":true}]}}