{"id":2094,"date":"2024-03-04T16:11:31","date_gmt":"2024-03-04T15:11:31","guid":{"rendered":"https:\/\/fairfleet.de\/gestion-de-flotas\/comprobacion-del-permiso-de-conducir-de-fairfleet\/"},"modified":"2024-03-05T19:25:02","modified_gmt":"2024-03-05T18:25:02","slug":"comprobacion-del-permiso-de-conducir-de-fairfleet","status":"publish","type":"page","link":"https:\/\/fairfleet.de\/es\/gestion-de-flotas\/comprobacion-del-permiso-de-conducir-de-fairfleet\/","title":{"rendered":"Comprobaci\u00f3n del permiso de conducir de Fairfleet"},"content":{"rendered":"<div id='layer_slider_1'  class='avia-layerslider main_color avia-shadow  avia-builder-el-0  el_before_av_section  avia-builder-el-first  container_wrap fullsize'  style='height: 485px; max-width: 1920px; margin: 0 auto;'  ><\/div>\n<div id='av_section_1'  class='avia-section av-7l4vt-1c99cd1f9ba1b575f0897a542ecb845d main_color avia-section-default avia-no-border-styling  avia-builder-el-1  el_after_av_layerslider  el_before_av_section  avia-bg-style-scroll container_wrap fullsize'  ><div class='container av-section-cont-open' ><div class='template-page content  av-content-full alpha units'><div class='post-entry post-entry-type-page post-entry-2094'><div class='entry-content-wrapper clearfix'>\n<div class='flex_column_table av-69np9-891c0f1910657f748d8ae4fb7bd1abde sc-av_one_half av-equal-height-column-flextable'><div class='flex_column av-69np9-891c0f1910657f748d8ae4fb7bd1abde av_one_half  avia-builder-el-2  el_before_av_one_half  avia-builder-el-first  align-center first flex_column_table_cell av-equal-height-column av-align-top '     ><p><div class=\"pxl-headline pxl-hl hl-wrap | hl-sub--bot hl--align-left  \">\n\t<div class=\"hl-inner\">\n\t\t\t<h1 class=\"hl-main hl-line |  hl_main--default\"><strong>Comprobaci\u00f3n del permiso de conducir<\/strong> de Fairfleet<\/h1>\n\t\t\t<span class=\"hl-sub hl-line |  hl_sub--default\">Ahora tambi\u00e9n digital<\/span>\n\t<\/div>\n<\/div>\n<br \/>\n<section  class='av_textblock_section av-5pleh-e26479ec7ae78a4adcd11e932c4947ea'  itemscope=\"itemscope\" itemtype=\"https:\/\/schema.org\/CreativeWork\" ><div class='avia_textblock'  itemprop=\"text\" ><p><span class=\"ui-provider a b c d e f g h i j k l m n o p q r s t u v w x y z ab ac ae af ag ah ai aj ak\" dir=\"ltr\">Los controles regulares y la documentaci\u00f3n de los permisos de conducir son obligatorios por ley y deben ser supervisados. La soluci\u00f3n digital de Fairfleet simplifica este proceso y proporciona transparencia y una visi\u00f3n de conjunto. Puede establecer usted mismo el ciclo de control de los controladores a trav\u00e9s del software. A continuaci\u00f3n, se pide al conductor que documente su permiso de conducir v\u00e1lido a trav\u00e9s de una aplicaci\u00f3n m\u00f3vil o por correo electr\u00f3nico. Para ello, el conductor s\u00f3lo tiene que acercar el chip NFC de su tarjeta de permiso de conducir a su smartphone. Si el proceso tiene \u00e9xito, se confirma con un smiley verde y se documenta autom\u00e1ticamente en el software central. Tambi\u00e9n puede ver de un vistazo qu\u00e9 conductores est\u00e1n atrasados y enviarles un recordatorio. La comprobaci\u00f3n del permiso de conducir Fairfleet puede integrarse f\u00e1cilmente en el software Faifleet Datastudio y MyGeotab.<\/span><\/p>\n<p><span class=\"ui-provider a b c d e f g h i j k l m n o p q r s t u v w x y z ab ac ae af ag ah ai aj ak\" dir=\"ltr\">No podr\u00eda ser m\u00e1s sencillo.<br \/>\n<\/span><\/p>\n<\/div><\/section><\/p><\/div><div class='av-flex-placeholder'><\/div><div class='flex_column av-5zh89s-e68fccdd23eab4a49e8da9b7cd91a372 av_one_half  avia-builder-el-5  el_after_av_one_half  avia-builder-el-last  flex_column_table_cell av-equal-height-column av-align-top '     ><style type=\"text\/css\" data-created_by=\"avia_inline_auto\" id=\"style-css-av-2iauih-e7d334511e6ee3960da0cf657555a68a\">\n.avia-image-container.av-2iauih-e7d334511e6ee3960da0cf657555a68a img.avia_image{\nbox-shadow:none;\n}\n.avia-image-container.av-2iauih-e7d334511e6ee3960da0cf657555a68a .av-image-caption-overlay-center{\ncolor:#ffffff;\n}\n<\/style>\n<div  class='avia-image-container av-2iauih-e7d334511e6ee3960da0cf657555a68a av-styling- avia-align-center  avia-builder-el-6  avia-builder-el-no-sibling '   itemprop=\"image\" itemscope=\"itemscope\" itemtype=\"https:\/\/schema.org\/ImageObject\" ><div class=\"avia-image-container-inner\"><div class=\"avia-image-overlay-wrap\"><img decoding=\"async\" class='wp-image-2885 avia-img-lazy-loading-not-2885 avia_image ' src=\"https:\/\/fairfleet.de\/wp-content\/uploads\/fairfleet_screens_fuehrerscheinkontrolle.png\" alt='' title='fairfleet_screens_fuehrerscheinkontrolle'  height=\"420\" width=\"783\"  itemprop=\"thumbnailUrl\" srcset=\"https:\/\/fairfleet.de\/wp-content\/uploads\/fairfleet_screens_fuehrerscheinkontrolle.png 783w, https:\/\/fairfleet.de\/wp-content\/uploads\/fairfleet_screens_fuehrerscheinkontrolle-300x161.png 300w, https:\/\/fairfleet.de\/wp-content\/uploads\/fairfleet_screens_fuehrerscheinkontrolle-768x412.png 768w\" sizes=\"(max-width: 783px) 100vw, 783px\" \/><\/div><\/div><\/div><\/div><\/div><!--close column table wrapper. Autoclose: 1 --><\/div><\/div><\/div><!-- close content main div --><\/div><\/div><div id='av_section_2'  class='avia-section av-86adm8-45b65c2faf3f175e3f64055b292e2254 main_color avia-section-default avia-no-border-styling  avia-builder-el-7  el_after_av_section  el_before_av_section  avia-bg-style-scroll container_wrap fullsize'  ><div class='container av-section-cont-open' ><div class='template-page content  av-content-full alpha units'><div class='post-entry post-entry-type-page post-entry-2094'><div class='entry-content-wrapper clearfix'>\n<div class='flex_column av-fnil-dfb1ffddf08497a3ba2093189475b75f av_one_half  avia-builder-el-8  avia-builder-el-no-sibling  bg-brand-gradient bg-invert inset br-default green-gradient-box first flex_column_div '     ><p><div class=\"pxl-headline pxl-hl hl-wrap | hl-sub--off hl--align-left  \">\n\t<div class=\"hl-inner\">\n\t\t\t<h2 class=\"hl-main hl-line |  hl_main--default\">Las ventajas son, por ejemplo<\/h2>\n\t\t\t\n\t<\/div>\n<\/div>\n<br \/>\n<section  class='av_textblock_section av-lt8nx63f-06f65416c1059c76a4a4ac63a91d3aaf'  itemscope=\"itemscope\" itemtype=\"https:\/\/schema.org\/CreativeWork\" ><div class='avia_textblock list-checkmarks list-checkmarks-single-column'  itemprop=\"text\" ><ul>\n<li>Gesti\u00f3n centralizada de todos los conductores<\/li>\n<li>Definici\u00f3n personalizada de los periodos de prueba<\/li>\n<li>Vista general de todos los controles<\/li>\n<li>Identificaci\u00f3n sencilla para el conductor a trav\u00e9s de la app<\/li>\n<li>M\u00e1s transparencia y menos tiempo invertido<\/li>\n<\/ul>\n<\/div><\/section><\/p><\/div>\n<\/p>\n<\/div><\/div><\/div><!-- close content main div --><\/div><\/div><div id='kontakt'  class='avia-section av-412up-0c89566faad173aa3419a40763ab3e38 alternate_color avia-section-default avia-no-border-styling  avia-builder-el-11  el_after_av_section  avia-builder-el-last  contact-section avia-bg-style-scroll container_wrap fullsize'  ><div class='container av-section-cont-open' ><div class='template-page content  av-content-full alpha units'><div class='post-entry post-entry-type-page post-entry-2094'><div class='entry-content-wrapper clearfix'>\n<div class=\"pxl-headline pxl-hl hl-wrap | hl-sub--off hl--align-left hl--no-margin \">\n\t<div class=\"hl-inner\">\n\t\t\t<h2 class=\"hl-main hl-line |  hl_main--h1\">\u00bfLe interesa? Entonces solicite hoy mismo <strong>su cita de consulta<\/strong> gratuita<\/h2>\n\t\t\t\n\t<\/div>\n<\/div>\n\n \n       \n        <div class=\"contactblock-column contactblock-person contactblock-address bg-fill inset br-default flex_column av_one_third column-top-margin first\">\n            <p>\n                <span class=\"contactblock-address-title\">P\u00f3ngase en contacto con nosotros<\/span>\n                <span class=\"contactblock-address-subtitle\">Estaremos encantados de asesorarle<\/span>\n            <\/p>\n            <p>\n                <span class=\"company-title\">Fairfleet - Telematiksysteme<\/span>\n            <\/p>\n            <p>\n                Robert-Bosch-Str. 15<br\/>\n                42489 W\u00fclfrath<br\/>\n                Alemania\n            <\/p>\n            <p>\n                <strong>Tel.:<\/strong><a href=\"tel:0492058778210\">+49 20 58 77 82 10<\/a>\n            <\/p>\n            <p>\n                <strong><a href=\"mailto:info@fairfleet.de\">info@fairfleet.de<\/a><\/strong>\n            <\/p>\n        <\/div>\n     \n    <div class=\"contactblock-column contactblock-form flex_column av_two_third column-top-margin column-flex-grow\">\n        \n<div class=\"wpcf7 no-js\" id=\"wpcf7-f2749-o1\" lang=\"es-ES\" dir=\"ltr\">\n<div class=\"screen-reader-response\"><p role=\"status\" aria-live=\"polite\" aria-atomic=\"true\"><\/p> <ul><\/ul><\/div>\n<form action=\"\/es\/wp-json\/wp\/v2\/pages\/2094#wpcf7-f2749-o1\" method=\"post\" class=\"wpcf7-form init\" aria-label=\"Formulario de contacto\" novalidate=\"novalidate\" data-status=\"init\">\n<div style=\"display: none;\">\n<input type=\"hidden\" name=\"_wpcf7\" value=\"2749\" \/>\n<input type=\"hidden\" name=\"_wpcf7_version\" value=\"5.8.5\" \/>\n<input type=\"hidden\" name=\"_wpcf7_locale\" value=\"es_ES\" \/>\n<input type=\"hidden\" name=\"_wpcf7_unit_tag\" value=\"wpcf7-f2749-o1\" \/>\n<input type=\"hidden\" name=\"_wpcf7_container_post\" value=\"0\" \/>\n<input type=\"hidden\" name=\"_wpcf7_posted_data_hash\" value=\"\" \/>\n<input type=\"hidden\" name=\"_wpcf7_recaptcha_response\" value=\"\" \/>\n<\/div>\n<div class=\"cf-fields fancy\">\n\t<div class=\"cf-field half\">\n\t\t<p><label>La empresa<\/label><span class=\"wpcf7-form-control-wrap\" data-name=\"company\"><input size=\"40\" class=\"wpcf7-form-control wpcf7-text\" aria-invalid=\"false\" value=\"\" type=\"text\" name=\"company\" \/><\/span>\n\t\t<\/p>\n\t<\/div>\n\t<div class=\"cf-field half\">\n\t\t<p><label>Nombre<\/label><span class=\"wpcf7-form-control-wrap\" data-name=\"nname\"><input size=\"40\" class=\"wpcf7-form-control wpcf7-text\" aria-invalid=\"false\" value=\"\" type=\"text\" name=\"nname\" \/><\/span>\n\t\t<\/p>\n\t<\/div>\n\t<div class=\"cf-field half\">\n\t\t<p><label>correo electr\u00f3nico<\/label><span class=\"wpcf7-form-control-wrap\" data-name=\"email\"><input size=\"40\" class=\"wpcf7-form-control wpcf7-email wpcf7-validates-as-required wpcf7-text wpcf7-validates-as-email\" aria-required=\"true\" aria-invalid=\"false\" value=\"\" type=\"email\" name=\"email\" \/><\/span>\n\t\t<\/p>\n\t<\/div>\n\t<div class=\"cf-field half\">\n\t\t<p><label>Tel\u00e9fono<\/label><span class=\"wpcf7-form-control-wrap\" data-name=\"phone\"><input size=\"40\" class=\"wpcf7-form-control wpcf7-text\" aria-invalid=\"false\" value=\"\" type=\"text\" name=\"phone\" \/><\/span>\n\t\t<\/p>\n\t<\/div>\n\t<div class=\"cf-field headline\">\n\t\t<p>Acuerdo de retirada\n\t\t<\/p>\n\t<\/div>\n\t<div class=\"cf-field half special date\">\n\t\t<p><span class=\"wpcf7-form-control-wrap\" data-name=\"datum\"><input class=\"wpcf7-form-control wpcf7-date wpcf7-validates-as-date\" aria-invalid=\"false\" placeholder=\"fecha\" value=\"\" type=\"date\" name=\"datum\" \/><\/span>\n\t\t<\/p>\n\t<\/div>\n\t<div class=\"cf-field half special time\">\n\t\t<p><span class=\"wpcf7-form-control-wrap\" data-name=\"time\"><input size=\"40\" class=\"wpcf7-form-control wpcf7-text\" aria-invalid=\"false\" placeholder=\"Hora del d\u00eda\" value=\"\" type=\"text\" name=\"time\" \/><\/span>\n\t\t<\/p>\n\t<\/div>\n\t<div class=\"cf-field\">\n\t\t<p><span class=\"wpcf7-form-control-wrap\" data-name=\"msg\"><textarea cols=\"40\" rows=\"10\" class=\"wpcf7-form-control wpcf7-textarea\" aria-invalid=\"false\" placeholder=\"Mensaje\" name=\"msg\"><\/textarea><\/span>\n\t\t<\/p>\n\t<\/div>\n<\/div>\n<div class=\"cf-footer\">\n\t<div class=\"cf-ds\">\n\t\t<p><span class=\"wpcf7-form-control-wrap\" data-name=\"ds\"><span class=\"wpcf7-form-control wpcf7-acceptance\"><span class=\"wpcf7-list-item\"><input type=\"checkbox\" name=\"ds\" value=\"1\" aria-invalid=\"false\" \/><\/span><\/span><\/span><span class=\"cf-ds-text\">Por la presente acepto las <a href=\"\/es\/politica-de-privacidad\/\">normas de protecci\u00f3n de datos<\/a>.<\/span>\n\t\t<\/p>\n\t<\/div>\n\t<div class=\"cf-send\">\n\t\t<p><input class=\"wpcf7-form-control wpcf7-submit has-spinner\" type=\"submit\" value=\"Enviar\" \/>\n\t\t<\/p>\n\t<\/div>\n<\/div><div class=\"wpcf7-response-output\" aria-hidden=\"true\"><\/div>\n<\/form>\n<\/div>\n\n    <\/div>\n\n\n","protected":false},"excerpt":{"rendered":"","protected":false},"author":1,"featured_media":0,"parent":1813,"menu_order":5,"comment_status":"closed","ping_status":"closed","template":"","meta":{"footnotes":""},"_links":{"self":[{"href":"https:\/\/fairfleet.de\/es\/wp-json\/wp\/v2\/pages\/2094"}],"collection":[{"href":"https:\/\/fairfleet.de\/es\/wp-json\/wp\/v2\/pages"}],"about":[{"href":"https:\/\/fairfleet.de\/es\/wp-json\/wp\/v2\/types\/page"}],"author":[{"embeddable":true,"href":"https:\/\/fairfleet.de\/es\/wp-json\/wp\/v2\/users\/1"}],"replies":[{"embeddable":true,"href":"https:\/\/fairfleet.de\/es\/wp-json\/wp\/v2\/comments?post=2094"}],"version-history":[{"count":4,"href":"https:\/\/fairfleet.de\/es\/wp-json\/wp\/v2\/pages\/2094\/revisions"}],"predecessor-version":[{"id":2893,"href":"https:\/\/fairfleet.de\/es\/wp-json\/wp\/v2\/pages\/2094\/revisions\/2893"}],"up":[{"embeddable":true,"href":"https:\/\/fairfleet.de\/es\/wp-json\/wp\/v2\/pages\/1813"}],"wp:attachment":[{"href":"https:\/\/fairfleet.de\/es\/wp-json\/wp\/v2\/media?parent=2094"}],"curies":[{"name":"wp","href":"https:\/\/api.w.org\/{rel}","templated":true}]}}