{"id":2137,"date":"2024-03-01T16:14:09","date_gmt":"2024-03-01T15:14:09","guid":{"rendered":"https:\/\/fairfleet.de\/gestion-de-flotas\/estudio-de-diagnostico-fairfleet\/"},"modified":"2024-03-05T14:11:01","modified_gmt":"2024-03-05T13:11:01","slug":"estudio-de-diagnostico-fairfleet","status":"publish","type":"page","link":"https:\/\/fairfleet.de\/es\/gestion-de-flotas\/estudio-de-diagnostico-fairfleet\/","title":{"rendered":"Estudio de diagn\u00f3stico Fairfleet"},"content":{"rendered":"<div id='layer_slider_1'  class='avia-layerslider main_color avia-shadow  avia-builder-el-0  el_before_av_section  avia-builder-el-first  container_wrap fullsize'  style='height: 485px; max-width: 1920px; margin: 0 auto;'  ><\/div>\n<div id='av_section_1'  class='avia-section av-7l4vt-1c99cd1f9ba1b575f0897a542ecb845d main_color avia-section-default avia-no-border-styling  avia-builder-el-1  el_after_av_layerslider  el_before_av_section  avia-bg-style-scroll container_wrap fullsize'  ><div class='container av-section-cont-open' ><div class='template-page content  av-content-full alpha units'><div class='post-entry post-entry-type-page post-entry-2137'><div class='entry-content-wrapper clearfix'>\n<div class='flex_column_table av-69np9-891c0f1910657f748d8ae4fb7bd1abde sc-av_one_half av-equal-height-column-flextable'><div class='flex_column av-69np9-891c0f1910657f748d8ae4fb7bd1abde av_one_half  avia-builder-el-2  el_before_av_one_half  avia-builder-el-first  align-center first flex_column_table_cell av-equal-height-column av-align-top '     ><p><div class=\"pxl-headline pxl-hl hl-wrap | hl-sub--bot hl--align-left  \">\n\t<div class=\"hl-inner\">\n\t\t\t<h1 class=\"hl-main hl-line |  hl_main--default\">El <strong>diagn\u00f3stico<\/strong> de Fairfleet<\/h1>\n\t\t\t<span class=\"hl-sub hl-line |  hl_sub--default\">Resuelva los problemas antes de que resulten caros<\/span>\n\t<\/div>\n<\/div>\n<br \/>\n<section  class='av_textblock_section av-5pleh-e26479ec7ae78a4adcd11e932c4947ea'  itemscope=\"itemscope\" itemtype=\"https:\/\/schema.org\/CreativeWork\" ><div class='avia_textblock'  itemprop=\"text\" ><p>Los defectos en los veh\u00edculos no s\u00f3lo ocasionan costes de reparaci\u00f3n, sino que tambi\u00e9n provocan retrasos y cancelaciones. La satisfacci\u00f3n de sus clientes disminuye. Para evitar que esto ocurra, Fairfleet Diagnose ofrece a las empresas municipales de servicios p\u00fablicos y de transporte una soluci\u00f3n digital para el registro automatizado de los datos de mantenimiento y los c\u00f3digos de aver\u00eda. El sensor telem\u00e1tico env\u00eda la informaci\u00f3n directamente a los t\u00e9cnicos, que pueden utilizar los datos para llevar a cabo una priorizaci\u00f3n selectiva. Esto significa que a menudo se pueden rectificar los problemas menores antes de que el veh\u00edculo se aver\u00ede.<\/p>\n<\/div><\/section><\/p><\/div><div class='av-flex-placeholder'><\/div><div class='flex_column av-fnil-d43e5f9b8bd40583b2ee9fd052970f7b av_one_half  avia-builder-el-5  el_after_av_one_half  avia-builder-el-last  bg-brand-gradient bg-invert inset br-default green-gradient-box flex_column_table_cell av-equal-height-column av-align-top '     ><p><div class=\"pxl-headline pxl-hl hl-wrap | hl-sub--off hl--align-left  \">\n\t<div class=\"hl-inner\">\n\t\t\t<h2 class=\"hl-main hl-line |  hl_main--default\">Las ventajas son, por ejemplo<\/h2>\n\t\t\t\n\t<\/div>\n<\/div>\n<br \/>\n<section  class='av_textblock_section av-lt8nx63f-06f65416c1059c76a4a4ac63a91d3aaf'  itemscope=\"itemscope\" itemtype=\"https:\/\/schema.org\/CreativeWork\" ><div class='avia_textblock list-checkmarks list-checkmarks-single-column'  itemprop=\"text\" ><ul>\n<li>Visi\u00f3n transparente de todos los veh\u00edculos de la flota<\/li>\n<li>Protocolos para datos incorrectos<\/li>\n<li>Detecci\u00f3n precoz de defectos t\u00e9cnicos<\/li>\n<li>Menores costes de reparaci\u00f3n<\/li>\n<li>Reducci\u00f3n de los tiempos de inactividad de los veh\u00edculos<\/li>\n<\/ul>\n<\/div><\/section><\/p><\/div><\/div><!--close column table wrapper. Autoclose: 1 --><\/div><\/div><\/div><!-- close content main div --><\/div><\/div><div id='av_section_2'  class='avia-section av-86adm8-45b65c2faf3f175e3f64055b292e2254 main_color avia-section-default avia-no-border-styling  avia-builder-el-8  el_after_av_section  el_before_av_section  avia-bg-style-scroll container_wrap fullsize'  ><div class='container av-section-cont-open' ><div class='template-page content  av-content-full alpha units'><div class='post-entry post-entry-type-page post-entry-2137'><div class='entry-content-wrapper clearfix'>\n<div class='flex_column av-5zh89s-2cfdb6ca7bffc4063c6d0cc2c356029b av_one_half  avia-builder-el-9  el_before_av_one_half  avia-builder-el-first  first flex_column_div '     ><div  class='avia-slideshow av-4ioamo-17a7d4b1a1cef455f6a74e64212b414d avia-slideshow-no scaling av_slideshow avia-slide-slider  avia-builder-el-10  avia-builder-el-no-sibling  av-slideshow-ui av-control-minimal av-control-minimal-dark av-nav-arrows-visible av-no-slider-navigation av-slideshow-manual av-loop-once av-loop-manual-endless av-default-height-applied avia-slideshow-1' data-slideshow-options=\"{&quot;animation&quot;:&quot;slide&quot;,&quot;autoplay&quot;:false,&quot;loop_autoplay&quot;:&quot;once&quot;,&quot;interval&quot;:5,&quot;loop_manual&quot;:&quot;manual-endless&quot;,&quot;autoplay_stopper&quot;:false,&quot;noNavigation&quot;:false,&quot;bg_slider&quot;:false,&quot;keep_padding&quot;:false,&quot;hoverpause&quot;:false,&quot;show_slide_delay&quot;:0}\"  itemprop=\"image\" itemscope=\"itemscope\" itemtype=\"https:\/\/schema.org\/ImageObject\" ><ul class='avia-slideshow-inner ' style='padding-bottom: 49.586776859504%;'><li  class='avia-slideshow-slide av-4ioamo-17a7d4b1a1cef455f6a74e64212b414d__0  slide-1 slide-odd'><div data-rel='slideshow-1' class='avia-slide-wrap '   ><div class='av-slideshow-caption av-4ioamo-17a7d4b1a1cef455f6a74e64212b414d__0 avia-caption'><div class=\"avia-inner-caption\"><span class='avia-caption-title '  itemprop=\"name\" >Datos de diagn\u00f3stico<\/span><\/div><\/div><img decoding=\"async\" class=\"wp-image-1322 avia-img-lazy-loading-not-1322\"  src=\"https:\/\/fairfleet.de\/wp-content\/uploads\/fairfleet_screens_diagnose_01.jpg\" width=\"726\" height=\"360\" title='fairfleet_screens_diagnose_01' alt=''  itemprop=\"thumbnailUrl\" srcset=\"https:\/\/fairfleet.de\/wp-content\/uploads\/fairfleet_screens_diagnose_01.jpg 726w, https:\/\/fairfleet.de\/wp-content\/uploads\/fairfleet_screens_diagnose_01-300x149.jpg 300w\" sizes=\"(max-width: 726px) 100vw, 726px\" \/><\/div><\/li><li  class='avia-slideshow-slide av-4ioamo-17a7d4b1a1cef455f6a74e64212b414d__1  slide-2 slide-even'><div data-rel='slideshow-1' class='avia-slide-wrap '   ><img decoding=\"async\" class=\"wp-image-1324 avia-img-lazy-loading-not-1324\"  src=\"https:\/\/fairfleet.de\/wp-content\/uploads\/fairfleet_screens_diagnose_02.jpg\" width=\"726\" height=\"360\" title='fairfleet_screens_diagnose_02' alt=''  itemprop=\"thumbnailUrl\" srcset=\"https:\/\/fairfleet.de\/wp-content\/uploads\/fairfleet_screens_diagnose_02.jpg 726w, https:\/\/fairfleet.de\/wp-content\/uploads\/fairfleet_screens_diagnose_02-300x149.jpg 300w\" sizes=\"(max-width: 726px) 100vw, 726px\" \/><\/div><\/li><\/ul><div class='avia-slideshow-arrows avia-slideshow-controls' ><a href='#prev' class='prev-slide ' aria-hidden='true' data-av_icon='\ue87c' data-av_iconfont='entypo-fontello'  tabindex='-1'>Anterior<\/a><a href='#next' class='next-slide ' aria-hidden='true' data-av_icon='\ue87d' data-av_iconfont='entypo-fontello'  tabindex='-1'>Posterior<\/a><\/div><\/div><\/div><div class='flex_column av-27tedc-99dd596c8aa698855fe8241b63e853b6 av_one_half  avia-builder-el-11  el_after_av_one_half  avia-builder-el-last  flex_column_div '     ><p><div class=\"pxl-headline pxl-hl hl-wrap | hl-sub--off hl--align-left  \">\n\t<div class=\"hl-inner\">\n\t\t\t<h2 class=\"hl-main hl-line |  hl_main--default\">Cuadros de mando personalizados para obtener el m\u00e1ximo valor a\u00f1adido<\/h2>\n\t\t\t\n\t<\/div>\n<\/div>\n<br \/>\n<section  class='av_textblock_section av-lt8omhfx-a12eba8b596a596934807bcd3649e84f'  itemscope=\"itemscope\" itemtype=\"https:\/\/schema.org\/CreativeWork\" ><div class='avia_textblock'  itemprop=\"text\" ><p>Aunque muchas plataformas recopilan informaci\u00f3n, a menudo no existe un valor a\u00f1adido para los usuarios. Fairfleet Diagnostics adopta un enfoque diferente y prepara los datos recopilados por separado en cuadros de mando personalizados. Estos cuadros de mando se dise\u00f1an en funci\u00f3n de las necesidades de los clientes, de modo que reciban exactamente la informaci\u00f3n relevante para su toma de decisiones y la optimizaci\u00f3n de sus procesos. Las funciones de filtro y otras caracter\u00edsticas inteligentes tambi\u00e9n simplifican el trabajo con el cuadro de mando y la interpretaci\u00f3n de los datos.<\/p>\n<\/div><\/section><\/p><\/div><\/div><\/div><\/div><!-- close content main div --><\/div><\/div><div id='kontakt'  class='avia-section av-412up-0c89566faad173aa3419a40763ab3e38 alternate_color avia-section-default avia-no-border-styling  avia-builder-el-14  el_after_av_section  avia-builder-el-last  contact-section avia-bg-style-scroll container_wrap fullsize'  ><div class='container av-section-cont-open' ><div class='template-page content  av-content-full alpha units'><div class='post-entry post-entry-type-page post-entry-2137'><div class='entry-content-wrapper clearfix'>\n<div class=\"pxl-headline pxl-hl hl-wrap | hl-sub--off hl--align-left hl--no-margin \">\n\t<div class=\"hl-inner\">\n\t\t\t<h2 class=\"hl-main hl-line |  hl_main--h1\">\u00bfLe interesa? Entonces solicite hoy mismo <strong>su cita de consulta<\/strong> gratuita<\/h2>\n\t\t\t\n\t<\/div>\n<\/div>\n\n \n       \n        <div class=\"contactblock-column contactblock-person contactblock-address bg-fill inset br-default flex_column av_one_third column-top-margin first\">\n            <p>\n                <span class=\"contactblock-address-title\">P\u00f3ngase en contacto con nosotros<\/span>\n                <span class=\"contactblock-address-subtitle\">Estaremos encantados de asesorarle<\/span>\n            <\/p>\n            <p>\n                <span class=\"company-title\">Fairfleet - Telematiksysteme<\/span>\n            <\/p>\n            <p>\n                Robert-Bosch-Str. 15<br\/>\n                42489 W\u00fclfrath<br\/>\n                Alemania\n            <\/p>\n            <p>\n                <strong>Tel.:<\/strong><a href=\"tel:0492058778210\">+49 20 58 77 82 10<\/a>\n            <\/p>\n            <p>\n                <strong><a href=\"mailto:info@fairfleet.de\">info@fairfleet.de<\/a><\/strong>\n            <\/p>\n        <\/div>\n     \n    <div class=\"contactblock-column contactblock-form flex_column av_two_third column-top-margin column-flex-grow\">\n        \n<div class=\"wpcf7 no-js\" id=\"wpcf7-f2749-o1\" lang=\"es-ES\" dir=\"ltr\">\n<div class=\"screen-reader-response\"><p role=\"status\" aria-live=\"polite\" aria-atomic=\"true\"><\/p> <ul><\/ul><\/div>\n<form action=\"\/es\/wp-json\/wp\/v2\/pages\/2137#wpcf7-f2749-o1\" method=\"post\" class=\"wpcf7-form init\" aria-label=\"Formulario de contacto\" novalidate=\"novalidate\" data-status=\"init\">\n<div style=\"display: none;\">\n<input type=\"hidden\" name=\"_wpcf7\" value=\"2749\" \/>\n<input type=\"hidden\" name=\"_wpcf7_version\" value=\"5.8.5\" \/>\n<input type=\"hidden\" name=\"_wpcf7_locale\" value=\"es_ES\" \/>\n<input type=\"hidden\" name=\"_wpcf7_unit_tag\" value=\"wpcf7-f2749-o1\" \/>\n<input type=\"hidden\" name=\"_wpcf7_container_post\" value=\"0\" \/>\n<input type=\"hidden\" name=\"_wpcf7_posted_data_hash\" value=\"\" \/>\n<input type=\"hidden\" name=\"_wpcf7_recaptcha_response\" value=\"\" \/>\n<\/div>\n<div class=\"cf-fields fancy\">\n\t<div class=\"cf-field half\">\n\t\t<p><label>La empresa<\/label><span class=\"wpcf7-form-control-wrap\" data-name=\"company\"><input size=\"40\" class=\"wpcf7-form-control wpcf7-text\" aria-invalid=\"false\" value=\"\" type=\"text\" name=\"company\" \/><\/span>\n\t\t<\/p>\n\t<\/div>\n\t<div class=\"cf-field half\">\n\t\t<p><label>Nombre<\/label><span class=\"wpcf7-form-control-wrap\" data-name=\"nname\"><input size=\"40\" class=\"wpcf7-form-control wpcf7-text\" aria-invalid=\"false\" value=\"\" type=\"text\" name=\"nname\" \/><\/span>\n\t\t<\/p>\n\t<\/div>\n\t<div class=\"cf-field half\">\n\t\t<p><label>correo electr\u00f3nico<\/label><span class=\"wpcf7-form-control-wrap\" data-name=\"email\"><input size=\"40\" class=\"wpcf7-form-control wpcf7-email wpcf7-validates-as-required wpcf7-text wpcf7-validates-as-email\" aria-required=\"true\" aria-invalid=\"false\" value=\"\" type=\"email\" name=\"email\" \/><\/span>\n\t\t<\/p>\n\t<\/div>\n\t<div class=\"cf-field half\">\n\t\t<p><label>Tel\u00e9fono<\/label><span class=\"wpcf7-form-control-wrap\" data-name=\"phone\"><input size=\"40\" class=\"wpcf7-form-control wpcf7-text\" aria-invalid=\"false\" value=\"\" type=\"text\" name=\"phone\" \/><\/span>\n\t\t<\/p>\n\t<\/div>\n\t<div class=\"cf-field headline\">\n\t\t<p>Acuerdo de retirada\n\t\t<\/p>\n\t<\/div>\n\t<div class=\"cf-field half special date\">\n\t\t<p><span class=\"wpcf7-form-control-wrap\" data-name=\"datum\"><input class=\"wpcf7-form-control wpcf7-date wpcf7-validates-as-date\" aria-invalid=\"false\" placeholder=\"fecha\" value=\"\" type=\"date\" name=\"datum\" \/><\/span>\n\t\t<\/p>\n\t<\/div>\n\t<div class=\"cf-field half special time\">\n\t\t<p><span class=\"wpcf7-form-control-wrap\" data-name=\"time\"><input size=\"40\" class=\"wpcf7-form-control wpcf7-text\" aria-invalid=\"false\" placeholder=\"Hora del d\u00eda\" value=\"\" type=\"text\" name=\"time\" \/><\/span>\n\t\t<\/p>\n\t<\/div>\n\t<div class=\"cf-field\">\n\t\t<p><span class=\"wpcf7-form-control-wrap\" data-name=\"msg\"><textarea cols=\"40\" rows=\"10\" class=\"wpcf7-form-control wpcf7-textarea\" aria-invalid=\"false\" placeholder=\"Mensaje\" name=\"msg\"><\/textarea><\/span>\n\t\t<\/p>\n\t<\/div>\n<\/div>\n<div class=\"cf-footer\">\n\t<div class=\"cf-ds\">\n\t\t<p><span class=\"wpcf7-form-control-wrap\" data-name=\"ds\"><span class=\"wpcf7-form-control wpcf7-acceptance\"><span class=\"wpcf7-list-item\"><input type=\"checkbox\" name=\"ds\" value=\"1\" aria-invalid=\"false\" \/><\/span><\/span><\/span><span class=\"cf-ds-text\">Por la presente acepto las <a href=\"\/es\/politica-de-privacidad\/\">normas de protecci\u00f3n de datos<\/a>.<\/span>\n\t\t<\/p>\n\t<\/div>\n\t<div class=\"cf-send\">\n\t\t<p><input class=\"wpcf7-form-control wpcf7-submit has-spinner\" type=\"submit\" value=\"Enviar\" \/>\n\t\t<\/p>\n\t<\/div>\n<\/div><div class=\"wpcf7-response-output\" aria-hidden=\"true\"><\/div>\n<\/form>\n<\/div>\n\n    <\/div>\n\n<\/p>\n","protected":false},"excerpt":{"rendered":"","protected":false},"author":1,"featured_media":0,"parent":1813,"menu_order":2,"comment_status":"closed","ping_status":"closed","template":"","meta":{"footnotes":""},"_links":{"self":[{"href":"https:\/\/fairfleet.de\/es\/wp-json\/wp\/v2\/pages\/2137"}],"collection":[{"href":"https:\/\/fairfleet.de\/es\/wp-json\/wp\/v2\/pages"}],"about":[{"href":"https:\/\/fairfleet.de\/es\/wp-json\/wp\/v2\/types\/page"}],"author":[{"embeddable":true,"href":"https:\/\/fairfleet.de\/es\/wp-json\/wp\/v2\/users\/1"}],"replies":[{"embeddable":true,"href":"https:\/\/fairfleet.de\/es\/wp-json\/wp\/v2\/comments?post=2137"}],"version-history":[{"count":2,"href":"https:\/\/fairfleet.de\/es\/wp-json\/wp\/v2\/pages\/2137\/revisions"}],"predecessor-version":[{"id":2177,"href":"https:\/\/fairfleet.de\/es\/wp-json\/wp\/v2\/pages\/2137\/revisions\/2177"}],"up":[{"embeddable":true,"href":"https:\/\/fairfleet.de\/es\/wp-json\/wp\/v2\/pages\/1813"}],"wp:attachment":[{"href":"https:\/\/fairfleet.de\/es\/wp-json\/wp\/v2\/media?parent=2137"}],"curies":[{"name":"wp","href":"https:\/\/api.w.org\/{rel}","templated":true}]}}