{"id":2152,"date":"2024-03-01T16:40:33","date_gmt":"2024-03-01T15:40:33","guid":{"rendered":"https:\/\/fairfleet.de\/gestion-de-flotas\/cuaderno-de-bitacora-digital-fairfleet\/"},"modified":"2024-03-05T14:11:03","modified_gmt":"2024-03-05T13:11:03","slug":"cuaderno-de-bitacora-digital-fairfleet","status":"publish","type":"page","link":"https:\/\/fairfleet.de\/es\/gestion-de-flotas\/cuaderno-de-bitacora-digital-fairfleet\/","title":{"rendered":"Cuaderno de bit\u00e1cora digital Fairfleet"},"content":{"rendered":"<div id='layer_slider_1'  class='avia-layerslider main_color avia-shadow  avia-builder-el-0  el_before_av_section  avia-builder-el-first  container_wrap fullsize'  style='height: 485px; max-width: 1920px; margin: 0 auto;'  ><\/div>\n<div id='av_section_1'  class='avia-section av-7l4vt-1c99cd1f9ba1b575f0897a542ecb845d main_color avia-section-default avia-no-border-styling  avia-builder-el-1  el_after_av_layerslider  el_before_av_section  avia-bg-style-scroll container_wrap fullsize'  ><div class='container av-section-cont-open' ><div class='template-page content  av-content-full alpha units'><div class='post-entry post-entry-type-page post-entry-2152'><div class='entry-content-wrapper clearfix'>\n<div class='flex_column_table av-69np9-891c0f1910657f748d8ae4fb7bd1abde sc-av_one_half av-equal-height-column-flextable'><div class='flex_column av-69np9-891c0f1910657f748d8ae4fb7bd1abde av_one_half  avia-builder-el-2  el_before_av_one_half  avia-builder-el-first  align-center first flex_column_table_cell av-equal-height-column av-align-top '     ><p><div class=\"pxl-headline pxl-hl hl-wrap | hl-sub--bot hl--align-left  \">\n\t<div class=\"hl-inner\">\n\t\t\t<h1 class=\"hl-main hl-line |  hl_main--default\">El <strong>cuaderno de bit\u00e1cora<\/strong> digital de <strong>la empresa<\/strong><\/h1>\n\t\t\t<span class=\"hl-sub hl-line |  hl_sub--default\">Sencillo, flexible y eficaz<\/span>\n\t<\/div>\n<\/div>\n<br \/>\n<section  class='av_textblock_section av-5pleh-e26479ec7ae78a4adcd11e932c4947ea'  itemscope=\"itemscope\" itemtype=\"https:\/\/schema.org\/CreativeWork\" ><div class='avia_textblock'  itemprop=\"text\" ><p>Acabamos con el papeleo: el cuaderno de bit\u00e1cora digital de Fairfleet ofrece a los servicios municipales y a las empresas de transporte una soluci\u00f3n totalmente digital para uso operativo. Las vers\u00e1tiles funciones cubren todos los requisitos legales de seguridad y pueden controlarse de forma intuitiva. Esto beneficia tanto a sus conductores como a los empleados del departamento de contabilidad, ya que la transferencia manual de datos, tediosa y propensa a errores, ya no es necesaria. Todos los trayectos pueden consultarse digitalmente en cualquier momento y mantenerse de forma centralizada a trav\u00e9s de la herramienta de administraci\u00f3n.<\/p>\n<\/div><\/section><\/p><\/div><div class='av-flex-placeholder'><\/div><div class='flex_column av-fnil-d43e5f9b8bd40583b2ee9fd052970f7b av_one_half  avia-builder-el-5  el_after_av_one_half  avia-builder-el-last  bg-brand-gradient bg-invert inset br-default green-gradient-box flex_column_table_cell av-equal-height-column av-align-top '     ><p><div class=\"pxl-headline pxl-hl hl-wrap | hl-sub--off hl--align-left  \">\n\t<div class=\"hl-inner\">\n\t\t\t<h2 class=\"hl-main hl-line |  hl_main--default\">Las ventajas son, por ejemplo<\/h2>\n\t\t\t\n\t<\/div>\n<\/div>\n<br \/>\n<section  class='av_textblock_section av-lt8nx63f-06f65416c1059c76a4a4ac63a91d3aaf'  itemscope=\"itemscope\" itemtype=\"https:\/\/schema.org\/CreativeWork\" ><div class='avia_textblock list-checkmarks list-checkmarks-single-column'  itemprop=\"text\" ><ul>\n<li>Minimizaci\u00f3n del trabajo administrativo y reducci\u00f3n de costes<\/li>\n<li>Asignaci\u00f3n sencilla del motivo del viaje por parte del conductor<\/li>\n<li>M\u00e1s r\u00e1pido de rellenar para el conductor que el cuaderno de bit\u00e1cora anal\u00f3gico<\/li>\n<li>Todos los datos disponibles de un vistazo en cualquier momento<\/li>\n<li>Posibilidad de volver a reservar viajes y grupos de viajes de forma centralizada<\/li>\n<li>Detecci\u00f3n autom\u00e1tica de extranjeros y desglose del consumo de combustible (nacional\/extranjero)<\/li>\n<\/ul>\n<\/div><\/section><\/p><\/div><\/div><!--close column table wrapper. Autoclose: 1 --><\/div><\/div><\/div><!-- close content main div --><\/div><\/div><div id='av_section_2'  class='avia-section av-86adm8-45b65c2faf3f175e3f64055b292e2254 main_color avia-section-default avia-no-border-styling  avia-builder-el-8  el_after_av_section  el_before_av_section  avia-bg-style-scroll container_wrap fullsize'  ><div class='container av-section-cont-open' ><div class='template-page content  av-content-full alpha units'><div class='post-entry post-entry-type-page post-entry-2152'><div class='entry-content-wrapper clearfix'>\n<div class='flex_column av-5zh89s-2cfdb6ca7bffc4063c6d0cc2c356029b av_one_half  avia-builder-el-9  el_before_av_one_half  avia-builder-el-first  first flex_column_div '     ><div  class='avia-slideshow av-4ioamo-17a7d4b1a1cef455f6a74e64212b414d avia-slideshow-no scaling av_slideshow avia-slide-slider  avia-builder-el-10  avia-builder-el-no-sibling  av-slideshow-ui av-control-minimal av-control-minimal-dark av-nav-arrows-visible av-no-slider-navigation av-slideshow-manual av-loop-once av-loop-manual-endless av-default-height-applied avia-slideshow-1' data-slideshow-options=\"{&quot;animation&quot;:&quot;slide&quot;,&quot;autoplay&quot;:false,&quot;loop_autoplay&quot;:&quot;once&quot;,&quot;interval&quot;:5,&quot;loop_manual&quot;:&quot;manual-endless&quot;,&quot;autoplay_stopper&quot;:false,&quot;noNavigation&quot;:false,&quot;bg_slider&quot;:false,&quot;keep_padding&quot;:false,&quot;hoverpause&quot;:false,&quot;show_slide_delay&quot;:0}\"  itemprop=\"image\" itemscope=\"itemscope\" itemtype=\"https:\/\/schema.org\/ImageObject\" ><ul class='avia-slideshow-inner ' style='padding-bottom: 49.586776859504%;'><li  class='avia-slideshow-slide av-4ioamo-17a7d4b1a1cef455f6a74e64212b414d__0  slide-1 slide-odd'><div data-rel='slideshow-1' class='avia-slide-wrap '   ><div class='av-slideshow-caption av-4ioamo-17a7d4b1a1cef455f6a74e64212b414d__0 avia-caption'><div class=\"avia-inner-caption\"><span class='avia-caption-title '  itemprop=\"name\" >Informe detallado del viaje<\/span><\/div><\/div><img decoding=\"async\" class=\"wp-image-1388 avia-img-lazy-loading-not-1388\"  src=\"https:\/\/fairfleet.de\/wp-content\/uploads\/fairfleet_screens_fahrtenbuch_01.jpg\" width=\"726\" height=\"360\" title='fairfleet_screens_fahrtenbuch_01' alt=''  itemprop=\"thumbnailUrl\" srcset=\"https:\/\/fairfleet.de\/wp-content\/uploads\/fairfleet_screens_fahrtenbuch_01.jpg 726w, https:\/\/fairfleet.de\/wp-content\/uploads\/fairfleet_screens_fahrtenbuch_01-300x149.jpg 300w\" sizes=\"(max-width: 726px) 100vw, 726px\" \/><\/div><\/li><li  class='avia-slideshow-slide av-4ioamo-17a7d4b1a1cef455f6a74e64212b414d__1  slide-2 slide-even'><div data-rel='slideshow-1' class='avia-slide-wrap '   ><div class='av-slideshow-caption av-4ioamo-17a7d4b1a1cef455f6a74e64212b414d__1 avia-caption'><div class=\"avia-inner-caption\"><span class='avia-caption-title '  itemprop=\"name\" >Informe general mensual<\/span><\/div><\/div><img decoding=\"async\" class=\"wp-image-1390 avia-img-lazy-loading-not-1390\"  src=\"https:\/\/fairfleet.de\/wp-content\/uploads\/fairfleet_screens_fahrtenbuch_02.jpg\" width=\"726\" height=\"360\" title='fairfleet_screens_fahrtenbuch_02' alt=''  itemprop=\"thumbnailUrl\" srcset=\"https:\/\/fairfleet.de\/wp-content\/uploads\/fairfleet_screens_fahrtenbuch_02.jpg 726w, https:\/\/fairfleet.de\/wp-content\/uploads\/fairfleet_screens_fahrtenbuch_02-300x149.jpg 300w\" sizes=\"(max-width: 726px) 100vw, 726px\" \/><\/div><\/li><li  class='avia-slideshow-slide av-4ioamo-17a7d4b1a1cef455f6a74e64212b414d__2  slide-3 slide-odd'><div data-rel='slideshow-1' class='avia-slide-wrap '   ><div class='av-slideshow-caption av-4ioamo-17a7d4b1a1cef455f6a74e64212b414d__2 avia-caption'><div class=\"avia-inner-caption\"><span class='avia-caption-title '  itemprop=\"name\" >Reserva posterior<\/span><\/div><\/div><img decoding=\"async\" class=\"wp-image-1392 avia-img-lazy-loading-not-1392\"  src=\"https:\/\/fairfleet.de\/wp-content\/uploads\/fairfleet_screens_fahrtenbuch_03.jpg\" width=\"726\" height=\"360\" title='fairfleet_screens_fahrtenbuch_03' alt=''  itemprop=\"thumbnailUrl\" srcset=\"https:\/\/fairfleet.de\/wp-content\/uploads\/fairfleet_screens_fahrtenbuch_03.jpg 726w, https:\/\/fairfleet.de\/wp-content\/uploads\/fairfleet_screens_fahrtenbuch_03-300x149.jpg 300w\" sizes=\"(max-width: 726px) 100vw, 726px\" \/><\/div><\/li><li  class='avia-slideshow-slide av-4ioamo-17a7d4b1a1cef455f6a74e64212b414d__3  slide-4 slide-even'><div data-rel='slideshow-1' class='avia-slide-wrap '   ><div class='av-slideshow-caption av-4ioamo-17a7d4b1a1cef455f6a74e64212b414d__3 avia-caption'><div class=\"avia-inner-caption\"><span class='avia-caption-title '  itemprop=\"name\" >Informe general<\/span><\/div><\/div><img decoding=\"async\" class=\"wp-image-1394 avia-img-lazy-loading-not-1394\"  src=\"https:\/\/fairfleet.de\/wp-content\/uploads\/fairfleet_screens_fahrtenbuch_04.jpg\" width=\"726\" height=\"360\" title='fairfleet_screens_fahrtenbuch_04' alt=''  itemprop=\"thumbnailUrl\" srcset=\"https:\/\/fairfleet.de\/wp-content\/uploads\/fairfleet_screens_fahrtenbuch_04.jpg 726w, https:\/\/fairfleet.de\/wp-content\/uploads\/fairfleet_screens_fahrtenbuch_04-300x149.jpg 300w\" sizes=\"(max-width: 726px) 100vw, 726px\" \/><\/div><\/li><\/ul><div class='avia-slideshow-arrows avia-slideshow-controls' ><a href='#prev' class='prev-slide ' aria-hidden='true' data-av_icon='\ue87c' data-av_iconfont='entypo-fontello'  tabindex='-1'>Anterior<\/a><a href='#next' class='next-slide ' aria-hidden='true' data-av_icon='\ue87d' data-av_iconfont='entypo-fontello'  tabindex='-1'>Posterior<\/a><\/div><\/div><\/div><div class='flex_column av-27tedc-99dd596c8aa698855fe8241b63e853b6 av_one_half  avia-builder-el-11  el_after_av_one_half  avia-builder-el-last  flex_column_div '     ><p><div class=\"pxl-headline pxl-hl hl-wrap | hl-sub--off hl--align-left  \">\n\t<div class=\"hl-inner\">\n\t\t\t<h2 class=\"hl-main hl-line |  hl_main--default\">M\u00e1xima visi\u00f3n de conjunto para obtener el m\u00e1ximo beneficio<\/h2>\n\t\t\t\n\t<\/div>\n<\/div>\n<br \/>\n<section  class='av_textblock_section av-lt8omhfx-a12eba8b596a596934807bcd3649e84f'  itemscope=\"itemscope\" itemtype=\"https:\/\/schema.org\/CreativeWork\" ><div class='avia_textblock'  itemprop=\"text\" ><p>Muchas soluciones recopilan datos sin ofrecer a los usuarios ning\u00fan valor a\u00f1adido. Por lo tanto, el diario digital de empresa de Fairfleet tambi\u00e9n presenta la informaci\u00f3n recopilada en cuadros de mando espec\u00edficos para cada usuario y claramente organizados. La presentaci\u00f3n se basa en las necesidades reales de nuestros clientes. Usted ve exactamente la informaci\u00f3n que necesita para la toma de decisiones y la optimizaci\u00f3n de sus procesos, ni m\u00e1s ni menos. Adem\u00e1s, las funciones de filtro y otras caracter\u00edsticas inteligentes facilitan al m\u00e1ximo el trabajo con el cuadro de mandos y la interpretaci\u00f3n de los datos.<\/p>\n<\/div><\/section><\/p><\/div>\n<\/p>\n<\/div><\/div><\/div><!-- close content main div --><\/div><\/div><div id='kontakt'  class='avia-section av-412up-0c89566faad173aa3419a40763ab3e38 alternate_color avia-section-default avia-no-border-styling  avia-builder-el-14  el_after_av_section  avia-builder-el-last  contact-section avia-bg-style-scroll container_wrap fullsize'  ><div class='container av-section-cont-open' ><div class='template-page content  av-content-full alpha units'><div class='post-entry post-entry-type-page post-entry-2152'><div class='entry-content-wrapper clearfix'>\n<div class=\"pxl-headline pxl-hl hl-wrap | hl-sub--off hl--align-left hl--no-margin \">\n\t<div class=\"hl-inner\">\n\t\t\t<h2 class=\"hl-main hl-line |  hl_main--h1\">\u00bfLe interesa? Entonces solicite hoy mismo <strong>su cita de consulta<\/strong> gratuita<\/h2>\n\t\t\t\n\t<\/div>\n<\/div>\n\n \n       \n        <div class=\"contactblock-column contactblock-person contactblock-address bg-fill inset br-default flex_column av_one_third column-top-margin first\">\n            <p>\n                <span class=\"contactblock-address-title\">P\u00f3ngase en contacto con nosotros<\/span>\n                <span class=\"contactblock-address-subtitle\">Estaremos encantados de asesorarle<\/span>\n            <\/p>\n            <p>\n                <span class=\"company-title\">Fairfleet - Telematiksysteme<\/span>\n            <\/p>\n            <p>\n                Robert-Bosch-Str. 15<br\/>\n                42489 W\u00fclfrath<br\/>\n                Alemania\n            <\/p>\n            <p>\n                <strong>Tel.:<\/strong><a href=\"tel:0492058778210\">+49 20 58 77 82 10<\/a>\n            <\/p>\n            <p>\n                <strong><a href=\"mailto:info@fairfleet.de\">info@fairfleet.de<\/a><\/strong>\n            <\/p>\n        <\/div>\n     \n    <div class=\"contactblock-column contactblock-form flex_column av_two_third column-top-margin column-flex-grow\">\n        \n<div class=\"wpcf7 no-js\" id=\"wpcf7-f2749-o1\" lang=\"es-ES\" dir=\"ltr\">\n<div class=\"screen-reader-response\"><p role=\"status\" aria-live=\"polite\" aria-atomic=\"true\"><\/p> <ul><\/ul><\/div>\n<form action=\"\/es\/wp-json\/wp\/v2\/pages\/2152#wpcf7-f2749-o1\" method=\"post\" class=\"wpcf7-form init\" aria-label=\"Formulario de contacto\" novalidate=\"novalidate\" data-status=\"init\">\n<div style=\"display: none;\">\n<input type=\"hidden\" name=\"_wpcf7\" value=\"2749\" \/>\n<input type=\"hidden\" name=\"_wpcf7_version\" value=\"5.8.5\" \/>\n<input type=\"hidden\" name=\"_wpcf7_locale\" value=\"es_ES\" \/>\n<input type=\"hidden\" name=\"_wpcf7_unit_tag\" value=\"wpcf7-f2749-o1\" \/>\n<input type=\"hidden\" name=\"_wpcf7_container_post\" value=\"0\" \/>\n<input type=\"hidden\" name=\"_wpcf7_posted_data_hash\" value=\"\" \/>\n<input type=\"hidden\" name=\"_wpcf7_recaptcha_response\" value=\"\" \/>\n<\/div>\n<div class=\"cf-fields fancy\">\n\t<div class=\"cf-field half\">\n\t\t<p><label>La empresa<\/label><span class=\"wpcf7-form-control-wrap\" data-name=\"company\"><input size=\"40\" class=\"wpcf7-form-control wpcf7-text\" aria-invalid=\"false\" value=\"\" type=\"text\" name=\"company\" \/><\/span>\n\t\t<\/p>\n\t<\/div>\n\t<div class=\"cf-field half\">\n\t\t<p><label>Nombre<\/label><span class=\"wpcf7-form-control-wrap\" data-name=\"nname\"><input size=\"40\" class=\"wpcf7-form-control wpcf7-text\" aria-invalid=\"false\" value=\"\" type=\"text\" name=\"nname\" \/><\/span>\n\t\t<\/p>\n\t<\/div>\n\t<div class=\"cf-field half\">\n\t\t<p><label>correo electr\u00f3nico<\/label><span class=\"wpcf7-form-control-wrap\" data-name=\"email\"><input size=\"40\" class=\"wpcf7-form-control wpcf7-email wpcf7-validates-as-required wpcf7-text wpcf7-validates-as-email\" aria-required=\"true\" aria-invalid=\"false\" value=\"\" type=\"email\" name=\"email\" \/><\/span>\n\t\t<\/p>\n\t<\/div>\n\t<div class=\"cf-field half\">\n\t\t<p><label>Tel\u00e9fono<\/label><span class=\"wpcf7-form-control-wrap\" data-name=\"phone\"><input size=\"40\" class=\"wpcf7-form-control wpcf7-text\" aria-invalid=\"false\" value=\"\" type=\"text\" name=\"phone\" \/><\/span>\n\t\t<\/p>\n\t<\/div>\n\t<div class=\"cf-field headline\">\n\t\t<p>Acuerdo de retirada\n\t\t<\/p>\n\t<\/div>\n\t<div class=\"cf-field half special date\">\n\t\t<p><span class=\"wpcf7-form-control-wrap\" data-name=\"datum\"><input class=\"wpcf7-form-control wpcf7-date wpcf7-validates-as-date\" aria-invalid=\"false\" placeholder=\"fecha\" value=\"\" type=\"date\" name=\"datum\" \/><\/span>\n\t\t<\/p>\n\t<\/div>\n\t<div class=\"cf-field half special time\">\n\t\t<p><span class=\"wpcf7-form-control-wrap\" data-name=\"time\"><input size=\"40\" class=\"wpcf7-form-control wpcf7-text\" aria-invalid=\"false\" placeholder=\"Hora del d\u00eda\" value=\"\" type=\"text\" name=\"time\" \/><\/span>\n\t\t<\/p>\n\t<\/div>\n\t<div class=\"cf-field\">\n\t\t<p><span class=\"wpcf7-form-control-wrap\" data-name=\"msg\"><textarea cols=\"40\" rows=\"10\" class=\"wpcf7-form-control wpcf7-textarea\" aria-invalid=\"false\" placeholder=\"Mensaje\" name=\"msg\"><\/textarea><\/span>\n\t\t<\/p>\n\t<\/div>\n<\/div>\n<div class=\"cf-footer\">\n\t<div class=\"cf-ds\">\n\t\t<p><span class=\"wpcf7-form-control-wrap\" data-name=\"ds\"><span class=\"wpcf7-form-control wpcf7-acceptance\"><span class=\"wpcf7-list-item\"><input type=\"checkbox\" name=\"ds\" value=\"1\" aria-invalid=\"false\" \/><\/span><\/span><\/span><span class=\"cf-ds-text\">Por la presente acepto las <a href=\"\/es\/politica-de-privacidad\/\">normas de protecci\u00f3n de datos<\/a>.<\/span>\n\t\t<\/p>\n\t<\/div>\n\t<div class=\"cf-send\">\n\t\t<p><input class=\"wpcf7-form-control wpcf7-submit has-spinner\" type=\"submit\" value=\"Enviar\" \/>\n\t\t<\/p>\n\t<\/div>\n<\/div><div class=\"wpcf7-response-output\" aria-hidden=\"true\"><\/div>\n<\/form>\n<\/div>\n\n    <\/div>\n\n\n","protected":false},"excerpt":{"rendered":"","protected":false},"author":1,"featured_media":0,"parent":1813,"menu_order":4,"comment_status":"closed","ping_status":"closed","template":"","meta":{"footnotes":""},"_links":{"self":[{"href":"https:\/\/fairfleet.de\/es\/wp-json\/wp\/v2\/pages\/2152"}],"collection":[{"href":"https:\/\/fairfleet.de\/es\/wp-json\/wp\/v2\/pages"}],"about":[{"href":"https:\/\/fairfleet.de\/es\/wp-json\/wp\/v2\/types\/page"}],"author":[{"embeddable":true,"href":"https:\/\/fairfleet.de\/es\/wp-json\/wp\/v2\/users\/1"}],"replies":[{"embeddable":true,"href":"https:\/\/fairfleet.de\/es\/wp-json\/wp\/v2\/comments?post=2152"}],"version-history":[{"count":2,"href":"https:\/\/fairfleet.de\/es\/wp-json\/wp\/v2\/pages\/2152\/revisions"}],"predecessor-version":[{"id":2197,"href":"https:\/\/fairfleet.de\/es\/wp-json\/wp\/v2\/pages\/2152\/revisions\/2197"}],"up":[{"embeddable":true,"href":"https:\/\/fairfleet.de\/es\/wp-json\/wp\/v2\/pages\/1813"}],"wp:attachment":[{"href":"https:\/\/fairfleet.de\/es\/wp-json\/wp\/v2\/media?parent=2152"}],"curies":[{"name":"wp","href":"https:\/\/api.w.org\/{rel}","templated":true}]}}