{"id":2370,"date":"2022-02-16T14:41:54","date_gmt":"2022-02-16T13:41:54","guid":{"rendered":"https:\/\/fairfleet.de\/referencias\/autobus-db-regio\/"},"modified":"2024-03-05T14:11:32","modified_gmt":"2024-03-05T13:11:32","slug":"autobus-db-regio","status":"publish","type":"page","link":"https:\/\/fairfleet.de\/es\/referencias\/autobus-db-regio\/","title":{"rendered":"Autob\u00fas DB Regio"},"content":{"rendered":"<div id='layer_slider_1'  class='avia-layerslider main_color avia-shadow  avia-builder-el-0  el_before_av_section  avia-builder-el-first  container_wrap fullsize'  style='height: 485px; max-width: 1920px; margin: 0 auto;'  ><\/div>\n<div id='av_section_1'  class='avia-section av-7l4vt-1c99cd1f9ba1b575f0897a542ecb845d main_color avia-section-default avia-no-border-styling  avia-builder-el-1  el_after_av_layerslider  el_before_av_section  avia-bg-style-scroll container_wrap fullsize'  ><div class='container av-section-cont-open' ><div class='template-page content  av-content-full alpha units'><div class='post-entry post-entry-type-page post-entry-2370'><div class='entry-content-wrapper clearfix'>\n\n<style type=\"text\/css\" data-created_by=\"avia_inline_auto\" id=\"style-css-av-69np9-79501174115305a3def8b83e926bbd80\">\n.flex_column.av-69np9-79501174115305a3def8b83e926bbd80{\npadding:50px 0 0 0;\n}\n<\/style>\n<div class='flex_column av-69np9-79501174115305a3def8b83e926bbd80 av_three_fifth  avia-builder-el-2  el_before_av_two_fifth  avia-builder-el-first  first flex_column_div '     ><p><div class=\"pxl-headline pxl-hl hl-wrap | hl-sub--bot hl--align-left  \">\n\t<div class=\"hl-inner\">\n\t\t\t<h1 class=\"hl-main hl-line |  hl_main--default\">DB Regio Bus se basa en la  <br \/><strong>Experiencia de Fairfleet<\/strong><\/h1>\n\t\t\t<span class=\"hl-sub hl-line |  hl_sub--default\">Sistema telem\u00e1tico Geotab y la aplicaci\u00f3n Fairfleet Eco<\/span>\n\t<\/div>\n<\/div>\n<br \/>\n<section  class='av_textblock_section av-5pleh-c44dff66556b643c03fe141bfe51f46d'  itemscope=\"itemscope\" itemtype=\"https:\/\/schema.org\/CreativeWork\" ><div class='avia_textblock'  itemprop=\"text\" ><p>Desde principios de 2021, DB Regio Bus viaja con el dispositivo telem\u00e1tico Geotab y la aplicaci\u00f3n Fairfleet Eco. Esto demuestra una vez m\u00e1s que DB Regio Bus hace todo lo posible por mejorar la situaci\u00f3n de los conductores, los pasajeros y el medio ambiente con m\u00e9todos innovadores.<\/p>\n<\/div><\/section><br \/>\n\n<style type=\"text\/css\" data-created_by=\"avia_inline_auto\" id=\"style-css-av-l3idbk53-02bf7dad03e52ef73fa115603eb072c5\">\n#top .hr.hr-invisible.av-l3idbk53-02bf7dad03e52ef73fa115603eb072c5{\nheight:50px;\n}\n<\/style>\n<div  class='hr av-l3idbk53-02bf7dad03e52ef73fa115603eb072c5 hr-invisible  avia-builder-el-5  el_after_av_textblock  el_before_av_textblock '><span class='hr-inner '><span class=\"hr-inner-style\"><\/span><\/span><\/div><br \/>\n<section  class='av_textblock_section av-l3idaut5-5dd28dc5f6a8bec57025f4ea03823db8'  itemscope=\"itemscope\" itemtype=\"https:\/\/schema.org\/CreativeWork\" ><div class='avia_textblock'  itemprop=\"text\" ><p><strong>M\u00e1s informes:<\/strong><\/p>\n<ul>\n<li><a href=\"https:\/\/www.deutscherpresseindex.de\/2022\/08\/16\/geotab-telematik-und-db-regio-bus-sparen-kraftstoff-und-reduzieren-emissionen-auf-dem-weg-zur-klimaneutralen-flotte\/\">Comunicado de prensa www.deutscherpresseindex.de del 16\/08\/2022<\/a><\/li>\n<li><a href=\"https:\/\/www.pressebox.de\/inaktiv\/geotab-gmbh\/geotab-telematik-und-db-regio-bus-sparen-kraftstoff-und-reduzieren-emissionen-auf-dem-weg-zur-klimaneutralen-flotte\/boxid\/1124077\">Comunicado de prensa en www.pressebox.de del 16\/08\/2022<\/a><\/li>\n<li><a href=\"https:\/\/flotte.de\/artikel\/110\/19048\/weg-zur-klimaneutralen-flotte.html\" target=\"_blank\" rel=\"noopener\">Comunicado de prensa en Flotte.de del 18.07.2022<\/a><\/li>\n<li><a href=\"https:\/\/gruen.deutschebahn.com\/de\/massnahmen\/energiesparendes-fahren\">DB Conducci\u00f3n con ahorro de energ\u00eda<\/a><\/li>\n<li><a href=\"https:\/\/www.geotab.com\/de\/presse\/db-regio-bus\/\" target=\"_blank\" rel=\"noopener\">Comunicado de prensa Geotab del 12\/07\/2022<\/a><\/li>\n<li><a href=\"https:\/\/www.geotab.com\/de\/case-study\/db-regio-bus\/\" target=\"_blank\" rel=\"noopener\">Historia de \u00e9xito de Geotab sobre el proyecto DB Regio<\/a><\/li>\n<li><a href=\"https:\/\/www.dbcargo.com\/resource\/blob\/7539764\/7b1f4b4d7b1205e968803ba369dbbc6f\/DB21_Kosmos_d_web_01-data.pdf\" target=\"_blank\" rel=\"noopener\">DB Cargo &#8211; Deutsche Bahn 2021 cosmos (p\u00e1gina 11)<\/a><\/li>\n<li><a href=\"https:\/\/background.tagesspiegel.de\/mobilitaet\/vernetzte-busse-mit-solarzellen\" target=\"_blank\" rel=\"noopener\">Tagesspiegel Antecedentes del 08.12.2021<\/a><\/li>\n<li><a href=\"https:\/\/ibir.deutschebahn.com\/2021\/de\/konzern-lagebericht\/entwicklung-der-geschaeftsfelder\/geschaeftsfelder-im-systemverbund-bahn\/geschaeftsfeld-db-regio\/umweltmassnahmen\/\" target=\"_blank\" rel=\"noopener\">Informe de medidas medioambientales de Deutsche Bahn 2021<\/a><\/li>\n<\/ul>\n<\/div><\/section><\/p><\/div><div class='flex_column av-fnil-9fcef1d986508eb2daf3374744c4a42b av_two_fifth  avia-builder-el-7  el_after_av_three_fifth  avia-builder-el-last  flex_column_div avia-link-column av-column-link '    data-link-column-url=\"https:\/\/fairfleet.de\/wp-content\/uploads\/db-regio-case-study-geotab8587.pdf\"  data-link-column-target=\"_blank\"   ><a class=\"av-screen-reader-only\" href=\"https:\/\/fairfleet.de\/wp-content\/uploads\/db-regio-case-study-geotab8587.pdf\" target=\"_blank\" rel=\"noopener\">Follow a manual added link<\/a><p>\n<style type=\"text\/css\" data-created_by=\"avia_inline_auto\" id=\"style-css-av-7ynxo-ca7cf0e7c43ebc43c7e69fff8dd1782d\">\n.avia-image-container.av-7ynxo-ca7cf0e7c43ebc43c7e69fff8dd1782d img.avia_image{\nbox-shadow:none;\n}\n.avia-image-container.av-7ynxo-ca7cf0e7c43ebc43c7e69fff8dd1782d .av-image-caption-overlay-center{\ncolor:#ffffff;\n}\n<\/style>\n<div  class='avia-image-container av-7ynxo-ca7cf0e7c43ebc43c7e69fff8dd1782d av-styling- avia-align-center  avia-builder-el-8  el_before_pixel-headline  avia-builder-el-first  br-off'   itemprop=\"image\" itemscope=\"itemscope\" itemtype=\"https:\/\/schema.org\/ImageObject\" ><div class=\"avia-image-container-inner\"><div class=\"avia-image-overlay-wrap\"><img decoding=\"async\" class='wp-image-692 avia-img-lazy-loading-not-692 avia_image ' src=\"https:\/\/fairfleet.de\/wp-content\/uploads\/pdf-title-219x300.png\" alt='' title='pdf-title'  height=\"300\" width=\"219\"  itemprop=\"thumbnailUrl\" srcset=\"https:\/\/fairfleet.de\/wp-content\/uploads\/pdf-title-219x300.png 219w, https:\/\/fairfleet.de\/wp-content\/uploads\/pdf-title.png 405w\" sizes=\"(max-width: 219px) 100vw, 219px\" \/><\/div><\/div><\/div><br \/>\n<div class=\"pxl-headline pxl-hl hl-wrap | hl-sub--off hl--align-center hl--small-margin \">\n\t<div class=\"hl-inner\">\n\t\t\t<span class=\"hl-main hl-line |  hl_main--h4\">Historia de \u00e9xito de Geotab  <br \/>  al proyecto DB Regio<\/span>\n\t\t\t\n\t<\/div>\n<\/div>\n<\/p><\/div><\/div><\/div><\/div><!-- close content main div --><\/div><\/div>\n<style type=\"text\/css\" data-created_by=\"avia_inline_auto\" id=\"style-css-av-22dbt-985008fe3886ad25884a89abacdab3d3\">\n.avia-section.av-22dbt-985008fe3886ad25884a89abacdab3d3{\nbackground-color:#f8f8f8;\nbackground-image:unset;\n}\n<\/style>\n<div id='av_section_2'  class='avia-section av-22dbt-985008fe3886ad25884a89abacdab3d3 main_color avia-section-default avia-no-border-styling  avia-builder-el-10  el_after_av_section  el_before_av_section  avia-bg-style-scroll container_wrap fullsize'  ><div class='container av-section-cont-open' ><div class='template-page content  av-content-full alpha units'><div class='post-entry post-entry-type-page post-entry-2370'><div class='entry-content-wrapper clearfix'>\n\n<style type=\"text\/css\" data-created_by=\"avia_inline_auto\" id=\"style-css-av-d8fq4-45a167a6a4a2083d3914c22a9a15b547\">\n.flex_column.av-d8fq4-45a167a6a4a2083d3914c22a9a15b547{\npadding:85px 0 0 0;\n}\n<\/style>\n<div class='flex_column av-d8fq4-45a167a6a4a2083d3914c22a9a15b547 av_two_fifth  avia-builder-el-11  el_before_av_three_fifth  avia-builder-el-first  first flex_column_div '     ><style type=\"text\/css\" data-created_by=\"avia_inline_auto\" id=\"style-css-av-kzpn5eu1-a4b1973442226a15bc6854b406f2b327\">\n.avia-image-container.av-kzpn5eu1-a4b1973442226a15bc6854b406f2b327 img.avia_image{\nbox-shadow:none;\n}\n.avia-image-container.av-kzpn5eu1-a4b1973442226a15bc6854b406f2b327 .av-image-caption-overlay-center{\ncolor:#ffffff;\n}\n<\/style>\n<div  class='avia-image-container av-kzpn5eu1-a4b1973442226a15bc6854b406f2b327 av-styling- avia-align-center  avia-builder-el-12  avia-builder-el-no-sibling '   itemprop=\"image\" itemscope=\"itemscope\" itemtype=\"https:\/\/schema.org\/ImageObject\" ><div class=\"avia-image-container-inner\"><div class=\"avia-image-overlay-wrap\"><img decoding=\"async\" class='wp-image-80 avia-img-lazy-loading-not-80 avia_image ' src=\"https:\/\/fairfleet.de\/wp-content\/uploads\/fairfleet-header-freisteller.png\" alt='' title='fairfleet-header-freisteller'  height=\"392\" width=\"668\"  itemprop=\"thumbnailUrl\" srcset=\"https:\/\/fairfleet.de\/wp-content\/uploads\/fairfleet-header-freisteller.png 668w, https:\/\/fairfleet.de\/wp-content\/uploads\/fairfleet-header-freisteller-300x176.png 300w\" sizes=\"(max-width: 668px) 100vw, 668px\" \/><\/div><\/div><\/div><\/div><div class='flex_column av-87a4c-dcc77e01101169534a83466be41991a3 av_three_fifth  avia-builder-el-13  el_after_av_two_fifth  avia-builder-el-last  flex_column_div '     ><p>\n<style type=\"text\/css\" data-created_by=\"avia_inline_auto\" id=\"style-css-av-9hgxg-18fbacb2d92a751b0dfca8e07763e0bb\">\n#top .hr.hr-invisible.av-9hgxg-18fbacb2d92a751b0dfca8e07763e0bb{\nheight:50px;\n}\n<\/style>\n<div  class='hr av-9hgxg-18fbacb2d92a751b0dfca8e07763e0bb hr-invisible  avia-builder-el-14  el_before_pixel-headline  avia-builder-el-first '><span class='hr-inner '><span class=\"hr-inner-style\"><\/span><\/span><\/div><br \/>\n<div class=\"pxl-headline pxl-hl hl-wrap | hl-sub--bot hl--align-left  \">\n\t<div class=\"hl-inner\">\n\t\t\t<h1 class=\"hl-main hl-line |  hl_main--default\">DB Regio se basa en el  <br \/><strong>Sistema telem\u00e1tico Geotab<\/strong><\/h1>\n\t\t\t\n\t<\/div>\n<\/div>\n<br \/>\n<section  class='av_textblock_section av-kzpn7b5s-a165277b32cbdc5b62d095f72eb0dca4'  itemscope=\"itemscope\" itemtype=\"https:\/\/schema.org\/CreativeWork\" ><div class='avia_textblock'  itemprop=\"text\" ><p>Con una flota de casi 10.000 veh\u00edculos -incluidos unos 5.000 propios-, DB Regio Bus es l\u00edder del mercado del transporte local en toda Alemania. La empresa conf\u00eda en un socio competente para trasladar esta amplia flota de veh\u00edculos sin problemas y de forma respetuosa con el medio ambiente: Fairfleet.<\/p>\n<p>Faifleet ha equipado a DB Regio Bus con el sistema telem\u00e1tico Geotab, que transmite todos los datos relevantes que la empresa necesita para gestionar toda su flota pr\u00e1cticamente en tiempo real. Los sat\u00e9lites pueden utilizarse para leer no s\u00f3lo la posici\u00f3n, la velocidad y la direcci\u00f3n de desplazamiento del veh\u00edculo, sino tambi\u00e9n datos relevantes sobre su estado. DB Regio Bus lo utiliza para optimizar el mantenimiento y la revisi\u00f3n de los autobuses, para el an\u00e1lisis de accidentes y para la gesti\u00f3n de los autobuses de pila de combustible y electr\u00f3nicos.<\/p>\n<p>Adem\u00e1s del ahorro potencial, DB Regio Bus tambi\u00e9n est\u00e1 consiguiendo una mejora significativa en el \u00e1rea de la sostenibilidad gracias a Geotab GO. Seg\u00fan confirma la empresa, los tiempos muertos innecesarios se redujeron en un 40% en 2021, ahorrando al medio ambiente unas 1.400 toneladas de CO2.<\/p>\n<\/div><\/section><\/p><\/div>\n<\/p>\n<\/div><\/div><\/div><!-- close content main div --><\/div><\/div><div id='av_section_3'  class='avia-section av-owx2k-5505d69c4c786820884c8cf27ab594a6 main_color avia-section-default avia-no-border-styling  avia-builder-el-17  el_after_av_section  el_before_av_section  avia-bg-style-scroll container_wrap fullsize'  ><div class='container av-section-cont-open' ><div class='template-page content  av-content-full alpha units'><div class='post-entry post-entry-type-page post-entry-2370'><div class='entry-content-wrapper clearfix'>\n<div class='flex_column av-ldfkc-360e0f398b9edb3bcfc98f144b6a122a av_three_fifth  avia-builder-el-18  el_before_av_two_fifth  avia-builder-el-first  first flex_column_div '     ><p>\n<style type=\"text\/css\" data-created_by=\"avia_inline_auto\" id=\"style-css-av-7r0h0-e3ab3d2e50ad827e721a2c94746a7741\">\n#top .hr.hr-invisible.av-7r0h0-e3ab3d2e50ad827e721a2c94746a7741{\nheight:50px;\n}\n<\/style>\n<div  class='hr av-7r0h0-e3ab3d2e50ad827e721a2c94746a7741 hr-invisible  avia-builder-el-19  el_before_pixel-headline  avia-builder-el-first '><span class='hr-inner '><span class=\"hr-inner-style\"><\/span><\/span><\/div><br \/>\n<div class=\"pxl-headline pxl-hl hl-wrap | hl-sub--bot hl--align-left  \">\n\t<div class=\"hl-inner\">\n\t\t\t<h1 class=\"hl-main hl-line |  hl_main--default\">Fairfleet Eco-App  <br \/><strong>Conducci\u00f3n sin estr\u00e9s para un trabajo eficiente<\/strong><\/h1>\n\t\t\t\n\t<\/div>\n<\/div>\n<br \/>\n<section  class='av_textblock_section av-cnh3g-939002c67e026a88cedc5b52167107dc'  itemscope=\"itemscope\" itemtype=\"https:\/\/schema.org\/CreativeWork\" ><div class='avia_textblock'  itemprop=\"text\" ><p>DB Regio Bus utiliza la aplicaci\u00f3n Fairfleet Eco como complemento ideal de Geotab GO desde 2021. La aplicaci\u00f3n Eco accede a los datos recogidos por Geotab GO y se\u00f1ala el comportamiento al volante del propio conductor en forma de s\u00edmbolos llamativos.<\/p>\n<p>Esta informaci\u00f3n directa muestra claramente al conductor cu\u00e1ndo se encuentra en un modo de conducci\u00f3n estresado o agitado, d\u00e1ndole la oportunidad de contrarrestarlo activamente. Una amplia fase de pruebas ha demostrado que esta informaci\u00f3n es bien recibida por los conductores porque reduce significativamente el estr\u00e9s diario de la conducci\u00f3n. Adem\u00e1s, se ha demostrado que un estilo de conducci\u00f3n silencioso reduce los costes de combustible y energ\u00eda, minimiza el riesgo de accidentes y el desgaste y aumenta la comodidad de los pasajeros. DB Regio Bus pretende reducir sus emisiones anuales de CO2 hasta en 15.000 toneladas mediante el uso de la aplicaci\u00f3n Eco.<\/p>\n<\/div><\/section><\/p><\/div>\n<style type=\"text\/css\" data-created_by=\"avia_inline_auto\" id=\"style-css-av-94e90-34feadb8f23805d8bc63e99e7d1bdf8f\">\n.flex_column.av-94e90-34feadb8f23805d8bc63e99e7d1bdf8f{\npadding:45px 0 0 0;\n}\n<\/style>\n<div class='flex_column av-94e90-34feadb8f23805d8bc63e99e7d1bdf8f av_two_fifth  avia-builder-el-22  el_after_av_three_fifth  avia-builder-el-last  flex_column_div '     ><style type=\"text\/css\" data-created_by=\"avia_inline_auto\" id=\"style-css-av-kzpnmq8u-6d4bbf5e0b9cb117621146bca87159dd\">\n.avia-image-container.av-kzpnmq8u-6d4bbf5e0b9cb117621146bca87159dd img.avia_image{\nbox-shadow:none;\n}\n.avia-image-container.av-kzpnmq8u-6d4bbf5e0b9cb117621146bca87159dd .av-image-caption-overlay-center{\ncolor:#ffffff;\n}\n<\/style>\n<div  class='avia-image-container av-kzpnmq8u-6d4bbf5e0b9cb117621146bca87159dd av-styling- avia-align-center  avia-builder-el-23  avia-builder-el-no-sibling '   itemprop=\"image\" itemscope=\"itemscope\" itemtype=\"https:\/\/schema.org\/ImageObject\" ><div class=\"avia-image-container-inner\"><div class=\"avia-image-overlay-wrap\"><img decoding=\"async\" class='wp-image-241 avia-img-lazy-loading-not-241 avia_image ' src=\"https:\/\/fairfleet.de\/wp-content\/uploads\/ec-app-status-800x455.png\" alt='' title='ec-app-status'  height=\"455\" width=\"800\"  itemprop=\"thumbnailUrl\"  \/><\/div><\/div><\/div><\/div>\n\n<\/div><\/div><\/div><!-- close content main div --><\/div><\/div><div id='kontakt'  class='avia-section av-412up-0c89566faad173aa3419a40763ab3e38 alternate_color avia-section-default avia-no-border-styling  avia-builder-el-24  el_after_av_section  avia-builder-el-last  contact-section avia-bg-style-scroll container_wrap fullsize'  ><div class='container av-section-cont-open' ><div class='template-page content  av-content-full alpha units'><div class='post-entry post-entry-type-page post-entry-2370'><div class='entry-content-wrapper clearfix'>\n<div class=\"pxl-headline pxl-hl hl-wrap | hl-sub--bot hl--align-left  \">\n\t<div class=\"hl-inner\">\n\t\t\t<h2 class=\"hl-main hl-line |  hl_main--h1\">\u00bfDesea <strong>optimizar la gesti\u00f3n de su flota?<\/strong><\/h2>\n\t\t\t<span class=\"hl-sub hl-line |  hl_sub--default\">Concierte ahora una consulta gratuita.<\/span>\n\t<\/div>\n<\/div>\n\n<div class='flex_column av-34o9h-0325566183c9836849235d9b90f3f4d9 av_three_fourth  avia-builder-el-26  el_after_pixel-headline  el_before_pixel-contactblock  first flex_column_div '     ><section  class='av_textblock_section av-1xtz9-bb3820e7d192c5a76a543dadac7dbad3'  itemscope=\"itemscope\" itemtype=\"https:\/\/schema.org\/CreativeWork\" ><div class='avia_textblock'  itemprop=\"text\" ><p>Empezar con la gesti\u00f3n digital de flotas no es dif\u00edcil. Estaremos encantados de mostrarle las ventajas en una reuni\u00f3n personal o en l\u00ednea y preparar un an\u00e1lisis potencial para su flota.<\/p>\n<div class=\"inner_cols\" style=\"display: flex; flex-flow: row nowrap;\"><\/div>\n<\/div><\/section><\/div> \n       \n        <div class=\"contactblock-column contactblock-person contactblock-address bg-fill inset br-default flex_column av_one_third column-top-margin first\">\n            <p>\n                <span class=\"contactblock-address-title\">P\u00f3ngase en contacto con nosotros<\/span>\n                <span class=\"contactblock-address-subtitle\">Estaremos encantados de asesorarle<\/span>\n            <\/p>\n            <p>\n                <span class=\"company-title\">Fairfleet - Telematiksysteme<\/span>\n            <\/p>\n            <p>\n                Robert-Bosch-Str. 15<br\/>\n                42489 W\u00fclfrath<br\/>\n                Alemania\n            <\/p>\n            <p>\n                <strong>Tel.:<\/strong><a href=\"tel:0492058778210\">+49 20 58 77 82 10<\/a>\n            <\/p>\n            <p>\n                <strong><a href=\"mailto:info@fairfleet.de\">info@fairfleet.de<\/a><\/strong>\n            <\/p>\n        <\/div>\n     \n    <div class=\"contactblock-column contactblock-form flex_column av_two_third column-top-margin column-flex-grow\">\n        \n<div class=\"wpcf7 no-js\" id=\"wpcf7-f2749-o1\" lang=\"es-ES\" dir=\"ltr\">\n<div class=\"screen-reader-response\"><p role=\"status\" aria-live=\"polite\" aria-atomic=\"true\"><\/p> <ul><\/ul><\/div>\n<form action=\"\/es\/wp-json\/wp\/v2\/pages\/2370#wpcf7-f2749-o1\" method=\"post\" class=\"wpcf7-form init\" aria-label=\"Formulario de contacto\" novalidate=\"novalidate\" data-status=\"init\">\n<div style=\"display: none;\">\n<input type=\"hidden\" name=\"_wpcf7\" value=\"2749\" \/>\n<input type=\"hidden\" name=\"_wpcf7_version\" value=\"5.8.5\" \/>\n<input type=\"hidden\" name=\"_wpcf7_locale\" value=\"es_ES\" \/>\n<input type=\"hidden\" name=\"_wpcf7_unit_tag\" value=\"wpcf7-f2749-o1\" \/>\n<input type=\"hidden\" name=\"_wpcf7_container_post\" value=\"0\" \/>\n<input type=\"hidden\" name=\"_wpcf7_posted_data_hash\" value=\"\" \/>\n<input type=\"hidden\" name=\"_wpcf7_recaptcha_response\" value=\"\" \/>\n<\/div>\n<div class=\"cf-fields fancy\">\n\t<div class=\"cf-field half\">\n\t\t<p><label>La empresa<\/label><span class=\"wpcf7-form-control-wrap\" data-name=\"company\"><input size=\"40\" class=\"wpcf7-form-control wpcf7-text\" aria-invalid=\"false\" value=\"\" type=\"text\" name=\"company\" \/><\/span>\n\t\t<\/p>\n\t<\/div>\n\t<div class=\"cf-field half\">\n\t\t<p><label>Nombre<\/label><span class=\"wpcf7-form-control-wrap\" data-name=\"nname\"><input size=\"40\" class=\"wpcf7-form-control wpcf7-text\" aria-invalid=\"false\" value=\"\" type=\"text\" name=\"nname\" \/><\/span>\n\t\t<\/p>\n\t<\/div>\n\t<div class=\"cf-field half\">\n\t\t<p><label>correo electr\u00f3nico<\/label><span class=\"wpcf7-form-control-wrap\" data-name=\"email\"><input size=\"40\" class=\"wpcf7-form-control wpcf7-email wpcf7-validates-as-required wpcf7-text wpcf7-validates-as-email\" aria-required=\"true\" aria-invalid=\"false\" value=\"\" type=\"email\" name=\"email\" \/><\/span>\n\t\t<\/p>\n\t<\/div>\n\t<div class=\"cf-field half\">\n\t\t<p><label>Tel\u00e9fono<\/label><span class=\"wpcf7-form-control-wrap\" data-name=\"phone\"><input size=\"40\" class=\"wpcf7-form-control wpcf7-text\" aria-invalid=\"false\" value=\"\" type=\"text\" name=\"phone\" \/><\/span>\n\t\t<\/p>\n\t<\/div>\n\t<div class=\"cf-field headline\">\n\t\t<p>Acuerdo de retirada\n\t\t<\/p>\n\t<\/div>\n\t<div class=\"cf-field half special date\">\n\t\t<p><span class=\"wpcf7-form-control-wrap\" data-name=\"datum\"><input class=\"wpcf7-form-control wpcf7-date wpcf7-validates-as-date\" aria-invalid=\"false\" placeholder=\"fecha\" value=\"\" type=\"date\" name=\"datum\" \/><\/span>\n\t\t<\/p>\n\t<\/div>\n\t<div class=\"cf-field half special time\">\n\t\t<p><span class=\"wpcf7-form-control-wrap\" data-name=\"time\"><input size=\"40\" class=\"wpcf7-form-control wpcf7-text\" aria-invalid=\"false\" placeholder=\"Hora del d\u00eda\" value=\"\" type=\"text\" name=\"time\" \/><\/span>\n\t\t<\/p>\n\t<\/div>\n\t<div class=\"cf-field\">\n\t\t<p><span class=\"wpcf7-form-control-wrap\" data-name=\"msg\"><textarea cols=\"40\" rows=\"10\" class=\"wpcf7-form-control wpcf7-textarea\" aria-invalid=\"false\" placeholder=\"Mensaje\" name=\"msg\"><\/textarea><\/span>\n\t\t<\/p>\n\t<\/div>\n<\/div>\n<div class=\"cf-footer\">\n\t<div class=\"cf-ds\">\n\t\t<p><span class=\"wpcf7-form-control-wrap\" data-name=\"ds\"><span class=\"wpcf7-form-control wpcf7-acceptance\"><span class=\"wpcf7-list-item\"><input type=\"checkbox\" name=\"ds\" value=\"1\" aria-invalid=\"false\" \/><\/span><\/span><\/span><span class=\"cf-ds-text\">Por la presente acepto las <a href=\"\/es\/politica-de-privacidad\/\">normas de protecci\u00f3n de datos<\/a>.<\/span>\n\t\t<\/p>\n\t<\/div>\n\t<div class=\"cf-send\">\n\t\t<p><input class=\"wpcf7-form-control wpcf7-submit has-spinner\" type=\"submit\" value=\"Enviar\" \/>\n\t\t<\/p>\n\t<\/div>\n<\/div><div class=\"wpcf7-response-output\" aria-hidden=\"true\"><\/div>\n<\/form>\n<\/div>\n\n    <\/div>\n\n\n","protected":false},"excerpt":{"rendered":"","protected":false},"author":1,"featured_media":0,"parent":1803,"menu_order":0,"comment_status":"closed","ping_status":"closed","template":"","meta":{"footnotes":""},"_links":{"self":[{"href":"https:\/\/fairfleet.de\/es\/wp-json\/wp\/v2\/pages\/2370"}],"collection":[{"href":"https:\/\/fairfleet.de\/es\/wp-json\/wp\/v2\/pages"}],"about":[{"href":"https:\/\/fairfleet.de\/es\/wp-json\/wp\/v2\/types\/page"}],"author":[{"embeddable":true,"href":"https:\/\/fairfleet.de\/es\/wp-json\/wp\/v2\/users\/1"}],"replies":[{"embeddable":true,"href":"https:\/\/fairfleet.de\/es\/wp-json\/wp\/v2\/comments?post=2370"}],"version-history":[{"count":2,"href":"https:\/\/fairfleet.de\/es\/wp-json\/wp\/v2\/pages\/2370\/revisions"}],"predecessor-version":[{"id":2403,"href":"https:\/\/fairfleet.de\/es\/wp-json\/wp\/v2\/pages\/2370\/revisions\/2403"}],"up":[{"embeddable":true,"href":"https:\/\/fairfleet.de\/es\/wp-json\/wp\/v2\/pages\/1803"}],"wp:attachment":[{"href":"https:\/\/fairfleet.de\/es\/wp-json\/wp\/v2\/media?parent=2370"}],"curies":[{"name":"wp","href":"https:\/\/api.w.org\/{rel}","templated":true}]}}