{"id":2374,"date":"2021-12-13T13:29:03","date_gmt":"2021-12-13T12:29:03","guid":{"rendered":"https:\/\/fairfleet.de\/gestion-de-flotas\/financiacion-de-minimis\/"},"modified":"2024-03-05T14:11:32","modified_gmt":"2024-03-05T13:11:32","slug":"financiacion-de-minimis","status":"publish","type":"page","link":"https:\/\/fairfleet.de\/es\/gestion-de-flotas\/financiacion-de-minimis\/","title":{"rendered":"Financiaci\u00f3n de minimis"},"content":{"rendered":"<div id='layer_slider_1'  class='avia-layerslider main_color avia-shadow  avia-builder-el-0  el_before_av_section  avia-builder-el-first  container_wrap fullsize'  style='height: 485px; max-width: 1920px; margin: 0 auto;'  ><\/div>\n<div id='av_section_1'  class='avia-section av-56h6i-6e2a61dfaa4df64327af5bee00efb13a main_color avia-section-default avia-no-border-styling  avia-builder-el-1  el_after_av_layerslider  el_before_av_section  avia-bg-style-scroll container_wrap fullsize'  ><div class='container av-section-cont-open' ><div class='template-page content  av-content-full alpha units'><div class='post-entry post-entry-type-page post-entry-2374'><div class='entry-content-wrapper clearfix'>\n<div class=\"pxl-headline pxl-hl hl-wrap | hl-sub--bot hl--align-left  \">\n\t<div class=\"hl-inner\">\n\t\t\t<h1 class=\"hl-main hl-line |  hl_main--default\"><strong>Programa de financiaci\u00f3n &quot;De-minimis<\/strong><\/h1>\n\t\t\t<span class=\"hl-sub hl-line |  hl_sub--default\">Fecha de publicaci\u00f3n: 14.12.2020<\/span>\n\t<\/div>\n<\/div>\n\n<div class='flex_column av-14mthe-181e78aa4c7b22b60d749432f8aa6e3f av_one_half  avia-builder-el-3  el_after_pixel-headline  el_before_av_one_half  first flex_column_div '     ><section  class='av_textblock_section av-uy2p6-3fc6e9205582eaed99f60878522a068e'  itemscope=\"itemscope\" itemtype=\"https:\/\/schema.org\/CreativeWork\" ><div class='avia_textblock list-arrows'  itemprop=\"text\" ><p>(Fuente: Oficina Federal de Transporte de Mercanc\u00edas)<\/p>\n<p>El programa de financiaci\u00f3n \u00abDe-minimis\u00bb apoya a las empresas de transporte por carretera con veh\u00edculos pesados que apliquen las medidas de seguridad y medioambientales enumeradas en el anexo del punto 2 de la directiva \u00abDe-minimis\u00bb (cat\u00e1logo de medidas). La denominada lista positiva contiene m\u00e1s informaci\u00f3n explicativa sobre las medidas subvencionables. Las medidas no deben haber comenzado antes de que la Oficina Federal reciba la solicitud. La normativa espec\u00edfica puede consultarse en la directriz de financiaci\u00f3n \u00abDe-minimis\u00bb correspondiente o en la informaci\u00f3n sobre el periodo de financiaci\u00f3n respectivo.<\/p>\n<\/div><\/section><\/div><div class='flex_column av-soh76-8e7795036b311a3d5247fcba0aafb6f2 av_one_half  avia-builder-el-5  el_after_av_one_half  avia-builder-el-last  flex_column_div '     ><section  class='av_textblock_section av-mdo2q-fe8ad75fdfca6c7d35d4daa5a679cf36'  itemscope=\"itemscope\" itemtype=\"https:\/\/schema.org\/CreativeWork\" ><div class='avia_textblock list-arrows'  itemprop=\"text\" ><p>En el momento de la solicitud, las empresas deben dedicarse al transporte de mercanc\u00edas por carretera en el sentido del art\u00edculo 1 de la Ley Alemana de Transporte por Carretera (G\u00fcKG) y ser propietarias o poseedoras de al menos un veh\u00edculo pesado sujeto al pago de peaje que est\u00e9 matriculado para circular por v\u00edas p\u00fablicas de la Rep\u00fablica Federal de Alemania. Los veh\u00edculos pesados en el sentido de la directiva \u00abde minimis\u00bb son veh\u00edculos de motor destinados exclusivamente al transporte de mercanc\u00edas por carretera y cuyo peso bruto es de al menos 7,5 toneladas.<br \/>\n<strong>No existe ning\u00fan derecho legal a la concesi\u00f3n de financiaci\u00f3n. La Oficina Federal decide sobre la base de una discreci\u00f3n obediente en el marco de la financiaci\u00f3n disponible.<\/strong><\/p>\n<\/div><\/section><\/div><\/div><\/div><\/div><!-- close content main div --><\/div><\/div><div id='av_section_2'  class='avia-section av-kjjoa-3455b438c04c7f0980541f69edd9ddb2 main_color avia-section-default avia-no-border-styling  avia-builder-el-7  el_after_av_section  el_before_av_section  avia-bg-style-scroll container_wrap fullsize'  ><div class='container av-section-cont-open' ><div class='template-page content  av-content-full alpha units'><div class='post-entry post-entry-type-page post-entry-2374'><div class='entry-content-wrapper clearfix'>\n<div class='flex_column av-dbika-2db4295b487fdd6ee25738455338c523 av_one_full  avia-builder-el-8  avia-builder-el-no-sibling  bg-fill inset br-default first flex_column_div '     ><div class=\"pxl-headline pxl-hl hl-wrap | hl-sub--bot hl--align-left hl--no-margin \">\n\t<div class=\"hl-inner\">\n\t\t\t<span class=\"hl-main hl-line |  hl_main--h1\">Entre otras cosas, se subvencionan las <strong>medidas para aumentar la<\/strong> eficacia<\/span>\n\t\t\t<span class=\"hl-sub hl-line |  hl_sub--default\">(por ejemplo, compra de sistemas telem\u00e1ticos, programas inform\u00e1ticos para la visualizaci\u00f3n, el an\u00e1lisis, la gesti\u00f3n y el archivo de los datos del tac\u00f3grafo digital)<\/span>\n\t<\/div>\n<\/div><\/div>\n<\/p>\n<\/div><\/div><\/div><!-- close content main div --><\/div><\/div><div id='av_section_3'  class='avia-section av-3akgd-92e5906da978d623fe0128d14eb13ddc main_color avia-section-default avia-no-border-styling  avia-builder-el-10  el_after_av_section  el_before_av_section  avia-bg-style-scroll container_wrap fullsize'  ><div class='container av-section-cont-open' ><div class='template-page content  av-content-full alpha units'><div class='post-entry post-entry-type-page post-entry-2374'><div class='entry-content-wrapper clearfix'>\n<div class='flex_column av-2obj1-fe46e26bca3e376ee09646eb4fa4af90 av_one_half  avia-builder-el-11  el_before_av_one_half  avia-builder-el-first  bg-brand-gradient inset br-default bg-invert first flex_column_div '     ><p><div class=\"pxl-headline pxl-hl hl-wrap | hl-sub--off hl--align-left hl--small-margin \">\n\t<div class=\"hl-inner\">\n\t\t\t<h2 class=\"hl-main hl-line |  hl_main--default\"><strong>Financiaci\u00f3n de los sistemas telem\u00e1ticos<\/strong><\/h2>\n\t\t\t\n\t<\/div>\n<\/div>\n<br \/>\n<section  class='av_textblock_section av-xsf2u-543215456c8d8f34a5237d45273250d7'  itemscope=\"itemscope\" itemtype=\"https:\/\/schema.org\/CreativeWork\" ><div class='avia_textblock'  itemprop=\"text\" ><ul>\n<li>Son subvencionables los gastos de compra, alquiler y leasing \/ mantenimiento \/ cuotas de servicio de hardware y software y otros gastos para la utilizaci\u00f3n de componentes de soluciones telem\u00e1ticas en su propia empresa.<\/li>\n<li>Los costes de comunicaci\u00f3n para el funcionamiento de los sistemas telem\u00e1ticos (s\u00f3lo comunicaci\u00f3n de datos) son subvencionables.<\/li>\n<li>Los componentes de las soluciones telem\u00e1ticas relacionados con el veh\u00edculo son subvencionables como sistema de asistencia al conductor (medida relacionada con el veh\u00edculo).<\/li>\n<\/ul>\n<\/div><\/section><\/p><\/div><div class='flex_column av-7alvy-841b3031e9be3c70227e838aff59f459 av_one_half  avia-builder-el-14  el_after_av_one_half  avia-builder-el-last  bg-fill inset br-default flex_column_div '     ><p><div class=\"pxl-headline pxl-hl hl-wrap | hl-sub--off hl--align-left hl--small-margin \">\n\t<div class=\"hl-inner\">\n\t\t\t<h2 class=\"hl-main hl-line |  hl_main--default\"><strong>Otros ejemplos de medidas subvencionables:<\/strong><\/h2>\n\t\t\t\n\t<\/div>\n<\/div>\n<br \/>\n<section  class='av_textblock_section av-kx0csbhx-61578c9768016a6b1a6a9bc3e741da2a'  itemscope=\"itemscope\" itemtype=\"https:\/\/schema.org\/CreativeWork\" ><div class='avia_textblock'  itemprop=\"text\" ><div class=\"inner_cols\" style=\"display: flex; flex-flow: row nowrap;\">\n<ul>\n<li>Amplia gama DLD<\/li>\n<li>Interfaz FMS<\/li>\n<li>Costes de comunicaci\u00f3n para el funcionamiento de los sistemas telem\u00e1ticos (s\u00f3lo comunicaci\u00f3n de datos)<\/li>\n<li>Gastos de alquiler de hardware y software<\/li>\n<\/ul>\n<ul style=\"width: calc(50%-1.25rem); margin-left: 2.5rem;\">\n<li>Software de navegaci\u00f3n<\/li>\n<li>Tasas de localizaci\u00f3n<\/li>\n<li>Software de planificaci\u00f3n y optimizaci\u00f3n de rutas<\/li>\n<li>Adaptador de interfaz<\/li>\n<li>Costes de mantenimiento<\/li>\n<\/ul>\n<\/div>\n<\/div><\/section><\/p><\/div>\n\n<\/div><\/div><\/div><!-- close content main div --><\/div><\/div><div id='av_section_4'  class='avia-section av-5uaee-ff6ccb4c78014ec7f742b10483095ea5 main_color avia-section-default avia-no-border-styling  avia-builder-el-17  el_after_av_section  el_before_av_section  avia-bg-style-scroll container_wrap fullsize'  ><div class='container av-section-cont-open' ><div class='template-page content  av-content-full alpha units'><div class='post-entry post-entry-type-page post-entry-2374'><div class='entry-content-wrapper clearfix'>\n<div class=\"pxl-headline pxl-hl hl-wrap | hl-sub--off hl--align-left  \">\n\t<div class=\"hl-inner\">\n\t\t\t<h2 class=\"hl-main hl-line |  hl_main--h1\"><strong>\u00bfQui\u00e9n puede optar a la financiaci\u00f3n?<\/strong><\/h2>\n\t\t\t\n\t<\/div>\n<\/div>\n\n<div class='flex_column av-1c9zba-096c8d06e0dae5a65dd007784a59caad av_one_half  avia-builder-el-19  el_after_pixel-headline  el_before_av_one_half  first flex_column_div '     ><section  class='av_textblock_section av-125852-bfa3dac6522f3b6af6c4111ab8d03597'  itemscope=\"itemscope\" itemtype=\"https:\/\/schema.org\/CreativeWork\" ><div class='avia_textblock list-arrows'  itemprop=\"text\" ><p>Podr\u00e1n optar a la financiaci\u00f3n las empresas que realicen transporte de mercanc\u00edas por carretera en el sentido del art\u00edculo 1 de la Ley Alemana de Transporte por Carretera (G\u00fcKG) en el momento de la solicitud y sean propietarias o poseedoras de veh\u00edculos pesados sujetos a peaje matriculados para su uso en carreteras p\u00fablicas de la Rep\u00fablica Federal de Alemania a partir del 1 de diciembre de 2020.<\/p>\n<p>Si los documentos del veh\u00edculo relativos a la propiedad o a la condici\u00f3n de poseedor tambi\u00e9n hacen referencia a otras fechas entre el 1 de diciembre de 2020 y la fecha de su solicitud, tambi\u00e9n puede presentar los documentos pertinentes del veh\u00edculo. La Oficina Federal de Transporte de Mercanc\u00edas las examinar\u00e1 favorablemente.<\/p>\n<p><strong>Los veh\u00edculos industriales pesados en el sentido de la directriz de financiaci\u00f3n son veh\u00edculos de motor destinados al transporte por carretera y cuyo peso bruto es de al menos 7,5 toneladas.<\/strong><\/p>\n<\/div><\/section><\/div><div class='flex_column av-xxo2-5d89b47460fa936560242c55045629ff av_one_half  avia-builder-el-21  el_after_av_one_half  avia-builder-el-last  flex_column_div '     ><section  class='av_textblock_section av-kx4newk7-1991dc4015ca6b34a2519d1e7dc825f1'  itemscope=\"itemscope\" itemtype=\"https:\/\/schema.org\/CreativeWork\" ><div class='avia_textblock list-arrows'  itemprop=\"text\" ><p>El requisito de que se realice un transporte de mercanc\u00edas por carretera en el sentido del art\u00edculo 1 de la G\u00fcKG debe cumplirse en el momento de la solicitud en el caso del transporte comercial de mercanc\u00edas por carretera mediante una de las autorizaciones prescritas (art\u00edculo 3 de la G\u00fcKG &#8211; permiso nacional\/ art\u00edculo 5 de la G\u00fcKG &#8211; licencia UE) o en el caso del transporte por cuenta propia mediante la inscripci\u00f3n en el registro de conformidad con el art\u00edculo 15a de la G\u00fcKG.<\/p>\n<ul>\n<li>Siempre que los sectores econ\u00f3micos est\u00e9n separados, las empresas activas en la pesca o la acuicultura en el sentido del Reglamento (CE) n\u00ba 104\/2000 del Consejo tambi\u00e9n pueden optar a la financiaci\u00f3n,<\/li>\n<li>se dedican a la producci\u00f3n primaria de productos agr\u00edcolas,<\/li>\n<li>se dedican a la transformaci\u00f3n y comercializaci\u00f3n de productos agr\u00edcolas. [Cf. art. 1 p\u00e1rr. 1 lit. a) a c) Reglamento (UE) n\u00ba 1407\/2013].<\/li>\n<\/ul>\n<p>Debe garantizarse que la parte de un grupo de empresas que no est\u00e9 autorizada a recibir subvenciones no reciba ninguna subvenci\u00f3n.<\/p>\n<\/div><\/section><\/div>\n\n<\/div><\/div><\/div><!-- close content main div --><\/div><\/div><div id='kontakt'  class='avia-section av-412up-0c89566faad173aa3419a40763ab3e38 alternate_color avia-section-default avia-no-border-styling  avia-builder-el-23  el_after_av_section  avia-builder-el-last  contact-section avia-bg-style-scroll container_wrap fullsize'  ><div class='container av-section-cont-open' ><div class='template-page content  av-content-full alpha units'><div class='post-entry post-entry-type-page post-entry-2374'><div class='entry-content-wrapper clearfix'>\n<div class=\"pxl-headline pxl-hl hl-wrap | hl-sub--bot hl--align-left hl--no-margin \">\n\t<div class=\"hl-inner\">\n\t\t\t<h2 class=\"hl-main hl-line |  hl_main--h1\">\u00bfLe interesa la <strong>financiaci\u00f3n de minimis?<\/strong><\/h2>\n\t\t\t<span class=\"hl-sub hl-line |  hl_sub--default\">Entonces solicite hoy mismo su cita de consulta con nosotros.<\/span>\n\t<\/div>\n<\/div>\n\n \n       \n        <div class=\"contactblock-column contactblock-person contactblock-address bg-fill inset br-default flex_column av_one_third column-top-margin first\">\n            <p>\n                <span class=\"contactblock-address-title\">P\u00f3ngase en contacto con nosotros<\/span>\n                <span class=\"contactblock-address-subtitle\">Estaremos encantados de asesorarle<\/span>\n            <\/p>\n            <p>\n                <span class=\"company-title\">Fairfleet - Telematiksysteme<\/span>\n            <\/p>\n            <p>\n                Robert-Bosch-Str. 15<br\/>\n                42489 W\u00fclfrath<br\/>\n                Alemania\n            <\/p>\n            <p>\n                <strong>Tel.:<\/strong><a href=\"tel:0492058778210\">+49 20 58 77 82 10<\/a>\n            <\/p>\n            <p>\n                <strong><a href=\"mailto:info@fairfleet.de\">info@fairfleet.de<\/a><\/strong>\n            <\/p>\n        <\/div>\n     \n    <div class=\"contactblock-column contactblock-form flex_column av_two_third column-top-margin column-flex-grow\">\n        \n<div class=\"wpcf7 no-js\" id=\"wpcf7-f2749-o1\" lang=\"es-ES\" dir=\"ltr\">\n<div class=\"screen-reader-response\"><p role=\"status\" aria-live=\"polite\" aria-atomic=\"true\"><\/p> <ul><\/ul><\/div>\n<form action=\"\/es\/wp-json\/wp\/v2\/pages\/2374#wpcf7-f2749-o1\" method=\"post\" class=\"wpcf7-form init\" aria-label=\"Formulario de contacto\" novalidate=\"novalidate\" data-status=\"init\">\n<div style=\"display: none;\">\n<input type=\"hidden\" name=\"_wpcf7\" value=\"2749\" \/>\n<input type=\"hidden\" name=\"_wpcf7_version\" value=\"5.8.5\" \/>\n<input type=\"hidden\" name=\"_wpcf7_locale\" value=\"es_ES\" \/>\n<input type=\"hidden\" name=\"_wpcf7_unit_tag\" value=\"wpcf7-f2749-o1\" \/>\n<input type=\"hidden\" name=\"_wpcf7_container_post\" value=\"0\" \/>\n<input type=\"hidden\" name=\"_wpcf7_posted_data_hash\" value=\"\" \/>\n<input type=\"hidden\" name=\"_wpcf7_recaptcha_response\" value=\"\" \/>\n<\/div>\n<div class=\"cf-fields fancy\">\n\t<div class=\"cf-field half\">\n\t\t<p><label>La empresa<\/label><span class=\"wpcf7-form-control-wrap\" data-name=\"company\"><input size=\"40\" class=\"wpcf7-form-control wpcf7-text\" aria-invalid=\"false\" value=\"\" type=\"text\" name=\"company\" \/><\/span>\n\t\t<\/p>\n\t<\/div>\n\t<div class=\"cf-field half\">\n\t\t<p><label>Nombre<\/label><span class=\"wpcf7-form-control-wrap\" data-name=\"nname\"><input size=\"40\" class=\"wpcf7-form-control wpcf7-text\" aria-invalid=\"false\" value=\"\" type=\"text\" name=\"nname\" \/><\/span>\n\t\t<\/p>\n\t<\/div>\n\t<div class=\"cf-field half\">\n\t\t<p><label>correo electr\u00f3nico<\/label><span class=\"wpcf7-form-control-wrap\" data-name=\"email\"><input size=\"40\" class=\"wpcf7-form-control wpcf7-email wpcf7-validates-as-required wpcf7-text wpcf7-validates-as-email\" aria-required=\"true\" aria-invalid=\"false\" value=\"\" type=\"email\" name=\"email\" \/><\/span>\n\t\t<\/p>\n\t<\/div>\n\t<div class=\"cf-field half\">\n\t\t<p><label>Tel\u00e9fono<\/label><span class=\"wpcf7-form-control-wrap\" data-name=\"phone\"><input size=\"40\" class=\"wpcf7-form-control wpcf7-text\" aria-invalid=\"false\" value=\"\" type=\"text\" name=\"phone\" \/><\/span>\n\t\t<\/p>\n\t<\/div>\n\t<div class=\"cf-field headline\">\n\t\t<p>Acuerdo de retirada\n\t\t<\/p>\n\t<\/div>\n\t<div class=\"cf-field half special date\">\n\t\t<p><span class=\"wpcf7-form-control-wrap\" data-name=\"datum\"><input class=\"wpcf7-form-control wpcf7-date wpcf7-validates-as-date\" aria-invalid=\"false\" placeholder=\"fecha\" value=\"\" type=\"date\" name=\"datum\" \/><\/span>\n\t\t<\/p>\n\t<\/div>\n\t<div class=\"cf-field half special time\">\n\t\t<p><span class=\"wpcf7-form-control-wrap\" data-name=\"time\"><input size=\"40\" class=\"wpcf7-form-control wpcf7-text\" aria-invalid=\"false\" placeholder=\"Hora del d\u00eda\" value=\"\" type=\"text\" name=\"time\" \/><\/span>\n\t\t<\/p>\n\t<\/div>\n\t<div class=\"cf-field\">\n\t\t<p><span class=\"wpcf7-form-control-wrap\" data-name=\"msg\"><textarea cols=\"40\" rows=\"10\" class=\"wpcf7-form-control wpcf7-textarea\" aria-invalid=\"false\" placeholder=\"Mensaje\" name=\"msg\"><\/textarea><\/span>\n\t\t<\/p>\n\t<\/div>\n<\/div>\n<div class=\"cf-footer\">\n\t<div class=\"cf-ds\">\n\t\t<p><span class=\"wpcf7-form-control-wrap\" data-name=\"ds\"><span class=\"wpcf7-form-control wpcf7-acceptance\"><span class=\"wpcf7-list-item\"><input type=\"checkbox\" name=\"ds\" value=\"1\" aria-invalid=\"false\" \/><\/span><\/span><\/span><span class=\"cf-ds-text\">Por la presente acepto las <a href=\"\/es\/politica-de-privacidad\/\">normas de protecci\u00f3n de datos<\/a>.<\/span>\n\t\t<\/p>\n\t<\/div>\n\t<div class=\"cf-send\">\n\t\t<p><input class=\"wpcf7-form-control wpcf7-submit has-spinner\" type=\"submit\" value=\"Enviar\" \/>\n\t\t<\/p>\n\t<\/div>\n<\/div><div class=\"wpcf7-response-output\" aria-hidden=\"true\"><\/div>\n<\/form>\n<\/div>\n\n    <\/div>\n\n\n","protected":false},"excerpt":{"rendered":"","protected":false},"author":1,"featured_media":0,"parent":1813,"menu_order":9,"comment_status":"closed","ping_status":"closed","template":"","meta":{"footnotes":""},"_links":{"self":[{"href":"https:\/\/fairfleet.de\/es\/wp-json\/wp\/v2\/pages\/2374"}],"collection":[{"href":"https:\/\/fairfleet.de\/es\/wp-json\/wp\/v2\/pages"}],"about":[{"href":"https:\/\/fairfleet.de\/es\/wp-json\/wp\/v2\/types\/page"}],"author":[{"embeddable":true,"href":"https:\/\/fairfleet.de\/es\/wp-json\/wp\/v2\/users\/1"}],"replies":[{"embeddable":true,"href":"https:\/\/fairfleet.de\/es\/wp-json\/wp\/v2\/comments?post=2374"}],"version-history":[{"count":2,"href":"https:\/\/fairfleet.de\/es\/wp-json\/wp\/v2\/pages\/2374\/revisions"}],"predecessor-version":[{"id":2408,"href":"https:\/\/fairfleet.de\/es\/wp-json\/wp\/v2\/pages\/2374\/revisions\/2408"}],"up":[{"embeddable":true,"href":"https:\/\/fairfleet.de\/es\/wp-json\/wp\/v2\/pages\/1813"}],"wp:attachment":[{"href":"https:\/\/fairfleet.de\/es\/wp-json\/wp\/v2\/media?parent=2374"}],"curies":[{"name":"wp","href":"https:\/\/api.w.org\/{rel}","templated":true}]}}