{"id":2398,"date":"2021-12-14T09:51:15","date_gmt":"2021-12-14T08:51:15","guid":{"rendered":"https:\/\/fairfleet.de\/gestion-de-flotas\/tacografo-geotab\/"},"modified":"2024-03-05T14:11:35","modified_gmt":"2024-03-05T13:11:35","slug":"tacografo-geotab","status":"publish","type":"page","link":"https:\/\/fairfleet.de\/es\/gestion-de-flotas\/tacografo-geotab\/","title":{"rendered":"Tac\u00f3grafo GEOTAB"},"content":{"rendered":"<div id='layer_slider_1'  class='avia-layerslider main_color avia-shadow  avia-builder-el-0  el_before_av_section  avia-builder-el-first  container_wrap fullsize'  style='height: 485px; max-width: 1920px; margin: 0 auto;'  ><\/div>\n<div id='av_section_1'  class='avia-section av-7l4vt-1c99cd1f9ba1b575f0897a542ecb845d main_color avia-section-default avia-no-border-styling  avia-builder-el-1  el_after_av_layerslider  el_before_av_section  avia-bg-style-scroll container_wrap fullsize'  ><div class='container av-section-cont-open' ><div class='template-page content  av-content-full alpha units'><div class='post-entry post-entry-type-page post-entry-2398'><div class='entry-content-wrapper clearfix'>\n<div class='flex_column av-69np9-db48fbd298d105d201d0621246180d0a av_two_third  avia-builder-el-2  el_before_av_one_third  avia-builder-el-first  align-center first flex_column_div '     ><p><div class=\"pxl-headline pxl-hl hl-wrap | hl-sub--bot hl--align-left  \">\n\t<div class=\"hl-inner\">\n\t\t\t<h1 class=\"hl-main hl-line |  hl_main--default\"><strong>La soluci\u00f3n de tac\u00f3grafo automatizado<\/strong> que cumple todos los requisitos legales de acuerdo con el Reglamento CE 561\/2006 de la UE.<\/h1>\n\t\t\t<span class=\"hl-sub hl-line |  hl_sub--default\">Gesti\u00f3n simplificada del tac\u00f3grafo<\/span>\n\t<\/div>\n<\/div>\n<br \/>\n<section  class='av_textblock_section av-5pleh-388aa1ed171d279879f43399ff6e902d'  itemscope=\"itemscope\" itemtype=\"https:\/\/schema.org\/CreativeWork\" ><div class='avia_textblock'  itemprop=\"text\" ><p>El tac\u00f3grafo digital de Geotab facilita el cumplimiento de la normativa al proporcionar identificaci\u00f3n del conductor, estado del tac\u00f3grafo en tiempo real y descarga y an\u00e1lisis remotos. Con la descarga autom\u00e1tica a distancia, toda la informaci\u00f3n se actualiza en tiempo real, eliminando la necesidad de gestionar manualmente la informaci\u00f3n sobre el conductor y el veh\u00edculo. Configure las preferencias de correo electr\u00f3nico en MyGeotab para recibir notificaciones sobre la caducidad de las tarjetas de empresa y de conductor, la expiraci\u00f3n de los plazos legales de descarga y mucho m\u00e1s.<\/p>\n<\/div><\/section><\/p><\/div><div class='flex_column av-fnil-e6010f4a77a322e4d232332425017ed6 av_one_third  avia-builder-el-5  el_after_av_two_third  avia-builder-el-last  flex_column_div '     ><style type=\"text\/css\" data-created_by=\"avia_inline_auto\" id=\"style-css-av-9ml2v-fd8573a479b31149cf350eb59e3fdfe8\">\n.avia-image-container.av-9ml2v-fd8573a479b31149cf350eb59e3fdfe8 img.avia_image{\nbox-shadow:none;\n}\n.avia-image-container.av-9ml2v-fd8573a479b31149cf350eb59e3fdfe8 .av-image-caption-overlay-center{\ncolor:#ffffff;\n}\n<\/style>\n<div  class='avia-image-container av-9ml2v-fd8573a479b31149cf350eb59e3fdfe8 av-styling- avia-align-center  avia-builder-el-6  avia-builder-el-no-sibling  br-off'   itemprop=\"image\" itemscope=\"itemscope\" itemtype=\"https:\/\/schema.org\/ImageObject\" ><div class=\"avia-image-container-inner\"><div class=\"avia-image-overlay-wrap\"><img decoding=\"async\" class='wp-image-318 avia-img-lazy-loading-not-318 avia_image ' src=\"https:\/\/fairfleet.de\/wp-content\/uploads\/geotab-tablet.jpg\" alt='' title='geotab-tablet'  height=\"678\" width=\"800\"  itemprop=\"thumbnailUrl\" srcset=\"https:\/\/fairfleet.de\/wp-content\/uploads\/geotab-tablet.jpg 800w, https:\/\/fairfleet.de\/wp-content\/uploads\/geotab-tablet-300x254.jpg 300w, https:\/\/fairfleet.de\/wp-content\/uploads\/geotab-tablet-768x651.jpg 768w\" sizes=\"(max-width: 800px) 100vw, 800px\" \/><\/div><\/div><\/div><\/div>\n\n<\/div><\/div><\/div><!-- close content main div --><\/div><\/div><div id='av_section_2'  class='avia-section av-kx5u5uqw-4fd11d9006b1aeb3cec0b97258058683 alternate_color avia-section-default avia-no-border-styling  avia-builder-el-7  el_after_av_section  el_before_av_section  avia-bg-style-scroll container_wrap fullsize'  ><div class='container av-section-cont-open' ><div class='template-page content  av-content-full alpha units'><div class='post-entry post-entry-type-page post-entry-2398'><div class='entry-content-wrapper clearfix'>\n<div class='flex_column av-10db9b-f72dd74afd167edde3109ec61652f253 av_one_third  avia-builder-el-8  el_before_av_two_third  avia-builder-el-first  first flex_column_div '     ><style type=\"text\/css\" data-created_by=\"avia_inline_auto\" id=\"style-css-av-kww5ghc6-5339ee30e8af84a23b1cec01ef1b1551\">\n.avia-image-container.av-kww5ghc6-5339ee30e8af84a23b1cec01ef1b1551 img.avia_image{\nbox-shadow:none;\n}\n.avia-image-container.av-kww5ghc6-5339ee30e8af84a23b1cec01ef1b1551 .av-image-caption-overlay-center{\ncolor:#ffffff;\n}\n<\/style>\n<div  class='avia-image-container av-kww5ghc6-5339ee30e8af84a23b1cec01ef1b1551 av-styling- avia-align-center  avia-builder-el-9  avia-builder-el-no-sibling '   itemprop=\"image\" itemscope=\"itemscope\" itemtype=\"https:\/\/schema.org\/ImageObject\" ><div class=\"avia-image-container-inner\"><div class=\"avia-image-overlay-wrap\"><img decoding=\"async\" class='wp-image-296 avia-img-lazy-loading-not-296 avia_image ' src=\"https:\/\/fairfleet.de\/wp-content\/uploads\/fahreridentifikation-800x455.jpg\" alt='' title='fahreridentifikation'  height=\"455\" width=\"800\"  itemprop=\"thumbnailUrl\" srcset=\"https:\/\/fairfleet.de\/wp-content\/uploads\/fahreridentifikation.jpg 800w, https:\/\/fairfleet.de\/wp-content\/uploads\/fahreridentifikation-300x171.jpg 300w, https:\/\/fairfleet.de\/wp-content\/uploads\/fahreridentifikation-768x437.jpg 768w\" sizes=\"(max-width: 800px) 100vw, 800px\" \/><\/div><\/div><\/div><\/div><div class='flex_column av-yk41b-e0692d810e4f39da0025b461451fc89a av_two_third  avia-builder-el-10  el_after_av_one_third  avia-builder-el-last  align-center flex_column_div '     ><p><div class=\"pxl-headline pxl-hl hl-wrap | hl-sub--off hl--align-left hl--small-margin \">\n\t<div class=\"hl-inner\">\n\t\t\t<h2 class=\"hl-main hl-line |  hl_main--h3\">Identificaci\u00f3n del conductor<\/h2>\n\t\t\t\n\t<\/div>\n<\/div>\n<br \/>\n<section  class='av_textblock_section av-kx5u6s2v-811b3df3188fc4bed81ae2de898e4f7d'  itemscope=\"itemscope\" itemtype=\"https:\/\/schema.org\/CreativeWork\" ><div class='avia_textblock'  itemprop=\"text\" ><p>Realice un seguimiento remoto de todos los datos digitales del tac\u00f3grafo, incluidos los datos de la tarjeta de conductor, de forma sencilla y sin la ayuda del conductor. Los gestores de flotas pueden planificar las descargas para cumplir m\u00e1s f\u00e1cilmente los requisitos t\u00e9cnicos y legales de la Uni\u00f3n Europea.<\/p>\n<\/div><\/section><br \/>\n<div class=\"pxl-headline pxl-hl hl-wrap | hl-sub--off hl--align-left hl--small-margin \">\n\t<div class=\"hl-inner\">\n\t\t\t<h2 class=\"hl-main hl-line |  hl_main--h3\">Tiempos de conducci\u00f3n y descanso<\/h2>\n\t\t\t\n\t<\/div>\n<\/div>\n<br \/>\n<section  class='av_textblock_section av-kx5u79vl-9f150cb3939fd51f0e5f18fa84153ee8'  itemscope=\"itemscope\" itemtype=\"https:\/\/schema.org\/CreativeWork\" ><div class='avia_textblock'  itemprop=\"text\" ><p>Vea el estado del conductor y las horas de conducci\u00f3n en tiempo real para ayudar a sus empleados a cumplir la normativa europea. Anime a sus conductores a hacer las pausas adecuadas para que est\u00e9n bien descansados cuando utilicen sus veh\u00edculos, por su propia seguridad y la de los dem\u00e1s usuarios de la carretera.<\/p>\n<\/div><\/section><\/p><\/div>\n\n<\/div><\/div><\/div><!-- close content main div --><\/div><\/div><div id='av_section_3'  class='avia-section av-iylj3-6dd921eed1dbcb1b2b462eae51744f2c main_color avia-section-default avia-no-border-styling  avia-builder-el-15  el_after_av_section  el_before_av_section  avia-bg-style-scroll container_wrap fullsize'  ><div class='container av-section-cont-open' ><div class='template-page content  av-content-full alpha units'><div class='post-entry post-entry-type-page post-entry-2398'><div class='entry-content-wrapper clearfix'>\n<div class='flex_column av-e5rb3-ce4305333b821c0a075bbb888b1ad80f av_one_half  avia-builder-el-16  el_before_av_one_half  avia-builder-el-first  first flex_column_div '     ><p><div class=\"pxl-headline pxl-hl hl-wrap | hl-sub--off hl--align-left hl--small-margin \">\n\t<div class=\"hl-inner\">\n\t\t\t<h2 class=\"hl-main hl-line |  hl_main--h1\">La ventaja <strong>de Geotab<\/strong><\/h2>\n\t\t\t\n\t<\/div>\n<\/div>\n<br \/>\n<section  class='av_textblock_section av-kx5uikbv-c395bf81f3fcacae83e266dd288ac95c'  itemscope=\"itemscope\" itemtype=\"https:\/\/schema.org\/CreativeWork\" ><div class='avia_textblock'  itemprop=\"text\" ><p>Con la plataforma abierta de Geotab, podr\u00e1 sacar a\u00fan m\u00e1s partido a su tac\u00f3grafo. Integre su programa de mantenimiento y mucho m\u00e1s con las API y el kit de desarrollo de software proporcionados por Geotab.<\/p>\n<p><strong>M\u00e1s ventajas:<\/strong><\/p>\n<ul class=\"no-margin\">\n<li>Control del consumo y la eficiencia del combustible<\/li>\n<li>Integraci\u00f3n de numerosos y extensos sistemas de gesti\u00f3n del transporte (TMS) y plataformas<\/li>\n<li>Mensajes de aver\u00eda del motor para un mantenimiento proactivo del veh\u00edculo<\/li>\n<li>Formularios sin papel y captura de firmas electr\u00f3nicas<\/li>\n<li>Soluciones adicionales de Marketplace para camiones, por ejemplo, control de la temperatura para remolques frigor\u00edficos, control de la presi\u00f3n de los neum\u00e1ticos, c\u00e1maras de cabina y mucho m\u00e1s<\/li>\n<\/ul>\n<\/div><\/section><\/p><\/div><div class='flex_column av-9403j-c06b045d08036349ec1c11c4c6c9d93b av_one_half  avia-builder-el-19  el_after_av_one_half  avia-builder-el-last  flex_column_div '     ><style type=\"text\/css\" data-created_by=\"avia_inline_auto\" id=\"style-css-av-kx5ugvkf-d99aab8739acbd51e7a5997c680a82d5\">\n.avia-image-container.av-kx5ugvkf-d99aab8739acbd51e7a5997c680a82d5 img.avia_image{\nbox-shadow:none;\n}\n.avia-image-container.av-kx5ugvkf-d99aab8739acbd51e7a5997c680a82d5 .av-image-caption-overlay-center{\ncolor:#ffffff;\n}\n<\/style>\n<div  class='avia-image-container av-kx5ugvkf-d99aab8739acbd51e7a5997c680a82d5 av-styling- avia-align-center  avia-builder-el-20  avia-builder-el-no-sibling '   itemprop=\"image\" itemscope=\"itemscope\" itemtype=\"https:\/\/schema.org\/ImageObject\" ><div class=\"avia-image-container-inner\"><div class=\"avia-image-overlay-wrap\"><img decoding=\"async\" class='wp-image-297 avia-img-lazy-loading-not-297 avia_image ' src=\"https:\/\/fairfleet.de\/wp-content\/uploads\/geotab-vorteile.jpg\" alt='' title='geotab-vorteile'  height=\"414\" width=\"800\"  itemprop=\"thumbnailUrl\" srcset=\"https:\/\/fairfleet.de\/wp-content\/uploads\/geotab-vorteile.jpg 800w, https:\/\/fairfleet.de\/wp-content\/uploads\/geotab-vorteile-300x155.jpg 300w, https:\/\/fairfleet.de\/wp-content\/uploads\/geotab-vorteile-768x397.jpg 768w\" sizes=\"(max-width: 800px) 100vw, 800px\" \/><\/div><\/div><\/div><\/div>\n\n<\/div><\/div><\/div><!-- close content main div --><\/div><\/div><div id='av_section_4'  class='avia-section av-1cpvd-a13c8bb60ea913938d6ddf6401f24b2a main_color avia-section-small avia-no-border-styling  avia-builder-el-21  el_after_av_section  el_before_av_section  remote-section align-center avia-bg-style-scroll container_wrap fullsize'  ><div class='container av-section-cont-open' ><div class='template-page content  av-content-full alpha units'><div class='post-entry post-entry-type-page post-entry-2398'><div class='entry-content-wrapper clearfix'>\n<div class='flex_column av-yv11-77bda39728d0202ce429f6728e742470 av_one_third  avia-builder-el-22  el_before_av_two_third  avia-builder-el-first  first flex_column_div '     ><style type=\"text\/css\" data-created_by=\"avia_inline_auto\" id=\"style-css-av-kww4xe0h-c6c457665905a103ed4e6658a60d3d01\">\n.avia-image-container.av-kww4xe0h-c6c457665905a103ed4e6658a60d3d01 img.avia_image{\nbox-shadow:none;\n}\n.avia-image-container.av-kww4xe0h-c6c457665905a103ed4e6658a60d3d01 .av-image-caption-overlay-center{\ncolor:#ffffff;\n}\n<\/style>\n<div  class='avia-image-container av-kww4xe0h-c6c457665905a103ed4e6658a60d3d01 av-styling- avia-align-center  avia-builder-el-23  avia-builder-el-no-sibling '   itemprop=\"image\" itemscope=\"itemscope\" itemtype=\"https:\/\/schema.org\/ImageObject\" ><div class=\"avia-image-container-inner\"><div class=\"avia-image-overlay-wrap\"><img decoding=\"async\" class='wp-image-306 avia-img-lazy-loading-not-306 avia_image ' src=\"https:\/\/fairfleet.de\/wp-content\/uploads\/remote-daten.png\" alt='' title='remote-daten'  height=\"271\" width=\"800\"  itemprop=\"thumbnailUrl\" srcset=\"https:\/\/fairfleet.de\/wp-content\/uploads\/remote-daten.png 800w, https:\/\/fairfleet.de\/wp-content\/uploads\/remote-daten-300x102.png 300w, https:\/\/fairfleet.de\/wp-content\/uploads\/remote-daten-768x260.png 768w\" sizes=\"(max-width: 800px) 100vw, 800px\" \/><\/div><\/div><\/div><\/div><div class='flex_column av-kww4h6vp-a3d9836097fe32759a9e3db6e6a0af93 av_two_third  avia-builder-el-24  el_after_av_one_third  avia-builder-el-last  bg-shape bg-shape-right flex_column_div '     ><p><div class=\"pxl-headline pxl-hl hl-wrap | hl-sub--off hl--align-left hl--small-margin \">\n\t<div class=\"hl-inner\">\n\t\t\t<h2 class=\"hl-main hl-line |  hl_main--h1\"><strong>Descarga remota de datos<\/strong><\/h2>\n\t\t\t\n\t<\/div>\n<\/div>\n<br \/>\n<section  class='av_textblock_section av-ehi5b-28a85aea1fb949bcbc1bf7fe0f0d8bd8'  itemscope=\"itemscope\" itemtype=\"https:\/\/schema.org\/CreativeWork\" ><div class='avia_textblock'  itemprop=\"text\" ><p>Con el tac\u00f3grafo Geotab puede descargar todos los datos de sus veh\u00edculos y tarjetas de conductor a distancia. Esto le ahorrar\u00e1 mucho tiempo y dinero.<\/p>\n<\/div><\/section><br \/>\n<div class=\"pixel-button-wrap align-left align-start\">\n\t<a href=\"https:\/\/fairfleet.de\/flottenmanagement\/geotab-go-datenerfassungsgeraet\/\" class=\"pixel-button color-brand color-fill hover-brand-dark hover-fill\" target=\"\" rel=\"noopener\"><span>m\u00e1s informaci\u00f3n sobre el dispositivo GeoTab<\/span><\/a>\n<\/div>\n<\/p><\/div><\/div><\/div><\/div><!-- close content main div --><\/div><\/div><div id='av_section_5'  class='avia-section av-279k9-18b7878b69fd239f6262bde62a034945 main_color avia-section-default avia-no-border-styling  avia-builder-el-28  el_after_av_section  el_before_av_section  av-desktop-hide av-medium-hide av-small-hide av-mini-hide avia-bg-style-scroll container_wrap fullsize'  ><div class='container av-section-cont-open' ><div class='template-page content  av-content-full alpha units'><div class='post-entry post-entry-type-page post-entry-2398'><div class='entry-content-wrapper clearfix'>\n<div class='flex_column av-kx5w4l34-163d6539bae2a5dd19fce1b81a780ad5 av_one_full  avia-builder-el-29  avia-builder-el-no-sibling  bg-invert bg-brand-gradient inset br-default cta-image first flex_column_div '     ><p><div class=\"pxl-headline pxl-hl hl-wrap | hl-sub--off hl--align-left hl--small-margin \">\n\t<div class=\"hl-inner\">\n\t\t\t<h2 class=\"hl-main hl-line |  hl_main--h1\"><strong>Introducci\u00f3n y formaci\u00f3n<\/strong><\/h2>\n\t\t\t\n\t<\/div>\n<\/div>\n<br \/>\n<section  class='av_textblock_section av-13m3d-492594da3cc6c5865e60147b99aa5751'  itemscope=\"itemscope\" itemtype=\"https:\/\/schema.org\/CreativeWork\" ><div class='avia_textblock'  itemprop=\"text\" ><p>Fairfleet le apoya en la introducci\u00f3n y evaluaci\u00f3n de los datos con formaci\u00f3n in situ y seminarios web.<\/p>\n<\/div><\/section><br \/>\n\n<style type=\"text\/css\" data-created_by=\"avia_inline_auto\" id=\"style-css-av-kx5wtty1-18bc59e761cc7c1d5bd7b9c3021da2d6\">\n#top .hr.hr-invisible.av-kx5wtty1-18bc59e761cc7c1d5bd7b9c3021da2d6{\nheight:20px;\n}\n<\/style>\n<div  class='hr av-kx5wtty1-18bc59e761cc7c1d5bd7b9c3021da2d6 hr-invisible  avia-builder-el-32  el_after_av_textblock  el_before_av_button '><span class='hr-inner '><span class=\"hr-inner-style\"><\/span><\/span><\/div><br \/>\n<div class=\"pixel-button-wrap align-left align-end-margin\">\n\t<a href=\"\" class=\"pixel-button color-brand color-fill hover-brand-dark hover-fill\" target=\"\" rel=\"noopener\"><span>A los seminarios web<\/span><\/a>\n<\/div>\n<br \/>\n\n<style type=\"text\/css\" data-created_by=\"avia_inline_auto\" id=\"style-css-av-19h13j-b42d32d13184034861ca1bd1b5b24d6a\">\n.avia-image-container.av-19h13j-b42d32d13184034861ca1bd1b5b24d6a img.avia_image{\nbox-shadow:none;\n}\n.avia-image-container.av-19h13j-b42d32d13184034861ca1bd1b5b24d6a .av-image-caption-overlay-center{\ncolor:#ffffff;\n}\n<\/style>\n<div  class='avia-image-container av-19h13j-b42d32d13184034861ca1bd1b5b24d6a av-styling- avia-align-center  avia-builder-el-34  el_after_av_button  avia-builder-el-last '   itemprop=\"image\" itemscope=\"itemscope\" itemtype=\"https:\/\/schema.org\/ImageObject\" ><div class=\"avia-image-container-inner\"><div class=\"avia-image-overlay-wrap\"><img decoding=\"async\" class='wp-image-309 avia-img-lazy-loading-not-309 avia_image ' src=\"https:\/\/fairfleet.de\/wp-content\/uploads\/remote-schulung.jpg\" alt='' title='remote-schulung'  height=\"387\" width=\"800\"  itemprop=\"thumbnailUrl\" srcset=\"https:\/\/fairfleet.de\/wp-content\/uploads\/remote-schulung.jpg 800w, https:\/\/fairfleet.de\/wp-content\/uploads\/remote-schulung-300x145.jpg 300w, https:\/\/fairfleet.de\/wp-content\/uploads\/remote-schulung-768x372.jpg 768w\" sizes=\"(max-width: 800px) 100vw, 800px\" \/><\/div><\/div><\/div><\/p><\/div>\n<\/p>\n<\/div><\/div><\/div><!-- close content main div --><\/div><\/div><div id='kontakt'  class='avia-section av-412up-0c89566faad173aa3419a40763ab3e38 alternate_color avia-section-default avia-no-border-styling  avia-builder-el-35  el_after_av_section  avia-builder-el-last  contact-section avia-bg-style-scroll container_wrap fullsize'  ><div class='container av-section-cont-open' ><div class='template-page content  av-content-full alpha units'><div class='post-entry post-entry-type-page post-entry-2398'><div class='entry-content-wrapper clearfix'>\n<div class=\"pxl-headline pxl-hl hl-wrap | hl-sub--off hl--align-left hl--no-margin \">\n\t<div class=\"hl-inner\">\n\t\t\t<h2 class=\"hl-main hl-line |  hl_main--h1\">\u00bfLe interesa? Entonces solicite hoy mismo <strong>su cita de consulta<\/strong> gratuita<\/h2>\n\t\t\t\n\t<\/div>\n<\/div>\n\n \n       \n        <div class=\"contactblock-column contactblock-person contactblock-address bg-fill inset br-default flex_column av_one_third column-top-margin first\">\n            <p>\n                <span class=\"contactblock-address-title\">P\u00f3ngase en contacto con nosotros<\/span>\n                <span class=\"contactblock-address-subtitle\">Estaremos encantados de asesorarle<\/span>\n            <\/p>\n            <p>\n                <span class=\"company-title\">Fairfleet - Telematiksysteme<\/span>\n            <\/p>\n            <p>\n                Robert-Bosch-Str. 15<br\/>\n                42489 W\u00fclfrath<br\/>\n                Alemania\n            <\/p>\n            <p>\n                <strong>Tel.:<\/strong><a href=\"tel:0492058778210\">+49 20 58 77 82 10<\/a>\n            <\/p>\n            <p>\n                <strong><a href=\"mailto:info@fairfleet.de\">info@fairfleet.de<\/a><\/strong>\n            <\/p>\n        <\/div>\n     \n    <div class=\"contactblock-column contactblock-form flex_column av_two_third column-top-margin column-flex-grow\">\n        \n<div class=\"wpcf7 no-js\" id=\"wpcf7-f2749-o1\" lang=\"es-ES\" dir=\"ltr\">\n<div class=\"screen-reader-response\"><p role=\"status\" aria-live=\"polite\" aria-atomic=\"true\"><\/p> <ul><\/ul><\/div>\n<form action=\"\/es\/wp-json\/wp\/v2\/pages\/2398#wpcf7-f2749-o1\" method=\"post\" class=\"wpcf7-form init\" aria-label=\"Formulario de contacto\" novalidate=\"novalidate\" data-status=\"init\">\n<div style=\"display: none;\">\n<input type=\"hidden\" name=\"_wpcf7\" value=\"2749\" \/>\n<input type=\"hidden\" name=\"_wpcf7_version\" value=\"5.8.5\" \/>\n<input type=\"hidden\" name=\"_wpcf7_locale\" value=\"es_ES\" \/>\n<input type=\"hidden\" name=\"_wpcf7_unit_tag\" value=\"wpcf7-f2749-o1\" \/>\n<input type=\"hidden\" name=\"_wpcf7_container_post\" value=\"0\" \/>\n<input type=\"hidden\" name=\"_wpcf7_posted_data_hash\" value=\"\" \/>\n<input type=\"hidden\" name=\"_wpcf7_recaptcha_response\" value=\"\" \/>\n<\/div>\n<div class=\"cf-fields fancy\">\n\t<div class=\"cf-field half\">\n\t\t<p><label>La empresa<\/label><span class=\"wpcf7-form-control-wrap\" data-name=\"company\"><input size=\"40\" class=\"wpcf7-form-control wpcf7-text\" aria-invalid=\"false\" value=\"\" type=\"text\" name=\"company\" \/><\/span>\n\t\t<\/p>\n\t<\/div>\n\t<div class=\"cf-field half\">\n\t\t<p><label>Nombre<\/label><span class=\"wpcf7-form-control-wrap\" data-name=\"nname\"><input size=\"40\" class=\"wpcf7-form-control wpcf7-text\" aria-invalid=\"false\" value=\"\" type=\"text\" name=\"nname\" \/><\/span>\n\t\t<\/p>\n\t<\/div>\n\t<div class=\"cf-field half\">\n\t\t<p><label>correo electr\u00f3nico<\/label><span class=\"wpcf7-form-control-wrap\" data-name=\"email\"><input size=\"40\" class=\"wpcf7-form-control wpcf7-email wpcf7-validates-as-required wpcf7-text wpcf7-validates-as-email\" aria-required=\"true\" aria-invalid=\"false\" value=\"\" type=\"email\" name=\"email\" \/><\/span>\n\t\t<\/p>\n\t<\/div>\n\t<div class=\"cf-field half\">\n\t\t<p><label>Tel\u00e9fono<\/label><span class=\"wpcf7-form-control-wrap\" data-name=\"phone\"><input size=\"40\" class=\"wpcf7-form-control wpcf7-text\" aria-invalid=\"false\" value=\"\" type=\"text\" name=\"phone\" \/><\/span>\n\t\t<\/p>\n\t<\/div>\n\t<div class=\"cf-field headline\">\n\t\t<p>Acuerdo de retirada\n\t\t<\/p>\n\t<\/div>\n\t<div class=\"cf-field half special date\">\n\t\t<p><span class=\"wpcf7-form-control-wrap\" data-name=\"datum\"><input class=\"wpcf7-form-control wpcf7-date wpcf7-validates-as-date\" aria-invalid=\"false\" placeholder=\"fecha\" value=\"\" type=\"date\" name=\"datum\" \/><\/span>\n\t\t<\/p>\n\t<\/div>\n\t<div class=\"cf-field half special time\">\n\t\t<p><span class=\"wpcf7-form-control-wrap\" data-name=\"time\"><input size=\"40\" class=\"wpcf7-form-control wpcf7-text\" aria-invalid=\"false\" placeholder=\"Hora del d\u00eda\" value=\"\" type=\"text\" name=\"time\" \/><\/span>\n\t\t<\/p>\n\t<\/div>\n\t<div class=\"cf-field\">\n\t\t<p><span class=\"wpcf7-form-control-wrap\" data-name=\"msg\"><textarea cols=\"40\" rows=\"10\" class=\"wpcf7-form-control wpcf7-textarea\" aria-invalid=\"false\" placeholder=\"Mensaje\" name=\"msg\"><\/textarea><\/span>\n\t\t<\/p>\n\t<\/div>\n<\/div>\n<div class=\"cf-footer\">\n\t<div class=\"cf-ds\">\n\t\t<p><span class=\"wpcf7-form-control-wrap\" data-name=\"ds\"><span class=\"wpcf7-form-control wpcf7-acceptance\"><span class=\"wpcf7-list-item\"><input type=\"checkbox\" name=\"ds\" value=\"1\" aria-invalid=\"false\" \/><\/span><\/span><\/span><span class=\"cf-ds-text\">Por la presente acepto las <a href=\"\/es\/politica-de-privacidad\/\">normas de protecci\u00f3n de datos<\/a>.<\/span>\n\t\t<\/p>\n\t<\/div>\n\t<div class=\"cf-send\">\n\t\t<p><input class=\"wpcf7-form-control wpcf7-submit has-spinner\" type=\"submit\" value=\"Enviar\" \/>\n\t\t<\/p>\n\t<\/div>\n<\/div><div class=\"wpcf7-response-output\" aria-hidden=\"true\"><\/div>\n<\/form>\n<\/div>\n\n    <\/div>\n\n\n","protected":false},"excerpt":{"rendered":"","protected":false},"author":1,"featured_media":0,"parent":1813,"menu_order":7,"comment_status":"closed","ping_status":"closed","template":"","meta":{"footnotes":""},"_links":{"self":[{"href":"https:\/\/fairfleet.de\/es\/wp-json\/wp\/v2\/pages\/2398"}],"collection":[{"href":"https:\/\/fairfleet.de\/es\/wp-json\/wp\/v2\/pages"}],"about":[{"href":"https:\/\/fairfleet.de\/es\/wp-json\/wp\/v2\/types\/page"}],"author":[{"embeddable":true,"href":"https:\/\/fairfleet.de\/es\/wp-json\/wp\/v2\/users\/1"}],"replies":[{"embeddable":true,"href":"https:\/\/fairfleet.de\/es\/wp-json\/wp\/v2\/comments?post=2398"}],"version-history":[{"count":2,"href":"https:\/\/fairfleet.de\/es\/wp-json\/wp\/v2\/pages\/2398\/revisions"}],"predecessor-version":[{"id":2434,"href":"https:\/\/fairfleet.de\/es\/wp-json\/wp\/v2\/pages\/2398\/revisions\/2434"}],"up":[{"embeddable":true,"href":"https:\/\/fairfleet.de\/es\/wp-json\/wp\/v2\/pages\/1813"}],"wp:attachment":[{"href":"https:\/\/fairfleet.de\/es\/wp-json\/wp\/v2\/media?parent=2398"}],"curies":[{"name":"wp","href":"https:\/\/api.w.org\/{rel}","templated":true}]}}