{"id":2399,"date":"2021-12-14T12:04:19","date_gmt":"2021-12-14T11:04:19","guid":{"rendered":"https:\/\/fairfleet.de\/gestion-de-flotas\/dispositivo-de-adquisicion-de-datos-geotab-go\/"},"modified":"2024-03-05T14:11:35","modified_gmt":"2024-03-05T13:11:35","slug":"dispositivo-de-adquisicion-de-datos-geotab-go","status":"publish","type":"page","link":"https:\/\/fairfleet.de\/es\/gestion-de-flotas\/dispositivo-de-adquisicion-de-datos-geotab-go\/","title":{"rendered":"Dispositivo de adquisici\u00f3n de datos Geotab GO"},"content":{"rendered":"<div id='layer_slider_1'  class='avia-layerslider main_color avia-shadow  avia-builder-el-0  el_before_av_section  avia-builder-el-first  container_wrap fullsize'  style='height: 485px; max-width: 1920px; margin: 0 auto;'  ><\/div>\n<div id='av_section_1'  class='avia-section av-so372-e3129e42c23ab6e312da48370a368082 main_color avia-section-default avia-no-border-styling  avia-builder-el-1  el_after_av_layerslider  el_before_av_section  avia-bg-style-scroll container_wrap fullsize'  ><div class='container av-section-cont-open' ><div class='template-page content  av-content-full alpha units'><div class='post-entry post-entry-type-page post-entry-2399'><div class='entry-content-wrapper clearfix'>\n<div class='flex_column av-g6b2e-726af301a921ace904103d95cbb7f54a av_three_fourth  avia-builder-el-2  avia-builder-el-no-sibling  first flex_column_div '     ><p><div class=\"pxl-headline pxl-hl hl-wrap | hl-sub--off hl--align-left  \">\n\t<div class=\"hl-inner\">\n\t\t\t<h1 class=\"hl-main hl-line |  hl_main--default\"><strong>\u00bfC\u00f3mo funciona el seguimiento de veh\u00edculos?<\/strong><\/h1>\n\t\t\t\n\t<\/div>\n<\/div>\n<br \/>\n<section  class='av_textblock_section av-csi6y-9d5ef8e2b9d575624118bbd98c9102df'  itemscope=\"itemscope\" itemtype=\"https:\/\/schema.org\/CreativeWork\" ><div class='avia_textblock'  itemprop=\"text\" ><p>El seguimiento de veh\u00edculos permite al propietario determinar la posici\u00f3n, la velocidad y la direcci\u00f3n de desplazamiento del veh\u00edculo en cualquier momento gracias a los sistemas por sat\u00e9lite. El dispositivo de localizaci\u00f3n de veh\u00edculos GO9 de Geotab funciona con el nuevo GNSS (Sistema Global de Navegaci\u00f3n por Sat\u00e9lite), que permite obtener datos de posicionamiento m\u00e1s precisos, y puede acoplarse a todo tipo de veh\u00edculos y a veh\u00edculos el\u00e9ctricos.<\/p>\n<\/div><\/section><\/p><\/div>\n\n<\/div><\/div><\/div><!-- close content main div --><\/div><\/div><div id='av_section_2'  class='avia-section av-kwxdw0pg-4f1bfc994b427cfdc48fd6deda0e9bdc alternate_color avia-section-default avia-no-border-styling  avia-builder-el-5  el_after_av_section  el_before_av_section  avia-bg-style-scroll container_wrap fullsize'  ><div class='container av-section-cont-open' ><div class='template-page content  av-content-full alpha units'><div class='post-entry post-entry-type-page post-entry-2399'><div class='entry-content-wrapper clearfix'>\n<div class='flex_column av-f174m-4342b49c6d74c42c6fa5330420bb97cd av_three_fourth  avia-builder-el-6  el_before_av_one_third  avia-builder-el-first  first flex_column_div '     ><div class=\"pxl-headline pxl-hl hl-wrap | hl-sub--off hl--align-left  \">\n\t<div class=\"hl-inner\">\n\t\t\t<h2 class=\"hl-main hl-line |  hl_main--h1\">Las ventajas <strong>del seguimiento de veh\u00edculos<\/strong><\/h2>\n\t\t\t\n\t<\/div>\n<\/div><\/div><div class='flex_column av-m4vlq-22cb709cd507f90bb3d78a8c4ee8016e av_one_third  avia-builder-el-8  el_after_av_three_fourth  el_before_av_one_third  md_half md_first first flex_column_div column-top-margin'     ><div class=\"card card-icon bg-fill hl-small has-link\">\n\n\t\t\t<div class=\"card-media\">\n\t\t\t\t\t\t\t<img decoding=\"async\" src=\"https:\/\/fairfleet.de\/wp-content\/uploads\/icon-productivity.svg\" alt=\"Begleitbild zu Localizaci\u00f3n precisa del veh\u00edculo\" \/>\n\t\t\t\t\t<\/div>\n\t\n\t<div class=\"card-content\">\n\n\t\t\t\t\t<span class=\"card-title\">Localizaci\u00f3n precisa del veh\u00edculo<\/span>\n\t\t\n        \n\n\t\t\t\t\t<div class=\"card-textblock\"><p>Recopile datos precisos sobre la ubicaci\u00f3n del veh\u00edculo, la velocidad, la distancia y el tiempo recorridos, el ralent\u00ed del motor y mucho m\u00e1s. Incluso si su veh\u00edculo est\u00e1 aparcado bajo tierra, el seguimiento de veh\u00edculos por GPS y la telem\u00e1tica empiezan a grabar en cuanto usted arranca. La nueva Geotab GO9 tiene un procesador de 32 bits, m\u00e1s espacio de almacenamiento, m\u00e1s RAM y un giroscopio.<\/p><\/div>\n\t\t\n\t\t\n\t<\/div>\n<\/div><\/div><div class='flex_column av-yh0yi-5a64e8551afcb2108073f16c345d4a50 av_one_third  avia-builder-el-10  el_after_av_one_third  el_before_av_one_third  md_half flex_column_div column-top-margin'     ><div class=\"card card-icon bg-fill hl-small has-link\">\n\n\t\t\t<div class=\"card-media\">\n\t\t\t\t\t\t\t<img decoding=\"async\" src=\"https:\/\/fairfleet.de\/wp-content\/uploads\/icon-checkup.svg\" alt=\"Begleitbild zu Evaluaci\u00f3n del estado del veh\u00edculo\" \/>\n\t\t\t\t\t<\/div>\n\t\n\t<div class=\"card-content\">\n\n\t\t\t\t\t<span class=\"card-title\">Evaluaci\u00f3n del estado del veh\u00edculo<\/span>\n\t\t\n        \n\n\t\t\t\t\t<div class=\"card-textblock\"><p>Extraiga informaci\u00f3n importante sobre el estado y la situaci\u00f3n del veh\u00edculo. Registre el n\u00famero de chasis, el kilometraje, los datos sobre aver\u00edas y mucho m\u00e1s. Estos datos no s\u00f3lo le permiten priorizar el mantenimiento del veh\u00edculo, sino que tambi\u00e9n le ayudan a supervisar su uso para identificar los h\u00e1bitos de conducci\u00f3n seguros y de riesgo.<\/p><\/div>\n\t\t\n\t\t\n\t<\/div>\n<\/div><\/div><div class='flex_column av-pa8s2-4e13dd21a1387955f68b10f4413a9479 av_one_third  avia-builder-el-12  el_after_av_one_third  el_before_av_one_third  md_half md_first md_topmargin flex_column_div column-top-margin'     ><div class=\"card card-icon bg-fill hl-small has-link\">\n\n\t\t\t<div class=\"card-media\">\n\t\t\t\t\t\t\t<img decoding=\"async\" src=\"https:\/\/fairfleet.de\/wp-content\/uploads\/icon-collision.svg\" alt=\"Begleitbild zu Detecci\u00f3n y notificaci\u00f3n de colisiones\" \/>\n\t\t\t\t\t<\/div>\n\t\n\t<div class=\"card-content\">\n\n\t\t\t\t\t<span class=\"card-title\">Detecci\u00f3n y notificaci\u00f3n de colisiones<\/span>\n\t\t\n        \n\n\t\t\t\t\t<div class=\"card-textblock\"><p>Geotab proporciona datos especializados para la conducci\u00f3n dura (aceleraci\u00f3n, frenado, curvas, etc.) y la reconstrucci\u00f3n de colisiones utilizando nuestros algoritmos patentados y el aceler\u00f3metro del dispositivo GO. Si se detecta una presunta colisi\u00f3n, los datos forenses detallados se cargan autom\u00e1ticamente desde el dispositivo GO para permitir la reconstrucci\u00f3n del suceso, incluso en el caso de colisiones en marcha atr\u00e1s. El informe inicial de da\u00f1os se emite por correo electr\u00f3nico y mediante alertas de escritorio.<\/p><\/div>\n\t\t\n\t\t\n\t<\/div>\n<\/div><\/div><div class='flex_column av-lu7i2-a38bd7c53d4fc9b3c20ad59d87c3442a av_one_third  avia-builder-el-14  el_after_av_one_third  el_before_av_one_third  md_half first flex_column_div column-top-margin'     ><div class=\"card card-icon bg-fill hl-small has-link\">\n\n\t\t\t<div class=\"card-media\">\n\t\t\t\t\t\t\t<img decoding=\"async\" src=\"https:\/\/fairfleet.de\/wp-content\/uploads\/icon-securedata.svg\" alt=\"Begleitbild zu Datos seguros\" \/>\n\t\t\t\t\t<\/div>\n\t\n\t<div class=\"card-content\">\n\n\t\t\t\t\t<span class=\"card-title\">Datos seguros<\/span>\n\t\t\n        \n\n\t\t\t\t\t<div class=\"card-textblock\"><p>Geotab utiliza autenticaci\u00f3n, cifrado y verificaci\u00f3n de la integridad de los mensajes para los dispositivos de seguimiento de veh\u00edculos Geotab GO y las interfaces de red. Cada dispositivo Geotab GO tiene un identificador \u00fanico y una clave de seguridad no est\u00e1tica, lo que dificulta la suplantaci\u00f3n de la identidad de un dispositivo. Las actualizaciones OTA (over-the-air) utilizan firmware firmado digitalmente para verificar que las actualizaciones proceden de una fuente de confianza.<\/p><\/div>\n\t\t\n\t\t\n\t<\/div>\n<\/div><\/div><div class='flex_column av-ebp2q-17c84201fcfdaf227e28eeaf5e6be2cc av_one_third  avia-builder-el-16  el_after_av_one_third  el_before_av_one_third  md_half md_first flex_column_div column-top-margin'     ><div class=\"card card-icon bg-fill hl-small has-link\">\n\n\t\t\t<div class=\"card-media\">\n\t\t\t\t\t\t\t<img decoding=\"async\" src=\"https:\/\/fairfleet.de\/wp-content\/uploads\/icon-coaching.svg\" alt=\"Begleitbild zu Entrenamiento del conductor en el veh\u00edculo\" \/>\n\t\t\t\t\t<\/div>\n\t\n\t<div class=\"card-content\">\n\n\t\t\t\t\t<span class=\"card-title\">Entrenamiento del conductor en el veh\u00edculo<\/span>\n\t\t\n        \n\n\t\t\t\t\t<div class=\"card-textblock\"><p>Mejorar el comportamiento al volante, por ejemplo, en caso de exceso de velocidad y ralent\u00ed del motor, emitiendo una advertencia ac\u00fastica o instruyendo verbalmente al conductor (disponible como complemento). La informaci\u00f3n inmediata puede mejorar la seguridad de la flota, promover el cumplimiento de las pol\u00edticas de la empresa y animar a sus conductores a tomar medidas correctivas inmediatas.<\/p><\/div>\n\t\t\n\t\t\n\t<\/div>\n<\/div><\/div><div class='flex_column av-a56v6-a20077981a3750e4521c40730ead60e1 av_one_third  avia-builder-el-18  el_after_av_one_third  avia-builder-el-last  md_half flex_column_div column-top-margin'     ><div class=\"card card-icon bg-fill hl-small has-link\">\n\n\t\t\t<div class=\"card-media\">\n\t\t\t\t\t\t\t<img decoding=\"async\" src=\"https:\/\/fairfleet.de\/wp-content\/uploads\/icon-extended-data.svg\" alt=\"Begleitbild zu Adquisici\u00f3n de datos ampliada\" \/>\n\t\t\t\t\t<\/div>\n\t\n\t<div class=\"card-content\">\n\n\t\t\t\t\t<span class=\"card-title\">Adquisici\u00f3n de datos ampliada<\/span>\n\t\t\n        \n\n\t\t\t\t\t<div class=\"card-textblock\"><p>Los veh\u00edculos env\u00edan datos desde diversas fuentes, como el motor, la cadena cinem\u00e1tica, el cuadro de instrumentos y otros subsistemas. El GO9 utiliza varias redes internas para recopilar gran parte de estos datos. Saque m\u00e1s partido al seguimiento de veh\u00edculos.<\/p><\/div>\n\t\t\n\t\t\n\t<\/div>\n<\/div><\/div>\n\n<\/div><\/div><\/div><!-- close content main div --><\/div><\/div><div id='av_section_3'  class='avia-section av-kx60c2uk-99df8ecfd2e756d86104ebbb590afb80 main_color avia-section-default avia-no-border-styling  avia-builder-el-20  el_after_av_section  el_before_av_section  avia-bg-style-scroll container_wrap fullsize'  ><div class='container av-section-cont-open' ><div class='template-page content  av-content-full alpha units'><div class='post-entry post-entry-type-page post-entry-2399'><div class='entry-content-wrapper clearfix'>\n<div class='flex_column av-al5pm-47182bce63361eb90f391813b5f7266c av_three_fourth  avia-builder-el-21  el_before_av_one_full  avia-builder-el-first  first flex_column_div '     ><p><div class=\"pxl-headline pxl-hl hl-wrap | hl-sub--off hl--align-left  \">\n\t<div class=\"hl-inner\">\n\t\t\t<h2 class=\"hl-main hl-line |  hl_main--h1\"><strong>Geotab Go<\/strong> - El peque\u00f1o milagro tecnol\u00f3gico<\/h2>\n\t\t\t\n\t<\/div>\n<\/div>\n<br \/>\n<section  class='av_textblock_section av-kwxho3gv-6876384ccf12bcd61e5c973162d1208a'  itemscope=\"itemscope\" itemtype=\"https:\/\/schema.org\/CreativeWork\" ><div class='avia_textblock'  itemprop=\"text\" ><p><strong>Una revoluci\u00f3n en la gesti\u00f3n de flotas<\/strong> &#8211; Autom\u00e1tico, integrado e innovador: el dispositivo telem\u00e1tico Geotab GO9 ha sido redise\u00f1ado desde cero para satisfacer las necesidades cambiantes de su flota no s\u00f3lo hoy, sino tambi\u00e9n en el futuro.<\/p>\n<\/div><\/section><\/p><\/div><div class='flex_column av-kx60gpv1-7cd3cca72a59dca7b214c394ffeb706c av_one_full  avia-builder-el-24  el_after_av_three_fourth  avia-builder-el-last  first flex_column_div column-top-margin'     ><style type=\"text\/css\" data-created_by=\"avia_inline_auto\" id=\"style-css-av-kx60h5e7-4587769bfdddfb2c5c468609caf13413\">\n.avia-image-container.av-kx60h5e7-4587769bfdddfb2c5c468609caf13413 img.avia_image{\nbox-shadow:none;\n}\n.avia-image-container.av-kx60h5e7-4587769bfdddfb2c5c468609caf13413 .av-image-caption-overlay-center{\ncolor:#ffffff;\n}\n<\/style>\n<div  class='avia-image-container av-kx60h5e7-4587769bfdddfb2c5c468609caf13413 av-styling- avia-align-center  avia-builder-el-25  avia-builder-el-no-sibling '   itemprop=\"image\" itemscope=\"itemscope\" itemtype=\"https:\/\/schema.org\/ImageObject\" ><div class=\"avia-image-container-inner\"><div class=\"avia-image-overlay-wrap\"><a href=\"caja de luz\" class='avia_image' ><img decoding=\"async\" class='wp-image-353 avia-img-lazy-loading-not-353 avia_image ' src=\"https:\/\/fairfleet.de\/wp-content\/uploads\/geotab-go-infos.png\" alt='' title='geotab-go-infos'  height=\"538\" width=\"1200\"  itemprop=\"thumbnailUrl\" srcset=\"https:\/\/fairfleet.de\/wp-content\/uploads\/geotab-go-infos.png 1200w, https:\/\/fairfleet.de\/wp-content\/uploads\/geotab-go-infos-300x135.png 300w, https:\/\/fairfleet.de\/wp-content\/uploads\/geotab-go-infos-1030x462.png 1030w, https:\/\/fairfleet.de\/wp-content\/uploads\/geotab-go-infos-768x344.png 768w, https:\/\/fairfleet.de\/wp-content\/uploads\/geotab-go-infos-800x360.png 800w\" sizes=\"(max-width: 1200px) 100vw, 1200px\" \/><\/a><\/div><\/div><\/div><\/div>\n\n<\/div><\/div><\/div><!-- close content main div --><\/div><\/div><div id='av_section_4'  class='avia-section av-81q1m-6a89e5c49134f0c7f152631b60f40334 main_color avia-section-default avia-no-border-styling  avia-builder-el-26  el_after_av_section  el_before_av_section  avia-bg-style-scroll container_wrap fullsize'  ><div class='container av-section-cont-open' ><div class='template-page content  av-content-full alpha units'><div class='post-entry post-entry-type-page post-entry-2399'><div class='entry-content-wrapper clearfix'>\n<div class='flex_column av-kx63eg98-b165e87ed44c4560ebfe65e7bd286744 av_three_fourth  avia-builder-el-27  avia-builder-el-no-sibling  bg-shape first flex_column_div '     ><p><div class=\"pxl-headline pxl-hl hl-wrap | hl-sub--off hl--align-left  \">\n\t<div class=\"hl-inner\">\n\t\t\t<h2 class=\"hl-main hl-line |  hl_main--h1\"><strong>\u00bfD\u00f3nde est\u00e1 instalado el dispositivo de localizaci\u00f3n de veh\u00edculos?<\/strong><\/h2>\n\t\t\t\n\t<\/div>\n<\/div>\n<br \/>\n<section  class='av_textblock_section av-kx63eb5v-1bcb08eff54ce4db49fa02312830987a'  itemscope=\"itemscope\" itemtype=\"https:\/\/schema.org\/CreativeWork\" ><div class='avia_textblock'  itemprop=\"text\" ><p>El compacto dispositivo de localizaci\u00f3n de veh\u00edculos Geotab GO9 se conecta directamente al puerto OBD II de su veh\u00edculo o, en el caso de veh\u00edculos sin dicho puerto, a trav\u00e9s de un adaptador. Para ello no es necesaria ninguna conexi\u00f3n de antena o empalme de cables. El proceso de instalaci\u00f3n es r\u00e1pido y sencillo y no requiere herramientas especiales ni instaladores profesionales.<\/p>\n<p>Instalaci\u00f3n sencilla: s\u00f3lo tiene que conectar el dispositivo GO9 a la interfaz OBD-II de su veh\u00edculo o, si es necesario, \u00aba trav\u00e9s\u00bb de un adaptador. El aparato realiza ahora un calibrado autom\u00e1tico. Encontrar\u00e1 m\u00e1s informaci\u00f3n en las instrucciones de instalaci\u00f3n.<\/p>\n<\/div><\/section><\/p><\/div>\n\n<\/div><\/div><\/div><!-- close content main div --><\/div><\/div>\n<style type=\"text\/css\" data-created_by=\"avia_inline_auto\" id=\"style-css-av-kx63qc19-0c1d8930a87ea9b386ce50793ddf5b76\">\n.avia-section.av-kx63qc19-0c1d8930a87ea9b386ce50793ddf5b76{\nbackground-repeat:no-repeat;\nbackground-image:url(https:\/\/fairfleet.de\/wp-content\/uploads\/parallax-communication.jpg);\nbackground-position:100% 50%;\nbackground-attachment:scroll;\n}\n<\/style>\n<div id='av_section_5'  class='avia-section av-kx63qc19-0c1d8930a87ea9b386ce50793ddf5b76 alternate_color avia-section-default avia-no-border-styling  avia-builder-el-30  el_after_av_section  el_before_av_section  avia-bg-style-scroll container_wrap fullsize'  data-section-bg-repeat='no-repeat'><div class='container av-section-cont-open' ><div class='template-page content  av-content-full alpha units'><div class='post-entry post-entry-type-page post-entry-2399'><div class='entry-content-wrapper clearfix'>\n<div class='flex_column av-kx63nuw7-447092d99905f94c94a83b9b434d4408 av_two_fifth  avia-builder-el-31  el_before_av_three_fifth  avia-builder-el-first  first flex_column_div '     ><\/div><div class='flex_column av-kx63ny67-4d645d2b7ffb66115636df0d9c4e9a2c av_three_fifth  avia-builder-el-32  el_after_av_two_fifth  avia-builder-el-last  bg-invert md_full flex_column_div '     ><p><div class=\"pxl-headline pxl-hl hl-wrap | hl-sub--off hl--align-left  \">\n\t<div class=\"hl-inner\">\n\t\t\t<h2 class=\"hl-main hl-line |  hl_main--h1\"><strong>Comunicaci\u00f3n segura<\/strong> y l\u00edder en el sector<\/h2>\n\t\t\t\n\t<\/div>\n<\/div>\n<br \/>\n<section  class='av_textblock_section av-kx63pkx4-55312dd3732a6f8a28ccdf762e7ee3cf'  itemscope=\"itemscope\" itemtype=\"https:\/\/schema.org\/CreativeWork\" ><div class='avia_textblock'  itemprop=\"text\" ><p>Trabajamos con asociaciones industriales, universidades y autoridades para hacer avanzar la ciberseguridad en el sector del seguimiento de veh\u00edculos y la telem\u00e1tica. Integramos lo mejor de sus hallazgos y validamos la implantaci\u00f3n mediante rigurosas pruebas de penetraci\u00f3n externas. A continuaci\u00f3n, compartimos las mejores pr\u00e1cticas de todo nuestro sector. Las funciones de seguridad del dispositivo se implementan con un m\u00f3dulo criptogr\u00e1fico validado por FIPS 140-2. Certificado n\u00ba 3371.<\/p>\n<ul>\n<li>Seguridad de extremo a extremo mediante autenticaci\u00f3n<\/li>\n<li>Cifrado<\/li>\n<li>Verificaci\u00f3n de la integridad de los mensajes<\/li>\n<li>Dispositivos individualizados con una identificaci\u00f3n \u00fanica<\/li>\n<li>Claves de seguridad no est\u00e1ticas<\/li>\n<li>Firmware firmado digitalmente<\/li>\n<li>Validaci\u00f3n independiente por expertos externos<\/li>\n<\/ul>\n<\/div><\/section><\/p><\/div><\/div><\/div><\/div><!-- close content main div --><\/div><\/div><div id='av_section_6'  class='avia-section av-kwxhst2r-e0924ad7a30a85f63962d73435f7925e main_color avia-section-default avia-no-border-styling  avia-builder-el-35  el_after_av_section  avia-builder-el-last  avia-bg-style-scroll container_wrap fullsize'  ><div class='container av-section-cont-open' ><div class='template-page content  av-content-full alpha units'><div class='post-entry post-entry-type-page post-entry-2399'><div class='entry-content-wrapper clearfix'>\n<div class=\"pxl-headline pxl-hl hl-wrap | hl-sub--bot hl--align-left hl--small-margin \">\n\t<div class=\"hl-inner\">\n\t\t\t<h2 class=\"hl-main hl-line |  hl_main--h1\">\u00bfDesea m\u00e1s informaci\u00f3n sobre las soluciones <strong>Geotab y Fairfleet?<\/strong><\/h2>\n\t\t\t<span class=\"hl-sub hl-line |  hl_sub--default\">Entonces esperamos su consulta<\/span>\n\t<\/div>\n<\/div>\n\n \n       \n        <div class=\"contactblock-column contactblock-person contactblock-address bg-fill inset br-default flex_column av_one_third column-top-margin first\">\n            <p>\n                <span class=\"contactblock-address-title\">P\u00f3ngase en contacto con nosotros<\/span>\n                <span class=\"contactblock-address-subtitle\">Estaremos encantados de asesorarle<\/span>\n            <\/p>\n            <p>\n                <span class=\"company-title\">Fairfleet - Telematiksysteme<\/span>\n            <\/p>\n            <p>\n                Robert-Bosch-Str. 15<br\/>\n                42489 W\u00fclfrath<br\/>\n                Alemania\n            <\/p>\n            <p>\n                <strong>Tel.:<\/strong><a href=\"tel:0492058778210\">+49 20 58 77 82 10<\/a>\n            <\/p>\n            <p>\n                <strong><a href=\"mailto:info@fairfleet.de\">info@fairfleet.de<\/a><\/strong>\n            <\/p>\n        <\/div>\n     \n    <div class=\"contactblock-column contactblock-form flex_column av_two_third column-top-margin column-flex-grow\">\n        \n<div class=\"wpcf7 no-js\" id=\"wpcf7-f2749-o1\" lang=\"es-ES\" dir=\"ltr\">\n<div class=\"screen-reader-response\"><p role=\"status\" aria-live=\"polite\" aria-atomic=\"true\"><\/p> <ul><\/ul><\/div>\n<form action=\"\/es\/wp-json\/wp\/v2\/pages\/2399#wpcf7-f2749-o1\" method=\"post\" class=\"wpcf7-form init\" aria-label=\"Formulario de contacto\" novalidate=\"novalidate\" data-status=\"init\">\n<div style=\"display: none;\">\n<input type=\"hidden\" name=\"_wpcf7\" value=\"2749\" \/>\n<input type=\"hidden\" name=\"_wpcf7_version\" value=\"5.8.5\" \/>\n<input type=\"hidden\" name=\"_wpcf7_locale\" value=\"es_ES\" \/>\n<input type=\"hidden\" name=\"_wpcf7_unit_tag\" value=\"wpcf7-f2749-o1\" \/>\n<input type=\"hidden\" name=\"_wpcf7_container_post\" value=\"0\" \/>\n<input type=\"hidden\" name=\"_wpcf7_posted_data_hash\" value=\"\" \/>\n<input type=\"hidden\" name=\"_wpcf7_recaptcha_response\" value=\"\" \/>\n<\/div>\n<div class=\"cf-fields fancy\">\n\t<div class=\"cf-field half\">\n\t\t<p><label>La empresa<\/label><span class=\"wpcf7-form-control-wrap\" data-name=\"company\"><input size=\"40\" class=\"wpcf7-form-control wpcf7-text\" aria-invalid=\"false\" value=\"\" type=\"text\" name=\"company\" \/><\/span>\n\t\t<\/p>\n\t<\/div>\n\t<div class=\"cf-field half\">\n\t\t<p><label>Nombre<\/label><span class=\"wpcf7-form-control-wrap\" data-name=\"nname\"><input size=\"40\" class=\"wpcf7-form-control wpcf7-text\" aria-invalid=\"false\" value=\"\" type=\"text\" name=\"nname\" \/><\/span>\n\t\t<\/p>\n\t<\/div>\n\t<div class=\"cf-field half\">\n\t\t<p><label>correo electr\u00f3nico<\/label><span class=\"wpcf7-form-control-wrap\" data-name=\"email\"><input size=\"40\" class=\"wpcf7-form-control wpcf7-email wpcf7-validates-as-required wpcf7-text wpcf7-validates-as-email\" aria-required=\"true\" aria-invalid=\"false\" value=\"\" type=\"email\" name=\"email\" \/><\/span>\n\t\t<\/p>\n\t<\/div>\n\t<div class=\"cf-field half\">\n\t\t<p><label>Tel\u00e9fono<\/label><span class=\"wpcf7-form-control-wrap\" data-name=\"phone\"><input size=\"40\" class=\"wpcf7-form-control wpcf7-text\" aria-invalid=\"false\" value=\"\" type=\"text\" name=\"phone\" \/><\/span>\n\t\t<\/p>\n\t<\/div>\n\t<div class=\"cf-field headline\">\n\t\t<p>Acuerdo de retirada\n\t\t<\/p>\n\t<\/div>\n\t<div class=\"cf-field half special date\">\n\t\t<p><span class=\"wpcf7-form-control-wrap\" data-name=\"datum\"><input class=\"wpcf7-form-control wpcf7-date wpcf7-validates-as-date\" aria-invalid=\"false\" placeholder=\"fecha\" value=\"\" type=\"date\" name=\"datum\" \/><\/span>\n\t\t<\/p>\n\t<\/div>\n\t<div class=\"cf-field half special time\">\n\t\t<p><span class=\"wpcf7-form-control-wrap\" data-name=\"time\"><input size=\"40\" class=\"wpcf7-form-control wpcf7-text\" aria-invalid=\"false\" placeholder=\"Hora del d\u00eda\" value=\"\" type=\"text\" name=\"time\" \/><\/span>\n\t\t<\/p>\n\t<\/div>\n\t<div class=\"cf-field\">\n\t\t<p><span class=\"wpcf7-form-control-wrap\" data-name=\"msg\"><textarea cols=\"40\" rows=\"10\" class=\"wpcf7-form-control wpcf7-textarea\" aria-invalid=\"false\" placeholder=\"Mensaje\" name=\"msg\"><\/textarea><\/span>\n\t\t<\/p>\n\t<\/div>\n<\/div>\n<div class=\"cf-footer\">\n\t<div class=\"cf-ds\">\n\t\t<p><span class=\"wpcf7-form-control-wrap\" data-name=\"ds\"><span class=\"wpcf7-form-control wpcf7-acceptance\"><span class=\"wpcf7-list-item\"><input type=\"checkbox\" name=\"ds\" value=\"1\" aria-invalid=\"false\" \/><\/span><\/span><\/span><span class=\"cf-ds-text\">Por la presente acepto las <a href=\"\/es\/politica-de-privacidad\/\">normas de protecci\u00f3n de datos<\/a>.<\/span>\n\t\t<\/p>\n\t<\/div>\n\t<div class=\"cf-send\">\n\t\t<p><input class=\"wpcf7-form-control wpcf7-submit has-spinner\" type=\"submit\" value=\"Enviar\" \/>\n\t\t<\/p>\n\t<\/div>\n<\/div><div class=\"wpcf7-response-output\" aria-hidden=\"true\"><\/div>\n<\/form>\n<\/div>\n\n    <\/div>\n\n<\/p>\n","protected":false},"excerpt":{"rendered":"","protected":false},"author":1,"featured_media":0,"parent":1813,"menu_order":6,"comment_status":"closed","ping_status":"closed","template":"","meta":{"footnotes":""},"_links":{"self":[{"href":"https:\/\/fairfleet.de\/es\/wp-json\/wp\/v2\/pages\/2399"}],"collection":[{"href":"https:\/\/fairfleet.de\/es\/wp-json\/wp\/v2\/pages"}],"about":[{"href":"https:\/\/fairfleet.de\/es\/wp-json\/wp\/v2\/types\/page"}],"author":[{"embeddable":true,"href":"https:\/\/fairfleet.de\/es\/wp-json\/wp\/v2\/users\/1"}],"replies":[{"embeddable":true,"href":"https:\/\/fairfleet.de\/es\/wp-json\/wp\/v2\/comments?post=2399"}],"version-history":[{"count":2,"href":"https:\/\/fairfleet.de\/es\/wp-json\/wp\/v2\/pages\/2399\/revisions"}],"predecessor-version":[{"id":2433,"href":"https:\/\/fairfleet.de\/es\/wp-json\/wp\/v2\/pages\/2399\/revisions\/2433"}],"up":[{"embeddable":true,"href":"https:\/\/fairfleet.de\/es\/wp-json\/wp\/v2\/pages\/1813"}],"wp:attachment":[{"href":"https:\/\/fairfleet.de\/es\/wp-json\/wp\/v2\/media?parent=2399"}],"curies":[{"name":"wp","href":"https:\/\/api.w.org\/{rel}","templated":true}]}}