{"id":2600,"date":"2021-12-08T11:15:53","date_gmt":"2021-12-08T10:15:53","guid":{"rendered":"https:\/\/fairfleet.de\/gestion-de-flotas\/gestion-de-flotas-fairfleet\/"},"modified":"2024-03-05T14:11:54","modified_gmt":"2024-03-05T13:11:54","slug":"gestion-de-flotas-fairfleet","status":"publish","type":"page","link":"https:\/\/fairfleet.de\/es\/gestion-de-flotas\/gestion-de-flotas-fairfleet\/","title":{"rendered":"Gesti\u00f3n de flotas Fairfleet"},"content":{"rendered":"<div id='layer_slider_1'  class='avia-layerslider main_color avia-shadow  avia-builder-el-0  el_before_av_section  avia-builder-el-first  container_wrap fullsize'  style='height: 485px; max-width: 1920px; margin: 0 auto;'  ><\/div>\n<div id='av_section_1'  class='avia-section av-so372-e3129e42c23ab6e312da48370a368082 main_color avia-section-default avia-no-border-styling  avia-builder-el-1  el_after_av_layerslider  el_before_av_section  avia-bg-style-scroll container_wrap fullsize'  ><div class='container av-section-cont-open' ><div class='template-page content  av-content-full alpha units'><div class='post-entry post-entry-type-page post-entry-2600'><div class='entry-content-wrapper clearfix'>\n<div class=\"pxl-headline pxl-hl hl-wrap | hl-sub--bot hl--align-left  \">\n\t<div class=\"hl-inner\">\n\t\t\t<h1 class=\"hl-main hl-line |  hl_main--default\">C\u00f3mo tomar <strong>decisiones basadas en hechos<\/strong><\/h1>\n\t\t\t<span class=\"hl-sub hl-line |  hl_sub--default\">Optimizaci\u00f3n sostenible de la flota que se adapta a su flota<\/span>\n\t<\/div>\n<\/div>\n\n<div class='flex_column av-g6b2e-726af301a921ace904103d95cbb7f54a av_three_fourth  avia-builder-el-3  el_after_pixel-headline  avia-builder-el-last  first flex_column_div '     ><section  class='av_textblock_section av-kwxho3gv-6876384ccf12bcd61e5c973162d1208a'  itemscope=\"itemscope\" itemtype=\"https:\/\/schema.org\/CreativeWork\" ><div class='avia_textblock'  itemprop=\"text\" ><p>Cada flota de veh\u00edculos tiene sus propias caracter\u00edsticas especiales. Nuestra experiencia radica en reconocer estas caracter\u00edsticas especiales, seleccionar el sistema adecuado para este reto y adaptarlo de forma \u00f3ptima a los requisitos. S\u00f3lo se pueden tomar decisiones fiables sobre la base de cifras clave de alta calidad y significativas. Incluso hoy en d\u00eda, cuando casi todos los fabricantes tienen un sistema OEM a bordo, un sistema independiente del fabricante le ayuda a gestionar y controlar toda su flota.<\/p>\n<p><strong>Confiamos en una de las soluciones telem\u00e1ticas l\u00edderes en el mundo de Geotab.<\/strong><\/p>\n<\/div><\/section><\/div>\n\n<\/div><\/div><\/div><!-- close content main div --><\/div><\/div><div id='av_section_2'  class='avia-section av-kwxdw0pg-4f1bfc994b427cfdc48fd6deda0e9bdc alternate_color avia-section-default avia-no-border-styling  avia-builder-el-5  el_after_av_section  el_before_av_section  avia-bg-style-scroll container_wrap fullsize'  ><div class='container av-section-cont-open' ><div class='template-page content  av-content-full alpha units'><div class='post-entry post-entry-type-page post-entry-2600'><div class='entry-content-wrapper clearfix'>\n<div class='flex_column av-f174m-4342b49c6d74c42c6fa5330420bb97cd av_three_fourth  avia-builder-el-6  el_before_av_one_third  avia-builder-el-first  first flex_column_div '     ><div class=\"pxl-headline pxl-hl hl-wrap | hl-sub--bot hl--align-left  \">\n\t<div class=\"hl-inner\">\n\t\t\t<h2 class=\"hl-main hl-line |  hl_main--h1\">Las ventajas de Geotab de <strong>un<\/strong> vistazo<\/h2>\n\t\t\t<span class=\"hl-sub hl-line |  hl_sub--default\">M\u00e1s eficacia, seguridad y comodidad<\/span>\n\t<\/div>\n<\/div><\/div><div class='flex_column av-m4vlq-22cb709cd507f90bb3d78a8c4ee8016e av_one_third  avia-builder-el-8  el_after_av_three_fourth  el_before_av_one_third  md_half md_first first flex_column_div column-top-margin'     ><div class=\"card card-icon card-layout-list bg-fill hl-small has-link\">\n\n\t\t\t<div class=\"card-media\">\n\t\t\t\t\t\t\t<img decoding=\"async\" src=\"https:\/\/fairfleet.de\/wp-content\/uploads\/icon-productivity.svg\" alt=\"Begleitbild zu Productividad\" \/>\n\t\t\t\t\t<\/div>\n\t\n\t<div class=\"card-content\">\n\n\t\t\t\t\t<span class=\"card-title\">Productividad<\/span>\n\t\t\n        \n\n\t\t\t\t\t<ul class=\"card-textlist\">\n\t\t\t\t\t\t\t\t\t<li class=\"card-textlist-entry\">Seguimiento GPS<\/li>\n\t\t\t\t\t\t\t\t\t<li class=\"card-textlist-entry\">Localizaci\u00f3n del conductor<\/li>\n\t\t\t\t\t\t\t\t\t<li class=\"card-textlist-entry\">Enrutamiento y manipulaci\u00f3n<\/li>\n\t\t\t\t\t\t\t\t\t<li class=\"card-textlist-entry\">Informes de flota<\/li>\n\t\t\t\t\t\t\t<\/ul>\n\t\t\n\t\t\n\t<\/div>\n<\/div><\/div><div class='flex_column av-zlqum-eaa3b09c93db2df48058583503193a76 av_one_third  avia-builder-el-10  el_after_av_one_third  el_before_av_one_third  md_half flex_column_div column-top-margin'     ><div class=\"card card-icon card-layout-list bg-fill hl-small has-link\">\n\n\t\t\t<div class=\"card-media\">\n\t\t\t\t\t\t\t<img decoding=\"async\" src=\"https:\/\/fairfleet.de\/wp-content\/uploads\/icon-optimization.svg\" alt=\"Begleitbild zu Optimizaci\u00f3n\" \/>\n\t\t\t\t\t<\/div>\n\t\n\t<div class=\"card-content\">\n\n\t\t\t\t\t<span class=\"card-title\">Optimizaci\u00f3n<\/span>\n\t\t\n        \n\n\t\t\t\t\t<ul class=\"card-textlist\">\n\t\t\t\t\t\t\t\t\t<li class=\"card-textlist-entry\">Flotas<\/li>\n\t\t\t\t\t\t\t\t\t<li class=\"card-textlist-entry\">Gesti\u00f3n del combustible<\/li>\n\t\t\t\t\t\t\t\t\t<li class=\"card-textlist-entry\">Mantenimiento de la flota<\/li>\n\t\t\t\t\t\t\t\t\t<li class=\"card-textlist-entry\">Evaluaci\u00f3n comparativa de flotas<\/li>\n\t\t\t\t\t\t\t\t\t<li class=\"card-textlist-entry\">Sin llave<\/li>\n\t\t\t\t\t\t\t<\/ul>\n\t\t\n\t\t\n\t<\/div>\n<\/div><\/div><div class='flex_column av-p4d7a-3ccb026f44ea3d6a4f223ac4b358af3b av_one_third  avia-builder-el-12  el_after_av_one_third  el_before_av_one_third  md_half md_first flex_column_div column-top-margin'     ><div class=\"card card-icon card-layout-list bg-fill hl-small has-link\">\n\n\t\t\t<div class=\"card-media\">\n\t\t\t\t\t\t\t<img decoding=\"async\" src=\"https:\/\/fairfleet.de\/wp-content\/uploads\/icon-sustainability.svg\" alt=\"Begleitbild zu Sostenibilidad\" \/>\n\t\t\t\t\t<\/div>\n\t\n\t<div class=\"card-content\">\n\n\t\t\t\t\t<span class=\"card-title\">Sostenibilidad<\/span>\n\t\t\n        \n\n\t\t\t\t\t<ul class=\"card-textlist\">\n\t\t\t\t\t\t\t\t\t<li class=\"card-textlist-entry\">Flotas el\u00e9ctricas<\/li>\n\t\t\t\t\t\t\t\t\t<li class=\"card-textlist-entry\">Evaluaci\u00f3n de la idoneidad de los veh\u00edculos el\u00e9ctricos (EVSA)<\/li>\n\t\t\t\t\t\t\t\t\t<li class=\"card-textlist-entry\">Veh\u00edculos el\u00e9ctricos (EVSA)<\/li>\n\t\t\t\t\t\t\t\t\t<li class=\"card-textlist-entry\">Flota de veh\u00edculos sostenible<\/li>\n\t\t\t\t\t\t\t\t\t<li class=\"card-textlist-entry\">Herramienta de comparaci\u00f3n de bater\u00edas para veh\u00edculos el\u00e9ctricos<\/li>\n\t\t\t\t\t\t\t\t\t<li class=\"card-textlist-entry\">Herramienta de rango de temperatura<\/li>\n\t\t\t\t\t\t\t<\/ul>\n\t\t\n\t\t\n\t<\/div>\n<\/div><\/div><div class='flex_column av-jt1uu-316e1be6462c0160be1febb90a68a5ec av_one_third  avia-builder-el-14  el_after_av_one_third  el_before_av_one_third  md_half first flex_column_div column-top-margin'     ><div class=\"card card-icon card-layout-list bg-fill hl-small has-link\">\n\n\t\t\t<div class=\"card-media\">\n\t\t\t\t\t\t\t<img decoding=\"async\" src=\"https:\/\/fairfleet.de\/wp-content\/uploads\/icon-security.svg\" alt=\"Begleitbild zu Seguridad\" \/>\n\t\t\t\t\t<\/div>\n\t\n\t<div class=\"card-content\">\n\n\t\t\t\t\t<span class=\"card-title\">Seguridad<\/span>\n\t\t\n        \n\n\t\t\t\t\t<ul class=\"card-textlist\">\n\t\t\t\t\t\t\t\t\t<li class=\"card-textlist-entry\">Informes de seguridad de los conductores<\/li>\n\t\t\t\t\t\t\t\t\t<li class=\"card-textlist-entry\">Formaci\u00f3n de conductores<\/li>\n\t\t\t\t\t\t\t<\/ul>\n\t\t\n\t\t\n\t<\/div>\n<\/div><\/div><div class='flex_column av-crskm-b2af302ff2a4724c3f68a91e77042f5f av_one_third  avia-builder-el-16  el_after_av_one_third  el_before_av_one_third  md_half md_first flex_column_div column-top-margin'     ><div class=\"card card-icon card-layout-list bg-fill hl-small has-link\">\n\n\t\t\t<div class=\"card-media\">\n\t\t\t\t\t\t\t<img decoding=\"async\" src=\"https:\/\/fairfleet.de\/wp-content\/uploads\/icon-conformity.svg\" alt=\"Begleitbild zu Conformidad\" \/>\n\t\t\t\t\t<\/div>\n\t\n\t<div class=\"card-content\">\n\n\t\t\t\t\t<span class=\"card-title\">Conformidad<\/span>\n\t\t\n        \n\n\t\t\t\t\t<ul class=\"card-textlist\">\n\t\t\t\t\t\t\t\t\t<li class=\"card-textlist-entry\">Tac\u00f3grafo digital<\/li>\n\t\t\t\t\t\t\t\t\t<li class=\"card-textlist-entry\">Protecci\u00f3n de datos y GDPR<\/li>\n\t\t\t\t\t\t\t\t\t<li class=\"card-textlist-entry\">Gesti\u00f3n del transporte refrigerado<\/li>\n\t\t\t\t\t\t\t<\/ul>\n\t\t\n\t\t\n\t<\/div>\n<\/div><\/div><div class='flex_column av-a0kta-6ce07283e5e3905999617833467945b7 av_one_third  avia-builder-el-18  el_after_av_one_third  avia-builder-el-last  md_half flex_column_div column-top-margin'     ><div class=\"card card-icon card-layout-list bg-fill hl-small has-link\">\n\n\t\t\t<div class=\"card-media\">\n\t\t\t\t\t\t\t<img decoding=\"async\" src=\"https:\/\/fairfleet.de\/wp-content\/uploads\/icon-upgrades.svg\" alt=\"Begleitbild zu Capacidad de ampliaci\u00f3n\" \/>\n\t\t\t\t\t<\/div>\n\t\n\t<div class=\"card-content\">\n\n\t\t\t\t\t<span class=\"card-title\">Capacidad de ampliaci\u00f3n<\/span>\n\t\t\n        \n\n\t\t\t\t\t<ul class=\"card-textlist\">\n\t\t\t\t\t\t\t\t\t<li class=\"card-textlist-entry\">Integraci\u00f3n de software<\/li>\n\t\t\t\t\t\t\t\t\t<li class=\"card-textlist-entry\">Integraci\u00f3n de hardware<\/li>\n\t\t\t\t\t\t\t<\/ul>\n\t\t\n\t\t\n\t<\/div>\n<\/div><\/div>\n\n<\/div><\/div><\/div><!-- close content main div --><\/div><\/div><div id='av_section_3'  class='avia-section av-kwxhst2r-e0924ad7a30a85f63962d73435f7925e main_color avia-section-default avia-no-border-styling  avia-builder-el-20  el_after_av_section  avia-builder-el-last  avia-bg-style-scroll container_wrap fullsize'  ><div class='container av-section-cont-open' ><div class='template-page content  av-content-full alpha units'><div class='post-entry post-entry-type-page post-entry-2600'><div class='entry-content-wrapper clearfix'>\n<div class=\"pxl-headline pxl-hl hl-wrap | hl-sub--bot hl--align-left hl--small-margin \">\n\t<div class=\"hl-inner\">\n\t\t\t<h2 class=\"hl-main hl-line |  hl_main--h1\">\u00bfDesea m\u00e1s informaci\u00f3n sobre las soluciones <strong>Geotab y Fairfleet?<\/strong><\/h2>\n\t\t\t<span class=\"hl-sub hl-line |  hl_sub--default\">Entonces esperamos su consulta<\/span>\n\t<\/div>\n<\/div>\n\n \n       \n        <div class=\"contactblock-column contactblock-person contactblock-address bg-fill inset br-default flex_column av_one_third column-top-margin first\">\n            <p>\n                <span class=\"contactblock-address-title\">P\u00f3ngase en contacto con nosotros<\/span>\n                <span class=\"contactblock-address-subtitle\">Estaremos encantados de asesorarle<\/span>\n            <\/p>\n            <p>\n                <span class=\"company-title\">Fairfleet - Telematiksysteme<\/span>\n            <\/p>\n            <p>\n                Robert-Bosch-Str. 15<br\/>\n                42489 W\u00fclfrath<br\/>\n                Alemania\n            <\/p>\n            <p>\n                <strong>Tel.:<\/strong><a href=\"tel:0492058778210\">+49 20 58 77 82 10<\/a>\n            <\/p>\n            <p>\n                <strong><a href=\"mailto:info@fairfleet.de\">info@fairfleet.de<\/a><\/strong>\n            <\/p>\n        <\/div>\n     \n    <div class=\"contactblock-column contactblock-form flex_column av_two_third column-top-margin column-flex-grow\">\n        \n<div class=\"wpcf7 no-js\" id=\"wpcf7-f2749-o1\" lang=\"es-ES\" dir=\"ltr\">\n<div class=\"screen-reader-response\"><p role=\"status\" aria-live=\"polite\" aria-atomic=\"true\"><\/p> <ul><\/ul><\/div>\n<form action=\"\/es\/wp-json\/wp\/v2\/pages\/2600#wpcf7-f2749-o1\" method=\"post\" class=\"wpcf7-form init\" aria-label=\"Formulario de contacto\" novalidate=\"novalidate\" data-status=\"init\">\n<div style=\"display: none;\">\n<input type=\"hidden\" name=\"_wpcf7\" value=\"2749\" \/>\n<input type=\"hidden\" name=\"_wpcf7_version\" value=\"5.8.5\" \/>\n<input type=\"hidden\" name=\"_wpcf7_locale\" value=\"es_ES\" \/>\n<input type=\"hidden\" name=\"_wpcf7_unit_tag\" value=\"wpcf7-f2749-o1\" \/>\n<input type=\"hidden\" name=\"_wpcf7_container_post\" value=\"0\" \/>\n<input type=\"hidden\" name=\"_wpcf7_posted_data_hash\" value=\"\" \/>\n<input type=\"hidden\" name=\"_wpcf7_recaptcha_response\" value=\"\" \/>\n<\/div>\n<div class=\"cf-fields fancy\">\n\t<div class=\"cf-field half\">\n\t\t<p><label>La empresa<\/label><span class=\"wpcf7-form-control-wrap\" data-name=\"company\"><input size=\"40\" class=\"wpcf7-form-control wpcf7-text\" aria-invalid=\"false\" value=\"\" type=\"text\" name=\"company\" \/><\/span>\n\t\t<\/p>\n\t<\/div>\n\t<div class=\"cf-field half\">\n\t\t<p><label>Nombre<\/label><span class=\"wpcf7-form-control-wrap\" data-name=\"nname\"><input size=\"40\" class=\"wpcf7-form-control wpcf7-text\" aria-invalid=\"false\" value=\"\" type=\"text\" name=\"nname\" \/><\/span>\n\t\t<\/p>\n\t<\/div>\n\t<div class=\"cf-field half\">\n\t\t<p><label>correo electr\u00f3nico<\/label><span class=\"wpcf7-form-control-wrap\" data-name=\"email\"><input size=\"40\" class=\"wpcf7-form-control wpcf7-email wpcf7-validates-as-required wpcf7-text wpcf7-validates-as-email\" aria-required=\"true\" aria-invalid=\"false\" value=\"\" type=\"email\" name=\"email\" \/><\/span>\n\t\t<\/p>\n\t<\/div>\n\t<div class=\"cf-field half\">\n\t\t<p><label>Tel\u00e9fono<\/label><span class=\"wpcf7-form-control-wrap\" data-name=\"phone\"><input size=\"40\" class=\"wpcf7-form-control wpcf7-text\" aria-invalid=\"false\" value=\"\" type=\"text\" name=\"phone\" \/><\/span>\n\t\t<\/p>\n\t<\/div>\n\t<div class=\"cf-field headline\">\n\t\t<p>Acuerdo de retirada\n\t\t<\/p>\n\t<\/div>\n\t<div class=\"cf-field half special date\">\n\t\t<p><span class=\"wpcf7-form-control-wrap\" data-name=\"datum\"><input class=\"wpcf7-form-control wpcf7-date wpcf7-validates-as-date\" aria-invalid=\"false\" placeholder=\"fecha\" value=\"\" type=\"date\" name=\"datum\" \/><\/span>\n\t\t<\/p>\n\t<\/div>\n\t<div class=\"cf-field half special time\">\n\t\t<p><span class=\"wpcf7-form-control-wrap\" data-name=\"time\"><input size=\"40\" class=\"wpcf7-form-control wpcf7-text\" aria-invalid=\"false\" placeholder=\"Hora del d\u00eda\" value=\"\" type=\"text\" name=\"time\" \/><\/span>\n\t\t<\/p>\n\t<\/div>\n\t<div class=\"cf-field\">\n\t\t<p><span class=\"wpcf7-form-control-wrap\" data-name=\"msg\"><textarea cols=\"40\" rows=\"10\" class=\"wpcf7-form-control wpcf7-textarea\" aria-invalid=\"false\" placeholder=\"Mensaje\" name=\"msg\"><\/textarea><\/span>\n\t\t<\/p>\n\t<\/div>\n<\/div>\n<div class=\"cf-footer\">\n\t<div class=\"cf-ds\">\n\t\t<p><span class=\"wpcf7-form-control-wrap\" data-name=\"ds\"><span class=\"wpcf7-form-control wpcf7-acceptance\"><span class=\"wpcf7-list-item\"><input type=\"checkbox\" name=\"ds\" value=\"1\" aria-invalid=\"false\" \/><\/span><\/span><\/span><span class=\"cf-ds-text\">Por la presente acepto las <a href=\"\/es\/politica-de-privacidad\/\">normas de protecci\u00f3n de datos<\/a>.<\/span>\n\t\t<\/p>\n\t<\/div>\n\t<div class=\"cf-send\">\n\t\t<p><input class=\"wpcf7-form-control wpcf7-submit has-spinner\" type=\"submit\" value=\"Enviar\" \/>\n\t\t<\/p>\n\t<\/div>\n<\/div><div class=\"wpcf7-response-output\" aria-hidden=\"true\"><\/div>\n<\/form>\n<\/div>\n\n    <\/div>\n\n\n","protected":false},"excerpt":{"rendered":"","protected":false},"author":1,"featured_media":0,"parent":1813,"menu_order":0,"comment_status":"closed","ping_status":"closed","template":"","meta":{"footnotes":""},"_links":{"self":[{"href":"https:\/\/fairfleet.de\/es\/wp-json\/wp\/v2\/pages\/2600"}],"collection":[{"href":"https:\/\/fairfleet.de\/es\/wp-json\/wp\/v2\/pages"}],"about":[{"href":"https:\/\/fairfleet.de\/es\/wp-json\/wp\/v2\/types\/page"}],"author":[{"embeddable":true,"href":"https:\/\/fairfleet.de\/es\/wp-json\/wp\/v2\/users\/1"}],"replies":[{"embeddable":true,"href":"https:\/\/fairfleet.de\/es\/wp-json\/wp\/v2\/comments?post=2600"}],"version-history":[{"count":2,"href":"https:\/\/fairfleet.de\/es\/wp-json\/wp\/v2\/pages\/2600\/revisions"}],"predecessor-version":[{"id":2636,"href":"https:\/\/fairfleet.de\/es\/wp-json\/wp\/v2\/pages\/2600\/revisions\/2636"}],"up":[{"embeddable":true,"href":"https:\/\/fairfleet.de\/es\/wp-json\/wp\/v2\/pages\/1813"}],"wp:attachment":[{"href":"https:\/\/fairfleet.de\/es\/wp-json\/wp\/v2\/media?parent=2600"}],"curies":[{"name":"wp","href":"https:\/\/api.w.org\/{rel}","templated":true}]}}