{"id":1763,"date":"2021-12-09T15:34:33","date_gmt":"2021-12-09T14:34:33","guid":{"rendered":"https:\/\/fairfleet.de\/a-propos-de-nous\/"},"modified":"2024-03-05T14:11:56","modified_gmt":"2024-03-05T13:11:56","slug":"a-propos-de-nous","status":"publish","type":"page","link":"https:\/\/fairfleet.de\/fr\/a-propos-de-nous\/","title":{"rendered":"\u00c0 propos de nous"},"content":{"rendered":"<div id='layer_slider_1'  class='avia-layerslider main_color avia-shadow  avia-builder-el-0  el_before_av_section  avia-builder-el-first  container_wrap fullsize'  style='height: 485px; max-width: 1920px; margin: 0 auto;'  ><\/div>\n<div id='av_section_1'  class='avia-section av-so372-e3129e42c23ab6e312da48370a368082 main_color avia-section-default avia-no-border-styling  avia-builder-el-1  el_after_av_layerslider  el_before_av_section  avia-bg-style-scroll container_wrap fullsize'  ><div class='container av-section-cont-open' ><div class='template-page content  av-content-full alpha units'><div class='post-entry post-entry-type-page post-entry-1763'><div class='entry-content-wrapper clearfix'>\n<div class='flex_column av-g6b2e-726af301a921ace904103d95cbb7f54a av_three_fourth  avia-builder-el-2  el_before_av_one_fourth  avia-builder-el-first  first flex_column_div '     ><section  class='av_textblock_section av-b1yk3-d00550b1db12dc09af190daa3452c280'  itemscope=\"itemscope\" itemtype=\"https:\/\/schema.org\/CreativeWork\" ><div class='avia_textblock'  itemprop=\"text\" ><p>En 2011, Fairfleet a \u00e9t\u00e9 cr\u00e9\u00e9e en tant que start-up pour num\u00e9riser les processus de gestion de flotte. Apr\u00e8s des recherches intensives sur le march\u00e9, nous avons alors opt\u00e9 pour la technologie de Geotab, l&rsquo;un des principaux fournisseurs mondiaux de solutions de gestion de flotte et de localisation de v\u00e9hicules. Aujourd&rsquo;hui, cela s&rsquo;est transform\u00e9 en un partenariat intensif.<\/p>\n<\/div><\/section><\/div><div class='flex_column av-yxctv-e7606af0adff07adbfbfc78cba352256 av_one_fourth  avia-builder-el-4  el_after_av_three_fourth  el_before_av_one_third  flex_column_div '     ><style type=\"text\/css\" data-created_by=\"avia_inline_auto\" id=\"style-css-av-kwz29kyq-67c8f0f89012e7b09b062eaa35d36d6a\">\n.avia-image-container.av-kwz29kyq-67c8f0f89012e7b09b062eaa35d36d6a img.avia_image{\nbox-shadow:none;\n}\n.avia-image-container.av-kwz29kyq-67c8f0f89012e7b09b062eaa35d36d6a .av-image-caption-overlay-center{\ncolor:#ffffff;\n}\n<\/style>\n<div  class='avia-image-container av-kwz29kyq-67c8f0f89012e7b09b062eaa35d36d6a av-styling- avia-align-center  avia-builder-el-5  avia-builder-el-no-sibling  br-off'   itemprop=\"image\" itemscope=\"itemscope\" itemtype=\"https:\/\/schema.org\/ImageObject\" ><div class=\"avia-image-container-inner\"><div class=\"avia-image-overlay-wrap\"><img decoding=\"async\" class='wp-image-107 avia-img-lazy-loading-not-107 avia_image ' src=\"https:\/\/fairfleet.de\/wp-content\/uploads\/geotab-logo-300x39.jpg\" alt='' title='geotab-logo'  height=\"39\" width=\"300\"  itemprop=\"thumbnailUrl\" srcset=\"https:\/\/fairfleet.de\/wp-content\/uploads\/geotab-logo-300x39.jpg 300w, https:\/\/fairfleet.de\/wp-content\/uploads\/geotab-logo.jpg 478w\" sizes=\"(max-width: 300px) 100vw, 300px\" \/><\/div><\/div><\/div><\/div><div class='flex_column av-m4vlq-22cb709cd507f90bb3d78a8c4ee8016e av_one_third  avia-builder-el-6  el_after_av_one_fourth  el_before_av_one_third  md_half md_first first flex_column_div column-top-margin'     ><div class=\"card card-icon bg-fill hl-small has-link\">\n\n\t\t\t<div class=\"card-media\">\n\t\t\t\t\t\t\t<img decoding=\"async\" src=\"https:\/\/fairfleet.de\/wp-content\/uploads\/icon-dealer.svg\" alt=\"Begleitbild zu Revendeurs Geotab\" \/>\n\t\t\t\t\t<\/div>\n\t\n\t<div class=\"card-content\">\n\n\t\t\t\t\t<span class=\"card-title\">Revendeurs Geotab<\/span>\n\t\t\n        \n\n\t\t\t\t\t<div class=\"card-textblock\"><p>En tant que revendeur agr\u00e9\u00e9 Geotab, nous avons d\u00e9j\u00e0 mis en r\u00e9seau avec succ\u00e8s un grand nombre de flottes de v\u00e9hicules et pouvons donc nous appuyer sur de nombreuses exp\u00e9riences.<\/p><\/div>\n\t\t\n\t\t\n\t<\/div>\n<\/div><\/div><div class='flex_column av-q41zn-64b2f194b7b836fb005f75a78b9e9743 av_one_third  avia-builder-el-8  el_after_av_one_third  el_before_av_one_third  md_half flex_column_div column-top-margin'     ><div class=\"card card-icon bg-fill hl-small has-link\">\n\n\t\t\t<div class=\"card-media\">\n\t\t\t\t\t\t\t<img decoding=\"async\" src=\"https:\/\/fairfleet.de\/wp-content\/uploads\/icon-partner.svg\" alt=\"Begleitbild zu Partenaire produit du logiciel Geotab\" \/>\n\t\t\t\t\t<\/div>\n\t\n\t<div class=\"card-content\">\n\n\t\t\t\t\t<span class=\"card-title\">Partenaire produit du logiciel Geotab<\/span>\n\t\t\n        \n\n\t\t\t\t\t<div class=\"card-textblock\"><p>En tant que partenaire produit logiciel de Geotab, nous d\u00e9veloppons diff\u00e9rentes applications et add-ins qui peuvent \u00eatre achet\u00e9s pour int\u00e9grer de nouvelles fonctionnalit\u00e9s \u00e0 MyGeotab. L\u2019une de ces applications est notre application Eco.<\/p><\/div>\n\t\t\n\t\t\n\t<\/div>\n<\/div><\/div><div class='flex_column av-g22cr-49e2e63aa8049843dae83ea4d000a997 av_one_third  avia-builder-el-10  el_after_av_one_third  avia-builder-el-last  md_half md_first flex_column_div column-top-margin'     ><div class=\"card card-icon bg-fill hl-small has-link\">\n\n\t\t\t<div class=\"card-media\">\n\t\t\t\t\t\t\t<img decoding=\"async\" src=\"https:\/\/fairfleet.de\/wp-content\/uploads\/icon-marketplace.svg\" alt=\"Begleitbild zu Partenaire du march\u00e9 Geotab\" \/>\n\t\t\t\t\t<\/div>\n\t\n\t<div class=\"card-content\">\n\n\t\t\t\t\t<span class=\"card-title\">Partenaire du march\u00e9 Geotab<\/span>\n\t\t\n        \n\n\t\t\t\t\t<div class=\"card-textblock\"><p>Nous travaillons actuellement \u00e0 la finalisation et \u00e0 la mise \u00e0 disposition de notre application Eco sur le Geotab Marketplace. Cela nous permettra \u00e9galement d\u2019obtenir le statut de partenaire de la place de march\u00e9 Geotab.<\/p><\/div>\n\t\t\n\t\t\n\t<\/div>\n<\/div><\/div><\/div><\/div><\/div><!-- close content main div --><\/div><\/div>\n<style type=\"text\/css\" data-created_by=\"avia_inline_auto\" id=\"style-css-av-kwz2nlky-337e52132b27e06680d7805f4210e94e\">\n.avia-section.av-kwz2nlky-337e52132b27e06680d7805f4210e94e .av-parallax .av-parallax-inner{\nbackground-repeat:no-repeat;\nbackground-image:url(https:\/\/fairfleet.de\/wp-content\/uploads\/parallax-flotte.jpg);\nbackground-position:50% 50%;\nbackground-attachment:scroll;\n}\n<\/style>\n<div id='av_section_2'  class='avia-section av-kwz2nlky-337e52132b27e06680d7805f4210e94e alternate_color avia-section-default avia-no-border-styling  avia-builder-el-12  el_after_av_section  el_before_av_section  av-parallax-section avia-bg-style-parallax av-minimum-height av-minimum-height-custom  container_wrap fullsize'  data-section-bg-repeat='no-repeat' data-av_minimum_height_px='520'><div class='av-parallax' data-avia-parallax-ratio='0.3' ><div class='av-parallax-inner alternate_color avia-full-stretch'><\/div><\/div><div class='container av-section-cont-open' style='height:520px'><div class='template-page content  av-content-full alpha units'><div class='post-entry post-entry-type-page post-entry-1763'><div class='entry-content-wrapper clearfix'><\/p>\n<\/div><\/div><\/div><!-- close content main div --><\/div><\/div><div id='av_section_3'  class='avia-section av-kwxdw0pg-979076944581a2925acd1f1396ea427f main_color avia-section-default avia-no-border-styling  avia-builder-el-13  el_after_av_section  el_before_av_section  avia-bg-style-scroll container_wrap fullsize'  ><div class='container av-section-cont-open' ><div class='template-page content  av-content-full alpha units'><div class='post-entry post-entry-type-page post-entry-1763'><div class='entry-content-wrapper clearfix'>\n<div class='flex_column av-f174m-17ff861bc255dc6b95935082ca0f5a81 av_three_fifth  avia-builder-el-14  el_before_av_two_fifth  avia-builder-el-first  av_seven_twelfth first flex_column_div '     ><p><div class=\"pxl-headline pxl-hl hl-wrap | hl-sub--off hl--align-left  \">\n\t<div class=\"hl-inner\">\n\t\t\t<h2 class=\"hl-main hl-line |  hl_main--h1\">Votre entr\u00e9e dans une <strong>gestion de flotte<\/strong> efficace et \u00e9volutive<\/h2>\n\t\t\t\n\t<\/div>\n<\/div>\n<br \/>\n<section  class='av_textblock_section av-kwxho3gv-6876384ccf12bcd61e5c973162d1208a'  itemscope=\"itemscope\" itemtype=\"https:\/\/schema.org\/CreativeWork\" ><div class='avia_textblock'  itemprop=\"text\" ><p>Vous \u00eates int\u00e9ress\u00e9 par la gestion num\u00e9rique de votre flotte ? Il n&rsquo;est pas du tout compliqu\u00e9 de commencer. Le plus important est de vous conseiller correctement d\u00e8s le d\u00e9but. Nous prenons note de vos souhaits, analysons votre situation actuelle et d\u00e9terminons ensuite les potentiels pour votre entreprise. Sur cette base, nous cr\u00e9ons pour vous une solution num\u00e9rique sur mesure pour la gestion de votre parc automobile.<\/p>\n<p><strong>Fairfleet vous accompagne simplement et avec comp\u00e9tence tout au long du processus.<\/strong><\/p>\n<\/div><\/section><\/p><\/div><div class='flex_column av-kwz2sf3q-b851b9f273d6704d6320d7c4b9bc5adf av_two_fifth  avia-builder-el-17  el_after_av_three_fifth  avia-builder-el-last  bg-fill inset br-default av_five_twelfth flex_column_div '     ><p><div class=\"pxl-headline pxl-hl hl-wrap | hl-sub--off hl--align-left hl--small-margin \">\n\t<div class=\"hl-inner\">\n\t\t\t<span class=\"hl-main hl-line |  hl_main--h5\">Pas \u00e0 pas vers la gestion de flotte num\u00e9rique :<\/span>\n\t\t\t\n\t<\/div>\n<\/div>\n<br \/>\n<section  class='av_textblock_section av-kwz2s4dp-331afc646952e0d44477e14e1f50ae47'  itemscope=\"itemscope\" itemtype=\"https:\/\/schema.org\/CreativeWork\" ><div class='avia_textblock'  itemprop=\"text\" ><ol>\n<li>Demande<\/li>\n<li>Pr\u00e9sentation gratuite de produits<\/li>\n<li>Analyse du potentiel<\/li>\n<li>Essai avec un v\u00e9hicule<\/li>\n<li>Offre et mandat<\/li>\n<li>Configuration du logiciel t\u00e9l\u00e9matique<\/li>\n<li>Installation des dispositifs de collecte de donn\u00e9es Geotab dans vos v\u00e9hicules<\/li>\n<li>Personnalisation du logiciel en fonction de vos besoins<\/li>\n<li>Approbation, mise en service et formation<\/li>\n<li>Support et accompagnement<\/li>\n<\/ol>\n<\/div><\/section><\/p><\/div>\n\n<\/div><\/div><\/div><!-- close content main div --><\/div><\/div><div id='av_section_4'  class='avia-section av-kwxhst2r-f6d768be3ecee5d92faad5eb40b6d38f alternate_color avia-section-default avia-no-border-styling  avia-builder-el-20  el_after_av_section  avia-builder-el-last  avia-bg-style-scroll container_wrap fullsize'  ><div class='container av-section-cont-open' ><div class='template-page content  av-content-full alpha units'><div class='post-entry post-entry-type-page post-entry-1763'><div class='entry-content-wrapper clearfix'>\n<div class=\"pxl-headline pxl-hl hl-wrap | hl-sub--bot hl--align-left hl--small-margin \">\n\t<div class=\"hl-inner\">\n\t\t\t<h2 class=\"hl-main hl-line |  hl_main--h1\">Vous souhaitez obtenir plus d\u2019informations sur les solutions <strong>Geotab et Fairfleet ?<\/strong><\/h2>\n\t\t\t<span class=\"hl-sub hl-line |  hl_sub--default\">N\u2019h\u00e9sitez pas \u00e0 nous contacter<\/span>\n\t<\/div>\n<\/div>\n\n \n       \n        <div class=\"contactblock-column contactblock-person contactblock-address bg-fill inset br-default flex_column av_one_third column-top-margin first\">\n            <p>\n                <span class=\"contactblock-address-title\">Contactez-nous maintenant<\/span>\n                <span class=\"contactblock-address-subtitle\">Nous vous conseillons volontiers<\/span>\n            <\/p>\n            <p>\n                <span class=\"company-title\">Fairfleet - Telematiksysteme<\/span>\n            <\/p>\n            <p>\n                Robert-Bosch-Str. 15<br\/>\n                42489 W\u00fclfrath<br\/>\n                Allemagne\n            <\/p>\n            <p>\n                <strong>Tel.:<\/strong><a href=\"tel:0492058778210\">+49 20 58 77 82 10<\/a>\n            <\/p>\n            <p>\n                <strong><a href=\"mailto:info@fairfleet.de\">info@fairfleet.de<\/a><\/strong>\n            <\/p>\n        <\/div>\n     \n    <div class=\"contactblock-column contactblock-form flex_column av_two_third column-top-margin column-flex-grow\">\n        \n<div class=\"wpcf7 no-js\" id=\"wpcf7-f2745-o1\" lang=\"fr-FR\" dir=\"ltr\">\n<div class=\"screen-reader-response\"><p role=\"status\" aria-live=\"polite\" aria-atomic=\"true\"><\/p> <ul><\/ul><\/div>\n<form action=\"\/fr\/wp-json\/wp\/v2\/pages\/1763#wpcf7-f2745-o1\" method=\"post\" class=\"wpcf7-form init\" aria-label=\"Formulaire de contact\" novalidate=\"novalidate\" data-status=\"init\">\n<div style=\"display: none;\">\n<input type=\"hidden\" name=\"_wpcf7\" value=\"2745\" \/>\n<input type=\"hidden\" name=\"_wpcf7_version\" value=\"5.8.5\" \/>\n<input type=\"hidden\" name=\"_wpcf7_locale\" value=\"fr_FR\" \/>\n<input type=\"hidden\" name=\"_wpcf7_unit_tag\" value=\"wpcf7-f2745-o1\" \/>\n<input type=\"hidden\" name=\"_wpcf7_container_post\" value=\"0\" \/>\n<input type=\"hidden\" name=\"_wpcf7_posted_data_hash\" value=\"\" \/>\n<input type=\"hidden\" name=\"_wpcf7_recaptcha_response\" value=\"\" \/>\n<\/div>\n<div class=\"cf-fields fancy\">\n\t<div class=\"cf-field half\">\n\t\t<p><label>Soci\u00e9t\u00e9<\/label><span class=\"wpcf7-form-control-wrap\" data-name=\"company\"><input size=\"40\" class=\"wpcf7-form-control wpcf7-text\" aria-invalid=\"false\" value=\"\" type=\"text\" name=\"company\" \/><\/span>\n\t\t<\/p>\n\t<\/div>\n\t<div class=\"cf-field half\">\n\t\t<p><label>Nom<\/label><span class=\"wpcf7-form-control-wrap\" data-name=\"nname\"><input size=\"40\" class=\"wpcf7-form-control wpcf7-text\" aria-invalid=\"false\" value=\"\" type=\"text\" name=\"nname\" \/><\/span>\n\t\t<\/p>\n\t<\/div>\n\t<div class=\"cf-field half\">\n\t\t<p><label>E-mail<\/label><span class=\"wpcf7-form-control-wrap\" data-name=\"email\"><input size=\"40\" class=\"wpcf7-form-control wpcf7-email wpcf7-validates-as-required wpcf7-text wpcf7-validates-as-email\" aria-required=\"true\" aria-invalid=\"false\" value=\"\" type=\"email\" name=\"email\" \/><\/span>\n\t\t<\/p>\n\t<\/div>\n\t<div class=\"cf-field half\">\n\t\t<p><label>T\u00e9l\u00e9phone<\/label><span class=\"wpcf7-form-control-wrap\" data-name=\"phone\"><input size=\"40\" class=\"wpcf7-form-control wpcf7-text\" aria-invalid=\"false\" value=\"\" type=\"text\" name=\"phone\" \/><\/span>\n\t\t<\/p>\n\t<\/div>\n\t<div class=\"cf-field headline\">\n\t\t<p>Accord de rappel\n\t\t<\/p>\n\t<\/div>\n\t<div class=\"cf-field half special date\">\n\t\t<p><span class=\"wpcf7-form-control-wrap\" data-name=\"datum\"><input class=\"wpcf7-form-control wpcf7-date wpcf7-validates-as-date\" aria-invalid=\"false\" placeholder=\"Date\" value=\"\" type=\"date\" name=\"datum\" \/><\/span>\n\t\t<\/p>\n\t<\/div>\n\t<div class=\"cf-field half special time\">\n\t\t<p><span class=\"wpcf7-form-control-wrap\" data-name=\"time\"><input size=\"40\" class=\"wpcf7-form-control wpcf7-text\" aria-invalid=\"false\" placeholder=\"Heure\" value=\"\" type=\"text\" name=\"time\" \/><\/span>\n\t\t<\/p>\n\t<\/div>\n\t<div class=\"cf-field\">\n\t\t<p><span class=\"wpcf7-form-control-wrap\" data-name=\"msg\"><textarea cols=\"40\" rows=\"10\" class=\"wpcf7-form-control wpcf7-textarea\" aria-invalid=\"false\" placeholder=\"Message\" name=\"msg\"><\/textarea><\/span>\n\t\t<\/p>\n\t<\/div>\n<\/div>\n<div class=\"cf-footer\">\n\t<div class=\"cf-ds\">\n\t\t<p><span class=\"wpcf7-form-control-wrap\" data-name=\"ds\"><span class=\"wpcf7-form-control wpcf7-acceptance\"><span class=\"wpcf7-list-item\"><input type=\"checkbox\" name=\"ds\" value=\"1\" aria-invalid=\"false\" \/><\/span><\/span><\/span><span class=\"cf-ds-text\">Par la pr\u00e9sente, j'accepte la <a href=\"\/fr\/declaration-de-confidentialite\/\">politique de confidentialit\u00e9<\/a>.<\/span>\n\t\t<\/p>\n\t<\/div>\n\t<div class=\"cf-send\">\n\t\t<p><input class=\"wpcf7-form-control wpcf7-submit has-spinner\" type=\"submit\" value=\"Prendre contact\" \/>\n\t\t<\/p>\n\t<\/div>\n<\/div><div class=\"wpcf7-response-output\" aria-hidden=\"true\"><\/div>\n<\/form>\n<\/div>\n\n    <\/div>\n\n\n","protected":false},"excerpt":{"rendered":"","protected":false},"author":1,"featured_media":0,"parent":0,"menu_order":7,"comment_status":"closed","ping_status":"closed","template":"","meta":{"footnotes":""},"_links":{"self":[{"href":"https:\/\/fairfleet.de\/fr\/wp-json\/wp\/v2\/pages\/1763"}],"collection":[{"href":"https:\/\/fairfleet.de\/fr\/wp-json\/wp\/v2\/pages"}],"about":[{"href":"https:\/\/fairfleet.de\/fr\/wp-json\/wp\/v2\/types\/page"}],"author":[{"embeddable":true,"href":"https:\/\/fairfleet.de\/fr\/wp-json\/wp\/v2\/users\/1"}],"replies":[{"embeddable":true,"href":"https:\/\/fairfleet.de\/fr\/wp-json\/wp\/v2\/comments?post=1763"}],"version-history":[{"count":16,"href":"https:\/\/fairfleet.de\/fr\/wp-json\/wp\/v2\/pages\/1763\/revisions"}],"predecessor-version":[{"id":2652,"href":"https:\/\/fairfleet.de\/fr\/wp-json\/wp\/v2\/pages\/1763\/revisions\/2652"}],"wp:attachment":[{"href":"https:\/\/fairfleet.de\/fr\/wp-json\/wp\/v2\/media?parent=1763"}],"curies":[{"name":"wp","href":"https:\/\/api.w.org\/{rel}","templated":true}]}}