{"id":1878,"date":"2021-12-07T13:35:42","date_gmt":"2021-12-07T12:35:42","guid":{"rendered":"https:\/\/fairfleet.de\/mentions-legales\/"},"modified":"2024-11-13T13:46:29","modified_gmt":"2024-11-13T12:46:29","slug":"mentions-legales","status":"publish","type":"page","link":"https:\/\/fairfleet.de\/fr\/mentions-legales\/","title":{"rendered":"Mentions l\u00e9gales"},"content":{"rendered":"<div id='av_section_1'  class='avia-section av-2vh21-1c73bdd8bb803ae6ede57271ca4de1a2 main_color avia-section-default avia-no-border-styling  avia-builder-el-0  avia-builder-el-no-sibling  avia-bg-style-scroll container_wrap fullsize'  ><div class='container av-section-cont-open' ><main  role=\"main\" itemprop=\"mainContentOfPage\"  class='template-page content  av-content-full alpha units'><div class='post-entry post-entry-type-page post-entry-1878'><div class='entry-content-wrapper clearfix'>\n<div class=\"pxl-headline pxl-hl hl-wrap | hl-sub--off hl--align-left  \">\n\t<div class=\"hl-inner\">\n\t\t\t<h1 class=\"hl-main hl-line |  hl_main--default\">Mentions l\u00e9gales<\/h1>\n\t\t\t\n\t<\/div>\n<\/div>\n\n<div class='flex_column av-1xzkt-ff0d241c4229d8d9933e1846ba746d3b av_one_half  avia-builder-el-2  el_after_pixel-headline  el_before_av_one_half  first flex_column_div '     ><section  class='av_textblock_section av-kww54q6o-7f312ee0d545cd2f7704a70356352cae'  itemscope=\"itemscope\" itemtype=\"https:\/\/schema.org\/CreativeWork\" ><div class='avia_textblock'  itemprop=\"text\" ><p>Fairfleet GmbH &amp; Co. KG<br \/>\nRobert-Bosch-Str. 15<br \/>\n42489 W\u00fclfrath<br \/>\nAllemagne<\/p>\n<p>Registre du commerce AG Wuppertal, HRA 24878<\/p>\n<p>Repr\u00e9sent\u00e9 par :<\/p>\n<p>associ\u00e9 responsable personnellement : Hecker Verwaltung GmbH<br \/>\nG\u00e9rant autoris\u00e9 \u00e0 repr\u00e9senter la soci\u00e9t\u00e9 et responsable du contenu : Heinrich Hecker<\/p>\n<p>Registre du commerce de Wuppertal, HRB 29356<\/p>\n<h5>Contact<\/h5>\n<p>T\u00e9l\u00e9phone : +49 20 58 77 82 10<br \/>\nT\u00e9l\u00e9copieur : +49 20 58 77 82 28<br \/>\nCourrier \u00e9lectronique : <a href=\"mailto:info@fairfleet.de\">info@fairfleet.de<\/a><\/p>\n<h5>Num\u00e9ro d&rsquo;identification de la taxe sur le chiffre d&rsquo;affaires<\/h5>\n<p>Num\u00e9ro de TVA FR323769344<\/p>\n<h5>Responsable du contenu<\/h5>\n<p>associ\u00e9 responsable personnellement : Hecker Verwaltung GmbH<br \/>\nG\u00e9rant autoris\u00e9 \u00e0 repr\u00e9senter la soci\u00e9t\u00e9 et responsable du contenu : Heinrich Hecker<\/p>\n<p>La Commission europ\u00e9enne met \u00e0 disposition une plateforme de r\u00e8glement en ligne des litiges (RLL) :<br \/>\n<a href=\"https:\/\/ec.europa.eu\/consumers\/odr\">https:\/\/ec.europa.eu\/consumers\/odr<\/a><\/p>\n<p>Vous trouverez notre adresse \u00e9lectronique dans les mentions l\u00e9gales ci-dessus.<\/p>\n<p>Nous ne sommes pas dispos\u00e9s ou oblig\u00e9s de participer \u00e0 des proc\u00e9dures de r\u00e8glement des litiges devant un organisme de conciliation des consommateurs.<\/p>\n<h5>R\u00e9alisation<\/h5>\n<p>Conception, webdesign et r\u00e9alisation : <a href=\"https:\/\/pixelproduction.de\/\">PixelProduction GmbH &amp; Co. KG<\/a><\/p>\n<\/div><\/section><\/div><div class='flex_column av-1j5xp-a162ae1f7a436b7271e5119001756137 av_one_half  avia-builder-el-4  el_after_av_one_half  avia-builder-el-last  flex_column_div '     ><section  class='av_textblock_section av-nsox-ad0a2253b1af9a6f954351e6d41bfd26'  itemscope=\"itemscope\" itemtype=\"https:\/\/schema.org\/CreativeWork\" ><div class='avia_textblock'  itemprop=\"text\" ><h5>Responsabilit\u00e9 du contenu<\/h5>\n<p>En tant que prestataire de services, nous sommes tenus, conform\u00e9ment au \u00a7 7 Abs. 1 DDG pour ses propres contenus sur ces pages selon les lois g\u00e9n\u00e9rales. Conform\u00e9ment aux \u00a7\u00a7 8 \u00e0 10 de la DDG, nous ne sommes toutefois pas tenus, en tant que prestataire de services, de surveiller les informations externes transmises ou enregistr\u00e9es ou de rechercher des circonstances indiquant une activit\u00e9 ill\u00e9gale.<\/p>\n<p>Les obligations de supprimer ou de bloquer l&rsquo;utilisation d&rsquo;informations conform\u00e9ment aux lois g\u00e9n\u00e9rales ne sont pas affect\u00e9es par cette disposition. Une responsabilit\u00e9 \u00e0 cet \u00e9gard n&rsquo;est toutefois possible qu&rsquo;\u00e0 partir du moment o\u00f9 une violation concr\u00e8te de la loi est connue. Si nous prenons connaissance d&rsquo;une telle violation, nous supprimerons imm\u00e9diatement ce contenu.<\/p>\n<h5>Responsabilit\u00e9 des liens<\/h5>\n<p>Notre offre contient des liens vers des sites web externes de tiers, sur lesquels nous n&rsquo;avons aucune influence. Nous ne pouvons donc pas nous porter garants de ces contenus externes. Le fournisseur ou l&rsquo;exploitant des pages li\u00e9es est toujours responsable du contenu de ces pages. Les pages li\u00e9es ont \u00e9t\u00e9 v\u00e9rifi\u00e9es au moment de la cr\u00e9ation du lien afin de s&rsquo;assurer qu&rsquo;elles n&rsquo;enfreignaient pas la loi. Aucun contenu ill\u00e9gal n&rsquo;a \u00e9t\u00e9 identifi\u00e9 au moment de la cr\u00e9ation des liens.<\/p>\n<p>Un contr\u00f4le permanent du contenu des pages li\u00e9es n&rsquo;est cependant pas exigible sans indices concrets d&rsquo;une violation de la loi. Si nous prenons connaissance d&rsquo;une violation de la loi, nous supprimerons imm\u00e9diatement les liens en question.<\/p>\n<h5>Droit d&rsquo;auteur<\/h5>\n<p>Les contenus et \u0153uvres cr\u00e9\u00e9s par les exploitants de ces pages sont soumis au droit d&rsquo;auteur allemand. La reproduction, le traitement, la diffusion et toute forme d&rsquo;exploitation en dehors des limites du droit d&rsquo;auteur requi\u00e8rent l&rsquo;accord \u00e9crit de l&rsquo;auteur ou du cr\u00e9ateur concern\u00e9. Les t\u00e9l\u00e9chargements et les copies de cette page ne sont autoris\u00e9s que pour un usage priv\u00e9 et non commercial.<\/p>\n<p>Dans la mesure o\u00f9 les contenus de ce site n&rsquo;ont pas \u00e9t\u00e9 cr\u00e9\u00e9s par l&rsquo;exploitant, les droits d&rsquo;auteur de tiers sont respect\u00e9s. En particulier, les contenus de tiers sont identifi\u00e9s comme tels. Si vous constatez n\u00e9anmoins une violation des droits d&rsquo;auteur, nous vous prions de nous en informer. Si nous prenons connaissance d&rsquo;une violation de la loi, nous supprimerons imm\u00e9diatement le contenu en question.<\/p>\n<\/div><\/section><\/div>\n","protected":false},"excerpt":{"rendered":"","protected":false},"author":1,"featured_media":0,"parent":0,"menu_order":11,"comment_status":"closed","ping_status":"closed","template":"","meta":{"footnotes":""},"_links":{"self":[{"href":"https:\/\/fairfleet.de\/fr\/wp-json\/wp\/v2\/pages\/1878"}],"collection":[{"href":"https:\/\/fairfleet.de\/fr\/wp-json\/wp\/v2\/pages"}],"about":[{"href":"https:\/\/fairfleet.de\/fr\/wp-json\/wp\/v2\/types\/page"}],"author":[{"embeddable":true,"href":"https:\/\/fairfleet.de\/fr\/wp-json\/wp\/v2\/users\/1"}],"replies":[{"embeddable":true,"href":"https:\/\/fairfleet.de\/fr\/wp-json\/wp\/v2\/comments?post=1878"}],"version-history":[{"count":4,"href":"https:\/\/fairfleet.de\/fr\/wp-json\/wp\/v2\/pages\/1878\/revisions"}],"predecessor-version":[{"id":2960,"href":"https:\/\/fairfleet.de\/fr\/wp-json\/wp\/v2\/pages\/1878\/revisions\/2960"}],"wp:attachment":[{"href":"https:\/\/fairfleet.de\/fr\/wp-json\/wp\/v2\/media?parent=1878"}],"curies":[{"name":"wp","href":"https:\/\/api.w.org\/{rel}","templated":true}]}}