{"id":2022,"date":"2024-03-04T16:11:31","date_gmt":"2024-03-04T15:11:31","guid":{"rendered":"https:\/\/fairfleet.de\/gestion-de-la-flotte\/controle-du-permis-de-conduire-fairfleet\/"},"modified":"2024-03-05T19:25:03","modified_gmt":"2024-03-05T18:25:03","slug":"controle-du-permis-de-conduire-fairfleet","status":"publish","type":"page","link":"https:\/\/fairfleet.de\/fr\/gestion-de-la-flotte\/controle-du-permis-de-conduire-fairfleet\/","title":{"rendered":"Contr\u00f4le du permis de conduire Fairfleet"},"content":{"rendered":"<div id='layer_slider_1'  class='avia-layerslider main_color avia-shadow  avia-builder-el-0  el_before_av_section  avia-builder-el-first  container_wrap fullsize'  style='height: 485px; max-width: 1920px; margin: 0 auto;'  ><\/div>\n<div id='av_section_1'  class='avia-section av-7l4vt-1c99cd1f9ba1b575f0897a542ecb845d main_color avia-section-default avia-no-border-styling  avia-builder-el-1  el_after_av_layerslider  el_before_av_section  avia-bg-style-scroll container_wrap fullsize'  ><div class='container av-section-cont-open' ><div class='template-page content  av-content-full alpha units'><div class='post-entry post-entry-type-page post-entry-2022'><div class='entry-content-wrapper clearfix'>\n<div class='flex_column_table av-69np9-891c0f1910657f748d8ae4fb7bd1abde sc-av_one_half av-equal-height-column-flextable'><div class='flex_column av-69np9-891c0f1910657f748d8ae4fb7bd1abde av_one_half  avia-builder-el-2  el_before_av_one_half  avia-builder-el-first  align-center first flex_column_table_cell av-equal-height-column av-align-top '     ><p><div class=\"pxl-headline pxl-hl hl-wrap | hl-sub--bot hl--align-left  \">\n\t<div class=\"hl-inner\">\n\t\t\t<h1 class=\"hl-main hl-line |  hl_main--default\">Le <strong>contr\u00f4le des permis de conduire<\/strong> Fairfleet<\/h1>\n\t\t\t<span class=\"hl-sub hl-line |  hl_sub--default\">D\u00e9sormais num\u00e9rique<\/span>\n\t<\/div>\n<\/div>\n<br \/>\n<section  class='av_textblock_section av-5pleh-e26479ec7ae78a4adcd11e932c4947ea'  itemscope=\"itemscope\" itemtype=\"https:\/\/schema.org\/CreativeWork\" ><div class='avia_textblock'  itemprop=\"text\" ><p><span class=\"ui-provider a b c d e f g h i j k l m n o p q r s t u v w x y z ab ac ae af ag ah ai aj ak\" dir=\"ltr\">Un contr\u00f4le et une documentation r\u00e9guliers des permis de conduire des conducteurs sont exig\u00e9s par la loi et doivent \u00eatre surveill\u00e9s. La solution num\u00e9rique de Fairfleet simplifie ce processus et assure transparence et visibilit\u00e9. Vous pouvez r\u00e9gler vous-m\u00eame le cycle de contr\u00f4le pour les conducteurs via le logiciel. Le conducteur est alors invit\u00e9 \u00e0 documenter son permis de conduire valide via une application mobile ou un e-mail. Pour ce faire, il suffit au conducteur de pr\u00e9senter la puce NFC de sa carte de permis de conduire \u00e0 son smartphone. Si le processus est positif, cela est confirm\u00e9 par un smiley vert et automatiquement document\u00e9 dans le logiciel central. Vous pouvez \u00e9galement y voir d&rsquo;un coup d&rsquo;\u0153il quels conducteurs sont en retard et les relancer. Le contr\u00f4le des permis de conduire Fairfleet s&rsquo;int\u00e8gre facilement dans le Datastudio de Faifleet et dans le logiciel MyGeotab.<\/span><\/p>\n<p><span class=\"ui-provider a b c d e f g h i j k l m n o p q r s t u v w x y z ab ac ae af ag ah ai aj ak\" dir=\"ltr\">Il n&rsquo;y a pas plus simple.<br \/>\n<\/span><\/p>\n<\/div><\/section><\/p><\/div><div class='av-flex-placeholder'><\/div><div class='flex_column av-5zh89s-e68fccdd23eab4a49e8da9b7cd91a372 av_one_half  avia-builder-el-5  el_after_av_one_half  avia-builder-el-last  flex_column_table_cell av-equal-height-column av-align-top '     ><style type=\"text\/css\" data-created_by=\"avia_inline_auto\" id=\"style-css-av-2iauih-8e9989afadd189ebdc248fa4f07b2c28\">\n.avia-image-container.av-2iauih-8e9989afadd189ebdc248fa4f07b2c28 img.avia_image{\nbox-shadow:none;\n}\n.avia-image-container.av-2iauih-8e9989afadd189ebdc248fa4f07b2c28 .av-image-caption-overlay-center{\ncolor:#ffffff;\n}\n<\/style>\n<div  class='avia-image-container av-2iauih-8e9989afadd189ebdc248fa4f07b2c28 av-styling- avia-align-center  avia-builder-el-6  avia-builder-el-no-sibling '   itemprop=\"image\" itemscope=\"itemscope\" itemtype=\"https:\/\/schema.org\/ImageObject\" ><div class=\"avia-image-container-inner\"><div class=\"avia-image-overlay-wrap\"><img decoding=\"async\" class='wp-image-2883 avia-img-lazy-loading-not-2883 avia_image ' src=\"https:\/\/fairfleet.de\/wp-content\/uploads\/fairfleet_screens_fuehrerscheinkontrolle.png\" alt='' title='fairfleet_screens_fuehrerscheinkontrolle'  height=\"420\" width=\"783\"  itemprop=\"thumbnailUrl\" srcset=\"https:\/\/fairfleet.de\/wp-content\/uploads\/fairfleet_screens_fuehrerscheinkontrolle.png 783w, https:\/\/fairfleet.de\/wp-content\/uploads\/fairfleet_screens_fuehrerscheinkontrolle-300x161.png 300w, https:\/\/fairfleet.de\/wp-content\/uploads\/fairfleet_screens_fuehrerscheinkontrolle-768x412.png 768w\" sizes=\"(max-width: 783px) 100vw, 783px\" \/><\/div><\/div><\/div><\/div><\/div><!--close column table wrapper. Autoclose: 1 --><\/div><\/div><\/div><!-- close content main div --><\/div><\/div><div id='av_section_2'  class='avia-section av-86adm8-45b65c2faf3f175e3f64055b292e2254 main_color avia-section-default avia-no-border-styling  avia-builder-el-7  el_after_av_section  el_before_av_section  avia-bg-style-scroll container_wrap fullsize'  ><div class='container av-section-cont-open' ><div class='template-page content  av-content-full alpha units'><div class='post-entry post-entry-type-page post-entry-2022'><div class='entry-content-wrapper clearfix'>\n<div class='flex_column av-fnil-dfb1ffddf08497a3ba2093189475b75f av_one_half  avia-builder-el-8  avia-builder-el-no-sibling  bg-brand-gradient bg-invert inset br-default green-gradient-box first flex_column_div '     ><p><div class=\"pxl-headline pxl-hl hl-wrap | hl-sub--off hl--align-left  \">\n\t<div class=\"hl-inner\">\n\t\t\t<h2 class=\"hl-main hl-line |  hl_main--default\">Les avantages sont par exemple<\/h2>\n\t\t\t\n\t<\/div>\n<\/div>\n<br \/>\n<section  class='av_textblock_section av-lt8nx63f-06f65416c1059c76a4a4ac63a91d3aaf'  itemscope=\"itemscope\" itemtype=\"https:\/\/schema.org\/CreativeWork\" ><div class='avia_textblock list-checkmarks list-checkmarks-single-column'  itemprop=\"text\" ><ul>\n<li>Gestion centralis\u00e9e de tous les conducteurs<\/li>\n<li>D\u00e9finition individuelle des p\u00e9riodes de contr\u00f4le<\/li>\n<li>Aper\u00e7u de tous les contr\u00f4les<\/li>\n<li>Identification facile du conducteur via une application<\/li>\n<li>Plus de transparence et moins de temps<\/li>\n<\/ul>\n<\/div><\/section><\/p><\/div>\n<\/p>\n<\/div><\/div><\/div><!-- close content main div --><\/div><\/div><div id='kontakt'  class='avia-section av-412up-0c89566faad173aa3419a40763ab3e38 alternate_color avia-section-default avia-no-border-styling  avia-builder-el-11  el_after_av_section  avia-builder-el-last  contact-section avia-bg-style-scroll container_wrap fullsize'  ><div class='container av-section-cont-open' ><div class='template-page content  av-content-full alpha units'><div class='post-entry post-entry-type-page post-entry-2022'><div class='entry-content-wrapper clearfix'>\n<div class=\"pxl-headline pxl-hl hl-wrap | hl-sub--off hl--align-left hl--no-margin \">\n\t<div class=\"hl-inner\">\n\t\t\t<h2 class=\"hl-main hl-line |  hl_main--h1\">Int\u00e9ress\u00e9(e) ? Demandez d\u00e8s aujourd\u2019hui <strong>un rendez-vous gratuit pour une consultation<\/strong>.<\/h2>\n\t\t\t\n\t<\/div>\n<\/div>\n\n \n       \n        <div class=\"contactblock-column contactblock-person contactblock-address bg-fill inset br-default flex_column av_one_third column-top-margin first\">\n            <p>\n                <span class=\"contactblock-address-title\">Contactez-nous maintenant<\/span>\n                <span class=\"contactblock-address-subtitle\">Nous vous conseillons volontiers<\/span>\n            <\/p>\n            <p>\n                <span class=\"company-title\">Fairfleet - Telematiksysteme<\/span>\n            <\/p>\n            <p>\n                Robert-Bosch-Str. 15<br\/>\n                42489 W\u00fclfrath<br\/>\n                Allemagne\n            <\/p>\n            <p>\n                <strong>Tel.:<\/strong><a href=\"tel:0492058778210\">+49 20 58 77 82 10<\/a>\n            <\/p>\n            <p>\n                <strong><a href=\"mailto:info@fairfleet.de\">info@fairfleet.de<\/a><\/strong>\n            <\/p>\n        <\/div>\n     \n    <div class=\"contactblock-column contactblock-form flex_column av_two_third column-top-margin column-flex-grow\">\n        \n<div class=\"wpcf7 no-js\" id=\"wpcf7-f2745-o1\" lang=\"fr-FR\" dir=\"ltr\">\n<div class=\"screen-reader-response\"><p role=\"status\" aria-live=\"polite\" aria-atomic=\"true\"><\/p> <ul><\/ul><\/div>\n<form action=\"\/fr\/wp-json\/wp\/v2\/pages\/2022#wpcf7-f2745-o1\" method=\"post\" class=\"wpcf7-form init\" aria-label=\"Formulaire de contact\" novalidate=\"novalidate\" data-status=\"init\">\n<div style=\"display: none;\">\n<input type=\"hidden\" name=\"_wpcf7\" value=\"2745\" \/>\n<input type=\"hidden\" name=\"_wpcf7_version\" value=\"5.8.5\" \/>\n<input type=\"hidden\" name=\"_wpcf7_locale\" value=\"fr_FR\" \/>\n<input type=\"hidden\" name=\"_wpcf7_unit_tag\" value=\"wpcf7-f2745-o1\" \/>\n<input type=\"hidden\" name=\"_wpcf7_container_post\" value=\"0\" \/>\n<input type=\"hidden\" name=\"_wpcf7_posted_data_hash\" value=\"\" \/>\n<input type=\"hidden\" name=\"_wpcf7_recaptcha_response\" value=\"\" \/>\n<\/div>\n<div class=\"cf-fields fancy\">\n\t<div class=\"cf-field half\">\n\t\t<p><label>Soci\u00e9t\u00e9<\/label><span class=\"wpcf7-form-control-wrap\" data-name=\"company\"><input size=\"40\" class=\"wpcf7-form-control wpcf7-text\" aria-invalid=\"false\" value=\"\" type=\"text\" name=\"company\" \/><\/span>\n\t\t<\/p>\n\t<\/div>\n\t<div class=\"cf-field half\">\n\t\t<p><label>Nom<\/label><span class=\"wpcf7-form-control-wrap\" data-name=\"nname\"><input size=\"40\" class=\"wpcf7-form-control wpcf7-text\" aria-invalid=\"false\" value=\"\" type=\"text\" name=\"nname\" \/><\/span>\n\t\t<\/p>\n\t<\/div>\n\t<div class=\"cf-field half\">\n\t\t<p><label>E-mail<\/label><span class=\"wpcf7-form-control-wrap\" data-name=\"email\"><input size=\"40\" class=\"wpcf7-form-control wpcf7-email wpcf7-validates-as-required wpcf7-text wpcf7-validates-as-email\" aria-required=\"true\" aria-invalid=\"false\" value=\"\" type=\"email\" name=\"email\" \/><\/span>\n\t\t<\/p>\n\t<\/div>\n\t<div class=\"cf-field half\">\n\t\t<p><label>T\u00e9l\u00e9phone<\/label><span class=\"wpcf7-form-control-wrap\" data-name=\"phone\"><input size=\"40\" class=\"wpcf7-form-control wpcf7-text\" aria-invalid=\"false\" value=\"\" type=\"text\" name=\"phone\" \/><\/span>\n\t\t<\/p>\n\t<\/div>\n\t<div class=\"cf-field headline\">\n\t\t<p>Accord de rappel\n\t\t<\/p>\n\t<\/div>\n\t<div class=\"cf-field half special date\">\n\t\t<p><span class=\"wpcf7-form-control-wrap\" data-name=\"datum\"><input class=\"wpcf7-form-control wpcf7-date wpcf7-validates-as-date\" aria-invalid=\"false\" placeholder=\"Date\" value=\"\" type=\"date\" name=\"datum\" \/><\/span>\n\t\t<\/p>\n\t<\/div>\n\t<div class=\"cf-field half special time\">\n\t\t<p><span class=\"wpcf7-form-control-wrap\" data-name=\"time\"><input size=\"40\" class=\"wpcf7-form-control wpcf7-text\" aria-invalid=\"false\" placeholder=\"Heure\" value=\"\" type=\"text\" name=\"time\" \/><\/span>\n\t\t<\/p>\n\t<\/div>\n\t<div class=\"cf-field\">\n\t\t<p><span class=\"wpcf7-form-control-wrap\" data-name=\"msg\"><textarea cols=\"40\" rows=\"10\" class=\"wpcf7-form-control wpcf7-textarea\" aria-invalid=\"false\" placeholder=\"Message\" name=\"msg\"><\/textarea><\/span>\n\t\t<\/p>\n\t<\/div>\n<\/div>\n<div class=\"cf-footer\">\n\t<div class=\"cf-ds\">\n\t\t<p><span class=\"wpcf7-form-control-wrap\" data-name=\"ds\"><span class=\"wpcf7-form-control wpcf7-acceptance\"><span class=\"wpcf7-list-item\"><input type=\"checkbox\" name=\"ds\" value=\"1\" aria-invalid=\"false\" \/><\/span><\/span><\/span><span class=\"cf-ds-text\">Par la pr\u00e9sente, j'accepte la <a href=\"\/fr\/declaration-de-confidentialite\/\">politique de confidentialit\u00e9<\/a>.<\/span>\n\t\t<\/p>\n\t<\/div>\n\t<div class=\"cf-send\">\n\t\t<p><input class=\"wpcf7-form-control wpcf7-submit has-spinner\" type=\"submit\" value=\"Prendre contact\" \/>\n\t\t<\/p>\n\t<\/div>\n<\/div><div class=\"wpcf7-response-output\" aria-hidden=\"true\"><\/div>\n<\/form>\n<\/div>\n\n    <\/div>\n\n\n","protected":false},"excerpt":{"rendered":"","protected":false},"author":1,"featured_media":0,"parent":1782,"menu_order":5,"comment_status":"closed","ping_status":"closed","template":"","meta":{"footnotes":""},"_links":{"self":[{"href":"https:\/\/fairfleet.de\/fr\/wp-json\/wp\/v2\/pages\/2022"}],"collection":[{"href":"https:\/\/fairfleet.de\/fr\/wp-json\/wp\/v2\/pages"}],"about":[{"href":"https:\/\/fairfleet.de\/fr\/wp-json\/wp\/v2\/types\/page"}],"author":[{"embeddable":true,"href":"https:\/\/fairfleet.de\/fr\/wp-json\/wp\/v2\/users\/1"}],"replies":[{"embeddable":true,"href":"https:\/\/fairfleet.de\/fr\/wp-json\/wp\/v2\/comments?post=2022"}],"version-history":[{"count":8,"href":"https:\/\/fairfleet.de\/fr\/wp-json\/wp\/v2\/pages\/2022\/revisions"}],"predecessor-version":[{"id":2894,"href":"https:\/\/fairfleet.de\/fr\/wp-json\/wp\/v2\/pages\/2022\/revisions\/2894"}],"up":[{"embeddable":true,"href":"https:\/\/fairfleet.de\/fr\/wp-json\/wp\/v2\/pages\/1782"}],"wp:attachment":[{"href":"https:\/\/fairfleet.de\/fr\/wp-json\/wp\/v2\/media?parent=2022"}],"curies":[{"name":"wp","href":"https:\/\/api.w.org\/{rel}","templated":true}]}}