{"id":2033,"date":"2024-03-01T13:55:52","date_gmt":"2024-03-01T12:55:52","guid":{"rendered":"https:\/\/fairfleet.de\/gestion-de-la-flotte\/studio-danalyse-fairfleet\/"},"modified":"2024-03-05T14:11:01","modified_gmt":"2024-03-05T13:11:01","slug":"studio-danalyse-fairfleet","status":"publish","type":"page","link":"https:\/\/fairfleet.de\/fr\/gestion-de-la-flotte\/studio-danalyse-fairfleet\/","title":{"rendered":"Studio d&rsquo;analyse Fairfleet"},"content":{"rendered":"<div id='layer_slider_1'  class='avia-layerslider main_color avia-shadow  avia-builder-el-0  el_before_av_section  avia-builder-el-first  container_wrap fullsize'  style='height: 485px; max-width: 1920px; margin: 0 auto;'  ><\/div>\n<div id='av_section_1'  class='avia-section av-7l4vt-1c99cd1f9ba1b575f0897a542ecb845d main_color avia-section-default avia-no-border-styling  avia-builder-el-1  el_after_av_layerslider  el_before_av_section  avia-bg-style-scroll container_wrap fullsize'  ><div class='container av-section-cont-open' ><div class='template-page content  av-content-full alpha units'><div class='post-entry post-entry-type-page post-entry-2033'><div class='entry-content-wrapper clearfix'>\n<div class='flex_column_table av-69np9-891c0f1910657f748d8ae4fb7bd1abde sc-av_one_half av-equal-height-column-flextable'><div class='flex_column av-69np9-891c0f1910657f748d8ae4fb7bd1abde av_one_half  avia-builder-el-2  el_before_av_one_half  avia-builder-el-first  align-center first flex_column_table_cell av-equal-height-column av-align-top '     ><p><div class=\"pxl-headline pxl-hl hl-wrap | hl-sub--bot hl--align-left  \">\n\t<div class=\"hl-inner\">\n\t\t\t<h1 class=\"hl-main hl-line |  hl_main--default\">Le <strong>studio d\u2019analyse<\/strong> Fairfleet<\/h1>\n\t\t\t<span class=\"hl-sub hl-line |  hl_sub--default\">Identifier et exploiter les \u00e9conomies potentielles<\/span>\n\t<\/div>\n<\/div>\n<br \/>\n<section  class='av_textblock_section av-5pleh-e26479ec7ae78a4adcd11e932c4947ea'  itemscope=\"itemscope\" itemtype=\"https:\/\/schema.org\/CreativeWork\" ><div class='avia_textblock'  itemprop=\"text\" ><p>La pression sur les co\u00fbts se conjugue avec les exigences croissantes en mati\u00e8re de protection de l&rsquo;environnement &#8211; avec les bons indicateurs, vous pouvez agir sur les leviers appropri\u00e9s pour r\u00e9pondre \u00e0 ces deux exigences. Pour cela, l&rsquo;analyse Fairfleet vous fournit toutes les donn\u00e9es importantes dans un tableau de bord clair. Par exemple, vous \u00e9tablissez facilement des comparaisons pertinentes entre diff\u00e9rents parcours et diff\u00e9rents comportements de conduite. De m\u00eame, vous pouvez d\u00e9terminer avec pr\u00e9cision le potentiel d&rsquo;\u00e9conomies des technologies de propulsion vertes.<\/p>\n<\/div><\/section><\/p><\/div><div class='av-flex-placeholder'><\/div><div class='flex_column av-fnil-d43e5f9b8bd40583b2ee9fd052970f7b av_one_half  avia-builder-el-5  el_after_av_one_half  avia-builder-el-last  bg-brand-gradient bg-invert inset br-default green-gradient-box flex_column_table_cell av-equal-height-column av-align-top '     ><p><div class=\"pxl-headline pxl-hl hl-wrap | hl-sub--off hl--align-left  \">\n\t<div class=\"hl-inner\">\n\t\t\t<h2 class=\"hl-main hl-line |  hl_main--default\">Tous les avantages en un coup d\u2019\u0153il :<\/h2>\n\t\t\t\n\t<\/div>\n<\/div>\n<br \/>\n<section  class='av_textblock_section av-lt8nx63f-06f65416c1059c76a4a4ac63a91d3aaf'  itemscope=\"itemscope\" itemtype=\"https:\/\/schema.org\/CreativeWork\" ><div class='avia_textblock list-checkmarks list-checkmarks-single-column'  itemprop=\"text\" ><ul>\n<li>Aper\u00e7u rapide de vos propres donn\u00e9es de performance<\/li>\n<li>Analyse rapide et simple des \u00e9conomies potentielles<\/li>\n<li>Possibilit\u00e9 de personnalisation pour r\u00e9pondre \u00e0 vos besoins<\/li>\n<li>CO2 Monitor (combien de CO2 ou de CO2e ont d\u00e9j\u00e0 \u00e9t\u00e9 r\u00e9duits par les moteurs alternatifs)<\/li>\n<li>Ensemble minimal de donn\u00e9es pour les notifications de subvention<\/li>\n<li>Analyse du potentiel d&rsquo;\u00e9conomies sur le comportement de conduite (Eco-App)<\/li>\n<li>Analyse des erreurs de diagnostic<\/li>\n<li>Possibilit\u00e9 d&rsquo;enregistrer des codes d&rsquo;erreur du fabricant et des textes d\u00e9taill\u00e9s personnalis\u00e9s<\/li>\n<\/ul>\n<\/div><\/section><\/p><\/div><\/div><!--close column table wrapper. Autoclose: 1 --><\/div><\/div><\/div><!-- close content main div --><\/div><\/div><div id='av_section_2'  class='avia-section av-86adm8-45b65c2faf3f175e3f64055b292e2254 main_color avia-section-default avia-no-border-styling  avia-builder-el-8  el_after_av_section  el_before_av_section  avia-bg-style-scroll container_wrap fullsize'  ><div class='container av-section-cont-open' ><div class='template-page content  av-content-full alpha units'><div class='post-entry post-entry-type-page post-entry-2033'><div class='entry-content-wrapper clearfix'>\n<div class='flex_column av-5zh89s-2cfdb6ca7bffc4063c6d0cc2c356029b av_one_half  avia-builder-el-9  el_before_av_one_half  avia-builder-el-first  first flex_column_div '     ><div  class='avia-slideshow av-4ioamo-17a7d4b1a1cef455f6a74e64212b414d avia-slideshow-no scaling av_slideshow avia-slide-slider  avia-builder-el-10  avia-builder-el-no-sibling  av-slideshow-ui av-control-minimal av-control-minimal-dark av-nav-arrows-visible av-no-slider-navigation av-slideshow-manual av-loop-once av-loop-manual-endless av-default-height-applied avia-slideshow-1' data-slideshow-options=\"{&quot;animation&quot;:&quot;slide&quot;,&quot;autoplay&quot;:false,&quot;loop_autoplay&quot;:&quot;once&quot;,&quot;interval&quot;:5,&quot;loop_manual&quot;:&quot;manual-endless&quot;,&quot;autoplay_stopper&quot;:false,&quot;noNavigation&quot;:false,&quot;bg_slider&quot;:false,&quot;keep_padding&quot;:false,&quot;hoverpause&quot;:false,&quot;show_slide_delay&quot;:0}\"  itemprop=\"image\" itemscope=\"itemscope\" itemtype=\"https:\/\/schema.org\/ImageObject\" ><ul class='avia-slideshow-inner ' style='padding-bottom: 49.586776859504%;'><li  class='avia-slideshow-slide av-4ioamo-17a7d4b1a1cef455f6a74e64212b414d__0  slide-1 slide-odd'><div data-rel='slideshow-1' class='avia-slide-wrap '   ><div class='av-slideshow-caption av-4ioamo-17a7d4b1a1cef455f6a74e64212b414d__0 avia-caption'><div class=\"avia-inner-caption\"><span class='avia-caption-title '  itemprop=\"name\" >Analyse ECO V\u00e9hicule<\/span><\/div><\/div><img decoding=\"async\" class=\"wp-image-1382 avia-img-lazy-loading-not-1382\"  src=\"https:\/\/fairfleet.de\/wp-content\/uploads\/fairfleet_screens_analyse_06.jpg\" width=\"726\" height=\"360\" title='fairfleet_screens_analyse_06' alt=''  itemprop=\"thumbnailUrl\" srcset=\"https:\/\/fairfleet.de\/wp-content\/uploads\/fairfleet_screens_analyse_06.jpg 726w, https:\/\/fairfleet.de\/wp-content\/uploads\/fairfleet_screens_analyse_06-300x149.jpg 300w\" sizes=\"(max-width: 726px) 100vw, 726px\" \/><\/div><\/li><li  class='avia-slideshow-slide av-4ioamo-17a7d4b1a1cef455f6a74e64212b414d__1  slide-2 slide-even'><div data-rel='slideshow-1' class='avia-slide-wrap '   ><div class='av-slideshow-caption av-4ioamo-17a7d4b1a1cef455f6a74e64212b414d__1 avia-caption'><div class=\"avia-inner-caption\"><span class='avia-caption-title '  itemprop=\"name\" >Analyse ECO V\u00e9hicule<\/span><\/div><\/div><img decoding=\"async\" class=\"wp-image-1384 avia-img-lazy-loading-not-1384\"  src=\"https:\/\/fairfleet.de\/wp-content\/uploads\/fairfleet_screens_analyse_07.jpg\" width=\"726\" height=\"360\" title='fairfleet_screens_analyse_07' alt=''  itemprop=\"thumbnailUrl\" srcset=\"https:\/\/fairfleet.de\/wp-content\/uploads\/fairfleet_screens_analyse_07.jpg 726w, https:\/\/fairfleet.de\/wp-content\/uploads\/fairfleet_screens_analyse_07-300x149.jpg 300w\" sizes=\"(max-width: 726px) 100vw, 726px\" \/><\/div><\/li><li  class='avia-slideshow-slide av-4ioamo-17a7d4b1a1cef455f6a74e64212b414d__2  slide-3 slide-odd'><div data-rel='slideshow-1' class='avia-slide-wrap '   ><div class='av-slideshow-caption av-4ioamo-17a7d4b1a1cef455f6a74e64212b414d__2 avia-caption'><div class=\"avia-inner-caption\"><span class='avia-caption-title '  itemprop=\"name\" >Facteurs d&#039;influence<\/span><\/div><\/div><img decoding=\"async\" class=\"wp-image-1386 avia-img-lazy-loading-not-1386\"  src=\"https:\/\/fairfleet.de\/wp-content\/uploads\/fairfleet_screens_analyse_08.jpg\" width=\"726\" height=\"360\" title='fairfleet_screens_analyse_08' alt=''  itemprop=\"thumbnailUrl\" srcset=\"https:\/\/fairfleet.de\/wp-content\/uploads\/fairfleet_screens_analyse_08.jpg 726w, https:\/\/fairfleet.de\/wp-content\/uploads\/fairfleet_screens_analyse_08-300x149.jpg 300w\" sizes=\"(max-width: 726px) 100vw, 726px\" \/><\/div><\/li><li  class='avia-slideshow-slide av-4ioamo-17a7d4b1a1cef455f6a74e64212b414d__3  slide-4 slide-even'><div data-rel='slideshow-1' class='avia-slide-wrap '   ><div class='av-slideshow-caption av-4ioamo-17a7d4b1a1cef455f6a74e64212b414d__3 avia-caption'><div class=\"avia-inner-caption\"><span class='avia-caption-title '  itemprop=\"name\" >Caract\u00e9ristiques de performance des bus diesel<\/span><\/div><\/div><img decoding=\"async\" class=\"wp-image-1396 avia-img-lazy-loading-not-1396\"  src=\"https:\/\/fairfleet.de\/wp-content\/uploads\/fairfleet_screens_analyse_01.jpg\" width=\"726\" height=\"360\" title='fairfleet_screens_analyse_01' alt=''  itemprop=\"thumbnailUrl\" srcset=\"https:\/\/fairfleet.de\/wp-content\/uploads\/fairfleet_screens_analyse_01.jpg 726w, https:\/\/fairfleet.de\/wp-content\/uploads\/fairfleet_screens_analyse_01-300x149.jpg 300w\" sizes=\"(max-width: 726px) 100vw, 726px\" \/><\/div><\/li><li  class='avia-slideshow-slide av-4ioamo-17a7d4b1a1cef455f6a74e64212b414d__4  slide-5 slide-odd'><div data-rel='slideshow-1' class='avia-slide-wrap '   ><div class='av-slideshow-caption av-4ioamo-17a7d4b1a1cef455f6a74e64212b414d__4 avia-caption'><div class=\"avia-inner-caption\"><span class='avia-caption-title '  itemprop=\"name\" >Caract\u00e9ristiques de performance des bus \u00e0 pile \u00e0 combustible<\/span><\/div><\/div><img decoding=\"async\" class=\"wp-image-1374 avia-img-lazy-loading-not-1374\"  src=\"https:\/\/fairfleet.de\/wp-content\/uploads\/fairfleet_screens_analyse_02.jpg\" width=\"726\" height=\"360\" title='fairfleet_screens_analyse_02' alt=''  itemprop=\"thumbnailUrl\" srcset=\"https:\/\/fairfleet.de\/wp-content\/uploads\/fairfleet_screens_analyse_02.jpg 726w, https:\/\/fairfleet.de\/wp-content\/uploads\/fairfleet_screens_analyse_02-300x149.jpg 300w\" sizes=\"(max-width: 726px) 100vw, 726px\" \/><\/div><\/li><li  class='avia-slideshow-slide av-4ioamo-17a7d4b1a1cef455f6a74e64212b414d__5  slide-6 slide-even'><div data-rel='slideshow-1' class='avia-slide-wrap '   ><div class='av-slideshow-caption av-4ioamo-17a7d4b1a1cef455f6a74e64212b414d__5 avia-caption'><div class=\"avia-inner-caption\"><span class='avia-caption-title '  itemprop=\"name\" >Analyse de la marche \u00e0 vide<\/span><\/div><\/div><img decoding=\"async\" class=\"wp-image-1376 avia-img-lazy-loading-not-1376\"  src=\"https:\/\/fairfleet.de\/wp-content\/uploads\/fairfleet_screens_analyse_03.jpg\" width=\"726\" height=\"360\" title='fairfleet_screens_analyse_03' alt=''  itemprop=\"thumbnailUrl\" srcset=\"https:\/\/fairfleet.de\/wp-content\/uploads\/fairfleet_screens_analyse_03.jpg 726w, https:\/\/fairfleet.de\/wp-content\/uploads\/fairfleet_screens_analyse_03-300x149.jpg 300w\" sizes=\"(max-width: 726px) 100vw, 726px\" \/><\/div><\/li><li  class='avia-slideshow-slide av-4ioamo-17a7d4b1a1cef455f6a74e64212b414d__6  slide-7 slide-odd'><div data-rel='slideshow-1' class='avia-slide-wrap '   ><div class='av-slideshow-caption av-4ioamo-17a7d4b1a1cef455f6a74e64212b414d__6 avia-caption'><div class=\"avia-inner-caption\"><span class='avia-caption-title '  itemprop=\"name\" >Moniteur de CO2<\/span><\/div><\/div><img decoding=\"async\" class=\"wp-image-1378 avia-img-lazy-loading-not-1378\"  src=\"https:\/\/fairfleet.de\/wp-content\/uploads\/fairfleet_screens_analyse_04.jpg\" width=\"726\" height=\"360\" title='fairfleet_screens_analyse_04' alt=''  itemprop=\"thumbnailUrl\" srcset=\"https:\/\/fairfleet.de\/wp-content\/uploads\/fairfleet_screens_analyse_04.jpg 726w, https:\/\/fairfleet.de\/wp-content\/uploads\/fairfleet_screens_analyse_04-300x149.jpg 300w\" sizes=\"(max-width: 726px) 100vw, 726px\" \/><\/div><\/li><li  class='avia-slideshow-slide av-4ioamo-17a7d4b1a1cef455f6a74e64212b414d__7  slide-8 slide-even'><div data-rel='slideshow-1' class='avia-slide-wrap '   ><div class='av-slideshow-caption av-4ioamo-17a7d4b1a1cef455f6a74e64212b414d__7 avia-caption'><div class=\"avia-inner-caption\"><span class='avia-caption-title '  itemprop=\"name\" >Ensemble de donn\u00e9es minimal<\/span><\/div><\/div><img decoding=\"async\" class=\"wp-image-1380 avia-img-lazy-loading-not-1380\"  src=\"https:\/\/fairfleet.de\/wp-content\/uploads\/fairfleet_screens_analyse_05.jpg\" width=\"726\" height=\"360\" title='fairfleet_screens_analyse_05' alt=''  itemprop=\"thumbnailUrl\" srcset=\"https:\/\/fairfleet.de\/wp-content\/uploads\/fairfleet_screens_analyse_05.jpg 726w, https:\/\/fairfleet.de\/wp-content\/uploads\/fairfleet_screens_analyse_05-300x149.jpg 300w\" sizes=\"(max-width: 726px) 100vw, 726px\" \/><\/div><\/li><\/ul><div class='avia-slideshow-arrows avia-slideshow-controls' ><a href='#prev' class='prev-slide ' aria-hidden='true' data-av_icon='\ue87c' data-av_iconfont='entypo-fontello'  tabindex='-1'>Pr\u00e9c\u00e9dent<\/a><a href='#next' class='next-slide ' aria-hidden='true' data-av_icon='\ue87d' data-av_iconfont='entypo-fontello'  tabindex='-1'>Suivant<\/a><\/div><\/div><\/div><div class='flex_column av-27tedc-99dd596c8aa698855fe8241b63e853b6 av_one_half  avia-builder-el-11  el_after_av_one_half  avia-builder-el-last  flex_column_div '     ><p><div class=\"pxl-headline pxl-hl hl-wrap | hl-sub--off hl--align-left  \">\n\t<div class=\"hl-inner\">\n\t\t\t<h2 class=\"hl-main hl-line |  hl_main--default\">Vue d\u2019ensemble de l\u2019analyse personnalis\u00e9e<\/h2>\n\t\t\t\n\t<\/div>\n<\/div>\n<br \/>\n<section  class='av_textblock_section av-lt8omhfx-a12eba8b596a596934807bcd3649e84f'  itemscope=\"itemscope\" itemtype=\"https:\/\/schema.org\/CreativeWork\" ><div class='avia_textblock'  itemprop=\"text\" ><p>Souvent, les donn\u00e9es sont collect\u00e9es sans apporter de r\u00e9elle valeur ajout\u00e9e aux utilisateurs. Fairfleet \u00e9tablit de nouveaux standards dans ce domaine en pr\u00e9sentant les informations collect\u00e9es dans des tableaux de bord personnalis\u00e9s. Ces tableaux de bord sont personnalis\u00e9s en fonction des besoins de nos clients afin de leur fournir exactement les informations dont ils ont besoin pour prendre des d\u00e9cisions et optimiser leurs processus. De plus, des possibilit\u00e9s de filtrage et d&rsquo;autres fonctions intelligentes facilitent l&rsquo;utilisation du tableau de bord et l&rsquo;analyse des donn\u00e9es.<\/p>\n<\/div><\/section><\/p><\/div>\n<\/p>\n<\/div><\/div><\/div><!-- close content main div --><\/div><\/div><div id='kontakt'  class='avia-section av-412up-0c89566faad173aa3419a40763ab3e38 alternate_color avia-section-default avia-no-border-styling  avia-builder-el-14  el_after_av_section  avia-builder-el-last  contact-section avia-bg-style-scroll container_wrap fullsize'  ><div class='container av-section-cont-open' ><div class='template-page content  av-content-full alpha units'><div class='post-entry post-entry-type-page post-entry-2033'><div class='entry-content-wrapper clearfix'>\n<div class=\"pxl-headline pxl-hl hl-wrap | hl-sub--off hl--align-left hl--no-margin \">\n\t<div class=\"hl-inner\">\n\t\t\t<h2 class=\"hl-main hl-line |  hl_main--h1\">Int\u00e9ress\u00e9(e) ? Demandez d\u00e8s aujourd\u2019hui <strong>un rendez-vous gratuit pour une consultation<\/strong>.<\/h2>\n\t\t\t\n\t<\/div>\n<\/div>\n\n \n       \n        <div class=\"contactblock-column contactblock-person contactblock-address bg-fill inset br-default flex_column av_one_third column-top-margin first\">\n            <p>\n                <span class=\"contactblock-address-title\">Contactez-nous maintenant<\/span>\n                <span class=\"contactblock-address-subtitle\">Nous vous conseillons volontiers<\/span>\n            <\/p>\n            <p>\n                <span class=\"company-title\">Fairfleet - Telematiksysteme<\/span>\n            <\/p>\n            <p>\n                Robert-Bosch-Str. 15<br\/>\n                42489 W\u00fclfrath<br\/>\n                Allemagne\n            <\/p>\n            <p>\n                <strong>Tel.:<\/strong><a href=\"tel:0492058778210\">+49 20 58 77 82 10<\/a>\n            <\/p>\n            <p>\n                <strong><a href=\"mailto:info@fairfleet.de\">info@fairfleet.de<\/a><\/strong>\n            <\/p>\n        <\/div>\n     \n    <div class=\"contactblock-column contactblock-form flex_column av_two_third column-top-margin column-flex-grow\">\n        \n<div class=\"wpcf7 no-js\" id=\"wpcf7-f2745-o1\" lang=\"fr-FR\" dir=\"ltr\">\n<div class=\"screen-reader-response\"><p role=\"status\" aria-live=\"polite\" aria-atomic=\"true\"><\/p> <ul><\/ul><\/div>\n<form action=\"\/fr\/wp-json\/wp\/v2\/pages\/2033#wpcf7-f2745-o1\" method=\"post\" class=\"wpcf7-form init\" aria-label=\"Formulaire de contact\" novalidate=\"novalidate\" data-status=\"init\">\n<div style=\"display: none;\">\n<input type=\"hidden\" name=\"_wpcf7\" value=\"2745\" \/>\n<input type=\"hidden\" name=\"_wpcf7_version\" value=\"5.8.5\" \/>\n<input type=\"hidden\" name=\"_wpcf7_locale\" value=\"fr_FR\" \/>\n<input type=\"hidden\" name=\"_wpcf7_unit_tag\" value=\"wpcf7-f2745-o1\" \/>\n<input type=\"hidden\" name=\"_wpcf7_container_post\" value=\"0\" \/>\n<input type=\"hidden\" name=\"_wpcf7_posted_data_hash\" value=\"\" \/>\n<input type=\"hidden\" name=\"_wpcf7_recaptcha_response\" value=\"\" \/>\n<\/div>\n<div class=\"cf-fields fancy\">\n\t<div class=\"cf-field half\">\n\t\t<p><label>Soci\u00e9t\u00e9<\/label><span class=\"wpcf7-form-control-wrap\" data-name=\"company\"><input size=\"40\" class=\"wpcf7-form-control wpcf7-text\" aria-invalid=\"false\" value=\"\" type=\"text\" name=\"company\" \/><\/span>\n\t\t<\/p>\n\t<\/div>\n\t<div class=\"cf-field half\">\n\t\t<p><label>Nom<\/label><span class=\"wpcf7-form-control-wrap\" data-name=\"nname\"><input size=\"40\" class=\"wpcf7-form-control wpcf7-text\" aria-invalid=\"false\" value=\"\" type=\"text\" name=\"nname\" \/><\/span>\n\t\t<\/p>\n\t<\/div>\n\t<div class=\"cf-field half\">\n\t\t<p><label>E-mail<\/label><span class=\"wpcf7-form-control-wrap\" data-name=\"email\"><input size=\"40\" class=\"wpcf7-form-control wpcf7-email wpcf7-validates-as-required wpcf7-text wpcf7-validates-as-email\" aria-required=\"true\" aria-invalid=\"false\" value=\"\" type=\"email\" name=\"email\" \/><\/span>\n\t\t<\/p>\n\t<\/div>\n\t<div class=\"cf-field half\">\n\t\t<p><label>T\u00e9l\u00e9phone<\/label><span class=\"wpcf7-form-control-wrap\" data-name=\"phone\"><input size=\"40\" class=\"wpcf7-form-control wpcf7-text\" aria-invalid=\"false\" value=\"\" type=\"text\" name=\"phone\" \/><\/span>\n\t\t<\/p>\n\t<\/div>\n\t<div class=\"cf-field headline\">\n\t\t<p>Accord de rappel\n\t\t<\/p>\n\t<\/div>\n\t<div class=\"cf-field half special date\">\n\t\t<p><span class=\"wpcf7-form-control-wrap\" data-name=\"datum\"><input class=\"wpcf7-form-control wpcf7-date wpcf7-validates-as-date\" aria-invalid=\"false\" placeholder=\"Date\" value=\"\" type=\"date\" name=\"datum\" \/><\/span>\n\t\t<\/p>\n\t<\/div>\n\t<div class=\"cf-field half special time\">\n\t\t<p><span class=\"wpcf7-form-control-wrap\" data-name=\"time\"><input size=\"40\" class=\"wpcf7-form-control wpcf7-text\" aria-invalid=\"false\" placeholder=\"Heure\" value=\"\" type=\"text\" name=\"time\" \/><\/span>\n\t\t<\/p>\n\t<\/div>\n\t<div class=\"cf-field\">\n\t\t<p><span class=\"wpcf7-form-control-wrap\" data-name=\"msg\"><textarea cols=\"40\" rows=\"10\" class=\"wpcf7-form-control wpcf7-textarea\" aria-invalid=\"false\" placeholder=\"Message\" name=\"msg\"><\/textarea><\/span>\n\t\t<\/p>\n\t<\/div>\n<\/div>\n<div class=\"cf-footer\">\n\t<div class=\"cf-ds\">\n\t\t<p><span class=\"wpcf7-form-control-wrap\" data-name=\"ds\"><span class=\"wpcf7-form-control wpcf7-acceptance\"><span class=\"wpcf7-list-item\"><input type=\"checkbox\" name=\"ds\" value=\"1\" aria-invalid=\"false\" \/><\/span><\/span><\/span><span class=\"cf-ds-text\">Par la pr\u00e9sente, j'accepte la <a href=\"\/fr\/declaration-de-confidentialite\/\">politique de confidentialit\u00e9<\/a>.<\/span>\n\t\t<\/p>\n\t<\/div>\n\t<div class=\"cf-send\">\n\t\t<p><input class=\"wpcf7-form-control wpcf7-submit has-spinner\" type=\"submit\" value=\"Prendre contact\" \/>\n\t\t<\/p>\n\t<\/div>\n<\/div><div class=\"wpcf7-response-output\" aria-hidden=\"true\"><\/div>\n<\/form>\n<\/div>\n\n    <\/div>\n\n\n","protected":false},"excerpt":{"rendered":"","protected":false},"author":1,"featured_media":0,"parent":1782,"menu_order":1,"comment_status":"closed","ping_status":"closed","template":"","meta":{"footnotes":""},"_links":{"self":[{"href":"https:\/\/fairfleet.de\/fr\/wp-json\/wp\/v2\/pages\/2033"}],"collection":[{"href":"https:\/\/fairfleet.de\/fr\/wp-json\/wp\/v2\/pages"}],"about":[{"href":"https:\/\/fairfleet.de\/fr\/wp-json\/wp\/v2\/types\/page"}],"author":[{"embeddable":true,"href":"https:\/\/fairfleet.de\/fr\/wp-json\/wp\/v2\/users\/1"}],"replies":[{"embeddable":true,"href":"https:\/\/fairfleet.de\/fr\/wp-json\/wp\/v2\/comments?post=2033"}],"version-history":[{"count":6,"href":"https:\/\/fairfleet.de\/fr\/wp-json\/wp\/v2\/pages\/2033\/revisions"}],"predecessor-version":[{"id":2173,"href":"https:\/\/fairfleet.de\/fr\/wp-json\/wp\/v2\/pages\/2033\/revisions\/2173"}],"up":[{"embeddable":true,"href":"https:\/\/fairfleet.de\/fr\/wp-json\/wp\/v2\/pages\/1782"}],"wp:attachment":[{"href":"https:\/\/fairfleet.de\/fr\/wp-json\/wp\/v2\/media?parent=2033"}],"curies":[{"name":"wp","href":"https:\/\/api.w.org\/{rel}","templated":true}]}}