{"id":2044,"date":"2024-03-01T16:40:33","date_gmt":"2024-03-01T15:40:33","guid":{"rendered":"https:\/\/fairfleet.de\/gestion-de-la-flotte\/carnet-de-route-numerique-fairfleet\/"},"modified":"2024-03-05T14:11:03","modified_gmt":"2024-03-05T13:11:03","slug":"carnet-de-route-numerique-fairfleet","status":"publish","type":"page","link":"https:\/\/fairfleet.de\/fr\/gestion-de-la-flotte\/carnet-de-route-numerique-fairfleet\/","title":{"rendered":"Carnet de route num\u00e9rique Fairfleet"},"content":{"rendered":"<div id='layer_slider_1'  class='avia-layerslider main_color avia-shadow  avia-builder-el-0  el_before_av_section  avia-builder-el-first  container_wrap fullsize'  style='height: 485px; max-width: 1920px; margin: 0 auto;'  ><\/div>\n<div id='av_section_1'  class='avia-section av-7l4vt-1c99cd1f9ba1b575f0897a542ecb845d main_color avia-section-default avia-no-border-styling  avia-builder-el-1  el_after_av_layerslider  el_before_av_section  avia-bg-style-scroll container_wrap fullsize'  ><div class='container av-section-cont-open' ><div class='template-page content  av-content-full alpha units'><div class='post-entry post-entry-type-page post-entry-2044'><div class='entry-content-wrapper clearfix'>\n<div class='flex_column_table av-69np9-891c0f1910657f748d8ae4fb7bd1abde sc-av_one_half av-equal-height-column-flextable'><div class='flex_column av-69np9-891c0f1910657f748d8ae4fb7bd1abde av_one_half  avia-builder-el-2  el_before_av_one_half  avia-builder-el-first  align-center first flex_column_table_cell av-equal-height-column av-align-top '     ><p><div class=\"pxl-headline pxl-hl hl-wrap | hl-sub--bot hl--align-left  \">\n\t<div class=\"hl-inner\">\n\t\t\t<h1 class=\"hl-main hl-line |  hl_main--default\">Le <strong>carnet de route<\/strong> num\u00e9rique d\u2019<strong>entreprise<\/strong><\/h1>\n\t\t\t<span class=\"hl-sub hl-line |  hl_sub--default\">Simple, flexible et efficace<\/span>\n\t<\/div>\n<\/div>\n<br \/>\n<section  class='av_textblock_section av-5pleh-e26479ec7ae78a4adcd11e932c4947ea'  itemscope=\"itemscope\" itemtype=\"https:\/\/schema.org\/CreativeWork\" ><div class='avia_textblock'  itemprop=\"text\" ><p>Nous mettons fin \u00e0 la paperasserie : le carnet de route num\u00e9rique de Fairfleet offre aux services municipaux et aux soci\u00e9t\u00e9s de transport une solution enti\u00e8rement num\u00e9rique pour une utilisation op\u00e9rationnelle. Les fonctions polyvalentes couvrent toutes les exigences en mati\u00e8re de s\u00e9curit\u00e9 juridique et peuvent \u00eatre contr\u00f4l\u00e9es de mani\u00e8re intuitive. Vos chauffeurs et le personnel comptable en profitent, car la transmission manuelle des donn\u00e9es, fastidieuse et source d&rsquo;erreurs, n&rsquo;est plus n\u00e9cessaire. Tous les trajets peuvent \u00eatre consult\u00e9s num\u00e9riquement \u00e0 tout moment et g\u00e9r\u00e9s de mani\u00e8re centralis\u00e9e via l&rsquo;outil d&rsquo;administration.<\/p>\n<\/div><\/section><\/p><\/div><div class='av-flex-placeholder'><\/div><div class='flex_column av-fnil-d43e5f9b8bd40583b2ee9fd052970f7b av_one_half  avia-builder-el-5  el_after_av_one_half  avia-builder-el-last  bg-brand-gradient bg-invert inset br-default green-gradient-box flex_column_table_cell av-equal-height-column av-align-top '     ><p><div class=\"pxl-headline pxl-hl hl-wrap | hl-sub--off hl--align-left  \">\n\t<div class=\"hl-inner\">\n\t\t\t<h2 class=\"hl-main hl-line |  hl_main--default\">Les avantages sont par exemple<\/h2>\n\t\t\t\n\t<\/div>\n<\/div>\n<br \/>\n<section  class='av_textblock_section av-lt8nx63f-06f65416c1059c76a4a4ac63a91d3aaf'  itemscope=\"itemscope\" itemtype=\"https:\/\/schema.org\/CreativeWork\" ><div class='avia_textblock list-checkmarks list-checkmarks-single-column'  itemprop=\"text\" ><ul>\n<li>Minimisation des charges administratives et r\u00e9duction des co\u00fbts<\/li>\n<li>Affectation simple des motifs de d\u00e9placement par le conducteur<\/li>\n<li>Plus rapide \u00e0 remplir par le conducteur que le carnet de route analogique<\/li>\n<li>Toutes les donn\u00e9es disponibles en un coup d&rsquo;\u0153il \u00e0 tout moment<\/li>\n<li>Possibilit\u00e9 de post-r\u00e9servation centralis\u00e9e des trajets et des groupes de trajets<\/li>\n<li>D\u00e9tection automatique de l&rsquo;\u00e9tranger et r\u00e9partition de la consommation de carburant (national\/\u00e9tranger)<\/li>\n<\/ul>\n<\/div><\/section><\/p><\/div><\/div><!--close column table wrapper. Autoclose: 1 --><\/div><\/div><\/div><!-- close content main div --><\/div><\/div><div id='av_section_2'  class='avia-section av-86adm8-45b65c2faf3f175e3f64055b292e2254 main_color avia-section-default avia-no-border-styling  avia-builder-el-8  el_after_av_section  el_before_av_section  avia-bg-style-scroll container_wrap fullsize'  ><div class='container av-section-cont-open' ><div class='template-page content  av-content-full alpha units'><div class='post-entry post-entry-type-page post-entry-2044'><div class='entry-content-wrapper clearfix'>\n<div class='flex_column av-5zh89s-2cfdb6ca7bffc4063c6d0cc2c356029b av_one_half  avia-builder-el-9  el_before_av_one_half  avia-builder-el-first  first flex_column_div '     ><div  class='avia-slideshow av-4ioamo-17a7d4b1a1cef455f6a74e64212b414d avia-slideshow-no scaling av_slideshow avia-slide-slider  avia-builder-el-10  avia-builder-el-no-sibling  av-slideshow-ui av-control-minimal av-control-minimal-dark av-nav-arrows-visible av-no-slider-navigation av-slideshow-manual av-loop-once av-loop-manual-endless av-default-height-applied avia-slideshow-1' data-slideshow-options=\"{&quot;animation&quot;:&quot;slide&quot;,&quot;autoplay&quot;:false,&quot;loop_autoplay&quot;:&quot;once&quot;,&quot;interval&quot;:5,&quot;loop_manual&quot;:&quot;manual-endless&quot;,&quot;autoplay_stopper&quot;:false,&quot;noNavigation&quot;:false,&quot;bg_slider&quot;:false,&quot;keep_padding&quot;:false,&quot;hoverpause&quot;:false,&quot;show_slide_delay&quot;:0}\"  itemprop=\"image\" itemscope=\"itemscope\" itemtype=\"https:\/\/schema.org\/ImageObject\" ><ul class='avia-slideshow-inner ' style='padding-bottom: 49.586776859504%;'><li  class='avia-slideshow-slide av-4ioamo-17a7d4b1a1cef455f6a74e64212b414d__0  slide-1 slide-odd'><div data-rel='slideshow-1' class='avia-slide-wrap '   ><div class='av-slideshow-caption av-4ioamo-17a7d4b1a1cef455f6a74e64212b414d__0 avia-caption'><div class=\"avia-inner-caption\"><span class='avia-caption-title '  itemprop=\"name\" >Rapport de voyage d\u00e9taill\u00e9<\/span><\/div><\/div><img decoding=\"async\" class=\"wp-image-1388 avia-img-lazy-loading-not-1388\"  src=\"https:\/\/fairfleet.de\/wp-content\/uploads\/fairfleet_screens_fahrtenbuch_01.jpg\" width=\"726\" height=\"360\" title='fairfleet_screens_fahrtenbuch_01' alt=''  itemprop=\"thumbnailUrl\" srcset=\"https:\/\/fairfleet.de\/wp-content\/uploads\/fairfleet_screens_fahrtenbuch_01.jpg 726w, https:\/\/fairfleet.de\/wp-content\/uploads\/fairfleet_screens_fahrtenbuch_01-300x149.jpg 300w\" sizes=\"(max-width: 726px) 100vw, 726px\" \/><\/div><\/li><li  class='avia-slideshow-slide av-4ioamo-17a7d4b1a1cef455f6a74e64212b414d__1  slide-2 slide-even'><div data-rel='slideshow-1' class='avia-slide-wrap '   ><div class='av-slideshow-caption av-4ioamo-17a7d4b1a1cef455f6a74e64212b414d__1 avia-caption'><div class=\"avia-inner-caption\"><span class='avia-caption-title '  itemprop=\"name\" >Rapport de synth\u00e8se mensuel<\/span><\/div><\/div><img decoding=\"async\" class=\"wp-image-1390 avia-img-lazy-loading-not-1390\"  src=\"https:\/\/fairfleet.de\/wp-content\/uploads\/fairfleet_screens_fahrtenbuch_02.jpg\" width=\"726\" height=\"360\" title='fairfleet_screens_fahrtenbuch_02' alt=''  itemprop=\"thumbnailUrl\" srcset=\"https:\/\/fairfleet.de\/wp-content\/uploads\/fairfleet_screens_fahrtenbuch_02.jpg 726w, https:\/\/fairfleet.de\/wp-content\/uploads\/fairfleet_screens_fahrtenbuch_02-300x149.jpg 300w\" sizes=\"(max-width: 726px) 100vw, 726px\" \/><\/div><\/li><li  class='avia-slideshow-slide av-4ioamo-17a7d4b1a1cef455f6a74e64212b414d__2  slide-3 slide-odd'><div data-rel='slideshow-1' class='avia-slide-wrap '   ><div class='av-slideshow-caption av-4ioamo-17a7d4b1a1cef455f6a74e64212b414d__2 avia-caption'><div class=\"avia-inner-caption\"><span class='avia-caption-title '  itemprop=\"name\" >R\u00e9servation ult\u00e9rieure<\/span><\/div><\/div><img decoding=\"async\" class=\"wp-image-1392 avia-img-lazy-loading-not-1392\"  src=\"https:\/\/fairfleet.de\/wp-content\/uploads\/fairfleet_screens_fahrtenbuch_03.jpg\" width=\"726\" height=\"360\" title='fairfleet_screens_fahrtenbuch_03' alt=''  itemprop=\"thumbnailUrl\" srcset=\"https:\/\/fairfleet.de\/wp-content\/uploads\/fairfleet_screens_fahrtenbuch_03.jpg 726w, https:\/\/fairfleet.de\/wp-content\/uploads\/fairfleet_screens_fahrtenbuch_03-300x149.jpg 300w\" sizes=\"(max-width: 726px) 100vw, 726px\" \/><\/div><\/li><li  class='avia-slideshow-slide av-4ioamo-17a7d4b1a1cef455f6a74e64212b414d__3  slide-4 slide-even'><div data-rel='slideshow-1' class='avia-slide-wrap '   ><div class='av-slideshow-caption av-4ioamo-17a7d4b1a1cef455f6a74e64212b414d__3 avia-caption'><div class=\"avia-inner-caption\"><span class='avia-caption-title '  itemprop=\"name\" >Rapport de synth\u00e8se<\/span><\/div><\/div><img decoding=\"async\" class=\"wp-image-1394 avia-img-lazy-loading-not-1394\"  src=\"https:\/\/fairfleet.de\/wp-content\/uploads\/fairfleet_screens_fahrtenbuch_04.jpg\" width=\"726\" height=\"360\" title='fairfleet_screens_fahrtenbuch_04' alt=''  itemprop=\"thumbnailUrl\" srcset=\"https:\/\/fairfleet.de\/wp-content\/uploads\/fairfleet_screens_fahrtenbuch_04.jpg 726w, https:\/\/fairfleet.de\/wp-content\/uploads\/fairfleet_screens_fahrtenbuch_04-300x149.jpg 300w\" sizes=\"(max-width: 726px) 100vw, 726px\" \/><\/div><\/li><\/ul><div class='avia-slideshow-arrows avia-slideshow-controls' ><a href='#prev' class='prev-slide ' aria-hidden='true' data-av_icon='\ue87c' data-av_iconfont='entypo-fontello'  tabindex='-1'>Pr\u00e9c\u00e9dent<\/a><a href='#next' class='next-slide ' aria-hidden='true' data-av_icon='\ue87d' data-av_iconfont='entypo-fontello'  tabindex='-1'>Suivant<\/a><\/div><\/div><\/div><div class='flex_column av-27tedc-99dd596c8aa698855fe8241b63e853b6 av_one_half  avia-builder-el-11  el_after_av_one_half  avia-builder-el-last  flex_column_div '     ><p><div class=\"pxl-headline pxl-hl hl-wrap | hl-sub--off hl--align-left  \">\n\t<div class=\"hl-inner\">\n\t\t\t<h2 class=\"hl-main hl-line |  hl_main--default\">Un maximum de visibilit\u00e9 pour un maximum d\u2019avantages<\/h2>\n\t\t\t\n\t<\/div>\n<\/div>\n<br \/>\n<section  class='av_textblock_section av-lt8omhfx-a12eba8b596a596934807bcd3649e84f'  itemscope=\"itemscope\" itemtype=\"https:\/\/schema.org\/CreativeWork\" ><div class='avia_textblock'  itemprop=\"text\" ><p>De nombreuses solutions collectent des donn\u00e9es sans offrir de valeur ajout\u00e9e aux utilisateurs. Le livre de bord num\u00e9rique de Fairfleet pr\u00e9sente donc les informations collect\u00e9es dans des tableaux de bord clairs et personnalis\u00e9s. La pr\u00e9sentation est ax\u00e9e sur les besoins r\u00e9els de nos clients. Vous voyez exactement les informations dont vous avez besoin pour prendre des d\u00e9cisions et optimiser vos processus &#8211; ni plus ni moins. De plus, des fonctions de filtrage et d&rsquo;autres fonctionnalit\u00e9s intelligentes facilitent au maximum le travail avec le tableau de bord et l&rsquo;interpr\u00e9tation des donn\u00e9es.<\/p>\n<\/div><\/section><\/p><\/div>\n<\/p>\n<\/div><\/div><\/div><!-- close content main div --><\/div><\/div><div id='kontakt'  class='avia-section av-412up-0c89566faad173aa3419a40763ab3e38 alternate_color avia-section-default avia-no-border-styling  avia-builder-el-14  el_after_av_section  avia-builder-el-last  contact-section avia-bg-style-scroll container_wrap fullsize'  ><div class='container av-section-cont-open' ><div class='template-page content  av-content-full alpha units'><div class='post-entry post-entry-type-page post-entry-2044'><div class='entry-content-wrapper clearfix'>\n<div class=\"pxl-headline pxl-hl hl-wrap | hl-sub--off hl--align-left hl--no-margin \">\n\t<div class=\"hl-inner\">\n\t\t\t<h2 class=\"hl-main hl-line |  hl_main--h1\">Int\u00e9ress\u00e9(e) ? Demandez d\u00e8s aujourd\u2019hui <strong>un rendez-vous gratuit pour une consultation<\/strong>.<\/h2>\n\t\t\t\n\t<\/div>\n<\/div>\n\n \n       \n        <div class=\"contactblock-column contactblock-person contactblock-address bg-fill inset br-default flex_column av_one_third column-top-margin first\">\n            <p>\n                <span class=\"contactblock-address-title\">Contactez-nous maintenant<\/span>\n                <span class=\"contactblock-address-subtitle\">Nous vous conseillons volontiers<\/span>\n            <\/p>\n            <p>\n                <span class=\"company-title\">Fairfleet - Telematiksysteme<\/span>\n            <\/p>\n            <p>\n                Robert-Bosch-Str. 15<br\/>\n                42489 W\u00fclfrath<br\/>\n                Allemagne\n            <\/p>\n            <p>\n                <strong>Tel.:<\/strong><a href=\"tel:0492058778210\">+49 20 58 77 82 10<\/a>\n            <\/p>\n            <p>\n                <strong><a href=\"mailto:info@fairfleet.de\">info@fairfleet.de<\/a><\/strong>\n            <\/p>\n        <\/div>\n     \n    <div class=\"contactblock-column contactblock-form flex_column av_two_third column-top-margin column-flex-grow\">\n        \n<div class=\"wpcf7 no-js\" id=\"wpcf7-f2745-o1\" lang=\"fr-FR\" dir=\"ltr\">\n<div class=\"screen-reader-response\"><p role=\"status\" aria-live=\"polite\" aria-atomic=\"true\"><\/p> <ul><\/ul><\/div>\n<form action=\"\/fr\/wp-json\/wp\/v2\/pages\/2044#wpcf7-f2745-o1\" method=\"post\" class=\"wpcf7-form init\" aria-label=\"Formulaire de contact\" novalidate=\"novalidate\" data-status=\"init\">\n<div style=\"display: none;\">\n<input type=\"hidden\" name=\"_wpcf7\" value=\"2745\" \/>\n<input type=\"hidden\" name=\"_wpcf7_version\" value=\"5.8.5\" \/>\n<input type=\"hidden\" name=\"_wpcf7_locale\" value=\"fr_FR\" \/>\n<input type=\"hidden\" name=\"_wpcf7_unit_tag\" value=\"wpcf7-f2745-o1\" \/>\n<input type=\"hidden\" name=\"_wpcf7_container_post\" value=\"0\" \/>\n<input type=\"hidden\" name=\"_wpcf7_posted_data_hash\" value=\"\" \/>\n<input type=\"hidden\" name=\"_wpcf7_recaptcha_response\" value=\"\" \/>\n<\/div>\n<div class=\"cf-fields fancy\">\n\t<div class=\"cf-field half\">\n\t\t<p><label>Soci\u00e9t\u00e9<\/label><span class=\"wpcf7-form-control-wrap\" data-name=\"company\"><input size=\"40\" class=\"wpcf7-form-control wpcf7-text\" aria-invalid=\"false\" value=\"\" type=\"text\" name=\"company\" \/><\/span>\n\t\t<\/p>\n\t<\/div>\n\t<div class=\"cf-field half\">\n\t\t<p><label>Nom<\/label><span class=\"wpcf7-form-control-wrap\" data-name=\"nname\"><input size=\"40\" class=\"wpcf7-form-control wpcf7-text\" aria-invalid=\"false\" value=\"\" type=\"text\" name=\"nname\" \/><\/span>\n\t\t<\/p>\n\t<\/div>\n\t<div class=\"cf-field half\">\n\t\t<p><label>E-mail<\/label><span class=\"wpcf7-form-control-wrap\" data-name=\"email\"><input size=\"40\" class=\"wpcf7-form-control wpcf7-email wpcf7-validates-as-required wpcf7-text wpcf7-validates-as-email\" aria-required=\"true\" aria-invalid=\"false\" value=\"\" type=\"email\" name=\"email\" \/><\/span>\n\t\t<\/p>\n\t<\/div>\n\t<div class=\"cf-field half\">\n\t\t<p><label>T\u00e9l\u00e9phone<\/label><span class=\"wpcf7-form-control-wrap\" data-name=\"phone\"><input size=\"40\" class=\"wpcf7-form-control wpcf7-text\" aria-invalid=\"false\" value=\"\" type=\"text\" name=\"phone\" \/><\/span>\n\t\t<\/p>\n\t<\/div>\n\t<div class=\"cf-field headline\">\n\t\t<p>Accord de rappel\n\t\t<\/p>\n\t<\/div>\n\t<div class=\"cf-field half special date\">\n\t\t<p><span class=\"wpcf7-form-control-wrap\" data-name=\"datum\"><input class=\"wpcf7-form-control wpcf7-date wpcf7-validates-as-date\" aria-invalid=\"false\" placeholder=\"Date\" value=\"\" type=\"date\" name=\"datum\" \/><\/span>\n\t\t<\/p>\n\t<\/div>\n\t<div class=\"cf-field half special time\">\n\t\t<p><span class=\"wpcf7-form-control-wrap\" data-name=\"time\"><input size=\"40\" class=\"wpcf7-form-control wpcf7-text\" aria-invalid=\"false\" placeholder=\"Heure\" value=\"\" type=\"text\" name=\"time\" \/><\/span>\n\t\t<\/p>\n\t<\/div>\n\t<div class=\"cf-field\">\n\t\t<p><span class=\"wpcf7-form-control-wrap\" data-name=\"msg\"><textarea cols=\"40\" rows=\"10\" class=\"wpcf7-form-control wpcf7-textarea\" aria-invalid=\"false\" placeholder=\"Message\" name=\"msg\"><\/textarea><\/span>\n\t\t<\/p>\n\t<\/div>\n<\/div>\n<div class=\"cf-footer\">\n\t<div class=\"cf-ds\">\n\t\t<p><span class=\"wpcf7-form-control-wrap\" data-name=\"ds\"><span class=\"wpcf7-form-control wpcf7-acceptance\"><span class=\"wpcf7-list-item\"><input type=\"checkbox\" name=\"ds\" value=\"1\" aria-invalid=\"false\" \/><\/span><\/span><\/span><span class=\"cf-ds-text\">Par la pr\u00e9sente, j'accepte la <a href=\"\/fr\/declaration-de-confidentialite\/\">politique de confidentialit\u00e9<\/a>.<\/span>\n\t\t<\/p>\n\t<\/div>\n\t<div class=\"cf-send\">\n\t\t<p><input class=\"wpcf7-form-control wpcf7-submit has-spinner\" type=\"submit\" value=\"Prendre contact\" \/>\n\t\t<\/p>\n\t<\/div>\n<\/div><div class=\"wpcf7-response-output\" aria-hidden=\"true\"><\/div>\n<\/form>\n<\/div>\n\n    <\/div>\n\n\n","protected":false},"excerpt":{"rendered":"","protected":false},"author":1,"featured_media":0,"parent":1782,"menu_order":4,"comment_status":"closed","ping_status":"closed","template":"","meta":{"footnotes":""},"_links":{"self":[{"href":"https:\/\/fairfleet.de\/fr\/wp-json\/wp\/v2\/pages\/2044"}],"collection":[{"href":"https:\/\/fairfleet.de\/fr\/wp-json\/wp\/v2\/pages"}],"about":[{"href":"https:\/\/fairfleet.de\/fr\/wp-json\/wp\/v2\/types\/page"}],"author":[{"embeddable":true,"href":"https:\/\/fairfleet.de\/fr\/wp-json\/wp\/v2\/users\/1"}],"replies":[{"embeddable":true,"href":"https:\/\/fairfleet.de\/fr\/wp-json\/wp\/v2\/comments?post=2044"}],"version-history":[{"count":6,"href":"https:\/\/fairfleet.de\/fr\/wp-json\/wp\/v2\/pages\/2044\/revisions"}],"predecessor-version":[{"id":2192,"href":"https:\/\/fairfleet.de\/fr\/wp-json\/wp\/v2\/pages\/2044\/revisions\/2192"}],"up":[{"embeddable":true,"href":"https:\/\/fairfleet.de\/fr\/wp-json\/wp\/v2\/pages\/1782"}],"wp:attachment":[{"href":"https:\/\/fairfleet.de\/fr\/wp-json\/wp\/v2\/media?parent=2044"}],"curies":[{"name":"wp","href":"https:\/\/api.w.org\/{rel}","templated":true}]}}