{"id":2291,"date":"2021-12-13T13:29:03","date_gmt":"2021-12-13T12:29:03","guid":{"rendered":"https:\/\/fairfleet.de\/gestion-de-la-flotte\/subvention-de-minimis\/"},"modified":"2024-03-05T14:11:32","modified_gmt":"2024-03-05T13:11:32","slug":"subvention-de-minimis","status":"publish","type":"page","link":"https:\/\/fairfleet.de\/fr\/gestion-de-la-flotte\/subvention-de-minimis\/","title":{"rendered":"Subvention de minimis"},"content":{"rendered":"<div id='layer_slider_1'  class='avia-layerslider main_color avia-shadow  avia-builder-el-0  el_before_av_section  avia-builder-el-first  container_wrap fullsize'  style='height: 485px; max-width: 1920px; margin: 0 auto;'  ><\/div>\n<div id='av_section_1'  class='avia-section av-56h6i-6e2a61dfaa4df64327af5bee00efb13a main_color avia-section-default avia-no-border-styling  avia-builder-el-1  el_after_av_layerslider  el_before_av_section  avia-bg-style-scroll container_wrap fullsize'  ><div class='container av-section-cont-open' ><div class='template-page content  av-content-full alpha units'><div class='post-entry post-entry-type-page post-entry-2291'><div class='entry-content-wrapper clearfix'>\n<div class=\"pxl-headline pxl-hl hl-wrap | hl-sub--bot hl--align-left  \">\n\t<div class=\"hl-inner\">\n\t\t\t<h1 class=\"hl-main hl-line |  hl_main--default\"><strong>Programme de soutien &quot;de minimis<\/strong><\/h1>\n\t\t\t<span class=\"hl-sub hl-line |  hl_sub--default\">Date de publication : 14.12.2020<\/span>\n\t<\/div>\n<\/div>\n\n<div class='flex_column av-14mthe-181e78aa4c7b22b60d749432f8aa6e3f av_one_half  avia-builder-el-3  el_after_pixel-headline  el_before_av_one_half  first flex_column_div '     ><section  class='av_textblock_section av-uy2p6-3fc6e9205582eaed99f60878522a068e'  itemscope=\"itemscope\" itemtype=\"https:\/\/schema.org\/CreativeWork\" ><div class='avia_textblock list-arrows'  itemprop=\"text\" ><p>(Source : Office f\u00e9d\u00e9ral du transport de marchandises)<\/p>\n<p>Dans le cadre du programme d&rsquo;aide \u00ab\u00a0de minimis\u00a0\u00bb, une aide est accord\u00e9e aux entreprises de transport routier de marchandises avec des v\u00e9hicules utilitaires lourds qui mettent en \u0153uvre des mesures de promotion de la s\u00e9curit\u00e9 et de l&rsquo;environnement \u00e9num\u00e9r\u00e9es dans l&rsquo;annexe au point 2 de la directive \u00ab\u00a0de minimis\u00a0\u00bb (catalogue de mesures). La liste positive contient des informations suppl\u00e9mentaires sur les mesures \u00e9ligibles. Les mesures ne doivent pas avoir commenc\u00e9 avant la r\u00e9ception de la demande par l&rsquo;Office f\u00e9d\u00e9ral. Pour conna\u00eetre les r\u00e8gles concr\u00e8tes, veuillez vous r\u00e9f\u00e9rer \u00e0 la directive sur les subventions \u00ab\u00a0de minimis\u00a0\u00bb correspondante ou aux explications relatives \u00e0 la p\u00e9riode de subvention correspondante.<\/p>\n<\/div><\/section><\/div><div class='flex_column av-soh76-8e7795036b311a3d5247fcba0aafb6f2 av_one_half  avia-builder-el-5  el_after_av_one_half  avia-builder-el-last  flex_column_div '     ><section  class='av_textblock_section av-mdo2q-fe8ad75fdfca6c7d35d4daa5a679cf36'  itemscope=\"itemscope\" itemtype=\"https:\/\/schema.org\/CreativeWork\" ><div class='avia_textblock list-arrows'  itemprop=\"text\" ><p>Les entreprises doivent, au moment de la demande, effectuer des transports routiers de marchandises au sens de l&rsquo;article 1 de la loi sur les transports routiers de marchandises (G\u00fcKG) et \u00eatre propri\u00e9taires ou d\u00e9tenteurs d&rsquo;au moins un v\u00e9hicule utilitaire lourd soumis au p\u00e9age et autoris\u00e9 \u00e0 circuler sur la voie publique en R\u00e9publique f\u00e9d\u00e9rale d&rsquo;Allemagne. Sont consid\u00e9r\u00e9s comme v\u00e9hicules lourds au sens de la directive \u00ab\u00a0de minimis\u00a0\u00bb les v\u00e9hicules \u00e0 moteur destin\u00e9s exclusivement au transport routier de marchandises et dont le poids total autoris\u00e9 en charge est d&rsquo;au moins 7,5 tonnes.<br \/>\n<strong>Il n&rsquo;existe pas de droit l\u00e9gal \u00e0 l&rsquo;octroi d&rsquo;une subvention. L&rsquo;Office f\u00e9d\u00e9ral prend sa d\u00e9cision sur la base de son pouvoir discr\u00e9tionnaire et dans la limite des fonds disponibles.<\/strong><\/p>\n<\/div><\/section><\/div><\/div><\/div><\/div><!-- close content main div --><\/div><\/div><div id='av_section_2'  class='avia-section av-kjjoa-3455b438c04c7f0980541f69edd9ddb2 main_color avia-section-default avia-no-border-styling  avia-builder-el-7  el_after_av_section  el_before_av_section  avia-bg-style-scroll container_wrap fullsize'  ><div class='container av-section-cont-open' ><div class='template-page content  av-content-full alpha units'><div class='post-entry post-entry-type-page post-entry-2291'><div class='entry-content-wrapper clearfix'>\n<div class='flex_column av-dbika-2db4295b487fdd6ee25738455338c523 av_one_full  avia-builder-el-8  avia-builder-el-no-sibling  bg-fill inset br-default first flex_column_div '     ><div class=\"pxl-headline pxl-hl hl-wrap | hl-sub--bot hl--align-left hl--no-margin \">\n\t<div class=\"hl-inner\">\n\t\t\t<span class=\"hl-main hl-line |  hl_main--h1\">Les <strong>mesures<\/strong> soutenues comprennent l\u2019<strong>am\u00e9lioration de l\u2019efficacit\u00e9<\/strong><\/span>\n\t\t\t<span class=\"hl-sub hl-line |  hl_sub--default\">(acquisition de syst\u00e8mes t\u00e9l\u00e9matiques, de logiciels de pr\u00e9sentation, d\u2019analyse, de gestion, d\u2019archivage des donn\u00e9es du tachygraphe num\u00e9rique)<\/span>\n\t<\/div>\n<\/div><\/div>\n<\/p>\n<\/div><\/div><\/div><!-- close content main div --><\/div><\/div><div id='av_section_3'  class='avia-section av-3akgd-92e5906da978d623fe0128d14eb13ddc main_color avia-section-default avia-no-border-styling  avia-builder-el-10  el_after_av_section  el_before_av_section  avia-bg-style-scroll container_wrap fullsize'  ><div class='container av-section-cont-open' ><div class='template-page content  av-content-full alpha units'><div class='post-entry post-entry-type-page post-entry-2291'><div class='entry-content-wrapper clearfix'>\n<div class='flex_column av-2obj1-fe46e26bca3e376ee09646eb4fa4af90 av_one_half  avia-builder-el-11  el_before_av_one_half  avia-builder-el-first  bg-brand-gradient inset br-default bg-invert first flex_column_div '     ><p><div class=\"pxl-headline pxl-hl hl-wrap | hl-sub--off hl--align-left hl--small-margin \">\n\t<div class=\"hl-inner\">\n\t\t\t<h2 class=\"hl-main hl-line |  hl_main--default\"><strong>Promotion des syst\u00e8mes t\u00e9l\u00e9matiques<\/strong><\/h2>\n\t\t\t\n\t<\/div>\n<\/div>\n<br \/>\n<section  class='av_textblock_section av-xsf2u-543215456c8d8f34a5237d45273250d7'  itemscope=\"itemscope\" itemtype=\"https:\/\/schema.org\/CreativeWork\" ><div class='avia_textblock'  itemprop=\"text\" ><ul>\n<li>Les co\u00fbts \u00e9ligibles sont l&rsquo;achat, la location et le leasing \/ les co\u00fbts de maintenance \/ les frais de service pour le mat\u00e9riel et les logiciels et les autres co\u00fbts li\u00e9s \u00e0 l&rsquo;utilisation de composants de solutions t\u00e9l\u00e9matiques dans l&rsquo;entreprise elle-m\u00eame.<\/li>\n<li>Les co\u00fbts \u00e9ligibles sont les co\u00fbts de communication pour le fonctionnement des syst\u00e8mes t\u00e9l\u00e9matiques (communication de donn\u00e9es uniquement).<\/li>\n<li>Les composants de solutions t\u00e9l\u00e9matiques li\u00e9s au v\u00e9hicule sont \u00e9ligibles en tant que syst\u00e8me d&rsquo;assistance au conducteur (mesure li\u00e9e au v\u00e9hicule).<\/li>\n<\/ul>\n<\/div><\/section><\/p><\/div><div class='flex_column av-7alvy-841b3031e9be3c70227e838aff59f459 av_one_half  avia-builder-el-14  el_after_av_one_half  avia-builder-el-last  bg-fill inset br-default flex_column_div '     ><p><div class=\"pxl-headline pxl-hl hl-wrap | hl-sub--off hl--align-left hl--small-margin \">\n\t<div class=\"hl-inner\">\n\t\t\t<h2 class=\"hl-main hl-line |  hl_main--default\"><strong>Autres exemples d\u2019actions \u00e9ligibles :<\/strong><\/h2>\n\t\t\t\n\t<\/div>\n<\/div>\n<br \/>\n<section  class='av_textblock_section av-kx0csbhx-61578c9768016a6b1a6a9bc3e741da2a'  itemscope=\"itemscope\" itemtype=\"https:\/\/schema.org\/CreativeWork\" ><div class='avia_textblock'  itemprop=\"text\" ><div class=\"inner_cols\" style=\"display: flex; flex-flow: row nowrap;\">\n<ul>\n<li>DLD large gamme<\/li>\n<li>Interface FMS<\/li>\n<li>Co\u00fbts de communication pour l&rsquo;exploitation des syst\u00e8mes t\u00e9l\u00e9matiques (communication de donn\u00e9es uniquement)<\/li>\n<li>Frais de location de mat\u00e9riel et de logiciels<\/li>\n<\/ul>\n<ul style=\"width: calc(50%-1.25rem); margin-left: 2.5rem;\">\n<li>Logiciel de navigation<\/li>\n<li>Frais de localisation<\/li>\n<li>Logiciel de planification et d&rsquo;optimisation des tourn\u00e9es<\/li>\n<li>Adaptateur d&rsquo;interface<\/li>\n<li>Co\u00fbts de maintenance<\/li>\n<\/ul>\n<\/div>\n<\/div><\/section><\/p><\/div>\n\n<\/div><\/div><\/div><!-- close content main div --><\/div><\/div><div id='av_section_4'  class='avia-section av-5uaee-ff6ccb4c78014ec7f742b10483095ea5 main_color avia-section-default avia-no-border-styling  avia-builder-el-17  el_after_av_section  el_before_av_section  avia-bg-style-scroll container_wrap fullsize'  ><div class='container av-section-cont-open' ><div class='template-page content  av-content-full alpha units'><div class='post-entry post-entry-type-page post-entry-2291'><div class='entry-content-wrapper clearfix'>\n<div class=\"pxl-headline pxl-hl hl-wrap | hl-sub--off hl--align-left  \">\n\t<div class=\"hl-inner\">\n\t\t\t<h2 class=\"hl-main hl-line |  hl_main--h1\"><strong>Qui peut b\u00e9n\u00e9ficier d\u2019une subvention ?<\/strong><\/h2>\n\t\t\t\n\t<\/div>\n<\/div>\n\n<div class='flex_column av-1c9zba-096c8d06e0dae5a65dd007784a59caad av_one_half  avia-builder-el-19  el_after_pixel-headline  el_before_av_one_half  first flex_column_div '     ><section  class='av_textblock_section av-125852-bfa3dac6522f3b6af6c4111ab8d03597'  itemscope=\"itemscope\" itemtype=\"https:\/\/schema.org\/CreativeWork\" ><div class='avia_textblock list-arrows'  itemprop=\"text\" ><p>Sont \u00e9ligibles les entreprises qui, au moment de la demande, effectuent des transports routiers de marchandises au sens de l&rsquo;article 1 de la loi sur le transport routier de marchandises (G\u00fcKG) et qui, au 1er d\u00e9cembre 2020, sont propri\u00e9taires ou d\u00e9tenteurs de v\u00e9hicules lourds soumis au p\u00e9age et autoris\u00e9s \u00e0 circuler sur les routes publiques en R\u00e9publique f\u00e9d\u00e9rale d&rsquo;Allemagne.<\/p>\n<p>Si les documents relatifs \u00e0 la propri\u00e9t\u00e9 ou \u00e0 la d\u00e9tention du v\u00e9hicule concernent \u00e9galement d&rsquo;autres jours entre le 1er d\u00e9cembre 2020 et la date de votre demande, vous pouvez \u00e9galement soumettre les documents relatifs \u00e0 la propri\u00e9t\u00e9 ou \u00e0 la d\u00e9tention du v\u00e9hicule. L&rsquo;Office f\u00e9d\u00e9ral du transport de marchandises les examinera avec bienveillance.<\/p>\n<p><strong>Sont consid\u00e9r\u00e9s comme v\u00e9hicules utilitaires lourds au sens de la directive sur les subventions les v\u00e9hicules \u00e0 moteur destin\u00e9s au transport de marchandises par route et dont le poids total autoris\u00e9 en charge est d&rsquo;au moins 7,5 tonnes.<\/strong><\/p>\n<\/div><\/section><\/div><div class='flex_column av-xxo2-5d89b47460fa936560242c55045629ff av_one_half  avia-builder-el-21  el_after_av_one_half  avia-builder-el-last  flex_column_div '     ><section  class='av_textblock_section av-kx4newk7-1991dc4015ca6b34a2519d1e7dc825f1'  itemscope=\"itemscope\" itemtype=\"https:\/\/schema.org\/CreativeWork\" ><div class='avia_textblock list-arrows'  itemprop=\"text\" ><p>La condition selon laquelle le transport routier de marchandises est effectu\u00e9 au sens de l&rsquo;article 1 G\u00fcKG doit \u00eatre remplie au moment de la demande, pour le transport routier de marchandises pour compte d&rsquo;autrui, par l&rsquo;une des autorisations prescrites (article 3 G\u00fcKG &#8211; autorisation nationale\/article 5 G\u00fcKG &#8211; licence UE) ou, pour le transport pour compte propre, par l&rsquo;inscription au registre conform\u00e9ment \u00e0 l&rsquo;article 15a G\u00fcKG.<\/p>\n<ul>\n<li>En outre, lorsqu&rsquo;il y a s\u00e9paration des secteurs, les entreprises actives dans la p\u00eache ou l&rsquo;aquaculture au sens du r\u00e8glement (CE) n\u00b0 104\/2000 du Conseil sont \u00e9galement \u00e9ligibles,<\/li>\n<li>sont actives dans la production primaire de produits agricoles,<\/li>\n<li>sont actives dans la transformation et la commercialisation de produits agricoles. [Cf. article 1, paragraphe 1, points a) \u00e0 c) du r\u00e8glement (UE) n\u00b0 1407\/2013].<\/li>\n<\/ul>\n<p>Il convient de s&rsquo;assurer que la partie de l&rsquo;entreprise\/l&rsquo;entreprise non \u00e9ligible d&rsquo;un groupe d&rsquo;entreprises ne re\u00e7oit pas de subventions.<\/p>\n<\/div><\/section><\/div>\n\n<\/div><\/div><\/div><!-- close content main div --><\/div><\/div><div id='kontakt'  class='avia-section av-412up-0c89566faad173aa3419a40763ab3e38 alternate_color avia-section-default avia-no-border-styling  avia-builder-el-23  el_after_av_section  avia-builder-el-last  contact-section avia-bg-style-scroll container_wrap fullsize'  ><div class='container av-section-cont-open' ><div class='template-page content  av-content-full alpha units'><div class='post-entry post-entry-type-page post-entry-2291'><div class='entry-content-wrapper clearfix'>\n<div class=\"pxl-headline pxl-hl hl-wrap | hl-sub--bot hl--align-left hl--no-margin \">\n\t<div class=\"hl-inner\">\n\t\t\t<h2 class=\"hl-main hl-line |  hl_main--h1\">Vous \u00eates int\u00e9ress\u00e9 par les <strong>aides de minimis ?<\/strong><\/h2>\n\t\t\t<span class=\"hl-sub hl-line |  hl_sub--default\">Alors demandez d\u00e8s aujourd\u2019hui votre rendez-vous de consultation avec nous.<\/span>\n\t<\/div>\n<\/div>\n\n \n       \n        <div class=\"contactblock-column contactblock-person contactblock-address bg-fill inset br-default flex_column av_one_third column-top-margin first\">\n            <p>\n                <span class=\"contactblock-address-title\">Contactez-nous maintenant<\/span>\n                <span class=\"contactblock-address-subtitle\">Nous vous conseillons volontiers<\/span>\n            <\/p>\n            <p>\n                <span class=\"company-title\">Fairfleet - Telematiksysteme<\/span>\n            <\/p>\n            <p>\n                Robert-Bosch-Str. 15<br\/>\n                42489 W\u00fclfrath<br\/>\n                Allemagne\n            <\/p>\n            <p>\n                <strong>Tel.:<\/strong><a href=\"tel:0492058778210\">+49 20 58 77 82 10<\/a>\n            <\/p>\n            <p>\n                <strong><a href=\"mailto:info@fairfleet.de\">info@fairfleet.de<\/a><\/strong>\n            <\/p>\n        <\/div>\n     \n    <div class=\"contactblock-column contactblock-form flex_column av_two_third column-top-margin column-flex-grow\">\n        \n<div class=\"wpcf7 no-js\" id=\"wpcf7-f2745-o1\" lang=\"fr-FR\" dir=\"ltr\">\n<div class=\"screen-reader-response\"><p role=\"status\" aria-live=\"polite\" aria-atomic=\"true\"><\/p> <ul><\/ul><\/div>\n<form action=\"\/fr\/wp-json\/wp\/v2\/pages\/2291#wpcf7-f2745-o1\" method=\"post\" class=\"wpcf7-form init\" aria-label=\"Formulaire de contact\" novalidate=\"novalidate\" data-status=\"init\">\n<div style=\"display: none;\">\n<input type=\"hidden\" name=\"_wpcf7\" value=\"2745\" \/>\n<input type=\"hidden\" name=\"_wpcf7_version\" value=\"5.8.5\" \/>\n<input type=\"hidden\" name=\"_wpcf7_locale\" value=\"fr_FR\" \/>\n<input type=\"hidden\" name=\"_wpcf7_unit_tag\" value=\"wpcf7-f2745-o1\" \/>\n<input type=\"hidden\" name=\"_wpcf7_container_post\" value=\"0\" \/>\n<input type=\"hidden\" name=\"_wpcf7_posted_data_hash\" value=\"\" \/>\n<input type=\"hidden\" name=\"_wpcf7_recaptcha_response\" value=\"\" \/>\n<\/div>\n<div class=\"cf-fields fancy\">\n\t<div class=\"cf-field half\">\n\t\t<p><label>Soci\u00e9t\u00e9<\/label><span class=\"wpcf7-form-control-wrap\" data-name=\"company\"><input size=\"40\" class=\"wpcf7-form-control wpcf7-text\" aria-invalid=\"false\" value=\"\" type=\"text\" name=\"company\" \/><\/span>\n\t\t<\/p>\n\t<\/div>\n\t<div class=\"cf-field half\">\n\t\t<p><label>Nom<\/label><span class=\"wpcf7-form-control-wrap\" data-name=\"nname\"><input size=\"40\" class=\"wpcf7-form-control wpcf7-text\" aria-invalid=\"false\" value=\"\" type=\"text\" name=\"nname\" \/><\/span>\n\t\t<\/p>\n\t<\/div>\n\t<div class=\"cf-field half\">\n\t\t<p><label>E-mail<\/label><span class=\"wpcf7-form-control-wrap\" data-name=\"email\"><input size=\"40\" class=\"wpcf7-form-control wpcf7-email wpcf7-validates-as-required wpcf7-text wpcf7-validates-as-email\" aria-required=\"true\" aria-invalid=\"false\" value=\"\" type=\"email\" name=\"email\" \/><\/span>\n\t\t<\/p>\n\t<\/div>\n\t<div class=\"cf-field half\">\n\t\t<p><label>T\u00e9l\u00e9phone<\/label><span class=\"wpcf7-form-control-wrap\" data-name=\"phone\"><input size=\"40\" class=\"wpcf7-form-control wpcf7-text\" aria-invalid=\"false\" value=\"\" type=\"text\" name=\"phone\" \/><\/span>\n\t\t<\/p>\n\t<\/div>\n\t<div class=\"cf-field headline\">\n\t\t<p>Accord de rappel\n\t\t<\/p>\n\t<\/div>\n\t<div class=\"cf-field half special date\">\n\t\t<p><span class=\"wpcf7-form-control-wrap\" data-name=\"datum\"><input class=\"wpcf7-form-control wpcf7-date wpcf7-validates-as-date\" aria-invalid=\"false\" placeholder=\"Date\" value=\"\" type=\"date\" name=\"datum\" \/><\/span>\n\t\t<\/p>\n\t<\/div>\n\t<div class=\"cf-field half special time\">\n\t\t<p><span class=\"wpcf7-form-control-wrap\" data-name=\"time\"><input size=\"40\" class=\"wpcf7-form-control wpcf7-text\" aria-invalid=\"false\" placeholder=\"Heure\" value=\"\" type=\"text\" name=\"time\" \/><\/span>\n\t\t<\/p>\n\t<\/div>\n\t<div class=\"cf-field\">\n\t\t<p><span class=\"wpcf7-form-control-wrap\" data-name=\"msg\"><textarea cols=\"40\" rows=\"10\" class=\"wpcf7-form-control wpcf7-textarea\" aria-invalid=\"false\" placeholder=\"Message\" name=\"msg\"><\/textarea><\/span>\n\t\t<\/p>\n\t<\/div>\n<\/div>\n<div class=\"cf-footer\">\n\t<div class=\"cf-ds\">\n\t\t<p><span class=\"wpcf7-form-control-wrap\" data-name=\"ds\"><span class=\"wpcf7-form-control wpcf7-acceptance\"><span class=\"wpcf7-list-item\"><input type=\"checkbox\" name=\"ds\" value=\"1\" aria-invalid=\"false\" \/><\/span><\/span><\/span><span class=\"cf-ds-text\">Par la pr\u00e9sente, j'accepte la <a href=\"\/fr\/declaration-de-confidentialite\/\">politique de confidentialit\u00e9<\/a>.<\/span>\n\t\t<\/p>\n\t<\/div>\n\t<div class=\"cf-send\">\n\t\t<p><input class=\"wpcf7-form-control wpcf7-submit has-spinner\" type=\"submit\" value=\"Prendre contact\" \/>\n\t\t<\/p>\n\t<\/div>\n<\/div><div class=\"wpcf7-response-output\" aria-hidden=\"true\"><\/div>\n<\/form>\n<\/div>\n\n    <\/div>\n\n\n","protected":false},"excerpt":{"rendered":"","protected":false},"author":1,"featured_media":0,"parent":1782,"menu_order":9,"comment_status":"closed","ping_status":"closed","template":"","meta":{"footnotes":""},"_links":{"self":[{"href":"https:\/\/fairfleet.de\/fr\/wp-json\/wp\/v2\/pages\/2291"}],"collection":[{"href":"https:\/\/fairfleet.de\/fr\/wp-json\/wp\/v2\/pages"}],"about":[{"href":"https:\/\/fairfleet.de\/fr\/wp-json\/wp\/v2\/types\/page"}],"author":[{"embeddable":true,"href":"https:\/\/fairfleet.de\/fr\/wp-json\/wp\/v2\/users\/1"}],"replies":[{"embeddable":true,"href":"https:\/\/fairfleet.de\/fr\/wp-json\/wp\/v2\/comments?post=2291"}],"version-history":[{"count":6,"href":"https:\/\/fairfleet.de\/fr\/wp-json\/wp\/v2\/pages\/2291\/revisions"}],"predecessor-version":[{"id":2404,"href":"https:\/\/fairfleet.de\/fr\/wp-json\/wp\/v2\/pages\/2291\/revisions\/2404"}],"up":[{"embeddable":true,"href":"https:\/\/fairfleet.de\/fr\/wp-json\/wp\/v2\/pages\/1782"}],"wp:attachment":[{"href":"https:\/\/fairfleet.de\/fr\/wp-json\/wp\/v2\/media?parent=2291"}],"curies":[{"name":"wp","href":"https:\/\/api.w.org\/{rel}","templated":true}]}}