{"id":2303,"date":"2021-12-14T12:04:19","date_gmt":"2021-12-14T11:04:19","guid":{"rendered":"https:\/\/fairfleet.de\/gestion-de-la-flotte\/peripherique-dacquisition-de-donnees-geotab-go\/"},"modified":"2024-03-05T14:11:34","modified_gmt":"2024-03-05T13:11:34","slug":"peripherique-dacquisition-de-donnees-geotab-go","status":"publish","type":"page","link":"https:\/\/fairfleet.de\/fr\/gestion-de-la-flotte\/peripherique-dacquisition-de-donnees-geotab-go\/","title":{"rendered":"P\u00e9riph\u00e9rique d&rsquo;acquisition de donn\u00e9es Geotab GO"},"content":{"rendered":"<div id='layer_slider_1'  class='avia-layerslider main_color avia-shadow  avia-builder-el-0  el_before_av_section  avia-builder-el-first  container_wrap fullsize'  style='height: 485px; max-width: 1920px; margin: 0 auto;'  ><\/div>\n<div id='av_section_1'  class='avia-section av-so372-e3129e42c23ab6e312da48370a368082 main_color avia-section-default avia-no-border-styling  avia-builder-el-1  el_after_av_layerslider  el_before_av_section  avia-bg-style-scroll container_wrap fullsize'  ><div class='container av-section-cont-open' ><div class='template-page content  av-content-full alpha units'><div class='post-entry post-entry-type-page post-entry-2303'><div class='entry-content-wrapper clearfix'>\n<div class='flex_column av-g6b2e-726af301a921ace904103d95cbb7f54a av_three_fourth  avia-builder-el-2  avia-builder-el-no-sibling  first flex_column_div '     ><p><div class=\"pxl-headline pxl-hl hl-wrap | hl-sub--off hl--align-left  \">\n\t<div class=\"hl-inner\">\n\t\t\t<h1 class=\"hl-main hl-line |  hl_main--default\"><strong>Comment fonctionne la localisation de v\u00e9hicules ?<\/strong><\/h1>\n\t\t\t\n\t<\/div>\n<\/div>\n<br \/>\n<section  class='av_textblock_section av-csi6y-9d5ef8e2b9d575624118bbd98c9102df'  itemscope=\"itemscope\" itemtype=\"https:\/\/schema.org\/CreativeWork\" ><div class='avia_textblock'  itemprop=\"text\" ><p>La localisation des v\u00e9hicules permet au propri\u00e9taire de conna\u00eetre \u00e0 tout moment la position, la vitesse et la direction du v\u00e9hicule gr\u00e2ce aux syst\u00e8mes satellitaires. Le syst\u00e8me de localisation de v\u00e9hicules GO9 de Geotab utilise le nouveau GNSS (syst\u00e8me global de navigation par satellite), qui permet d&rsquo;obtenir des donn\u00e9es de positionnement plus pr\u00e9cises, et peut \u00eatre install\u00e9 sur tout type de v\u00e9hicule et de v\u00e9hicule \u00e9lectrique.<\/p>\n<\/div><\/section><\/p><\/div>\n\n<\/div><\/div><\/div><!-- close content main div --><\/div><\/div><div id='av_section_2'  class='avia-section av-kwxdw0pg-4f1bfc994b427cfdc48fd6deda0e9bdc alternate_color avia-section-default avia-no-border-styling  avia-builder-el-5  el_after_av_section  el_before_av_section  avia-bg-style-scroll container_wrap fullsize'  ><div class='container av-section-cont-open' ><div class='template-page content  av-content-full alpha units'><div class='post-entry post-entry-type-page post-entry-2303'><div class='entry-content-wrapper clearfix'>\n<div class='flex_column av-f174m-4342b49c6d74c42c6fa5330420bb97cd av_three_fourth  avia-builder-el-6  el_before_av_one_third  avia-builder-el-first  first flex_column_div '     ><div class=\"pxl-headline pxl-hl hl-wrap | hl-sub--off hl--align-left  \">\n\t<div class=\"hl-inner\">\n\t\t\t<h2 class=\"hl-main hl-line |  hl_main--h1\">Les avantages <strong>de la localisation de v\u00e9hicules<\/strong><\/h2>\n\t\t\t\n\t<\/div>\n<\/div><\/div><div class='flex_column av-m4vlq-22cb709cd507f90bb3d78a8c4ee8016e av_one_third  avia-builder-el-8  el_after_av_three_fourth  el_before_av_one_third  md_half md_first first flex_column_div column-top-margin'     ><div class=\"card card-icon bg-fill hl-small has-link\">\n\n\t\t\t<div class=\"card-media\">\n\t\t\t\t\t\t\t<img decoding=\"async\" src=\"https:\/\/fairfleet.de\/wp-content\/uploads\/icon-productivity.svg\" alt=\"Begleitbild zu Localisation pr\u00e9cise des v\u00e9hicules\" \/>\n\t\t\t\t\t<\/div>\n\t\n\t<div class=\"card-content\">\n\n\t\t\t\t\t<span class=\"card-title\">Localisation pr\u00e9cise des v\u00e9hicules<\/span>\n\t\t\n        \n\n\t\t\t\t\t<div class=\"card-textblock\"><p>Collectez des donn\u00e9es pr\u00e9cises sur la localisation du v\u00e9hicule, la vitesse, la distance et le temps de conduite, le ralenti du moteur, etc. M\u00eame si votre v\u00e9hicule est gar\u00e9 sous terre, la localisation GPS du v\u00e9hicule et la t\u00e9l\u00e9matique commencent \u00e0 enregistrer d\u00e8s que vous d\u00e9marrez. La nouvelle Geotab GO9 est dot\u00e9e d\u2019un processeur 32 bits, de plus de m\u00e9moire, de plus de RAM et d\u2019un gyroscope.<\/p><\/div>\n\t\t\n\t\t\n\t<\/div>\n<\/div><\/div><div class='flex_column av-yh0yi-5a64e8551afcb2108073f16c345d4a50 av_one_third  avia-builder-el-10  el_after_av_one_third  el_before_av_one_third  md_half flex_column_div column-top-margin'     ><div class=\"card card-icon bg-fill hl-small has-link\">\n\n\t\t\t<div class=\"card-media\">\n\t\t\t\t\t\t\t<img decoding=\"async\" src=\"https:\/\/fairfleet.de\/wp-content\/uploads\/icon-checkup.svg\" alt=\"Begleitbild zu \u00c9valuation de l\u2019\u00e9tat du v\u00e9hicule\" \/>\n\t\t\t\t\t<\/div>\n\t\n\t<div class=\"card-content\">\n\n\t\t\t\t\t<span class=\"card-title\">\u00c9valuation de l\u2019\u00e9tat du v\u00e9hicule<\/span>\n\t\t\n        \n\n\t\t\t\t\t<div class=\"card-textblock\"><p>Extraire des informations importantes sur l\u2019\u00e9tat et le statut du v\u00e9hicule. Enregistrez le num\u00e9ro de ch\u00e2ssis, le kilom\u00e9trage, les donn\u00e9es d\u2019erreur et plus encore. Ces donn\u00e9es vous permettent non seulement de donner la priorit\u00e9 \u00e0 l\u2019entretien des v\u00e9hicules, mais elles aident \u00e9galement \u00e0 surveiller l\u2019utilisation des v\u00e9hicules afin d\u2019identifier les habitudes de conduite s\u00fbres et risqu\u00e9es.<\/p><\/div>\n\t\t\n\t\t\n\t<\/div>\n<\/div><\/div><div class='flex_column av-pa8s2-4e13dd21a1387955f68b10f4413a9479 av_one_third  avia-builder-el-12  el_after_av_one_third  el_before_av_one_third  md_half md_first md_topmargin flex_column_div column-top-margin'     ><div class=\"card card-icon bg-fill hl-small has-link\">\n\n\t\t\t<div class=\"card-media\">\n\t\t\t\t\t\t\t<img decoding=\"async\" src=\"https:\/\/fairfleet.de\/wp-content\/uploads\/icon-collision.svg\" alt=\"Begleitbild zu D\u00e9tection des collisions et notification\" \/>\n\t\t\t\t\t<\/div>\n\t\n\t<div class=\"card-content\">\n\n\t\t\t\t\t<span class=\"card-title\">D\u00e9tection des collisions et notification<\/span>\n\t\t\n        \n\n\t\t\t\t\t<div class=\"card-textblock\"><p>Geotab fournit des donn\u00e9es sp\u00e9cifiques pour les modes de conduite difficiles (acc\u00e9l\u00e9ration, freinage, virage, etc.) et une reconstruction des collisions gr\u00e2ce \u00e0 nos algorithmes brevet\u00e9s et \u00e0 l\u2019acc\u00e9l\u00e9rom\u00e8tre de l\u2019appareil GO. Lorsqu\u2019une collision pr\u00e9sum\u00e9e est d\u00e9tect\u00e9e, des donn\u00e9es m\u00e9dico-l\u00e9gales d\u00e9taill\u00e9es sont automatiquement t\u00e9l\u00e9charg\u00e9es \u00e0 partir de l\u2019appareil GO afin de permettre la reconstitution de l\u2019\u00e9v\u00e9nement, m\u00eame en cas de collision en marche arri\u00e8re. La d\u00e9claration initiale de sinistre est \u00e9mise via des alertes par e-mail et sur le bureau.<\/p><\/div>\n\t\t\n\t\t\n\t<\/div>\n<\/div><\/div><div class='flex_column av-lu7i2-a38bd7c53d4fc9b3c20ad59d87c3442a av_one_third  avia-builder-el-14  el_after_av_one_third  el_before_av_one_third  md_half first flex_column_div column-top-margin'     ><div class=\"card card-icon bg-fill hl-small has-link\">\n\n\t\t\t<div class=\"card-media\">\n\t\t\t\t\t\t\t<img decoding=\"async\" src=\"https:\/\/fairfleet.de\/wp-content\/uploads\/icon-securedata.svg\" alt=\"Begleitbild zu Donn\u00e9es s\u00e9curis\u00e9es\" \/>\n\t\t\t\t\t<\/div>\n\t\n\t<div class=\"card-content\">\n\n\t\t\t\t\t<span class=\"card-title\">Donn\u00e9es s\u00e9curis\u00e9es<\/span>\n\t\t\n        \n\n\t\t\t\t\t<div class=\"card-textblock\"><p>Geotab utilise l\u2019authentification, le cryptage et la v\u00e9rification de l\u2019int\u00e9grit\u00e9 des messages pour les dispositifs de localisation de v\u00e9hicules Geotab GO et les interfaces r\u00e9seau. Chaque appareil Geotab GO poss\u00e8de un identifiant unique et une cl\u00e9 de s\u00e9curit\u00e9 non statique, il est donc difficile d\u2019usurper l\u2019identit\u00e9 d\u2019un appareil. Les mises \u00e0 jour OTA (Over-the-Air) utilisent des micrologiciels avec signature num\u00e9rique pour v\u00e9rifier que les mises \u00e0 jour proviennent d\u2019une source fiable.<\/p><\/div>\n\t\t\n\t\t\n\t<\/div>\n<\/div><\/div><div class='flex_column av-ebp2q-17c84201fcfdaf227e28eeaf5e6be2cc av_one_third  avia-builder-el-16  el_after_av_one_third  el_before_av_one_third  md_half md_first flex_column_div column-top-margin'     ><div class=\"card card-icon bg-fill hl-small has-link\">\n\n\t\t\t<div class=\"card-media\">\n\t\t\t\t\t\t\t<img decoding=\"async\" src=\"https:\/\/fairfleet.de\/wp-content\/uploads\/icon-coaching.svg\" alt=\"Begleitbild zu Coaching du conducteur dans le v\u00e9hicule\" \/>\n\t\t\t\t\t<\/div>\n\t\n\t<div class=\"card-content\">\n\n\t\t\t\t\t<span class=\"card-title\">Coaching du conducteur dans le v\u00e9hicule<\/span>\n\t\t\n        \n\n\t\t\t\t\t<div class=\"card-textblock\"><p>Am\u00e9liorez la conduite, par exemple en cas d\u2019exc\u00e8s de vitesse ou de moteur au ralenti, en \u00e9mettant un avertissement sonore ou en coachant vocalement le conducteur (disponible en tant que module compl\u00e9mentaire). Un retour d\u2019information imm\u00e9diat peut am\u00e9liorer la s\u00e9curit\u00e9 de la flotte, favorise le respect des politiques de l\u2019entreprise et encourage vos conducteurs \u00e0 prendre imm\u00e9diatement des mesures correctives.<\/p><\/div>\n\t\t\n\t\t\n\t<\/div>\n<\/div><\/div><div class='flex_column av-a56v6-a20077981a3750e4521c40730ead60e1 av_one_third  avia-builder-el-18  el_after_av_one_third  avia-builder-el-last  md_half flex_column_div column-top-margin'     ><div class=\"card card-icon bg-fill hl-small has-link\">\n\n\t\t\t<div class=\"card-media\">\n\t\t\t\t\t\t\t<img decoding=\"async\" src=\"https:\/\/fairfleet.de\/wp-content\/uploads\/icon-extended-data.svg\" alt=\"Begleitbild zu Collecte de donn\u00e9es avanc\u00e9e\" \/>\n\t\t\t\t\t<\/div>\n\t\n\t<div class=\"card-content\">\n\n\t\t\t\t\t<span class=\"card-title\">Collecte de donn\u00e9es avanc\u00e9e<\/span>\n\t\t\n        \n\n\t\t\t\t\t<div class=\"card-textblock\"><p>Les v\u00e9hicules envoient des donn\u00e9es \u00e0 partir d\u2019une multitude de sources telles que le moteur, la cha\u00eene cin\u00e9matique, le groupe d\u2019instruments et d\u2019autres sous-syst\u00e8mes. Le GO9 utilise plusieurs r\u00e9seaux internes pour collecter une grande partie de ces donn\u00e9es. Obtenez plus de la localisation de v\u00e9hicules.<\/p><\/div>\n\t\t\n\t\t\n\t<\/div>\n<\/div><\/div>\n\n<\/div><\/div><\/div><!-- close content main div --><\/div><\/div><div id='av_section_3'  class='avia-section av-kx60c2uk-99df8ecfd2e756d86104ebbb590afb80 main_color avia-section-default avia-no-border-styling  avia-builder-el-20  el_after_av_section  el_before_av_section  avia-bg-style-scroll container_wrap fullsize'  ><div class='container av-section-cont-open' ><div class='template-page content  av-content-full alpha units'><div class='post-entry post-entry-type-page post-entry-2303'><div class='entry-content-wrapper clearfix'>\n<div class='flex_column av-al5pm-47182bce63361eb90f391813b5f7266c av_three_fourth  avia-builder-el-21  el_before_av_one_full  avia-builder-el-first  first flex_column_div '     ><p><div class=\"pxl-headline pxl-hl hl-wrap | hl-sub--off hl--align-left  \">\n\t<div class=\"hl-inner\">\n\t\t\t<h2 class=\"hl-main hl-line |  hl_main--h1\"><strong>Geotab Go<\/strong> - Le petit miracle de la technologie<\/h2>\n\t\t\t\n\t<\/div>\n<\/div>\n<br \/>\n<section  class='av_textblock_section av-kwxho3gv-6876384ccf12bcd61e5c973162d1208a'  itemscope=\"itemscope\" itemtype=\"https:\/\/schema.org\/CreativeWork\" ><div class='avia_textblock'  itemprop=\"text\" ><p><strong>Une r\u00e9volution dans la gestion des flottes<\/strong> &#8211; Automatique, int\u00e9grative et innovante : la t\u00e9l\u00e9matique Geotab GO9 a \u00e9t\u00e9 con\u00e7ue de A \u00e0 Z pour r\u00e9pondre aux besoins changeants de votre flotte, non seulement aujourd&rsquo;hui mais aussi demain.<\/p>\n<\/div><\/section><\/p><\/div><div class='flex_column av-kx60gpv1-7cd3cca72a59dca7b214c394ffeb706c av_one_full  avia-builder-el-24  el_after_av_three_fourth  avia-builder-el-last  first flex_column_div column-top-margin'     ><style type=\"text\/css\" data-created_by=\"avia_inline_auto\" id=\"style-css-av-kx60h5e7-01ed55efb264977061c9fd2124f787e6\">\n.avia-image-container.av-kx60h5e7-01ed55efb264977061c9fd2124f787e6 img.avia_image{\nbox-shadow:none;\n}\n.avia-image-container.av-kx60h5e7-01ed55efb264977061c9fd2124f787e6 .av-image-caption-overlay-center{\ncolor:#ffffff;\n}\n<\/style>\n<div  class='avia-image-container av-kx60h5e7-01ed55efb264977061c9fd2124f787e6 av-styling- avia-align-center  avia-builder-el-25  avia-builder-el-no-sibling '   itemprop=\"image\" itemscope=\"itemscope\" itemtype=\"https:\/\/schema.org\/ImageObject\" ><div class=\"avia-image-container-inner\"><div class=\"avia-image-overlay-wrap\"><a href=\"https:\/\/fairfleet.de\/wp-content\/uploads\/geotab-go-infos-1030x462.png\" data-srcset=\"https:\/\/fairfleet.de\/wp-content\/uploads\/geotab-go-infos-1030x462.png 1030w, https:\/\/fairfleet.de\/wp-content\/uploads\/geotab-go-infos-300x135.png 300w, https:\/\/fairfleet.de\/wp-content\/uploads\/geotab-go-infos-768x344.png 768w, https:\/\/fairfleet.de\/wp-content\/uploads\/geotab-go-infos-800x360.png 800w, https:\/\/fairfleet.de\/wp-content\/uploads\/geotab-go-infos.png 1200w\" data-sizes=\"(max-width: 1030px) 100vw, 1030px\" class='avia_image' ><img decoding=\"async\" class='wp-image-353 avia-img-lazy-loading-not-353 avia_image ' src=\"https:\/\/fairfleet.de\/wp-content\/uploads\/geotab-go-infos.png\" alt='' title='geotab-go-infos'  height=\"538\" width=\"1200\"  itemprop=\"thumbnailUrl\" srcset=\"https:\/\/fairfleet.de\/wp-content\/uploads\/geotab-go-infos.png 1200w, https:\/\/fairfleet.de\/wp-content\/uploads\/geotab-go-infos-300x135.png 300w, https:\/\/fairfleet.de\/wp-content\/uploads\/geotab-go-infos-1030x462.png 1030w, https:\/\/fairfleet.de\/wp-content\/uploads\/geotab-go-infos-768x344.png 768w, https:\/\/fairfleet.de\/wp-content\/uploads\/geotab-go-infos-800x360.png 800w\" sizes=\"(max-width: 1200px) 100vw, 1200px\" \/><\/a><\/div><\/div><\/div><\/div>\n\n<\/div><\/div><\/div><!-- close content main div --><\/div><\/div><div id='av_section_4'  class='avia-section av-81q1m-6a89e5c49134f0c7f152631b60f40334 main_color avia-section-default avia-no-border-styling  avia-builder-el-26  el_after_av_section  el_before_av_section  avia-bg-style-scroll container_wrap fullsize'  ><div class='container av-section-cont-open' ><div class='template-page content  av-content-full alpha units'><div class='post-entry post-entry-type-page post-entry-2303'><div class='entry-content-wrapper clearfix'>\n<div class='flex_column av-kx63eg98-b165e87ed44c4560ebfe65e7bd286744 av_three_fourth  avia-builder-el-27  avia-builder-el-no-sibling  bg-shape first flex_column_div '     ><p><div class=\"pxl-headline pxl-hl hl-wrap | hl-sub--off hl--align-left  \">\n\t<div class=\"hl-inner\">\n\t\t\t<h2 class=\"hl-main hl-line |  hl_main--h1\"><strong>O\u00f9 placer le localisateur de v\u00e9hicule ?<\/strong><\/h2>\n\t\t\t\n\t<\/div>\n<\/div>\n<br \/>\n<section  class='av_textblock_section av-kx63eb5v-1bcb08eff54ce4db49fa02312830987a'  itemscope=\"itemscope\" itemtype=\"https:\/\/schema.org\/CreativeWork\" ><div class='avia_textblock'  itemprop=\"text\" ><p>L&rsquo;appareil compact de localisation de v\u00e9hicules Geotab GO9 se connecte directement au port OBD-II de votre v\u00e9hicule ou, pour les v\u00e9hicules qui n&rsquo;en sont pas \u00e9quip\u00e9s, \u00e0 un adaptateur. Pour cela, aucune connexion d&rsquo;antenne ou d&rsquo;\u00e9pissure de fil n&rsquo;est n\u00e9cessaire. Le processus d&rsquo;installation est rapide et simple et ne n\u00e9cessite pas d&rsquo;outils sp\u00e9ciaux ou d&rsquo;installateurs professionnels.<\/p>\n<p>Installation facile : il suffit de brancher le dispositif GO9 sur le port OBD-II de votre v\u00e9hicule ou \u00ab\u00a0via\u00a0\u00bb un adaptateur si n\u00e9cessaire. L&rsquo;appareil effectue alors un \u00e9talonnage automatique. Pour plus d&rsquo;informations, consultez le guide d&rsquo;installation.<\/p>\n<\/div><\/section><\/p><\/div>\n\n<\/div><\/div><\/div><!-- close content main div --><\/div><\/div>\n<style type=\"text\/css\" data-created_by=\"avia_inline_auto\" id=\"style-css-av-kx63qc19-0c1d8930a87ea9b386ce50793ddf5b76\">\n.avia-section.av-kx63qc19-0c1d8930a87ea9b386ce50793ddf5b76{\nbackground-repeat:no-repeat;\nbackground-image:url(https:\/\/fairfleet.de\/wp-content\/uploads\/parallax-communication.jpg);\nbackground-position:100% 50%;\nbackground-attachment:scroll;\n}\n<\/style>\n<div id='av_section_5'  class='avia-section av-kx63qc19-0c1d8930a87ea9b386ce50793ddf5b76 alternate_color avia-section-default avia-no-border-styling  avia-builder-el-30  el_after_av_section  el_before_av_section  avia-bg-style-scroll container_wrap fullsize'  data-section-bg-repeat='no-repeat'><div class='container av-section-cont-open' ><div class='template-page content  av-content-full alpha units'><div class='post-entry post-entry-type-page post-entry-2303'><div class='entry-content-wrapper clearfix'>\n<div class='flex_column av-kx63nuw7-447092d99905f94c94a83b9b434d4408 av_two_fifth  avia-builder-el-31  el_before_av_three_fifth  avia-builder-el-first  first flex_column_div '     ><\/div><div class='flex_column av-kx63ny67-4d645d2b7ffb66115636df0d9c4e9a2c av_three_fifth  avia-builder-el-32  el_after_av_two_fifth  avia-builder-el-last  bg-invert md_full flex_column_div '     ><p><div class=\"pxl-headline pxl-hl hl-wrap | hl-sub--off hl--align-left  \">\n\t<div class=\"hl-inner\">\n\t\t\t<h2 class=\"hl-main hl-line |  hl_main--h1\">Une <strong>communication s\u00fbre<\/strong> et \u00e0 la pointe du secteur<\/h2>\n\t\t\t\n\t<\/div>\n<\/div>\n<br \/>\n<section  class='av_textblock_section av-kx63pkx4-55312dd3732a6f8a28ccdf762e7ee3cf'  itemscope=\"itemscope\" itemtype=\"https:\/\/schema.org\/CreativeWork\" ><div class='avia_textblock'  itemprop=\"text\" ><p>Nous travaillons avec des associations professionnelles, des universit\u00e9s et des organismes gouvernementaux pour faire progresser la cybers\u00e9curit\u00e9 dans le secteur de la localisation des v\u00e9hicules et de la t\u00e9l\u00e9matique. Nous int\u00e9grons le meilleur de leurs connaissances et validons l&rsquo;impl\u00e9mentation par des tests d&rsquo;intrusion rigoureux r\u00e9alis\u00e9s en externe. Ensuite, nous partageons les bonnes pratiques avec l&rsquo;ensemble de notre secteur. Les fonctions de s\u00e9curit\u00e9 des appareils sont mises en \u0153uvre avec un module cryptographique valid\u00e9 FIPS 140-2. Certificat n\u00b0 3371.<\/p>\n<ul>\n<li>S\u00e9curit\u00e9 de bout en bout gr\u00e2ce \u00e0 l&rsquo;authentification<\/li>\n<li>Cryptage<\/li>\n<li>V\u00e9rification de l&rsquo;int\u00e9grit\u00e9 des messages<\/li>\n<li>Des appareils personnalis\u00e9s avec un identifiant unique<\/li>\n<li>Cl\u00e9s de s\u00e9curit\u00e9 non statiques<\/li>\n<li>Firmware \u00e0 signature num\u00e9rique<\/li>\n<li>Validation ind\u00e9pendante par des experts externes<\/li>\n<\/ul>\n<\/div><\/section><\/p><\/div><\/div><\/div><\/div><!-- close content main div --><\/div><\/div><div id='av_section_6'  class='avia-section av-kwxhst2r-e0924ad7a30a85f63962d73435f7925e main_color avia-section-default avia-no-border-styling  avia-builder-el-35  el_after_av_section  avia-builder-el-last  avia-bg-style-scroll container_wrap fullsize'  ><div class='container av-section-cont-open' ><div class='template-page content  av-content-full alpha units'><div class='post-entry post-entry-type-page post-entry-2303'><div class='entry-content-wrapper clearfix'>\n<div class=\"pxl-headline pxl-hl hl-wrap | hl-sub--bot hl--align-left hl--small-margin \">\n\t<div class=\"hl-inner\">\n\t\t\t<h2 class=\"hl-main hl-line |  hl_main--h1\">Vous souhaitez obtenir plus d\u2019informations sur les solutions <strong>Geotab et Fairfleet ?<\/strong><\/h2>\n\t\t\t<span class=\"hl-sub hl-line |  hl_sub--default\">N\u2019h\u00e9sitez pas \u00e0 nous contacter<\/span>\n\t<\/div>\n<\/div>\n\n \n       \n        <div class=\"contactblock-column contactblock-person contactblock-address bg-fill inset br-default flex_column av_one_third column-top-margin first\">\n            <p>\n                <span class=\"contactblock-address-title\">Contactez-nous maintenant<\/span>\n                <span class=\"contactblock-address-subtitle\">Nous vous conseillons volontiers<\/span>\n            <\/p>\n            <p>\n                <span class=\"company-title\">Fairfleet - Telematiksysteme<\/span>\n            <\/p>\n            <p>\n                Robert-Bosch-Str. 15<br\/>\n                42489 W\u00fclfrath<br\/>\n                Allemagne\n            <\/p>\n            <p>\n                <strong>Tel.:<\/strong><a href=\"tel:0492058778210\">+49 20 58 77 82 10<\/a>\n            <\/p>\n            <p>\n                <strong><a href=\"mailto:info@fairfleet.de\">info@fairfleet.de<\/a><\/strong>\n            <\/p>\n        <\/div>\n     \n    <div class=\"contactblock-column contactblock-form flex_column av_two_third column-top-margin column-flex-grow\">\n        \n<div class=\"wpcf7 no-js\" id=\"wpcf7-f2745-o1\" lang=\"fr-FR\" dir=\"ltr\">\n<div class=\"screen-reader-response\"><p role=\"status\" aria-live=\"polite\" aria-atomic=\"true\"><\/p> <ul><\/ul><\/div>\n<form action=\"\/fr\/wp-json\/wp\/v2\/pages\/2303#wpcf7-f2745-o1\" method=\"post\" class=\"wpcf7-form init\" aria-label=\"Formulaire de contact\" novalidate=\"novalidate\" data-status=\"init\">\n<div style=\"display: none;\">\n<input type=\"hidden\" name=\"_wpcf7\" value=\"2745\" \/>\n<input type=\"hidden\" name=\"_wpcf7_version\" value=\"5.8.5\" \/>\n<input type=\"hidden\" name=\"_wpcf7_locale\" value=\"fr_FR\" \/>\n<input type=\"hidden\" name=\"_wpcf7_unit_tag\" value=\"wpcf7-f2745-o1\" \/>\n<input type=\"hidden\" name=\"_wpcf7_container_post\" value=\"0\" \/>\n<input type=\"hidden\" name=\"_wpcf7_posted_data_hash\" value=\"\" \/>\n<input type=\"hidden\" name=\"_wpcf7_recaptcha_response\" value=\"\" \/>\n<\/div>\n<div class=\"cf-fields fancy\">\n\t<div class=\"cf-field half\">\n\t\t<p><label>Soci\u00e9t\u00e9<\/label><span class=\"wpcf7-form-control-wrap\" data-name=\"company\"><input size=\"40\" class=\"wpcf7-form-control wpcf7-text\" aria-invalid=\"false\" value=\"\" type=\"text\" name=\"company\" \/><\/span>\n\t\t<\/p>\n\t<\/div>\n\t<div class=\"cf-field half\">\n\t\t<p><label>Nom<\/label><span class=\"wpcf7-form-control-wrap\" data-name=\"nname\"><input size=\"40\" class=\"wpcf7-form-control wpcf7-text\" aria-invalid=\"false\" value=\"\" type=\"text\" name=\"nname\" \/><\/span>\n\t\t<\/p>\n\t<\/div>\n\t<div class=\"cf-field half\">\n\t\t<p><label>E-mail<\/label><span class=\"wpcf7-form-control-wrap\" data-name=\"email\"><input size=\"40\" class=\"wpcf7-form-control wpcf7-email wpcf7-validates-as-required wpcf7-text wpcf7-validates-as-email\" aria-required=\"true\" aria-invalid=\"false\" value=\"\" type=\"email\" name=\"email\" \/><\/span>\n\t\t<\/p>\n\t<\/div>\n\t<div class=\"cf-field half\">\n\t\t<p><label>T\u00e9l\u00e9phone<\/label><span class=\"wpcf7-form-control-wrap\" data-name=\"phone\"><input size=\"40\" class=\"wpcf7-form-control wpcf7-text\" aria-invalid=\"false\" value=\"\" type=\"text\" name=\"phone\" \/><\/span>\n\t\t<\/p>\n\t<\/div>\n\t<div class=\"cf-field headline\">\n\t\t<p>Accord de rappel\n\t\t<\/p>\n\t<\/div>\n\t<div class=\"cf-field half special date\">\n\t\t<p><span class=\"wpcf7-form-control-wrap\" data-name=\"datum\"><input class=\"wpcf7-form-control wpcf7-date wpcf7-validates-as-date\" aria-invalid=\"false\" placeholder=\"Date\" value=\"\" type=\"date\" name=\"datum\" \/><\/span>\n\t\t<\/p>\n\t<\/div>\n\t<div class=\"cf-field half special time\">\n\t\t<p><span class=\"wpcf7-form-control-wrap\" data-name=\"time\"><input size=\"40\" class=\"wpcf7-form-control wpcf7-text\" aria-invalid=\"false\" placeholder=\"Heure\" value=\"\" type=\"text\" name=\"time\" \/><\/span>\n\t\t<\/p>\n\t<\/div>\n\t<div class=\"cf-field\">\n\t\t<p><span class=\"wpcf7-form-control-wrap\" data-name=\"msg\"><textarea cols=\"40\" rows=\"10\" class=\"wpcf7-form-control wpcf7-textarea\" aria-invalid=\"false\" placeholder=\"Message\" name=\"msg\"><\/textarea><\/span>\n\t\t<\/p>\n\t<\/div>\n<\/div>\n<div class=\"cf-footer\">\n\t<div class=\"cf-ds\">\n\t\t<p><span class=\"wpcf7-form-control-wrap\" data-name=\"ds\"><span class=\"wpcf7-form-control wpcf7-acceptance\"><span class=\"wpcf7-list-item\"><input type=\"checkbox\" name=\"ds\" value=\"1\" aria-invalid=\"false\" \/><\/span><\/span><\/span><span class=\"cf-ds-text\">Par la pr\u00e9sente, j'accepte la <a href=\"\/fr\/declaration-de-confidentialite\/\">politique de confidentialit\u00e9<\/a>.<\/span>\n\t\t<\/p>\n\t<\/div>\n\t<div class=\"cf-send\">\n\t\t<p><input class=\"wpcf7-form-control wpcf7-submit has-spinner\" type=\"submit\" value=\"Prendre contact\" \/>\n\t\t<\/p>\n\t<\/div>\n<\/div><div class=\"wpcf7-response-output\" aria-hidden=\"true\"><\/div>\n<\/form>\n<\/div>\n\n    <\/div>\n\n<\/p>\n","protected":false},"excerpt":{"rendered":"","protected":false},"author":1,"featured_media":0,"parent":1782,"menu_order":6,"comment_status":"closed","ping_status":"closed","template":"","meta":{"footnotes":""},"_links":{"self":[{"href":"https:\/\/fairfleet.de\/fr\/wp-json\/wp\/v2\/pages\/2303"}],"collection":[{"href":"https:\/\/fairfleet.de\/fr\/wp-json\/wp\/v2\/pages"}],"about":[{"href":"https:\/\/fairfleet.de\/fr\/wp-json\/wp\/v2\/types\/page"}],"author":[{"embeddable":true,"href":"https:\/\/fairfleet.de\/fr\/wp-json\/wp\/v2\/users\/1"}],"replies":[{"embeddable":true,"href":"https:\/\/fairfleet.de\/fr\/wp-json\/wp\/v2\/comments?post=2303"}],"version-history":[{"count":6,"href":"https:\/\/fairfleet.de\/fr\/wp-json\/wp\/v2\/pages\/2303\/revisions"}],"predecessor-version":[{"id":2427,"href":"https:\/\/fairfleet.de\/fr\/wp-json\/wp\/v2\/pages\/2303\/revisions\/2427"}],"up":[{"embeddable":true,"href":"https:\/\/fairfleet.de\/fr\/wp-json\/wp\/v2\/pages\/1782"}],"wp:attachment":[{"href":"https:\/\/fairfleet.de\/fr\/wp-json\/wp\/v2\/media?parent=2303"}],"curies":[{"name":"wp","href":"https:\/\/api.w.org\/{rel}","templated":true}]}}