{"id":2500,"date":"2021-12-08T11:15:53","date_gmt":"2021-12-08T10:15:53","guid":{"rendered":"https:\/\/fairfleet.de\/gestion-de-la-flotte\/gestion-de-flotte-fairfleet\/"},"modified":"2024-03-05T14:11:54","modified_gmt":"2024-03-05T13:11:54","slug":"gestion-de-flotte-fairfleet","status":"publish","type":"page","link":"https:\/\/fairfleet.de\/fr\/gestion-de-la-flotte\/gestion-de-flotte-fairfleet\/","title":{"rendered":"Gestion de flotte Fairfleet"},"content":{"rendered":"<div id='layer_slider_1'  class='avia-layerslider main_color avia-shadow  avia-builder-el-0  el_before_av_section  avia-builder-el-first  container_wrap fullsize'  style='height: 485px; max-width: 1920px; margin: 0 auto;'  ><\/div>\n<div id='av_section_1'  class='avia-section av-so372-e3129e42c23ab6e312da48370a368082 main_color avia-section-default avia-no-border-styling  avia-builder-el-1  el_after_av_layerslider  el_before_av_section  avia-bg-style-scroll container_wrap fullsize'  ><div class='container av-section-cont-open' ><div class='template-page content  av-content-full alpha units'><div class='post-entry post-entry-type-page post-entry-2500'><div class='entry-content-wrapper clearfix'>\n<div class=\"pxl-headline pxl-hl hl-wrap | hl-sub--bot hl--align-left  \">\n\t<div class=\"hl-inner\">\n\t\t\t<h1 class=\"hl-main hl-line |  hl_main--default\">Comment <strong>prendre des d\u00e9cisions bas\u00e9es sur des faits<\/strong><\/h1>\n\t\t\t<span class=\"hl-sub hl-line |  hl_sub--default\">Une optimisation durable de la flotte qui s\u2019adapte \u00e0 votre parc de v\u00e9hicules<\/span>\n\t<\/div>\n<\/div>\n\n<div class='flex_column av-g6b2e-726af301a921ace904103d95cbb7f54a av_three_fourth  avia-builder-el-3  el_after_pixel-headline  avia-builder-el-last  first flex_column_div '     ><section  class='av_textblock_section av-kwxho3gv-6876384ccf12bcd61e5c973162d1208a'  itemscope=\"itemscope\" itemtype=\"https:\/\/schema.org\/CreativeWork\" ><div class='avia_textblock'  itemprop=\"text\" ><p>Chaque parc de v\u00e9hicules a ses sp\u00e9cificit\u00e9s. Notre savoir-faire consiste \u00e0 identifier ces sp\u00e9cificit\u00e9s, \u00e0 choisir le syst\u00e8me le mieux adapt\u00e9 \u00e0 ce d\u00e9fi et \u00e0 l&rsquo;adapter de mani\u00e8re optimale aux exigences. Ce n&rsquo;est que sur la base d&rsquo;indicateurs de qualit\u00e9 et pertinents que des d\u00e9cisions solides peuvent \u00eatre prises. M\u00eame aujourd&rsquo;hui, alors que presque tous les constructeurs ont un syst\u00e8me OEM embarqu\u00e9, un syst\u00e8me ind\u00e9pendant du constructeur vous aide \u00e0 g\u00e9rer et \u00e0 contr\u00f4ler l&rsquo;ensemble de votre parc de v\u00e9hicules.<\/p>\n<p><strong>Nous utilisons pour cela l&rsquo;une des solutions t\u00e9l\u00e9matiques les plus performantes au monde, celle de la soci\u00e9t\u00e9 Geotab.<\/strong><\/p>\n<\/div><\/section><\/div>\n\n<\/div><\/div><\/div><!-- close content main div --><\/div><\/div><div id='av_section_2'  class='avia-section av-kwxdw0pg-4f1bfc994b427cfdc48fd6deda0e9bdc alternate_color avia-section-default avia-no-border-styling  avia-builder-el-5  el_after_av_section  el_before_av_section  avia-bg-style-scroll container_wrap fullsize'  ><div class='container av-section-cont-open' ><div class='template-page content  av-content-full alpha units'><div class='post-entry post-entry-type-page post-entry-2500'><div class='entry-content-wrapper clearfix'>\n<div class='flex_column av-f174m-4342b49c6d74c42c6fa5330420bb97cd av_three_fourth  avia-builder-el-6  el_before_av_one_third  avia-builder-el-first  first flex_column_div '     ><div class=\"pxl-headline pxl-hl hl-wrap | hl-sub--bot hl--align-left  \">\n\t<div class=\"hl-inner\">\n\t\t\t<h2 class=\"hl-main hl-line |  hl_main--h1\"><strong>Aper\u00e7u<\/strong> des avantages de Geotab<\/h2>\n\t\t\t<span class=\"hl-sub hl-line |  hl_sub--default\">Plus d\u2019efficacit\u00e9, de s\u00e9curit\u00e9 et de confort<\/span>\n\t<\/div>\n<\/div><\/div><div class='flex_column av-m4vlq-22cb709cd507f90bb3d78a8c4ee8016e av_one_third  avia-builder-el-8  el_after_av_three_fourth  el_before_av_one_third  md_half md_first first flex_column_div column-top-margin'     ><div class=\"card card-icon card-layout-list bg-fill hl-small has-link\">\n\n\t\t\t<div class=\"card-media\">\n\t\t\t\t\t\t\t<img decoding=\"async\" src=\"https:\/\/fairfleet.de\/wp-content\/uploads\/icon-productivity.svg\" alt=\"Begleitbild zu Productivit\u00e9\" \/>\n\t\t\t\t\t<\/div>\n\t\n\t<div class=\"card-content\">\n\n\t\t\t\t\t<span class=\"card-title\">Productivit\u00e9<\/span>\n\t\t\n        \n\n\t\t\t\t\t<ul class=\"card-textlist\">\n\t\t\t\t\t\t\t\t\t<li class=\"card-textlist-entry\">Suivi GPS<\/li>\n\t\t\t\t\t\t\t\t\t<li class=\"card-textlist-entry\">Localisation du conducteur<\/li>\n\t\t\t\t\t\t\t\t\t<li class=\"card-textlist-entry\">Itin\u00e9raire et traitement<\/li>\n\t\t\t\t\t\t\t\t\t<li class=\"card-textlist-entry\">Rapports de flotte<\/li>\n\t\t\t\t\t\t\t<\/ul>\n\t\t\n\t\t\n\t<\/div>\n<\/div><\/div><div class='flex_column av-zlqum-eaa3b09c93db2df48058583503193a76 av_one_third  avia-builder-el-10  el_after_av_one_third  el_before_av_one_third  md_half flex_column_div column-top-margin'     ><div class=\"card card-icon card-layout-list bg-fill hl-small has-link\">\n\n\t\t\t<div class=\"card-media\">\n\t\t\t\t\t\t\t<img decoding=\"async\" src=\"https:\/\/fairfleet.de\/wp-content\/uploads\/icon-optimization.svg\" alt=\"Begleitbild zu Optimisation\" \/>\n\t\t\t\t\t<\/div>\n\t\n\t<div class=\"card-content\">\n\n\t\t\t\t\t<span class=\"card-title\">Optimisation<\/span>\n\t\t\n        \n\n\t\t\t\t\t<ul class=\"card-textlist\">\n\t\t\t\t\t\t\t\t\t<li class=\"card-textlist-entry\">Flottes<\/li>\n\t\t\t\t\t\t\t\t\t<li class=\"card-textlist-entry\">Gestion du carburant<\/li>\n\t\t\t\t\t\t\t\t\t<li class=\"card-textlist-entry\">Maintenance de la flotte<\/li>\n\t\t\t\t\t\t\t\t\t<li class=\"card-textlist-entry\">Benchmarking de la flotte<\/li>\n\t\t\t\t\t\t\t\t\t<li class=\"card-textlist-entry\">Sans cl\u00e9<\/li>\n\t\t\t\t\t\t\t<\/ul>\n\t\t\n\t\t\n\t<\/div>\n<\/div><\/div><div class='flex_column av-p4d7a-3ccb026f44ea3d6a4f223ac4b358af3b av_one_third  avia-builder-el-12  el_after_av_one_third  el_before_av_one_third  md_half md_first flex_column_div column-top-margin'     ><div class=\"card card-icon card-layout-list bg-fill hl-small has-link\">\n\n\t\t\t<div class=\"card-media\">\n\t\t\t\t\t\t\t<img decoding=\"async\" src=\"https:\/\/fairfleet.de\/wp-content\/uploads\/icon-sustainability.svg\" alt=\"Begleitbild zu Durabilit\u00e9\" \/>\n\t\t\t\t\t<\/div>\n\t\n\t<div class=\"card-content\">\n\n\t\t\t\t\t<span class=\"card-title\">Durabilit\u00e9<\/span>\n\t\t\n        \n\n\t\t\t\t\t<ul class=\"card-textlist\">\n\t\t\t\t\t\t\t\t\t<li class=\"card-textlist-entry\">Flottes \u00e9lectriques<\/li>\n\t\t\t\t\t\t\t\t\t<li class=\"card-textlist-entry\">\u00c9valuation de l\u2019aptitude des v\u00e9hicules \u00e9lectriques (EVSA)<\/li>\n\t\t\t\t\t\t\t\t\t<li class=\"card-textlist-entry\">V\u00e9hicules \u00e9lectriques (EVSA)<\/li>\n\t\t\t\t\t\t\t\t\t<li class=\"card-textlist-entry\">Parc de v\u00e9hicules durables<\/li>\n\t\t\t\t\t\t\t\t\t<li class=\"card-textlist-entry\">Outil de comparaison des batteries de v\u00e9hicules \u00e9lectriques<\/li>\n\t\t\t\t\t\t\t\t\t<li class=\"card-textlist-entry\">Outil temp\u00e9rature-port\u00e9e<\/li>\n\t\t\t\t\t\t\t<\/ul>\n\t\t\n\t\t\n\t<\/div>\n<\/div><\/div><div class='flex_column av-jt1uu-316e1be6462c0160be1febb90a68a5ec av_one_third  avia-builder-el-14  el_after_av_one_third  el_before_av_one_third  md_half first flex_column_div column-top-margin'     ><div class=\"card card-icon card-layout-list bg-fill hl-small has-link\">\n\n\t\t\t<div class=\"card-media\">\n\t\t\t\t\t\t\t<img decoding=\"async\" src=\"https:\/\/fairfleet.de\/wp-content\/uploads\/icon-security.svg\" alt=\"Begleitbild zu S\u00e9curit\u00e9\" \/>\n\t\t\t\t\t<\/div>\n\t\n\t<div class=\"card-content\">\n\n\t\t\t\t\t<span class=\"card-title\">S\u00e9curit\u00e9<\/span>\n\t\t\n        \n\n\t\t\t\t\t<ul class=\"card-textlist\">\n\t\t\t\t\t\t\t\t\t<li class=\"card-textlist-entry\">Rapports sur la s\u00e9curit\u00e9 des conducteurs<\/li>\n\t\t\t\t\t\t\t\t\t<li class=\"card-textlist-entry\">Formation des conducteurs<\/li>\n\t\t\t\t\t\t\t<\/ul>\n\t\t\n\t\t\n\t<\/div>\n<\/div><\/div><div class='flex_column av-crskm-b2af302ff2a4724c3f68a91e77042f5f av_one_third  avia-builder-el-16  el_after_av_one_third  el_before_av_one_third  md_half md_first flex_column_div column-top-margin'     ><div class=\"card card-icon card-layout-list bg-fill hl-small has-link\">\n\n\t\t\t<div class=\"card-media\">\n\t\t\t\t\t\t\t<img decoding=\"async\" src=\"https:\/\/fairfleet.de\/wp-content\/uploads\/icon-conformity.svg\" alt=\"Begleitbild zu Conformit\u00e9\" \/>\n\t\t\t\t\t<\/div>\n\t\n\t<div class=\"card-content\">\n\n\t\t\t\t\t<span class=\"card-title\">Conformit\u00e9<\/span>\n\t\t\n        \n\n\t\t\t\t\t<ul class=\"card-textlist\">\n\t\t\t\t\t\t\t\t\t<li class=\"card-textlist-entry\">Tachygraphe num\u00e9rique<\/li>\n\t\t\t\t\t\t\t\t\t<li class=\"card-textlist-entry\">Protection des donn\u00e9es et RGPD<\/li>\n\t\t\t\t\t\t\t\t\t<li class=\"card-textlist-entry\">Gestion du transport frigorifique<\/li>\n\t\t\t\t\t\t\t<\/ul>\n\t\t\n\t\t\n\t<\/div>\n<\/div><\/div><div class='flex_column av-a0kta-6ce07283e5e3905999617833467945b7 av_one_third  avia-builder-el-18  el_after_av_one_third  avia-builder-el-last  md_half flex_column_div column-top-margin'     ><div class=\"card card-icon card-layout-list bg-fill hl-small has-link\">\n\n\t\t\t<div class=\"card-media\">\n\t\t\t\t\t\t\t<img decoding=\"async\" src=\"https:\/\/fairfleet.de\/wp-content\/uploads\/icon-upgrades.svg\" alt=\"Begleitbild zu Extensibilit\u00e9\" \/>\n\t\t\t\t\t<\/div>\n\t\n\t<div class=\"card-content\">\n\n\t\t\t\t\t<span class=\"card-title\">Extensibilit\u00e9<\/span>\n\t\t\n        \n\n\t\t\t\t\t<ul class=\"card-textlist\">\n\t\t\t\t\t\t\t\t\t<li class=\"card-textlist-entry\">Int\u00e9gration de logiciels<\/li>\n\t\t\t\t\t\t\t\t\t<li class=\"card-textlist-entry\">Int\u00e9gration du mat\u00e9riel<\/li>\n\t\t\t\t\t\t\t<\/ul>\n\t\t\n\t\t\n\t<\/div>\n<\/div><\/div>\n\n<\/div><\/div><\/div><!-- close content main div --><\/div><\/div><div id='av_section_3'  class='avia-section av-kwxhst2r-e0924ad7a30a85f63962d73435f7925e main_color avia-section-default avia-no-border-styling  avia-builder-el-20  el_after_av_section  avia-builder-el-last  avia-bg-style-scroll container_wrap fullsize'  ><div class='container av-section-cont-open' ><div class='template-page content  av-content-full alpha units'><div class='post-entry post-entry-type-page post-entry-2500'><div class='entry-content-wrapper clearfix'>\n<div class=\"pxl-headline pxl-hl hl-wrap | hl-sub--bot hl--align-left hl--small-margin \">\n\t<div class=\"hl-inner\">\n\t\t\t<h2 class=\"hl-main hl-line |  hl_main--h1\">Vous souhaitez obtenir plus d\u2019informations sur les solutions <strong>Geotab et Fairfleet ?<\/strong><\/h2>\n\t\t\t<span class=\"hl-sub hl-line |  hl_sub--default\">N\u2019h\u00e9sitez pas \u00e0 nous contacter<\/span>\n\t<\/div>\n<\/div>\n\n \n       \n        <div class=\"contactblock-column contactblock-person contactblock-address bg-fill inset br-default flex_column av_one_third column-top-margin first\">\n            <p>\n                <span class=\"contactblock-address-title\">Contactez-nous maintenant<\/span>\n                <span class=\"contactblock-address-subtitle\">Nous vous conseillons volontiers<\/span>\n            <\/p>\n            <p>\n                <span class=\"company-title\">Fairfleet - Telematiksysteme<\/span>\n            <\/p>\n            <p>\n                Robert-Bosch-Str. 15<br\/>\n                42489 W\u00fclfrath<br\/>\n                Allemagne\n            <\/p>\n            <p>\n                <strong>Tel.:<\/strong><a href=\"tel:0492058778210\">+49 20 58 77 82 10<\/a>\n            <\/p>\n            <p>\n                <strong><a href=\"mailto:info@fairfleet.de\">info@fairfleet.de<\/a><\/strong>\n            <\/p>\n        <\/div>\n     \n    <div class=\"contactblock-column contactblock-form flex_column av_two_third column-top-margin column-flex-grow\">\n        \n<div class=\"wpcf7 no-js\" id=\"wpcf7-f2745-o1\" lang=\"fr-FR\" dir=\"ltr\">\n<div class=\"screen-reader-response\"><p role=\"status\" aria-live=\"polite\" aria-atomic=\"true\"><\/p> <ul><\/ul><\/div>\n<form action=\"\/fr\/wp-json\/wp\/v2\/pages\/2500#wpcf7-f2745-o1\" method=\"post\" class=\"wpcf7-form init\" aria-label=\"Formulaire de contact\" novalidate=\"novalidate\" data-status=\"init\">\n<div style=\"display: none;\">\n<input type=\"hidden\" name=\"_wpcf7\" value=\"2745\" \/>\n<input type=\"hidden\" name=\"_wpcf7_version\" value=\"5.8.5\" \/>\n<input type=\"hidden\" name=\"_wpcf7_locale\" value=\"fr_FR\" \/>\n<input type=\"hidden\" name=\"_wpcf7_unit_tag\" value=\"wpcf7-f2745-o1\" \/>\n<input type=\"hidden\" name=\"_wpcf7_container_post\" value=\"0\" \/>\n<input type=\"hidden\" name=\"_wpcf7_posted_data_hash\" value=\"\" \/>\n<input type=\"hidden\" name=\"_wpcf7_recaptcha_response\" value=\"\" \/>\n<\/div>\n<div class=\"cf-fields fancy\">\n\t<div class=\"cf-field half\">\n\t\t<p><label>Soci\u00e9t\u00e9<\/label><span class=\"wpcf7-form-control-wrap\" data-name=\"company\"><input size=\"40\" class=\"wpcf7-form-control wpcf7-text\" aria-invalid=\"false\" value=\"\" type=\"text\" name=\"company\" \/><\/span>\n\t\t<\/p>\n\t<\/div>\n\t<div class=\"cf-field half\">\n\t\t<p><label>Nom<\/label><span class=\"wpcf7-form-control-wrap\" data-name=\"nname\"><input size=\"40\" class=\"wpcf7-form-control wpcf7-text\" aria-invalid=\"false\" value=\"\" type=\"text\" name=\"nname\" \/><\/span>\n\t\t<\/p>\n\t<\/div>\n\t<div class=\"cf-field half\">\n\t\t<p><label>E-mail<\/label><span class=\"wpcf7-form-control-wrap\" data-name=\"email\"><input size=\"40\" class=\"wpcf7-form-control wpcf7-email wpcf7-validates-as-required wpcf7-text wpcf7-validates-as-email\" aria-required=\"true\" aria-invalid=\"false\" value=\"\" type=\"email\" name=\"email\" \/><\/span>\n\t\t<\/p>\n\t<\/div>\n\t<div class=\"cf-field half\">\n\t\t<p><label>T\u00e9l\u00e9phone<\/label><span class=\"wpcf7-form-control-wrap\" data-name=\"phone\"><input size=\"40\" class=\"wpcf7-form-control wpcf7-text\" aria-invalid=\"false\" value=\"\" type=\"text\" name=\"phone\" \/><\/span>\n\t\t<\/p>\n\t<\/div>\n\t<div class=\"cf-field headline\">\n\t\t<p>Accord de rappel\n\t\t<\/p>\n\t<\/div>\n\t<div class=\"cf-field half special date\">\n\t\t<p><span class=\"wpcf7-form-control-wrap\" data-name=\"datum\"><input class=\"wpcf7-form-control wpcf7-date wpcf7-validates-as-date\" aria-invalid=\"false\" placeholder=\"Date\" value=\"\" type=\"date\" name=\"datum\" \/><\/span>\n\t\t<\/p>\n\t<\/div>\n\t<div class=\"cf-field half special time\">\n\t\t<p><span class=\"wpcf7-form-control-wrap\" data-name=\"time\"><input size=\"40\" class=\"wpcf7-form-control wpcf7-text\" aria-invalid=\"false\" placeholder=\"Heure\" value=\"\" type=\"text\" name=\"time\" \/><\/span>\n\t\t<\/p>\n\t<\/div>\n\t<div class=\"cf-field\">\n\t\t<p><span class=\"wpcf7-form-control-wrap\" data-name=\"msg\"><textarea cols=\"40\" rows=\"10\" class=\"wpcf7-form-control wpcf7-textarea\" aria-invalid=\"false\" placeholder=\"Message\" name=\"msg\"><\/textarea><\/span>\n\t\t<\/p>\n\t<\/div>\n<\/div>\n<div class=\"cf-footer\">\n\t<div class=\"cf-ds\">\n\t\t<p><span class=\"wpcf7-form-control-wrap\" data-name=\"ds\"><span class=\"wpcf7-form-control wpcf7-acceptance\"><span class=\"wpcf7-list-item\"><input type=\"checkbox\" name=\"ds\" value=\"1\" aria-invalid=\"false\" \/><\/span><\/span><\/span><span class=\"cf-ds-text\">Par la pr\u00e9sente, j'accepte la <a href=\"\/fr\/declaration-de-confidentialite\/\">politique de confidentialit\u00e9<\/a>.<\/span>\n\t\t<\/p>\n\t<\/div>\n\t<div class=\"cf-send\">\n\t\t<p><input class=\"wpcf7-form-control wpcf7-submit has-spinner\" type=\"submit\" value=\"Prendre contact\" \/>\n\t\t<\/p>\n\t<\/div>\n<\/div><div class=\"wpcf7-response-output\" aria-hidden=\"true\"><\/div>\n<\/form>\n<\/div>\n\n    <\/div>\n\n\n","protected":false},"excerpt":{"rendered":"","protected":false},"author":1,"featured_media":0,"parent":1782,"menu_order":0,"comment_status":"closed","ping_status":"closed","template":"","meta":{"footnotes":""},"_links":{"self":[{"href":"https:\/\/fairfleet.de\/fr\/wp-json\/wp\/v2\/pages\/2500"}],"collection":[{"href":"https:\/\/fairfleet.de\/fr\/wp-json\/wp\/v2\/pages"}],"about":[{"href":"https:\/\/fairfleet.de\/fr\/wp-json\/wp\/v2\/types\/page"}],"author":[{"embeddable":true,"href":"https:\/\/fairfleet.de\/fr\/wp-json\/wp\/v2\/users\/1"}],"replies":[{"embeddable":true,"href":"https:\/\/fairfleet.de\/fr\/wp-json\/wp\/v2\/comments?post=2500"}],"version-history":[{"count":6,"href":"https:\/\/fairfleet.de\/fr\/wp-json\/wp\/v2\/pages\/2500\/revisions"}],"predecessor-version":[{"id":2633,"href":"https:\/\/fairfleet.de\/fr\/wp-json\/wp\/v2\/pages\/2500\/revisions\/2633"}],"up":[{"embeddable":true,"href":"https:\/\/fairfleet.de\/fr\/wp-json\/wp\/v2\/pages\/1782"}],"wp:attachment":[{"href":"https:\/\/fairfleet.de\/fr\/wp-json\/wp\/v2\/media?parent=2500"}],"curies":[{"name":"wp","href":"https:\/\/api.w.org\/{rel}","templated":true}]}}