{"id":1761,"date":"2021-12-07T13:35:42","date_gmt":"2021-12-07T12:35:42","guid":{"rendered":"https:\/\/fairfleet.de\/impronta\/"},"modified":"2024-11-13T13:51:19","modified_gmt":"2024-11-13T12:51:19","slug":"impronta","status":"publish","type":"page","link":"https:\/\/fairfleet.de\/it\/impronta\/","title":{"rendered":"Impronta"},"content":{"rendered":"<div id='av_section_1'  class='avia-section av-2vh21-1c73bdd8bb803ae6ede57271ca4de1a2 main_color avia-section-default avia-no-border-styling  avia-builder-el-0  avia-builder-el-no-sibling  avia-bg-style-scroll container_wrap fullsize'  ><div class='container av-section-cont-open' ><main  role=\"main\" itemprop=\"mainContentOfPage\"  class='template-page content  av-content-full alpha units'><div class='post-entry post-entry-type-page post-entry-1761'><div class='entry-content-wrapper clearfix'>\n<div class=\"pxl-headline pxl-hl hl-wrap | hl-sub--off hl--align-left  \">\n\t<div class=\"hl-inner\">\n\t\t\t<h1 class=\"hl-main hl-line |  hl_main--default\">Impronta<\/h1>\n\t\t\t\n\t<\/div>\n<\/div>\n\n<div class='flex_column av-1xzkt-ff0d241c4229d8d9933e1846ba746d3b av_one_half  avia-builder-el-2  el_after_pixel-headline  el_before_av_one_half  first flex_column_div '     ><section  class='av_textblock_section av-kww54q6o-7f312ee0d545cd2f7704a70356352cae'  itemscope=\"itemscope\" itemtype=\"https:\/\/schema.org\/CreativeWork\" ><div class='avia_textblock'  itemprop=\"text\" ><p>Fairfleet GmbH &amp; Co KG<br \/>\nRobert-Bosch-Str. 15<br \/>\n42489 W\u00fclfrath<br \/>\nGermania<\/p>\n<p>Registro commerciale AG Wuppertal, HRA 24878<\/p>\n<p>Rappresentato da:<\/p>\n<p>Partner generale: Hecker Verwaltung GmbH<br \/>\nAmministratore delegato autorizzato e responsabile del contenuto: Heinrich Hecker<\/p>\n<p>Registro delle imprese di Wuppertal, HRB 29356<\/p>\n<h5>Ci contatti<\/h5>\n<p>Telefono: +49 20 58 77 82 10<br \/>\nFax: +49 20 58 77 82 28<br \/>\nE-mail: <a href=\"mailto:info@fairfleet.de\">info@fairfleet.de<\/a><\/p>\n<h5>Numero di identificazione dell&#8217;imposta sul valore aggiunto<\/h5>\n<p>Numero di partita IVA DE323769344<\/p>\n<h5>Responsabile del contenuto<\/h5>\n<p>Partner generale: Hecker Verwaltung GmbH<br \/>\nAmministratore delegato autorizzato e responsabile del contenuto: Heinrich Hecker<\/p>\n<p>La Commissione europea offre una piattaforma per la risoluzione delle controversie online (OS):<br \/>\n<a href=\"https:\/\/ec.europa.eu\/consumers\/odr\">https:\/\/ec.europa.eu\/consumers\/odr<\/a><\/p>\n<p>Pu\u00f2 trovare il nostro indirizzo e-mail nell&#8217;avviso legale di cui sopra.<\/p>\n<p>Non siamo disposti o obbligati a partecipare a procedure di risoluzione delle controversie davanti a un collegio arbitrale dei consumatori.<\/p>\n<h5>Realizzazione<\/h5>\n<p>Concetto, web design e realizzazione: <a href=\"https:\/\/pixelproduction.de\/\">PixelProduction GmbH &amp; Co. KG<\/a><\/p>\n<\/div><\/section><\/div><div class='flex_column av-1j5xp-a162ae1f7a436b7271e5119001756137 av_one_half  avia-builder-el-4  el_after_av_one_half  avia-builder-el-last  flex_column_div '     ><section  class='av_textblock_section av-nsox-ad0a2253b1af9a6f954351e6d41bfd26'  itemscope=\"itemscope\" itemtype=\"https:\/\/schema.org\/CreativeWork\" ><div class='avia_textblock'  itemprop=\"text\" ><h5>Responsabilit\u00e0 per i contenuti<\/h5>\n<p>In qualit\u00e0 di fornitore di servizi, siamo obbligati, ai sensi del \u00a7 7, comma 1. 1 DDG per i propri contenuti in queste pagine in base alle leggi generali. Ai sensi dei \u00a7\u00a7 8-10 DDG, tuttavia, in qualit\u00e0 di fornitore di servizi non siamo obbligati a monitorare le informazioni trasmesse o memorizzate da terzi o a indagare su circostanze che indicano un&#8217;attivit\u00e0 illegale.<\/p>\n<p>Gli obblighi di rimuovere o bloccare l&#8217;uso delle informazioni in conformit\u00e0 con le leggi generali rimangono inalterati. Tuttavia, la responsabilit\u00e0 in questo senso \u00e8 possibile solo a partire dal momento in cui si viene a conoscenza di una specifica violazione. Non appena verremo a conoscenza di tali violazioni, rimuoveremo immediatamente questi contenuti.<\/p>\n<h5>Responsabilit\u00e0 per i link<\/h5>\n<p>Il nostro sito web contiene link a siti web esterni di terzi, sul cui contenuto non abbiamo alcuna influenza. Pertanto, non possiamo accettare alcuna responsabilit\u00e0 per questi contenuti di terzi. Il rispettivo fornitore o gestore delle pagine \u00e8 sempre responsabile del contenuto delle pagine collegate. Le pagine collegate sono state controllate per verificare eventuali violazioni legali al momento del collegamento. I contenuti illegali non erano riconoscibili al momento del collegamento.<\/p>\n<p>Tuttavia, il monitoraggio permanente del contenuto delle pagine collegate non \u00e8 ragionevole senza prove concrete di una violazione. Se veniamo a conoscenza di violazioni legali, rimuoveremo immediatamente tali link.<\/p>\n<h5>Copyright<\/h5>\n<p>I contenuti e le opere create dagli operatori del sito su queste pagine sono soggetti alla legge tedesca sul copyright. La riproduzione, l&#8217;editing, la distribuzione e qualsiasi tipo di utilizzo al di fuori dei limiti della legge sul copyright richiedono il consenso scritto del rispettivo autore o creatore. I download e le copie di questo sito sono consentiti solo per uso privato e non commerciale.<\/p>\n<p>Nella misura in cui il contenuto di questo sito non \u00e8 stato creato dall&#8217;operatore, vengono rispettati i diritti d&#8217;autore di terzi. In particolare, i contenuti di terze parti sono etichettati come tali. Se tuttavia dovesse venire a conoscenza di una violazione del copyright, la preghiamo di informarci di conseguenza. Se veniamo a conoscenza di violazioni legali, rimuoveremo immediatamente tali contenuti.<\/p>\n<\/div><\/section><\/div>\n","protected":false},"excerpt":{"rendered":"","protected":false},"author":1,"featured_media":0,"parent":0,"menu_order":11,"comment_status":"closed","ping_status":"closed","template":"","meta":{"footnotes":""},"_links":{"self":[{"href":"https:\/\/fairfleet.de\/it\/wp-json\/wp\/v2\/pages\/1761"}],"collection":[{"href":"https:\/\/fairfleet.de\/it\/wp-json\/wp\/v2\/pages"}],"about":[{"href":"https:\/\/fairfleet.de\/it\/wp-json\/wp\/v2\/types\/page"}],"author":[{"embeddable":true,"href":"https:\/\/fairfleet.de\/it\/wp-json\/wp\/v2\/users\/1"}],"replies":[{"embeddable":true,"href":"https:\/\/fairfleet.de\/it\/wp-json\/wp\/v2\/comments?post=1761"}],"version-history":[{"count":4,"href":"https:\/\/fairfleet.de\/it\/wp-json\/wp\/v2\/pages\/1761\/revisions"}],"predecessor-version":[{"id":2962,"href":"https:\/\/fairfleet.de\/it\/wp-json\/wp\/v2\/pages\/1761\/revisions\/2962"}],"wp:attachment":[{"href":"https:\/\/fairfleet.de\/it\/wp-json\/wp\/v2\/media?parent=1761"}],"curies":[{"name":"wp","href":"https:\/\/api.w.org\/{rel}","templated":true}]}}