{"id":1779,"date":"2021-12-07T15:47:27","date_gmt":"2021-12-07T14:47:27","guid":{"rendered":"https:\/\/fairfleet.de\/termini-e-condizioni-generali\/"},"modified":"2024-03-05T14:11:53","modified_gmt":"2024-03-05T13:11:53","slug":"termini-e-condizioni-generali","status":"publish","type":"page","link":"https:\/\/fairfleet.de\/it\/termini-e-condizioni-generali\/","title":{"rendered":"Termini e condizioni generali"},"content":{"rendered":"<div id='av_section_1'  class='avia-section av-m9oko-02daef477a61b8404e9730e8dc163f8d main_color avia-section-default avia-no-border-styling  avia-builder-el-0  avia-builder-el-no-sibling  avia-bg-style-scroll container_wrap fullsize'  ><div class='container av-section-cont-open' ><main  role=\"main\" itemprop=\"mainContentOfPage\"  class='template-page content  av-content-full alpha units'><div class='post-entry post-entry-type-page post-entry-1779'><div class='entry-content-wrapper clearfix'>\n<div class=\"pxl-headline pxl-hl hl-wrap | hl-sub--off hl--align-left  \">\n\t<div class=\"hl-inner\">\n\t\t\t<h1 class=\"hl-main hl-line |  hl_main--default\">Termini e condizioni generali<\/h1>\n\t\t\t\n\t<\/div>\n<\/div>\n\n\n<style type=\"text\/css\" data-created_by=\"avia_inline_auto\" id=\"style-css-av-d6buo-5972abb07f6cf851ea05876f58ce13b4\">\n.flex_column.av-d6buo-5972abb07f6cf851ea05876f58ce13b4{\n-webkit-border-radius:0px 0px 0px 0px;\n-moz-border-radius:0px 0px 0px 0px;\nborder-radius:0px 0px 0px 0px;\npadding:0px 0px 0px 0px;\n}\n<\/style>\n<div class='flex_column av-d6buo-5972abb07f6cf851ea05876f58ce13b4 av_one_full  avia-builder-el-2  el_after_pixel-headline  avia-builder-el-last  first flex_column_div av-zero-column-padding '     ><section  class='av_textblock_section av-kmg3nlbx-f27574f9a8e5b18d9a7f9a3e26cad768'  itemscope=\"itemscope\" itemtype=\"https:\/\/schema.org\/CreativeWork\" ><div class='avia_textblock'  itemprop=\"text\" ><h5>GTC<\/h5>\n<p>Termini e condizioni generali di affari e di contratto<br \/>\n<strong>Fairfleet GmbH &amp; Co KG<\/strong><br \/>\nRobert-Bosch-Str. 15<br \/>\nD-42489 W\u00fclfrath<\/p>\n<p><strong>Informazioni generali:  <\/strong><\/p>\n<p>La base contrattuale per tutte le transazioni legali con Fairfleet GmbH &amp; Co KG (di seguito denominata Fairfleet) sono esclusivamente i seguenti termini e condizioni. Si applica il listino prezzi attualmente in vigore, con la pubblicazione del quale tutti gli altri perdono la loro validit\u00e0. La nostra offerta si rivolge esclusivamente ad aziende, autorit\u00e0, societ\u00e0, enti pubblici, liberi professionisti e lavoratori autonomi nell&#8217;ambito delle loro attivit\u00e0 commerciali. Effettuando un ordine, il cliente assicura di essere un imprenditore ai sensi del \u00a7 14 BGB.<\/p>\n<p>Tutti i prezzi sono soggetti all&#8217;IVA di legge, trasporto in avanti franco magazzino di W\u00fclfrath, se non diversamente specificato. Ci riserviamo espressamente il diritto di modificare i prezzi a causa degli aumenti dei prezzi dei materiali e dei salari. Le variazioni di prezzo non richiedono alcuna notifica. Il luogo di adempimento per la merce e il pagamento sar\u00e0 la rispettiva sede legale della nostra azienda. Il foro competente per entrambe le parti \u00e8 Mettmann.<\/p>\n<p>Il partner contrattuale riconosce le Condizioni Generali di Contratto di Fairfleet GmbH &amp; Co. Non richiedono il suo consenso scritto. Il consenso viene dato con un&#8217;azione conclusiva e con l&#8217;invio di un ordine. Le deviazioni, le modifiche e gli accordi accessori devono essere effettuati per iscritto e saranno legalmente validi solo se controfirmati da entrambe le parti.<\/p>\n<p>Il cliente \u00e8 responsabile della restituzione di tutto l&#8217;hardware a proprie spese, per tutto l&#8217;hardware nell&#8217;ambito dei contratti a termine, incluso. Hardware, hardware nel contesto di test e piloti e altro hardware reso disponibile e di propriet\u00e0 di Fairfleet. Se l&#8217;hardware non viene restituito quattro settimane dopo la richiesta, si considera ordinato e acquistato e verr\u00e0 addebitato per intero. Le tariffe mensili correnti sono considerate ordinate e saranno addebitate a partire dal momento della richiesta.<\/p>\n<p><strong>Termini di consegna<\/strong>:<\/p>\n<p>Non c&#8217;\u00e8 alcun diritto alla consegna.<\/p>\n<p>Le conferme d&#8217;ordine confermano solo la ricezione della domanda. Gli ordini o le commissioni sono sempre considerati come una richiesta da parte del cliente. La conclusione del contratto da parte nostra avviene solo attraverso la consegna totale o parziale. Ci riserviamo il diritto di effettuare consegne successive.<\/p>\n<p>Consegniamo solo il trasporto in avanti dal nostro magazzino di W\u00fclfrath. Il trasferimento del rischio di perdita, danneggiamento o distruzione accidentale della merce da consegnare avverr\u00e0 al momento della consegna al rispettivo vettore, indipendentemente dalla forma di consegna. I tempi di consegna indicati sono sempre non vincolanti per noi. Tutte le promesse di consegna successive sono soggette all&#8217;arrivo puntuale della merce e alla corretta autoconsegna. Le mancate o ritardate consegne non daranno diritto al richiedente di avanzare alcuna richiesta di risarcimento nei nostri confronti.<\/p>\n<p>Eventuali reclami su una consegna non annullano l&#8217;obbligo del richiedente di accettare e pagare. Gli avvisi di difetti saranno validi solo se portati alla nostra attenzione per iscritto entro 8 giorni di calendario dal ricevimento della merce, altrimenti qualsiasi reclamo nei nostri confronti decadr\u00e0. Questo vale anche per i cosiddetti difetti nascosti. Una richiesta di garanzia \u00e8 esclusa.<\/p>\n<p><strong> <\/strong><strong>Termini del contratto<\/strong>:<\/p>\n<p>Conclusione del contratto:<\/p>\n<p>I dispositivi e i servizi vengono fatturati dal momento dell&#8217;attivazione (contratti Service at a Service (SaaS)). Se non diversamente concordato, la durata del contratto \u00e8 fino alla fine del mese successivo.<\/p>\n<p>Cancellazione:<\/p>\n<p>Il servizio pu\u00f2 essere cancellato alla fine del mese successivo. La cancellazione deve avvenire per iscritto. In caso di annullamento, il dispositivo annullato sar\u00e0 disattivato in modo permanente al termine del periodo contrattuale.<\/p>\n<p><strong> <\/strong><\/p>\n<p><strong>Restituisce<\/strong>:<\/p>\n<p>Le spedizioni non pagate non saranno accettate.<\/p>\n<p>Le restituzioni saranno accettate solo previo accordo. Per i resi, addebitiamo una tassa pari al 15% del valore della merce, ma almeno 15 euro. La tassa pu\u00f2 essere esentata in casi individuali, previo accordo.<\/p>\n<p><strong> <\/strong><\/p>\n<p><strong>Condizioni di pagamento<\/strong>:<\/p>\n<p>Tutte le fatture devono essere pagate immediatamente e senza alcuna detrazione da parte dell&#8217;agente pagatore. Cambiali, assegni e servizi di pagamento online, ad esempio Paypal, saranno accettati solo previo accordo e solo in acconto e saranno considerati pagamento solo dopo l&#8217;accredito incondizionato. Le spese bancarie, di sconto, di cambiale e di altro genere, oltre all&#8217;IVA, sono a carico del cliente.<\/p>\n<p>Durante il periodo di inadempienza, il cliente dovr\u00e0 pagare un interesse sul debito pari a 5 punti percentuali sopra il tasso base.<\/p>\n<p>Se riceviamo informazioni sfavorevoli dopo la conclusione del contratto o se veniamo a conoscenza di circostanze negative, abbiamo il diritto di revocare tutti i termini di pagamento concessi o di recedere dal contratto e da qualsiasi impegno di consegna!<\/p>\n<p>Se l&#8217;acquirente o il richiedente \u00e8 in ritardo con il pagamento, ci\u00f2 pu\u00f2 anche comportare l&#8217;immediata esigibilit\u00e0 di tutti i nostri crediti nei suoi confronti, anche se sono stati concordati pagamenti con data di destinazione o data di valuta. In caso di ritardo nei pagamenti, siamo generalmente autorizzati ad addebitare le spese di sollecito e gli interessi di mora a 5 punti percentuali sopra il tasso di base.<\/p>\n<p>Fairfleet si riserva il diritto di bloccare l&#8217;accesso al servizio web e ad altri servizi di trasmissione del cliente se quest&#8217;ultimo \u00e8 in arretrato con il canone d&#8217;uso o se l&#8217;addebito diretto delle tariffe dovute non viene onorato o viene addebitato per motivi di cui il cliente \u00e8 responsabile. Il blocco dell&#8217;accesso non libera il cliente dall&#8217;obbligo di pagamento. I costi per il blocco e lo sblocco saranno addebitati al cliente. Fairfleet non \u00e8 responsabile di eventuali danni subiti dal cliente come conseguenza.<\/p>\n<p>Tutti i beni consegnati rimangono di nostra propriet\u00e0 fino al ricevimento del pagamento completo. Se i beni da noi forniti vengono modificati o mescolati con beni di altri fornitori, conserveremo la propriet\u00e0 proporzionale dei prodotti risultanti in base al loro valore. Il richiedente si impegna a informarci immediatamente se terzi interferiscono con la nostra propriet\u00e0. In caso di fallimento o di concordato, si applica la segregazione. In genere si applica la riserva di propriet\u00e0 semplice ed estesa.<\/p>\n<p>Nel caso in cui una o pi\u00f9 disposizioni del presente contratto siano o diventino inefficaci, o nel caso in cui il testo del contratto contenga una lacuna, le parti contraenti integreranno o sostituiranno la disposizione inefficace o incompleta con una disposizione adeguata che corrisponda il pi\u00f9 possibile allo scopo economico della disposizione prevista. La validit\u00e0 delle restanti disposizioni rimarr\u00e0 inalterata.<\/p>\n<p><strong>Esclusione di responsabilit\u00e0<\/strong><\/p>\n<p>Non si garantisce la correttezza, la completezza e l&#8217;attualit\u00e0 dei dati. La responsabilit\u00e0, in particolare per qualsiasi danno o conseguenza materiale o immateriale derivante dall&#8217;uso del nostro sito web e dell&#8217;hardware e dei servizi offerti, \u00e8 esclusa. Il cliente \u00e8 responsabile del corretto funzionamento e della conformit\u00e0 alle normative e alle leggi locali.<\/p>\n<p>L&#8217;utente \u00e8 l&#8217;unico responsabile ai sensi del diritto penale e civile per l&#8217;uso illegale o scorretto e in particolare per i danni derivanti dall&#8217;uso o dal mancato uso.<\/p>\n<p>Heinrich Hecker<br \/>\nDirettore generale<\/p>\n<p>W\u00fclfrath 2023<\/p>\n<p><a href=\"https:\/\/fairfleet.de\/wp-content\/uploads\/AGB-Fairfleet-GmbH-Co-KG-2023.pdf\">Termini e condizioni generali Fairfleet GmbH Co KG 2023<\/a><\/p>\n<\/div><\/section><\/div>\n","protected":false},"excerpt":{"rendered":"","protected":false},"author":1,"featured_media":0,"parent":0,"menu_order":13,"comment_status":"closed","ping_status":"closed","template":"","meta":{"footnotes":""},"_links":{"self":[{"href":"https:\/\/fairfleet.de\/it\/wp-json\/wp\/v2\/pages\/1779"}],"collection":[{"href":"https:\/\/fairfleet.de\/it\/wp-json\/wp\/v2\/pages"}],"about":[{"href":"https:\/\/fairfleet.de\/it\/wp-json\/wp\/v2\/types\/page"}],"author":[{"embeddable":true,"href":"https:\/\/fairfleet.de\/it\/wp-json\/wp\/v2\/users\/1"}],"replies":[{"embeddable":true,"href":"https:\/\/fairfleet.de\/it\/wp-json\/wp\/v2\/comments?post=1779"}],"version-history":[{"count":12,"href":"https:\/\/fairfleet.de\/it\/wp-json\/wp\/v2\/pages\/1779\/revisions"}],"predecessor-version":[{"id":2624,"href":"https:\/\/fairfleet.de\/it\/wp-json\/wp\/v2\/pages\/1779\/revisions\/2624"}],"wp:attachment":[{"href":"https:\/\/fairfleet.de\/it\/wp-json\/wp\/v2\/media?parent=1779"}],"curies":[{"name":"wp","href":"https:\/\/api.w.org\/{rel}","templated":true}]}}