{"id":2323,"date":"2022-02-16T14:41:54","date_gmt":"2022-02-16T13:41:54","guid":{"rendered":"https:\/\/fairfleet.de\/riferimenti\/db-regio-bus\/"},"modified":"2024-03-05T14:11:32","modified_gmt":"2024-03-05T13:11:32","slug":"db-regio-bus","status":"publish","type":"page","link":"https:\/\/fairfleet.de\/it\/riferimenti\/db-regio-bus\/","title":{"rendered":"DB Regio Bus"},"content":{"rendered":"<div id='layer_slider_1'  class='avia-layerslider main_color avia-shadow  avia-builder-el-0  el_before_av_section  avia-builder-el-first  container_wrap fullsize'  style='height: 485px; max-width: 1920px; margin: 0 auto;'  ><\/div>\n<div id='av_section_1'  class='avia-section av-7l4vt-1c99cd1f9ba1b575f0897a542ecb845d main_color avia-section-default avia-no-border-styling  avia-builder-el-1  el_after_av_layerslider  el_before_av_section  avia-bg-style-scroll container_wrap fullsize'  ><div class='container av-section-cont-open' ><div class='template-page content  av-content-full alpha units'><div class='post-entry post-entry-type-page post-entry-2323'><div class='entry-content-wrapper clearfix'>\n\n<style type=\"text\/css\" data-created_by=\"avia_inline_auto\" id=\"style-css-av-69np9-79501174115305a3def8b83e926bbd80\">\n.flex_column.av-69np9-79501174115305a3def8b83e926bbd80{\npadding:50px 0 0 0;\n}\n<\/style>\n<div class='flex_column av-69np9-79501174115305a3def8b83e926bbd80 av_three_fifth  avia-builder-el-2  el_before_av_two_fifth  avia-builder-el-first  first flex_column_div '     ><p><div class=\"pxl-headline pxl-hl hl-wrap | hl-sub--bot hl--align-left  \">\n\t<div class=\"hl-inner\">\n\t\t\t<h1 class=\"hl-main hl-line |  hl_main--default\">DB Regio Bus si basa sulla  <br \/><strong>La competenza di Fairfleet<\/strong><\/h1>\n\t\t\t<span class=\"hl-sub hl-line |  hl_sub--default\">Il sistema telematico Geotab e l\u2019applicazione Fairfleet Eco<\/span>\n\t<\/div>\n<\/div>\n<br \/>\n<section  class='av_textblock_section av-5pleh-c44dff66556b643c03fe141bfe51f46d'  itemscope=\"itemscope\" itemtype=\"https:\/\/schema.org\/CreativeWork\" ><div class='avia_textblock'  itemprop=\"text\" ><p>Dall&#8217;inizio del 2021, DB Regio Bus viaggia con il dispositivo telematico Geotab e l&#8217;applicazione Fairfleet Eco. Questo dimostra ancora una volta che DB Regio Bus sta facendo tutto il possibile per migliorare la situazione per i conducenti, i passeggeri e l&#8217;ambiente con metodi innovativi.<\/p>\n<\/div><\/section><br \/>\n\n<style type=\"text\/css\" data-created_by=\"avia_inline_auto\" id=\"style-css-av-l3idbk53-02bf7dad03e52ef73fa115603eb072c5\">\n#top .hr.hr-invisible.av-l3idbk53-02bf7dad03e52ef73fa115603eb072c5{\nheight:50px;\n}\n<\/style>\n<div  class='hr av-l3idbk53-02bf7dad03e52ef73fa115603eb072c5 hr-invisible  avia-builder-el-5  el_after_av_textblock  el_before_av_textblock '><span class='hr-inner '><span class=\"hr-inner-style\"><\/span><\/span><\/div><br \/>\n<section  class='av_textblock_section av-l3idaut5-5dd28dc5f6a8bec57025f4ea03823db8'  itemscope=\"itemscope\" itemtype=\"https:\/\/schema.org\/CreativeWork\" ><div class='avia_textblock'  itemprop=\"text\" ><p><strong>Ulteriori rapporti:<\/strong><\/p>\n<ul>\n<li><a href=\"https:\/\/www.deutscherpresseindex.de\/2022\/08\/16\/geotab-telematik-und-db-regio-bus-sparen-kraftstoff-und-reduzieren-emissionen-auf-dem-weg-zur-klimaneutralen-flotte\/\">Comunicato stampa www.deutscherpresseindex.de del 16\/08\/2022<\/a><\/li>\n<li><a href=\"https:\/\/www.pressebox.de\/inaktiv\/geotab-gmbh\/geotab-telematik-und-db-regio-bus-sparen-kraftstoff-und-reduzieren-emissionen-auf-dem-weg-zur-klimaneutralen-flotte\/boxid\/1124077\">Comunicato stampa su www.pressebox.de del 16\/08\/2022<\/a><\/li>\n<li><a href=\"https:\/\/flotte.de\/artikel\/110\/19048\/weg-zur-klimaneutralen-flotte.html\" target=\"_blank\" rel=\"noopener\">Comunicato stampa su Flotte.de del 18.07.2022<\/a><\/li>\n<li><a href=\"https:\/\/gruen.deutschebahn.com\/de\/massnahmen\/energiesparendes-fahren\">DB Guida a risparmio energetico<\/a><\/li>\n<li><a href=\"https:\/\/www.geotab.com\/de\/presse\/db-regio-bus\/\" target=\"_blank\" rel=\"noopener\">Comunicato stampa Geotab del 12.07.2022<\/a><\/li>\n<li><a href=\"https:\/\/www.geotab.com\/de\/case-study\/db-regio-bus\/\" target=\"_blank\" rel=\"noopener\">Storia di successo di Geotab sul progetto DB Regio<\/a><\/li>\n<li><a href=\"https:\/\/www.dbcargo.com\/resource\/blob\/7539764\/7b1f4b4d7b1205e968803ba369dbbc6f\/DB21_Kosmos_d_web_01-data.pdf\" target=\"_blank\" rel=\"noopener\">DB Cargo &#8211; Deutsche Bahn 2021 cosmos (pagina 11)<\/a><\/li>\n<li><a href=\"https:\/\/background.tagesspiegel.de\/mobilitaet\/vernetzte-busse-mit-solarzellen\" target=\"_blank\" rel=\"noopener\">Tagesspiegel Retroscena dal 08.12.2021<\/a><\/li>\n<li><a href=\"https:\/\/ibir.deutschebahn.com\/2021\/de\/konzern-lagebericht\/entwicklung-der-geschaeftsfelder\/geschaeftsfelder-im-systemverbund-bahn\/geschaeftsfeld-db-regio\/umweltmassnahmen\/\" target=\"_blank\" rel=\"noopener\">Rapporto sulle misure ambientali di Deutsche Bahn 2021<\/a><\/li>\n<\/ul>\n<\/div><\/section><\/p><\/div><div class='flex_column av-fnil-9fcef1d986508eb2daf3374744c4a42b av_two_fifth  avia-builder-el-7  el_after_av_three_fifth  avia-builder-el-last  flex_column_div avia-link-column av-column-link '    data-link-column-url=\"https:\/\/fairfleet.de\/wp-content\/uploads\/db-regio-case-study-geotab8587.pdf\"  data-link-column-target=\"_blank\"   ><a class=\"av-screen-reader-only\" href=\"https:\/\/fairfleet.de\/wp-content\/uploads\/db-regio-case-study-geotab8587.pdf\" target=\"_blank\" rel=\"noopener\">Segui un collegamento aggiunto manuale<\/a><p>\n<style type=\"text\/css\" data-created_by=\"avia_inline_auto\" id=\"style-css-av-7ynxo-ca7cf0e7c43ebc43c7e69fff8dd1782d\">\n.avia-image-container.av-7ynxo-ca7cf0e7c43ebc43c7e69fff8dd1782d img.avia_image{\nbox-shadow:none;\n}\n.avia-image-container.av-7ynxo-ca7cf0e7c43ebc43c7e69fff8dd1782d .av-image-caption-overlay-center{\ncolor:#ffffff;\n}\n<\/style>\n<div  class='avia-image-container av-7ynxo-ca7cf0e7c43ebc43c7e69fff8dd1782d av-styling- avia-align-center  avia-builder-el-8  el_before_pixel-headline  avia-builder-el-first  br-off'   itemprop=\"image\" itemscope=\"itemscope\" itemtype=\"https:\/\/schema.org\/ImageObject\" ><div class=\"avia-image-container-inner\"><div class=\"avia-image-overlay-wrap\"><img decoding=\"async\" class='wp-image-692 avia-img-lazy-loading-not-692 avia_image ' src=\"https:\/\/fairfleet.de\/wp-content\/uploads\/pdf-title-219x300.png\" alt='' title='pdf-title'  height=\"300\" width=\"219\"  itemprop=\"thumbnailUrl\" srcset=\"https:\/\/fairfleet.de\/wp-content\/uploads\/pdf-title-219x300.png 219w, https:\/\/fairfleet.de\/wp-content\/uploads\/pdf-title.png 405w\" sizes=\"(max-width: 219px) 100vw, 219px\" \/><\/div><\/div><\/div><br \/>\n<div class=\"pxl-headline pxl-hl hl-wrap | hl-sub--off hl--align-center hl--small-margin \">\n\t<div class=\"hl-inner\">\n\t\t\t<span class=\"hl-main hl-line |  hl_main--h4\">Storia di successo di Geotab  <br \/>  al progetto DB Regio<\/span>\n\t\t\t\n\t<\/div>\n<\/div>\n<\/p><\/div><\/div><\/div><\/div><!-- close content main div --><\/div><\/div>\n<style type=\"text\/css\" data-created_by=\"avia_inline_auto\" id=\"style-css-av-22dbt-985008fe3886ad25884a89abacdab3d3\">\n.avia-section.av-22dbt-985008fe3886ad25884a89abacdab3d3{\nbackground-color:#f8f8f8;\nbackground-image:unset;\n}\n<\/style>\n<div id='av_section_2'  class='avia-section av-22dbt-985008fe3886ad25884a89abacdab3d3 main_color avia-section-default avia-no-border-styling  avia-builder-el-10  el_after_av_section  el_before_av_section  avia-bg-style-scroll container_wrap fullsize'  ><div class='container av-section-cont-open' ><div class='template-page content  av-content-full alpha units'><div class='post-entry post-entry-type-page post-entry-2323'><div class='entry-content-wrapper clearfix'>\n\n<style type=\"text\/css\" data-created_by=\"avia_inline_auto\" id=\"style-css-av-d8fq4-45a167a6a4a2083d3914c22a9a15b547\">\n.flex_column.av-d8fq4-45a167a6a4a2083d3914c22a9a15b547{\npadding:85px 0 0 0;\n}\n<\/style>\n<div class='flex_column av-d8fq4-45a167a6a4a2083d3914c22a9a15b547 av_two_fifth  avia-builder-el-11  el_before_av_three_fifth  avia-builder-el-first  first flex_column_div '     ><style type=\"text\/css\" data-created_by=\"avia_inline_auto\" id=\"style-css-av-kzpn5eu1-a4b1973442226a15bc6854b406f2b327\">\n.avia-image-container.av-kzpn5eu1-a4b1973442226a15bc6854b406f2b327 img.avia_image{\nbox-shadow:none;\n}\n.avia-image-container.av-kzpn5eu1-a4b1973442226a15bc6854b406f2b327 .av-image-caption-overlay-center{\ncolor:#ffffff;\n}\n<\/style>\n<div  class='avia-image-container av-kzpn5eu1-a4b1973442226a15bc6854b406f2b327 av-styling- avia-align-center  avia-builder-el-12  avia-builder-el-no-sibling '   itemprop=\"image\" itemscope=\"itemscope\" itemtype=\"https:\/\/schema.org\/ImageObject\" ><div class=\"avia-image-container-inner\"><div class=\"avia-image-overlay-wrap\"><img decoding=\"async\" class='wp-image-80 avia-img-lazy-loading-not-80 avia_image ' src=\"https:\/\/fairfleet.de\/wp-content\/uploads\/fairfleet-header-freisteller.png\" alt='' title='fairfleet-header-freisteller'  height=\"392\" width=\"668\"  itemprop=\"thumbnailUrl\" srcset=\"https:\/\/fairfleet.de\/wp-content\/uploads\/fairfleet-header-freisteller.png 668w, https:\/\/fairfleet.de\/wp-content\/uploads\/fairfleet-header-freisteller-300x176.png 300w\" sizes=\"(max-width: 668px) 100vw, 668px\" \/><\/div><\/div><\/div><\/div><div class='flex_column av-87a4c-dcc77e01101169534a83466be41991a3 av_three_fifth  avia-builder-el-13  el_after_av_two_fifth  avia-builder-el-last  flex_column_div '     ><p>\n<style type=\"text\/css\" data-created_by=\"avia_inline_auto\" id=\"style-css-av-9hgxg-18fbacb2d92a751b0dfca8e07763e0bb\">\n#top .hr.hr-invisible.av-9hgxg-18fbacb2d92a751b0dfca8e07763e0bb{\nheight:50px;\n}\n<\/style>\n<div  class='hr av-9hgxg-18fbacb2d92a751b0dfca8e07763e0bb hr-invisible  avia-builder-el-14  el_before_pixel-headline  avia-builder-el-first '><span class='hr-inner '><span class=\"hr-inner-style\"><\/span><\/span><\/div><br \/>\n<div class=\"pxl-headline pxl-hl hl-wrap | hl-sub--bot hl--align-left  \">\n\t<div class=\"hl-inner\">\n\t\t\t<h1 class=\"hl-main hl-line |  hl_main--default\">DB Regio si affida alla  <br \/><strong>Sistema telematico Geotab<\/strong><\/h1>\n\t\t\t\n\t<\/div>\n<\/div>\n<br \/>\n<section  class='av_textblock_section av-kzpn7b5s-a165277b32cbdc5b62d095f72eb0dca4'  itemscope=\"itemscope\" itemtype=\"https:\/\/schema.org\/CreativeWork\" ><div class='avia_textblock'  itemprop=\"text\" ><p>Con una flotta di quasi 10.000 veicoli &#8211; di cui circa 5.000 di propriet\u00e0 &#8211; DB Regio Bus \u00e8 leader di mercato nel trasporto locale in tutta la Germania. Per movimentare questa vasta flotta di veicoli senza problemi e nel rispetto dell&#8217;ambiente, l&#8217;azienda si affida a un partner competente: Fairfleet.<\/p>\n<p>Faifleet ha equipaggiato DB Regio Bus con il sistema telematico Geotab, che trasmette tutti i dati rilevanti di cui l&#8217;azienda ha bisogno per gestire l&#8217;intera flotta praticamente in tempo reale. I satelliti possono essere utilizzati per leggere non solo la posizione, la velocit\u00e0 e la direzione di marcia del veicolo, ma anche i dati rilevanti sulle condizioni del veicolo. DB Regio Bus lo utilizza per ottimizzare la manutenzione e l&#8217;assistenza degli autobus, per le analisi degli incidenti e per la gestione delle celle a combustibile e degli e-bus.<\/p>\n<p>Oltre ai risparmi potenziali, DB Regio Bus sta ottenendo un miglioramento significativo nell&#8217;area della sostenibilit\u00e0 grazie a Geotab GO. Come conferma l&#8217;azienda, i tempi di inattivit\u00e0 non necessari sono stati ridotti del 40% nel 2021, risparmiando all&#8217;ambiente circa 1.400 tonnellate di CO2.<\/p>\n<\/div><\/section><\/p><\/div>\n<\/p>\n<\/div><\/div><\/div><!-- close content main div --><\/div><\/div><div id='av_section_3'  class='avia-section av-owx2k-5505d69c4c786820884c8cf27ab594a6 main_color avia-section-default avia-no-border-styling  avia-builder-el-17  el_after_av_section  el_before_av_section  avia-bg-style-scroll container_wrap fullsize'  ><div class='container av-section-cont-open' ><div class='template-page content  av-content-full alpha units'><div class='post-entry post-entry-type-page post-entry-2323'><div class='entry-content-wrapper clearfix'>\n<div class='flex_column av-ldfkc-360e0f398b9edb3bcfc98f144b6a122a av_three_fifth  avia-builder-el-18  el_before_av_two_fifth  avia-builder-el-first  first flex_column_div '     ><p>\n<style type=\"text\/css\" data-created_by=\"avia_inline_auto\" id=\"style-css-av-7r0h0-e3ab3d2e50ad827e721a2c94746a7741\">\n#top .hr.hr-invisible.av-7r0h0-e3ab3d2e50ad827e721a2c94746a7741{\nheight:50px;\n}\n<\/style>\n<div  class='hr av-7r0h0-e3ab3d2e50ad827e721a2c94746a7741 hr-invisible  avia-builder-el-19  el_before_pixel-headline  avia-builder-el-first '><span class='hr-inner '><span class=\"hr-inner-style\"><\/span><\/span><\/div><br \/>\n<div class=\"pxl-headline pxl-hl hl-wrap | hl-sub--bot hl--align-left  \">\n\t<div class=\"hl-inner\">\n\t\t\t<h1 class=\"hl-main hl-line |  hl_main--default\">Fairfleet Eco-App  <br \/><strong>Guida senza stress per un lavoro efficiente<\/strong><\/h1>\n\t\t\t\n\t<\/div>\n<\/div>\n<br \/>\n<section  class='av_textblock_section av-cnh3g-939002c67e026a88cedc5b52167107dc'  itemscope=\"itemscope\" itemtype=\"https:\/\/schema.org\/CreativeWork\" ><div class='avia_textblock'  itemprop=\"text\" ><p>DB Regio Bus utilizza l&#8217;applicazione Fairfleet Eco come complemento ideale di Geotab GO dal 2021. L&#8217;applicazione Eco accede ai dati raccolti da Geotab GO e segnala il comportamento di guida del conducente sotto forma di simboli di impatto.<\/p>\n<p>Questo feedback diretto mostra chiaramente al conducente quando sta viaggiando in una modalit\u00e0 di guida stressata o frenetica, dandogli l&#8217;opportunit\u00e0 di contrastarla attivamente. Un&#8217;ampia fase di test ha dimostrato che questo feedback \u00e8 ben accolto dai conducenti, perch\u00e9 riduce in modo significativo lo stress quotidiano della guida. Inoltre, \u00e8 stato dimostrato che uno stile di guida silenzioso riduce i costi del carburante e dell&#8217;energia, minimizza il rischio di incidenti e di usura e aumenta il comfort dei passeggeri. DB Regio Bus mira a ridurre le sue emissioni annuali di CO2 fino a 15.000 tonnellate utilizzando l&#8217;app Eco.<\/p>\n<\/div><\/section><\/p><\/div>\n<style type=\"text\/css\" data-created_by=\"avia_inline_auto\" id=\"style-css-av-94e90-34feadb8f23805d8bc63e99e7d1bdf8f\">\n.flex_column.av-94e90-34feadb8f23805d8bc63e99e7d1bdf8f{\npadding:45px 0 0 0;\n}\n<\/style>\n<div class='flex_column av-94e90-34feadb8f23805d8bc63e99e7d1bdf8f av_two_fifth  avia-builder-el-22  el_after_av_three_fifth  avia-builder-el-last  flex_column_div '     ><style type=\"text\/css\" data-created_by=\"avia_inline_auto\" id=\"style-css-av-kzpnmq8u-6d4bbf5e0b9cb117621146bca87159dd\">\n.avia-image-container.av-kzpnmq8u-6d4bbf5e0b9cb117621146bca87159dd img.avia_image{\nbox-shadow:none;\n}\n.avia-image-container.av-kzpnmq8u-6d4bbf5e0b9cb117621146bca87159dd .av-image-caption-overlay-center{\ncolor:#ffffff;\n}\n<\/style>\n<div  class='avia-image-container av-kzpnmq8u-6d4bbf5e0b9cb117621146bca87159dd av-styling- avia-align-center  avia-builder-el-23  avia-builder-el-no-sibling '   itemprop=\"image\" itemscope=\"itemscope\" itemtype=\"https:\/\/schema.org\/ImageObject\" ><div class=\"avia-image-container-inner\"><div class=\"avia-image-overlay-wrap\"><img decoding=\"async\" class='wp-image-241 avia-img-lazy-loading-not-241 avia_image ' src=\"https:\/\/fairfleet.de\/wp-content\/uploads\/ec-app-status-800x455.png\" alt='' title='ec-app-status'  height=\"455\" width=\"800\"  itemprop=\"thumbnailUrl\"  \/><\/div><\/div><\/div><\/div>\n\n<\/div><\/div><\/div><!-- close content main div --><\/div><\/div><div id='kontakt'  class='avia-section av-412up-0c89566faad173aa3419a40763ab3e38 alternate_color avia-section-default avia-no-border-styling  avia-builder-el-24  el_after_av_section  avia-builder-el-last  contact-section avia-bg-style-scroll container_wrap fullsize'  ><div class='container av-section-cont-open' ><div class='template-page content  av-content-full alpha units'><div class='post-entry post-entry-type-page post-entry-2323'><div class='entry-content-wrapper clearfix'>\n<div class=\"pxl-headline pxl-hl hl-wrap | hl-sub--bot hl--align-left  \">\n\t<div class=\"hl-inner\">\n\t\t\t<h2 class=\"hl-main hl-line |  hl_main--h1\">Vuole <strong>ottimizzare la gestione<\/strong> della sua <strong>flotta?<\/strong><\/h2>\n\t\t\t<span class=\"hl-sub hl-line |  hl_sub--default\">Fissi subito una consulenza gratuita.<\/span>\n\t<\/div>\n<\/div>\n\n<div class='flex_column av-34o9h-0325566183c9836849235d9b90f3f4d9 av_three_fourth  avia-builder-el-26  el_after_pixel-headline  el_before_pixel-contactblock  first flex_column_div '     ><section  class='av_textblock_section av-1xtz9-bb3820e7d192c5a76a543dadac7dbad3'  itemscope=\"itemscope\" itemtype=\"https:\/\/schema.org\/CreativeWork\" ><div class='avia_textblock'  itemprop=\"text\" ><p>Iniziare con la gestione digitale della flotta non \u00e8 difficile. Saremo lieti di illustrarle i vantaggi in un incontro personale o online e di preparare un&#8217;analisi potenziale per la sua flotta.<\/p>\n<div class=\"inner_cols\" style=\"display: flex; flex-flow: row nowrap;\"><\/div>\n<\/div><\/section><\/div> \n       \n        <div class=\"contactblock-column contactblock-person contactblock-address bg-fill inset br-default flex_column av_one_third column-top-margin first\">\n            <p>\n                <span class=\"contactblock-address-title\">Contattateci ora<\/span>\n                <span class=\"contactblock-address-subtitle\">Siamo felici di consigliarvi<\/span>\n            <\/p>\n            <p>\n                <span class=\"company-title\">Fairfleet - Telematiksysteme<\/span>\n            <\/p>\n            <p>\n                Robert-Bosch-Str. 15<br\/>\n                42489 W\u00fclfrath<br\/>\n                Germania\n            <\/p>\n            <p>\n                <strong>Tel.:<\/strong><a href=\"tel:0492058778210\">+49 20 58 77 82 10<\/a>\n            <\/p>\n            <p>\n                <strong><a href=\"mailto:info@fairfleet.de\">info@fairfleet.de<\/a><\/strong>\n            <\/p>\n        <\/div>\n     \n    <div class=\"contactblock-column contactblock-form flex_column av_two_third column-top-margin column-flex-grow\">\n        \n<div class=\"wpcf7 no-js\" id=\"wpcf7-f2747-o1\" lang=\"it-IT\" dir=\"ltr\">\n<div class=\"screen-reader-response\"><p role=\"status\" aria-live=\"polite\" aria-atomic=\"true\"><\/p> <ul><\/ul><\/div>\n<form action=\"\/it\/wp-json\/wp\/v2\/pages\/2323#wpcf7-f2747-o1\" method=\"post\" class=\"wpcf7-form init\" aria-label=\"Modulo di contatto\" novalidate=\"novalidate\" data-status=\"init\">\n<div style=\"display: none;\">\n<input type=\"hidden\" name=\"_wpcf7\" value=\"2747\" \/>\n<input type=\"hidden\" name=\"_wpcf7_version\" value=\"5.8.5\" \/>\n<input type=\"hidden\" name=\"_wpcf7_locale\" value=\"it_IT\" \/>\n<input type=\"hidden\" name=\"_wpcf7_unit_tag\" value=\"wpcf7-f2747-o1\" \/>\n<input type=\"hidden\" name=\"_wpcf7_container_post\" value=\"0\" \/>\n<input type=\"hidden\" name=\"_wpcf7_posted_data_hash\" value=\"\" \/>\n<input type=\"hidden\" name=\"_wpcf7_recaptcha_response\" value=\"\" \/>\n<\/div>\n<div class=\"cf-fields fancy\">\n\t<div class=\"cf-field half\">\n\t\t<p><label>L'azienda<\/label><span class=\"wpcf7-form-control-wrap\" data-name=\"company\"><input size=\"40\" class=\"wpcf7-form-control wpcf7-text\" aria-invalid=\"false\" value=\"\" type=\"text\" name=\"company\" \/><\/span>\n\t\t<\/p>\n\t<\/div>\n\t<div class=\"cf-field half\">\n\t\t<p><label>Nome<\/label><span class=\"wpcf7-form-control-wrap\" data-name=\"nname\"><input size=\"40\" class=\"wpcf7-form-control wpcf7-text\" aria-invalid=\"false\" value=\"\" type=\"text\" name=\"nname\" \/><\/span>\n\t\t<\/p>\n\t<\/div>\n\t<div class=\"cf-field half\">\n\t\t<p><label>e-mail<\/label><span class=\"wpcf7-form-control-wrap\" data-name=\"email\"><input size=\"40\" class=\"wpcf7-form-control wpcf7-email wpcf7-validates-as-required wpcf7-text wpcf7-validates-as-email\" aria-required=\"true\" aria-invalid=\"false\" value=\"\" type=\"email\" name=\"email\" \/><\/span>\n\t\t<\/p>\n\t<\/div>\n\t<div class=\"cf-field half\">\n\t\t<p><label>Telefono<\/label><span class=\"wpcf7-form-control-wrap\" data-name=\"phone\"><input size=\"40\" class=\"wpcf7-form-control wpcf7-text\" aria-invalid=\"false\" value=\"\" type=\"text\" name=\"phone\" \/><\/span>\n\t\t<\/p>\n\t<\/div>\n\t<div class=\"cf-field headline\">\n\t\t<p>Accordo di richiamo\n\t\t<\/p>\n\t<\/div>\n\t<div class=\"cf-field half special date\">\n\t\t<p><span class=\"wpcf7-form-control-wrap\" data-name=\"datum\"><input class=\"wpcf7-form-control wpcf7-date wpcf7-validates-as-date\" aria-invalid=\"false\" placeholder=\"data\" value=\"\" type=\"date\" name=\"datum\" \/><\/span>\n\t\t<\/p>\n\t<\/div>\n\t<div class=\"cf-field half special time\">\n\t\t<p><span class=\"wpcf7-form-control-wrap\" data-name=\"time\"><input size=\"40\" class=\"wpcf7-form-control wpcf7-text\" aria-invalid=\"false\" placeholder=\"Ora del giorno\" value=\"\" type=\"text\" name=\"time\" \/><\/span>\n\t\t<\/p>\n\t<\/div>\n\t<div class=\"cf-field\">\n\t\t<p><span class=\"wpcf7-form-control-wrap\" data-name=\"msg\"><textarea cols=\"40\" rows=\"10\" class=\"wpcf7-form-control wpcf7-textarea\" aria-invalid=\"false\" placeholder=\"Messaggio\" name=\"msg\"><\/textarea><\/span>\n\t\t<\/p>\n\t<\/div>\n<\/div>\n<div class=\"cf-footer\">\n\t<div class=\"cf-ds\">\n\t\t<p><span class=\"wpcf7-form-control-wrap\" data-name=\"ds\"><span class=\"wpcf7-form-control wpcf7-acceptance\"><span class=\"wpcf7-list-item\"><input type=\"checkbox\" name=\"ds\" value=\"1\" aria-invalid=\"false\" \/><\/span><\/span><\/span><span class=\"cf-ds-text\">Accetto le <a href=\"\/it\/informativa-sulla-privacy\/\">norme sulla protezione dei dati<\/a>.<\/span>\n\t\t<\/p>\n\t<\/div>\n\t<div class=\"cf-send\">\n\t\t<p><input class=\"wpcf7-form-control wpcf7-submit has-spinner\" type=\"submit\" value=\"Contattateci\" \/>\n\t\t<\/p>\n\t<\/div>\n<\/div><div class=\"wpcf7-response-output\" aria-hidden=\"true\"><\/div>\n<\/form>\n<\/div>\n\n    <\/div>\n\n\n","protected":false},"excerpt":{"rendered":"","protected":false},"author":1,"featured_media":0,"parent":1794,"menu_order":0,"comment_status":"closed","ping_status":"closed","template":"","meta":{"footnotes":""},"_links":{"self":[{"href":"https:\/\/fairfleet.de\/it\/wp-json\/wp\/v2\/pages\/2323"}],"collection":[{"href":"https:\/\/fairfleet.de\/it\/wp-json\/wp\/v2\/pages"}],"about":[{"href":"https:\/\/fairfleet.de\/it\/wp-json\/wp\/v2\/types\/page"}],"author":[{"embeddable":true,"href":"https:\/\/fairfleet.de\/it\/wp-json\/wp\/v2\/users\/1"}],"replies":[{"embeddable":true,"href":"https:\/\/fairfleet.de\/it\/wp-json\/wp\/v2\/comments?post=2323"}],"version-history":[{"count":4,"href":"https:\/\/fairfleet.de\/it\/wp-json\/wp\/v2\/pages\/2323\/revisions"}],"predecessor-version":[{"id":2401,"href":"https:\/\/fairfleet.de\/it\/wp-json\/wp\/v2\/pages\/2323\/revisions\/2401"}],"up":[{"embeddable":true,"href":"https:\/\/fairfleet.de\/it\/wp-json\/wp\/v2\/pages\/1794"}],"wp:attachment":[{"href":"https:\/\/fairfleet.de\/it\/wp-json\/wp\/v2\/media?parent=2323"}],"curies":[{"name":"wp","href":"https:\/\/api.w.org\/{rel}","templated":true}]}}