{"id":2228,"date":"2021-12-13T13:29:03","date_gmt":"2021-12-13T12:29:03","guid":{"rendered":"https:\/\/fairfleet.de\/vlootbeheer\/de-minimis-financiering\/"},"modified":"2024-03-05T14:11:32","modified_gmt":"2024-03-05T13:11:32","slug":"de-minimis-financiering","status":"publish","type":"page","link":"https:\/\/fairfleet.de\/nl\/vlootbeheer\/de-minimis-financiering\/","title":{"rendered":"De minimis-financiering"},"content":{"rendered":"<div id='layer_slider_1'  class='avia-layerslider main_color avia-shadow  avia-builder-el-0  el_before_av_section  avia-builder-el-first  container_wrap fullsize'  style='height: 485px; max-width: 1920px; margin: 0 auto;'  ><\/div>\n<div id='av_section_1'  class='avia-section av-56h6i-6e2a61dfaa4df64327af5bee00efb13a main_color avia-section-default avia-no-border-styling  avia-builder-el-1  el_after_av_layerslider  el_before_av_section  avia-bg-style-scroll container_wrap fullsize'  ><div class='container av-section-cont-open' ><div class='template-page content  av-content-full alpha units'><div class='post-entry post-entry-type-page post-entry-2228'><div class='entry-content-wrapper clearfix'>\n<div class=\"pxl-headline pxl-hl hl-wrap | hl-sub--bot hl--align-left  \">\n\t<div class=\"hl-inner\">\n\t\t\t<h1 class=\"hl-main hl-line |  hl_main--default\"><strong>De-minimis&quot; financieringsprogramma<\/strong><\/h1>\n\t\t\t<span class=\"hl-sub hl-line |  hl_sub--default\">Publicatiedatum: 14.12.2020<\/span>\n\t<\/div>\n<\/div>\n\n<div class='flex_column av-14mthe-181e78aa4c7b22b60d749432f8aa6e3f av_one_half  avia-builder-el-3  el_after_pixel-headline  el_before_av_one_half  first flex_column_div '     ><section  class='av_textblock_section av-uy2p6-3fc6e9205582eaed99f60878522a068e'  itemscope=\"itemscope\" itemtype=\"https:\/\/schema.org\/CreativeWork\" ><div class='avia_textblock list-arrows'  itemprop=\"text\" ><p>(Bron: Federaal Bureau voor Goederenvervoer)<\/p>\n<p>Het financieringsprogramma &#8220;De-minimis&#8221; ondersteunt wegvervoersbedrijven met vrachtwagens die de veiligheids- en milieumaatregelen uitvoeren die in de bijlage bij punt 2 van de richtlijn &#8220;De-minimis&#8221; (catalogus van maatregelen) staan vermeld. De zogenaamde positieve lijst bevat nadere informatie over de in aanmerking komende maatregelen. De maatregelen mogen niet zijn begonnen voordat de aanvraag door het bondsbureau is ontvangen. De specifieke regels zijn te vinden in de relevante &#8220;De-minimis&#8221; financieringsrichtlijn of in de informatie over de betreffende financieringsperiode.<\/p>\n<\/div><\/section><\/div><div class='flex_column av-soh76-8e7795036b311a3d5247fcba0aafb6f2 av_one_half  avia-builder-el-5  el_after_av_one_half  avia-builder-el-last  flex_column_div '     ><section  class='av_textblock_section av-mdo2q-fe8ad75fdfca6c7d35d4daa5a679cf36'  itemscope=\"itemscope\" itemtype=\"https:\/\/schema.org\/CreativeWork\" ><div class='avia_textblock list-arrows'  itemprop=\"text\" ><p>Op het moment van de aanvraag moeten bedrijven zich bezighouden met goederenvervoer over de weg in de zin van artikel 1 van de Duitse Wet op het Wegvervoer (G\u00fcKG) en eigenaar of houder zijn van ten minste \u00e9\u00e9n tolplichtige vrachtwagen die geregistreerd is voor gebruik op openbare wegen in de Bondsrepubliek Duitsland. Zware vrachtvoertuigen in de zin van de &#8220;de minimis&#8221;-richtlijn zijn motorvoertuigen die uitsluitend bestemd zijn voor het vervoer van goederen over de weg en waarvan het toegestane totaalgewicht ten minste 7,5 ton bedraagt.<br \/>\n<strong>Er bestaat geen wettelijk recht op het toekennen van financiering. Het bondsbureau beslist op basis van plichtmatige discretie binnen het kader van de beschikbare financiering.<\/strong><\/p>\n<\/div><\/section><\/div><\/div><\/div><\/div><!-- close content main div --><\/div><\/div><div id='av_section_2'  class='avia-section av-kjjoa-3455b438c04c7f0980541f69edd9ddb2 main_color avia-section-default avia-no-border-styling  avia-builder-el-7  el_after_av_section  el_before_av_section  avia-bg-style-scroll container_wrap fullsize'  ><div class='container av-section-cont-open' ><div class='template-page content  av-content-full alpha units'><div class='post-entry post-entry-type-page post-entry-2228'><div class='entry-content-wrapper clearfix'>\n<div class='flex_column av-dbika-2db4295b487fdd6ee25738455338c523 av_one_full  avia-builder-el-8  avia-builder-el-no-sibling  bg-fill inset br-default first flex_column_div '     ><div class=\"pxl-headline pxl-hl hl-wrap | hl-sub--bot hl--align-left hl--no-margin \">\n\t<div class=\"hl-inner\">\n\t\t\t<span class=\"hl-main hl-line |  hl_main--h1\"><strong>Maatregelen om de effici\u00ebntie te verhogen<\/strong> worden onder andere gesubsidieerd<\/span>\n\t\t\t<span class=\"hl-sub hl-line |  hl_sub--default\">(bijv. aankoop van telematicasystemen, software voor het weergeven, analyseren, beheren en archiveren van digitale tachograafgegevens)<\/span>\n\t<\/div>\n<\/div><\/div>\n<\/p>\n<\/div><\/div><\/div><!-- close content main div --><\/div><\/div><div id='av_section_3'  class='avia-section av-3akgd-92e5906da978d623fe0128d14eb13ddc main_color avia-section-default avia-no-border-styling  avia-builder-el-10  el_after_av_section  el_before_av_section  avia-bg-style-scroll container_wrap fullsize'  ><div class='container av-section-cont-open' ><div class='template-page content  av-content-full alpha units'><div class='post-entry post-entry-type-page post-entry-2228'><div class='entry-content-wrapper clearfix'>\n<div class='flex_column av-2obj1-fe46e26bca3e376ee09646eb4fa4af90 av_one_half  avia-builder-el-11  el_before_av_one_half  avia-builder-el-first  bg-brand-gradient inset br-default bg-invert first flex_column_div '     ><p><div class=\"pxl-headline pxl-hl hl-wrap | hl-sub--off hl--align-left hl--small-margin \">\n\t<div class=\"hl-inner\">\n\t\t\t<h2 class=\"hl-main hl-line |  hl_main--default\"><strong>Financiering voor telematicasystemen<\/strong><\/h2>\n\t\t\t\n\t<\/div>\n<\/div>\n<br \/>\n<section  class='av_textblock_section av-xsf2u-543215456c8d8f34a5237d45273250d7'  itemscope=\"itemscope\" itemtype=\"https:\/\/schema.org\/CreativeWork\" ><div class='avia_textblock'  itemprop=\"text\" ><ul>\n<li>Subsidiabel zijn aankoop-, huur- en leasekosten \/ onderhoudskosten \/ servicekosten voor hardware en software en andere kosten voor het gebruik van componenten van telematicaoplossingen in de eigen activiteiten van het bedrijf.<\/li>\n<li>De communicatiekosten voor de werking van telematicasystemen (alleen datacommunicatie) zijn subsidiabel.<\/li>\n<li>Voertuiggerelateerde componenten van telematicaoplossingen komen in aanmerking voor financiering als een bestuurdersassistentiesysteem (voertuiggerelateerde maatregel).<\/li>\n<\/ul>\n<\/div><\/section><\/p><\/div><div class='flex_column av-7alvy-841b3031e9be3c70227e838aff59f459 av_one_half  avia-builder-el-14  el_after_av_one_half  avia-builder-el-last  bg-fill inset br-default flex_column_div '     ><p><div class=\"pxl-headline pxl-hl hl-wrap | hl-sub--off hl--align-left hl--small-margin \">\n\t<div class=\"hl-inner\">\n\t\t\t<h2 class=\"hl-main hl-line |  hl_main--default\"><strong>Andere voorbeelden van in aanmerking komende maatregelen:<\/strong><\/h2>\n\t\t\t\n\t<\/div>\n<\/div>\n<br \/>\n<section  class='av_textblock_section av-kx0csbhx-61578c9768016a6b1a6a9bc3e741da2a'  itemscope=\"itemscope\" itemtype=\"https:\/\/schema.org\/CreativeWork\" ><div class='avia_textblock'  itemprop=\"text\" ><div class=\"inner_cols\" style=\"display: flex; flex-flow: row nowrap;\">\n<ul>\n<li>DLD breed assortiment<\/li>\n<li>FMS-interface<\/li>\n<li>Communicatiekosten voor de werking van telematicasystemen (alleen datacommunicatie)<\/li>\n<li>Huurkosten voor hardware en software<\/li>\n<\/ul>\n<ul style=\"width: calc(50%-1.25rem); margin-left: 2.5rem;\">\n<li>Navigatiesoftware<\/li>\n<li>Lokalisatiekosten<\/li>\n<li>Software voor routeplanning en routeoptimalisatie<\/li>\n<li>Interface-adapter<\/li>\n<li>Onderhoudskosten<\/li>\n<\/ul>\n<\/div>\n<\/div><\/section><\/p><\/div>\n\n<\/div><\/div><\/div><!-- close content main div --><\/div><\/div><div id='av_section_4'  class='avia-section av-5uaee-ff6ccb4c78014ec7f742b10483095ea5 main_color avia-section-default avia-no-border-styling  avia-builder-el-17  el_after_av_section  el_before_av_section  avia-bg-style-scroll container_wrap fullsize'  ><div class='container av-section-cont-open' ><div class='template-page content  av-content-full alpha units'><div class='post-entry post-entry-type-page post-entry-2228'><div class='entry-content-wrapper clearfix'>\n<div class=\"pxl-headline pxl-hl hl-wrap | hl-sub--off hl--align-left  \">\n\t<div class=\"hl-inner\">\n\t\t\t<h2 class=\"hl-main hl-line |  hl_main--h1\"><strong>Wie komt in aanmerking voor financiering?<\/strong><\/h2>\n\t\t\t\n\t<\/div>\n<\/div>\n\n<div class='flex_column av-1c9zba-096c8d06e0dae5a65dd007784a59caad av_one_half  avia-builder-el-19  el_after_pixel-headline  el_before_av_one_half  first flex_column_div '     ><section  class='av_textblock_section av-125852-bfa3dac6522f3b6af6c4111ab8d03597'  itemscope=\"itemscope\" itemtype=\"https:\/\/schema.org\/CreativeWork\" ><div class='avia_textblock list-arrows'  itemprop=\"text\" ><p>Bedrijven die op het moment van de aanvraag goederenvervoer over de weg verrichten in de zin van artikel 1 van de Duitse wet op het goederenvervoer over de weg (G\u00fcKG) en die eigenaar of houder zijn van tolplichtige vrachtwagens die vanaf 1 december 2020 geregistreerd zijn voor gebruik op openbare wegen in de Bondsrepubliek Duitsland, komen in aanmerking voor financiering.<\/p>\n<p>Als de voertuigdocumenten met betrekking tot eigendom of houderschap ook verwijzen naar andere data tussen 1 december 2020 en de datum van uw aanvraag, kunt u ook de relevante voertuigdocumenten indienen. Het Federaal Bureau voor Goederenvervoer zal deze positief onderzoeken.<\/p>\n<p><strong>Zware bedrijfsvoertuigen in de zin van de financieringsrichtlijn zijn motorvoertuigen die bestemd zijn voor het vervoer over de weg en waarvan het brutogewicht minstens 7,5 ton bedraagt.<\/strong><\/p>\n<\/div><\/section><\/div><div class='flex_column av-xxo2-5d89b47460fa936560242c55045629ff av_one_half  avia-builder-el-21  el_after_av_one_half  avia-builder-el-last  flex_column_div '     ><section  class='av_textblock_section av-kx4newk7-1991dc4015ca6b34a2519d1e7dc825f1'  itemscope=\"itemscope\" itemtype=\"https:\/\/schema.org\/CreativeWork\" ><div class='avia_textblock list-arrows'  itemprop=\"text\" ><p>Aan de eis dat goederenvervoer over de weg in de zin van \u00a7 1 G\u00fcKG wordt verricht, moet op het moment van de aanvraag worden voldaan in het geval van commercieel goederenvervoer over de weg door een van de voorgeschreven vergunningen (\u00a7 3 G\u00fcKG &#8211; nationale vergunning\/ \u00a7 5 G\u00fcKG &#8211; EU-vergunning) of in het geval van vervoer voor eigen rekening door registratie in het register overeenkomstig \u00a7 15a G\u00fcKG.<\/p>\n<ul>\n<li>Op voorwaarde dat de economische sectoren gescheiden zijn, komen ook bedrijven die actief zijn in de visserij of aquacultuur in de zin van Verordening (EG) nr. 104\/2000 van de Raad in aanmerking voor financiering,<\/li>\n<li>zijn actief in de primaire productie van landbouwproducten,<\/li>\n<li>zijn actief in de verwerking en verkoop van landbouwproducten. [Vgl. art. 1 lid 1 letter a) t\/m c) Verordening (EU) nr. 1407\/2013]<\/li>\n<\/ul>\n<p>Er moet voor worden gezorgd dat het deel van een groep bedrijven dat geen subsidies mag ontvangen, geen subsidies ontvangt.<\/p>\n<\/div><\/section><\/div>\n\n<\/div><\/div><\/div><!-- close content main div --><\/div><\/div><div id='kontakt'  class='avia-section av-412up-0c89566faad173aa3419a40763ab3e38 alternate_color avia-section-default avia-no-border-styling  avia-builder-el-23  el_after_av_section  avia-builder-el-last  contact-section avia-bg-style-scroll container_wrap fullsize'  ><div class='container av-section-cont-open' ><div class='template-page content  av-content-full alpha units'><div class='post-entry post-entry-type-page post-entry-2228'><div class='entry-content-wrapper clearfix'>\n<div class=\"pxl-headline pxl-hl hl-wrap | hl-sub--bot hl--align-left hl--no-margin \">\n\t<div class=\"hl-inner\">\n\t\t\t<h2 class=\"hl-main hl-line |  hl_main--h1\">Bent u ge\u00efnteresseerd in <strong>de minimis-financiering?<\/strong><\/h2>\n\t\t\t<span class=\"hl-sub hl-line |  hl_sub--default\">Vraag dan vandaag nog uw afspraak voor een consult bij ons aan.<\/span>\n\t<\/div>\n<\/div>\n\n \n       \n        <div class=\"contactblock-column contactblock-person contactblock-address bg-fill inset br-default flex_column av_one_third column-top-margin first\">\n            <p>\n                <span class=\"contactblock-address-title\">Neem nu contact met ons op<\/span>\n                <span class=\"contactblock-address-subtitle\">We geven je graag advies<\/span>\n            <\/p>\n            <p>\n                <span class=\"company-title\">Fairfleet - Telematiksysteme<\/span>\n            <\/p>\n            <p>\n                Robert-Bosch-Str. 15<br\/>\n                42489 W\u00fclfrath<br\/>\n                Duitsland\n            <\/p>\n            <p>\n                <strong>Tel.:<\/strong><a href=\"tel:0492058778210\">+49 20 58 77 82 10<\/a>\n            <\/p>\n            <p>\n                <strong><a href=\"mailto:info@fairfleet.de\">info@fairfleet.de<\/a><\/strong>\n            <\/p>\n        <\/div>\n     \n    <div class=\"contactblock-column contactblock-form flex_column av_two_third column-top-margin column-flex-grow\">\n        \n<div class=\"wpcf7 no-js\" id=\"wpcf7-f2743-o1\" lang=\"nl-NL\" dir=\"ltr\">\n<div class=\"screen-reader-response\"><p role=\"status\" aria-live=\"polite\" aria-atomic=\"true\"><\/p> <ul><\/ul><\/div>\n<form action=\"\/nl\/wp-json\/wp\/v2\/pages\/2228#wpcf7-f2743-o1\" method=\"post\" class=\"wpcf7-form init\" aria-label=\"Contactformulier\" novalidate=\"novalidate\" data-status=\"init\">\n<div style=\"display: none;\">\n<input type=\"hidden\" name=\"_wpcf7\" value=\"2743\" \/>\n<input type=\"hidden\" name=\"_wpcf7_version\" value=\"5.8.5\" \/>\n<input type=\"hidden\" name=\"_wpcf7_locale\" value=\"nl_NL\" \/>\n<input type=\"hidden\" name=\"_wpcf7_unit_tag\" value=\"wpcf7-f2743-o1\" \/>\n<input type=\"hidden\" name=\"_wpcf7_container_post\" value=\"0\" \/>\n<input type=\"hidden\" name=\"_wpcf7_posted_data_hash\" value=\"\" \/>\n<input type=\"hidden\" name=\"_wpcf7_recaptcha_response\" value=\"\" \/>\n<\/div>\n<div class=\"cf-fields fancy\">\n\t<div class=\"cf-field half\">\n\t\t<p><label>Bedrijf<\/label><span class=\"wpcf7-form-control-wrap\" data-name=\"company\"><input size=\"40\" class=\"wpcf7-form-control wpcf7-text\" aria-invalid=\"false\" value=\"\" type=\"text\" name=\"company\" \/><\/span>\n\t\t<\/p>\n\t<\/div>\n\t<div class=\"cf-field half\">\n\t\t<p><label>Naam<\/label><span class=\"wpcf7-form-control-wrap\" data-name=\"nname\"><input size=\"40\" class=\"wpcf7-form-control wpcf7-text\" aria-invalid=\"false\" value=\"\" type=\"text\" name=\"nname\" \/><\/span>\n\t\t<\/p>\n\t<\/div>\n\t<div class=\"cf-field half\">\n\t\t<p><label>e-mail<\/label><span class=\"wpcf7-form-control-wrap\" data-name=\"email\"><input size=\"40\" class=\"wpcf7-form-control wpcf7-email wpcf7-validates-as-required wpcf7-text wpcf7-validates-as-email\" aria-required=\"true\" aria-invalid=\"false\" value=\"\" type=\"email\" name=\"email\" \/><\/span>\n\t\t<\/p>\n\t<\/div>\n\t<div class=\"cf-field half\">\n\t\t<p><label>Telefoon<\/label><span class=\"wpcf7-form-control-wrap\" data-name=\"phone\"><input size=\"40\" class=\"wpcf7-form-control wpcf7-text\" aria-invalid=\"false\" value=\"\" type=\"text\" name=\"phone\" \/><\/span>\n\t\t<\/p>\n\t<\/div>\n\t<div class=\"cf-field headline\">\n\t\t<p>Terugroepovereenkomst\n\t\t<\/p>\n\t<\/div>\n\t<div class=\"cf-field half special date\">\n\t\t<p><span class=\"wpcf7-form-control-wrap\" data-name=\"datum\"><input class=\"wpcf7-form-control wpcf7-date wpcf7-validates-as-date\" aria-invalid=\"false\" placeholder=\"Datum\" value=\"\" type=\"date\" name=\"datum\" \/><\/span>\n\t\t<\/p>\n\t<\/div>\n\t<div class=\"cf-field half special time\">\n\t\t<p><span class=\"wpcf7-form-control-wrap\" data-name=\"time\"><input size=\"40\" class=\"wpcf7-form-control wpcf7-text\" aria-invalid=\"false\" placeholder=\"Tijd van de dag\" value=\"\" type=\"text\" name=\"time\" \/><\/span>\n\t\t<\/p>\n\t<\/div>\n\t<div class=\"cf-field\">\n\t\t<p><span class=\"wpcf7-form-control-wrap\" data-name=\"msg\"><textarea cols=\"40\" rows=\"10\" class=\"wpcf7-form-control wpcf7-textarea\" aria-invalid=\"false\" placeholder=\"Bericht\" name=\"msg\"><\/textarea><\/span>\n\t\t<\/p>\n\t<\/div>\n<\/div>\n<div class=\"cf-footer\">\n\t<div class=\"cf-ds\">\n\t\t<p><span class=\"wpcf7-form-control-wrap\" data-name=\"ds\"><span class=\"wpcf7-form-control wpcf7-acceptance\"><span class=\"wpcf7-list-item\"><input type=\"checkbox\" name=\"ds\" value=\"1\" aria-invalid=\"false\" \/><\/span><\/span><\/span><span class=\"cf-ds-text\">Hierbij accepteer ik de <a href=\"\/nl\/privacybeleid\/\">regels voor gegevensbescherming<\/a>.<\/span>\n\t\t<\/p>\n\t<\/div>\n\t<div class=\"cf-send\">\n\t\t<p><input class=\"wpcf7-form-control wpcf7-submit has-spinner\" type=\"submit\" value=\"Stuur\" \/>\n\t\t<\/p>\n\t<\/div>\n<\/div><div class=\"wpcf7-response-output\" aria-hidden=\"true\"><\/div>\n<\/form>\n<\/div>\n\n    <\/div>\n\n\n","protected":false},"excerpt":{"rendered":"","protected":false},"author":1,"featured_media":0,"parent":1760,"menu_order":9,"comment_status":"closed","ping_status":"closed","template":"","meta":{"footnotes":""},"_links":{"self":[{"href":"https:\/\/fairfleet.de\/nl\/wp-json\/wp\/v2\/pages\/2228"}],"collection":[{"href":"https:\/\/fairfleet.de\/nl\/wp-json\/wp\/v2\/pages"}],"about":[{"href":"https:\/\/fairfleet.de\/nl\/wp-json\/wp\/v2\/types\/page"}],"author":[{"embeddable":true,"href":"https:\/\/fairfleet.de\/nl\/wp-json\/wp\/v2\/users\/1"}],"replies":[{"embeddable":true,"href":"https:\/\/fairfleet.de\/nl\/wp-json\/wp\/v2\/comments?post=2228"}],"version-history":[{"count":10,"href":"https:\/\/fairfleet.de\/nl\/wp-json\/wp\/v2\/pages\/2228\/revisions"}],"predecessor-version":[{"id":2400,"href":"https:\/\/fairfleet.de\/nl\/wp-json\/wp\/v2\/pages\/2228\/revisions\/2400"}],"up":[{"embeddable":true,"href":"https:\/\/fairfleet.de\/nl\/wp-json\/wp\/v2\/pages\/1760"}],"wp:attachment":[{"href":"https:\/\/fairfleet.de\/nl\/wp-json\/wp\/v2\/media?parent=2228"}],"curies":[{"name":"wp","href":"https:\/\/api.w.org\/{rel}","templated":true}]}}